{"id":37430,"date":"2025-09-11T09:48:26","date_gmt":"2025-09-11T09:48:26","guid":{"rendered":"https:\/\/volovape.com\/?post_type=product&#038;p=37430"},"modified":"2026-04-14T05:51:31","modified_gmt":"2026-04-14T05:51:31","slug":"bang-legenda-120k-5-in-1-120000-puffs-multi-skonio-reguliuojamas-biriu-vienkartiniu-vape","status":"publish","type":"product","link":"https:\/\/volovape.com\/lt\/product\/bang-legend-120k-5-in-1-120000-puffs-multi-flavor-adjustable-bulk-disposable-vape\/","title":{"rendered":"Bang Legend 120K \"5-in-1\" | 120 000 \u012fkv\u0117pim\u0173 su 5 skonio re\u017eimais"},"content":{"rendered":"<h2>Kod\u0117l verta rinktis Bang Legend 120K 5-in-1?<\/h2>\n<ul>\n<li>\ud83d\udd25 Massive <strong>120 000 \u012fpur\u0161kim\u0173<\/strong> vienam \u012frenginiui - sukurta intensyviems naudotojams ir platintojams.<\/li>\n<li>\ud83c\udf08 <strong>\"5-in-1\" skonio re\u017eimai<\/strong> su perjungiamu skoniu, kad skonis b\u016bt\u0173 be galo \u012fvairus.<\/li>\n<li>\ud83d\udd0b <strong>850 mAh \u012fkraunama baterija<\/strong> su C tipo greituoju \u012fkrovimu.<\/li>\n<li>\ud83d\udcca <strong>LED ekranas<\/strong> rodomas d\u016bm\u0173 skai\u010dius, baterijos veikimo laikas ir skonio re\u017eimas.<\/li>\n<li>\ud83d\udc8e Skland\u016bs ir sodr\u016bs garai su <strong>5 tinklelio rit\u0117s<\/strong> maksimaliam pasitenkinimui.<\/li>\n<li>\ud83d\udce6 Draugi\u0161ka pakuot\u0117: <strong>10 vnt. vienoje pakuot\u0117je<\/strong>puikiai tinka parduotuv\u0117ms ir didmeninei prekybai.<\/li>\n<\/ul>\n<h2>Specifikacijos<\/h2>\n<table border=\"1\" cellpadding=\"5\">\n<tbody>\n<tr>\n<td><strong>Nikotino stiprumas<\/strong><\/td>\n<td>2% \/ 3% \/ 5%<\/td>\n<\/tr>\n<tr>\n<td><strong>Puff skai\u010dius<\/strong><\/td>\n<td>Iki 120 000<\/td>\n<\/tr>\n<tr>\n<td><strong>Skonio re\u017eimai<\/strong><\/td>\n<td>5 reguliuojami skoniai<\/td>\n<\/tr>\n<tr>\n<td><strong>Naftos rezervuaras<\/strong><\/td>\n<td>5 cisternos<\/td>\n<\/tr>\n<tr>\n<td><strong>Akumuliatorius<\/strong><\/td>\n<td>850 mAh \u012fkraunamas<\/td>\n<\/tr>\n<tr>\n<td><strong>Rit\u0117s<\/strong><\/td>\n<td>5 tinklelio rit\u0117s<\/td>\n<\/tr>\n<tr>\n<td><strong>LED ekranas<\/strong><\/td>\n<td>Taip (akumuliatorius, d\u016b\u017ei\u0173 skai\u010dius, skonio re\u017eimas)<\/td>\n<\/tr>\n<tr>\n<td><strong>\u012ekrovimo prievadas<\/strong><\/td>\n<td>C tipo<\/td>\n<\/tr>\n<tr>\n<td><strong>Pakuot\u0117<\/strong><\/td>\n<td>10 vnt.<\/td>\n<\/tr>\n<\/tbody>\n<\/table>\n<h2>Aromatai<\/h2>\n<p>\ud83c\udf89 Su <strong>12 \u012fvairi\u0173 skoni\u0173 rinkini\u0173<\/strong>, Bang Legend 120K \"5-in-1\" si\u016blo ka\u017ek\u0105 kiekvienam:<\/p>\n<ol>\n<li>\u26a1 Energinis g\u0117rimas - m\u0117lyni\u0173 vy\u0161ni\u0173 - obuoli\u0173 vynuogi\u0173 - arb\u016bz\u0173 drakono vaisi\u0173 - mambos<\/li>\n<li>\ud83c\udf51 Energinis g\u0117rimas - persik\u0173 ledas - mang\u0173 ledas - spanguoli\u0173 vynuog\u0117s - juod\u0173j\u0173 serbent\u0173<\/li>\n<li>\ud83e\udd64 M\u0117lyn\u0117s Aviet\u0117s - Persikai Mango Arb\u016bzas - Vy\u0161nia Cola - Vynuog\u0117s Gervuog\u0117s Ledai - Mango Persikai Abrikosai<\/li>\n<li>\ud83c\udf6c M\u0117lyni\u0173 aviet\u0117s - Juodojo drakono ledai - Vaivoryk\u0161t\u0117s saldainiai - Fuji ledai - Arb\u016bz\u0173 r\u016bg\u0161tieji persikai<\/li>\n<li>\ud83e\udd6d M\u0117lyni\u0173 ledai - Kivi\u0173 aistra Vaisi\u0173 gvajava - Trij\u0173 melion\u0173 - Persik\u0173 ananas\u0173 - Aistringas bu\u010dinys<\/li>\n<li>\ud83c\udf4f M\u0117lyni\u0173 ledai - Arb\u016bz\u0173 kramtomoji guma - R\u016bg\u0161tus obuolys Avie\u010di\u0173 - Lotoso vaisius Mango melionas - Pasiflor\u0173 vaisius Kivi\u0173 laimas<\/li>\n<li>\ud83c\udf47 Arb\u016bz\u0173 ledai - mi\u0161rios uogos - obuoli\u0173 kriau\u0161\u0117s - m\u0117lyni\u0173 m\u0117tos - vasaros laikas<\/li>\n<li>\ud83c\udf53 Arb\u016bz\u0173 ledai - Bra\u0161ki\u0173 mangai - Kalifornijos vy\u0161nios - M\u0117lyni\u0173 persik\u0173 ledai - Berry Cool<\/li>\n<li>\ud83c\udf52 Bra\u0161ki\u0173 arb\u016bzas - Vynuogi\u0173 ledas - Raudonasis Mojito - Banan\u0173 ledas - Citrin\u0173 laimas<\/li>\n<li>\ud83e\udd5d Bra\u0161kinis arb\u016bzas - Kantalupa Obuolys - Cola Ice - Mango Persikas - Love 66<\/li>\n<li>\ud83c\udf4c Bra\u0161ki\u0173 kivi\u0173 - bra\u0161ki\u0173 banan\u0173 - li\u010di\u0173 led\u0173 - arb\u016bz\u0173 uog\u0173 - pasiflor\u0173 mang\u0173<\/li>\n<li>\ud83c\udf6d Bra\u0161ki\u0173 kiviai - M\u0117lyni\u0173 arb\u016bzas - Me\u0161kiukas Fud\u017eas - M\u0117lyni\u0173 kramtomoji guma - R\u016bg\u0161tus mangas Ananasas<\/li>\n<\/ol>\n<p>\ud83d\udc49 I\u0161 viso 60 skoni\u0173 12 rinkini\u0173, skirt\u0173 tiek saldumyn\u0173 m\u0117g\u0117jams, tiek dr\u0105si\u0173 skoni\u0173 ie\u0161kotojams.<\/p>\n<h2>DUK<\/h2>\n<p><strong>K: Kiek laiko veikia Bang Legend 120K?<\/strong><br \/>\nA: Vienas prietaisas gali atlikti iki 120 000 \u012fp\u016btim\u0173, tod\u0117l jo naudojimo trukm\u0117 vir\u0161ija de\u0161imtis \u012fprast\u0173 vienkartini\u0173 prietais\u0173.<\/p>\n<p><strong>K: Ar jis \u012fkraunamas?<\/strong><br \/>\nA: \u2705 Taip, jis yra su <strong>850 mAh \u012fkraunama baterija<\/strong> ir C tipo \u012fkrovimo prievadas.<\/p>\n<p><strong>K: Ar galiu keisti skon\u012f?<\/strong><br \/>\nA: Be abejo! Svetain\u0117 <strong>\"5-in-1\" sistema<\/strong> galite bet kada perjungti penkias i\u0161 anksto \u012fkeltas talpyklas.<\/p>\n<p><strong>K: Kam \u0161is produktas geriausiai tinka?<\/strong><br \/>\nA: Puikiai tinka <em>sunkieji vaperiai<\/em>, <em>skonio entuziastai<\/em>, <em>vape parduotuv\u0117s<\/em>, ir <em>didmeniniai platintojai<\/em>.<\/p>\n<p>\ud83d\ude80 <strong>Bang Legend 120K \"5-in-1<\/strong> yra geriausias vienkartinis garintuvas - ilgaam\u017eis, universalus ir kupinas skonio \u012fvairov\u0117s. Nesvarbu, ar apr\u016bpinate vape parduotuv\u0119, ar perkate didmenomis, ar ie\u0161kote didel\u0117s talpos prietaiso asmeniniam naudojimui, \u0161is galingas prietaisas skirtas jums. \ud83d\udca8<\/p>","protected":false},"excerpt":{"rendered":"<p>\u26a1 Galingas vienkartinis vape aparatas su iki 120 000 \u012fkv\u0117pim\u0173, 5 reguliuojamais skoniais ir LED ekranu - puikiai tinka didmeniniams pirk\u0117jams ir vape m\u0117g\u0117jams. \ud83d\udca8<\/p>","protected":false},"featured_media":37468,"comment_status":"open","ping_status":"closed","template":"","meta":[],"product_brand":[227],"product_cat":[249,61,230],"product_tag":[],"class_list":{"0":"post-37430","1":"product","2":"type-product","3":"status-publish","4":"has-post-thumbnail","6":"product_brand-bang","7":"product_cat-100k-puffs-disposable-vape","8":"product_cat-bang","9":"product_cat-new","11":"first","12":"instock","13":"shipping-taxable","14":"purchasable","15":"product-type-variable","16":"has-default-attributes"},"jetpack_sharing_enabled":true,"tiered_pricing_type":"fixed","tiered_pricing_fixed_rules":{"30":11.300000000000000710542735760100185871124267578125,"50":8.269999999999999573674358543939888477325439453125,"100":8.019999999999999573674358543939888477325439453125,"200":7.410000000000000142108547152020037174224853515625,"400":7.04000000000000003552713678800500929355621337890625},"tiered_pricing_product_settings":{"layout":"default","base_unit_name":{"singular":null,"plural":null},"default_variation":null},"tiered_pricing_minimum_quantity":10,"tiered_pricing_roles_data":[],"tiered_pricing_percentage_rules":[],"tiered_pricing_maximum_quantity":null,"tiered_pricing_quantity_step":"10","_links":{"self":[{"href":"https:\/\/volovape.com\/lt\/wp-json\/wp\/v2\/product\/37430","targetHints":{"allow":["GET"]}}],"collection":[{"href":"https:\/\/volovape.com\/lt\/wp-json\/wp\/v2\/product"}],"about":[{"href":"https:\/\/volovape.com\/lt\/wp-json\/wp\/v2\/types\/product"}],"replies":[{"embeddable":true,"href":"https:\/\/volovape.com\/lt\/wp-json\/wp\/v2\/comments?post=37430"}],"wp:featuredmedia":[{"embeddable":true,"href":"https:\/\/volovape.com\/lt\/wp-json\/wp\/v2\/media\/37468"}],"wp:attachment":[{"href":"https:\/\/volovape.com\/lt\/wp-json\/wp\/v2\/media?parent=37430"}],"wp:term":[{"taxonomy":"product_brand","embeddable":true,"href":"https:\/\/volovape.com\/lt\/wp-json\/wp\/v2\/product_brand?post=37430"},{"taxonomy":"product_cat","embeddable":true,"href":"https:\/\/volovape.com\/lt\/wp-json\/wp\/v2\/product_cat?post=37430"},{"taxonomy":"product_tag","embeddable":true,"href":"https:\/\/volovape.com\/lt\/wp-json\/wp\/v2\/product_tag?post=37430"}],"curies":[{"name":"wp","href":"https:\/\/api.w.org\/{rel}","templated":true}]}}