{"id":37429,"date":"2025-09-11T09:48:25","date_gmt":"2025-09-11T09:48:25","guid":{"rendered":"https:\/\/volovape.com\/?post_type=product&#038;p=37429"},"modified":"2026-04-14T05:56:24","modified_gmt":"2026-04-14T05:56:24","slug":"bang-blaze-100k-6-in-1-100000-puffs-trigubas-bakas-biriu-vienkartiniu-vape-su-led-ekranas","status":"publish","type":"product","link":"https:\/\/volovape.com\/lt\/product\/bang-blaze-100k-6-in-1-100000-puffs-triple-tank-bulk-disposable-vape-with-led-screen\/","title":{"rendered":"Bang Blaze 100K 6-in-1 100000 puffs\u0173 | \u012fvairi\u0173 skoni\u0173 vienkartiniai vape"},"content":{"rendered":"<h2>Kod\u0117l verta rinktis Bang Blaze 100K?<\/h2>\n<ul>\n<li>\u26a1 <strong>100 000 pyragai\u010di\u0173<\/strong> - vienas i\u0161 ilgiausiai veikian\u010di\u0173 vienkartini\u0173 garintuv\u0173<\/li>\n<li>\ud83d\udd04 <strong>\"6-in-1\" skonio re\u017eimai<\/strong> - pasirinkti vieno arba dviej\u0173 skoni\u0173 mi\u0161inius (A, B, C, A+B, A+C, B+C).<\/li>\n<li>\ud83d\udca7 <strong>3 alyvos rezervuarai<\/strong> - daugiau e. skys\u010dio, daugiau \u012fvairov\u0117s, daugiau d\u017eiaugsmo<\/li>\n<li>\ud83c\udf00 <strong>Triguba tinklelio rit\u0117<\/strong> - stipr\u016bs garai, grynas skonis, skland\u016bs sm\u016bgiai<\/li>\n<li>\ud83d\udcfa <strong>LED ekranas<\/strong> - realiuoju laiku rodo d\u016bm\u0173 skai\u010di\u0173 ir baterijos veikimo laik\u0105<\/li>\n<li>\ud83d\udd0b <strong>850 mAh \u012fkraunama baterija<\/strong> - patikimas veikimas su C tipo greituoju \u012fkrovimu<\/li>\n<li>\ud83c\udf1f <strong>Nikotino parinktys<\/strong>: 2%, 3%, 5% - tinka pradedantiesiems ir buvusiems r\u016bkaliams<\/li>\n<li>\ud83d\udce6 <strong>Didmenin\u0117 pakuot\u0117 (10 vnt.\/pakuot\u0117)<\/strong> - paruo\u0161tas vape parduotuv\u0117ms ir platintojams<\/li>\n<\/ul>\n<h2>Specifikacijos<\/h2>\n<table border=\"1\" cellpadding=\"6\">\n<tbody>\n<tr>\n<td><strong>Produkto pavadinimas<\/strong><\/td>\n<td>Bang Blaze 100K 6-in-1<\/td>\n<\/tr>\n<tr>\n<td><strong>Puff skai\u010dius<\/strong><\/td>\n<td>Iki 100 000 \u012fkv\u0117pim\u0173<\/td>\n<\/tr>\n<tr>\n<td><strong>Nikotino stiprumas<\/strong><\/td>\n<td>2% \/ 3% \/ 5%<\/td>\n<\/tr>\n<tr>\n<td><strong>Skonio re\u017eimai<\/strong><\/td>\n<td>A, B, C, A+B, A+C, B+C<\/td>\n<\/tr>\n<tr>\n<td><strong>Naftos rezervuaras<\/strong><\/td>\n<td>3 atskiri rezervuarai<\/td>\n<\/tr>\n<tr>\n<td><strong>Rit\u0117s<\/strong><\/td>\n<td>Trij\u0173 aki\u0173 rit\u0117<\/td>\n<\/tr>\n<tr>\n<td><strong>Akumuliatorius<\/strong><\/td>\n<td>850 mAh \u012fkraunamas<\/td>\n<\/tr>\n<tr>\n<td><strong>LED ekranas<\/strong><\/td>\n<td>Taip (akumuliatorius + puff ekranas)<\/td>\n<\/tr>\n<tr>\n<td><strong>\u012ekrovimo prievadas<\/strong><\/td>\n<td>C tipo greitasis \u012fkrovimas<\/td>\n<\/tr>\n<tr>\n<td><strong>Pakuot\u0117<\/strong><\/td>\n<td>10 vnt. pakuot\u0117je (paruo\u0161ta didmeninei prekybai)<\/td>\n<\/tr>\n<tr>\n<td><strong>Aromatai<\/strong><\/td>\n<td>10 auk\u0161\u010diausios kokyb\u0117s derini\u0173<\/td>\n<\/tr>\n<\/tbody>\n<\/table>\n<h2>Skonio sud\u0117tis \ud83c\udf6d<\/h2>\n<ul>\n<li><strong>Arb\u016bz\u0173 ledai - bra\u0161ki\u0173 mamba - bra\u0161ki\u0173 arb\u016bzas<\/strong> - sultingas, ledinis, vaisinis sprogimas<\/li>\n<li><strong>\"Fuji Ice\" - obuoli\u0173 vynuogi\u0173 - vy\u0161ni\u0173 granat\u0173<\/strong> - tra\u0161kus, saldus ir r\u016bg\u0161tus mi\u0161inys<\/li>\n<li><strong>M\u0117lyni\u0173 ledas - Avie\u010di\u0173 citrina - Arb\u016bz\u0173 kramtomoji guma<\/strong> - a\u0161trus, v\u0117sus, pana\u0161us \u012f saldain\u012f<\/li>\n<li><strong>M\u0117lyn\u0117s Aviet\u0117s - r\u016bg\u0161\u010dios Ananasai Apelsinai - aviet\u0117s Arb\u016bzai<\/strong> - dr\u0105sus tropinis susiliejimas<\/li>\n<li><strong>Vynuogi\u0173 ledas - Mango persikas - M\u0117lyni\u0173 arb\u016bzas<\/strong> - sodrus, saldus, gaivus<\/li>\n<li><strong>Bra\u0161ki\u0173 ledai - Persik\u0173 citrina - Kivi\u0173 aistra Vaisi\u0173 gvajava<\/strong> - egzotini\u0173 vaisi\u0173 trio su lediniu prieskoniu<\/li>\n<li><strong>Ananas\u0173 kokos\u0173 - m\u0117lyni\u0173 \"Red Bull\" - arb\u016bz\u0173 \"Ice<\/strong> - atogr\u0105\u017e\u0173 + energizuojantis mi\u0161inys<\/li>\n<li><strong>bra\u0161ki\u0173 kivi\u0173 - m\u0117lyni\u0173 kokos\u0173 - mi\u0161ri\u0173 uog\u0173<\/strong> - \u0161velnus ir subalansuotas vaisi\u0173 derinys<\/li>\n<li><strong>Citrin\u0173 romantika - M\u0117lyni\u0173 aviet\u0117s - Persik\u0173 mentolis<\/strong> - a\u0161trus, v\u0117sus ir gaivus<\/li>\n<li><strong>Persik\u0173 ledas - Juod\u0173j\u0173 serbent\u0173 ledas - Ananas\u0173 ledas - \u017dali\u0173j\u0173 obuoli\u0173 kiviai<\/strong> - sluoksniuotas sald\u017eiar\u016bg\u0161tis sm\u016bgis<\/li>\n<\/ul>\n<h2>DUK \ud83e\udd14<\/h2>\n<p><strong>K: Kiek laiko veikia Bang Blaze 100K?<\/strong><br \/>\nA: Iki 100 000 \u012fkv\u0117pim\u0173 ir 3 alyvos talpyklos, tod\u0117l jis tarnauja daug ilgiau nei \u012fprasti vienkartiniai - nuo keli\u0173 savai\u010di\u0173 iki keli\u0173 m\u0117nesi\u0173, priklausomai nuo naudojimo.<\/p>\n<p><strong>K: Kuo ypatinga sistema \"6-in-1\"?<\/strong><br \/>\nA: Galite vapuoti atskirus skonius arba mai\u0161yti du skonius kartu (A, B, C, A+B, A+C, B+C), tod\u0117l viename \u012frenginyje galite m\u0117gautis begaline \u012fvairove.<\/p>\n<p><strong>K: Ar jis palaiko garinim\u0105 be nikotino?<\/strong><br \/>\nA: 2%, 3% ir 5% yra su nikotino kiekiu. \u0160iuo metu \u0161iame modelyje nenurodoma, kad jame n\u0117ra nikotino.<\/p>\n<p><strong>K: Ar prietaisas \u012fkraunamas?<\/strong><br \/>\nA: Taip, jis turi 850 mAh \u012fkraunam\u0105 baterij\u0105 su C tipo greituoju \u012fkrovimu.<\/p>\n<p><strong>K: Ar \u0161is produktas tinka didmeninei prekybai?<\/strong><br \/>\nAtsakymas: Tikrai taip - jis tiekiamas 10 vnt. pakuot\u0117je, skirtoje vape parduotuv\u0117ms, platintojams ir didmeniniams pardavimams.<\/p>\n<h2>Puikiai tinka jums \u2705<\/h2>\n<p>Svetain\u0117 <strong>Bang Blaze 100K 6-in-1<\/strong> yra puikus pasirinkimas <em>sunkieji vaperiai, skonio tyrin\u0117tojai, vape parduotuv\u0117s ir didmenininkai<\/em>. 100 000 \u012fp\u016btim\u0173, naujovi\u0161kas 6-in-1 skonio perjungimas ir triguba tinklelio spiral\u0117s sistema u\u017etikrina did\u017eiausi\u0105 pasitenkinim\u0105 ir didelius pakartotinius pardavimus. \ud83c\udf1f<\/p>\n<p><img data-recalc-dims=\"1\" decoding=\"async\" style=\"max-width: 100%; height: auto; display: block; margin: 0 auto;\" src=\"https:\/\/i0.wp.com\/aiviouvapes.com\/wp-content\/uploads\/2025\/09\/main-picture.png.webp?ssl=1\" alt=\"Bang Blaze 6 in 1 Vape\" title=\"\"><\/p>","protected":false},"excerpt":{"rendered":"<p><strong>Iki 100 000 \u012fkv\u0117pim\u0173<\/strong>, \"6-in-1\" skonio re\u017eimai ir trigubos tinklin\u0117s rit\u0117s - <strong>Bang Blaze 100K<\/strong> tai geriausias vienkartinis vape aparatas, skirtas vape parduotuv\u0117ms, platintojams ir skonio ie\u0161kotojams \ud83d\ude80.<\/p>","protected":false},"featured_media":37459,"comment_status":"open","ping_status":"closed","template":"","meta":[],"product_brand":[227],"product_cat":[249,61,230],"product_tag":[],"class_list":{"0":"post-37429","1":"product","2":"type-product","3":"status-publish","4":"has-post-thumbnail","6":"product_brand-bang","7":"product_cat-100k-puffs-disposable-vape","8":"product_cat-bang","9":"product_cat-new","11":"first","12":"instock","13":"shipping-taxable","14":"purchasable","15":"product-type-variable","16":"has-default-attributes"},"jetpack_sharing_enabled":true,"tiered_pricing_type":"fixed","tiered_pricing_fixed_rules":{"30":9.3800000000000007815970093361102044582366943359375,"50":7.6500000000000003552713678800500929355621337890625,"100":7.410000000000000142108547152020037174224853515625,"200":6.79000000000000003552713678800500929355621337890625,"400":6.29999999999999982236431605997495353221893310546875},"tiered_pricing_product_settings":{"layout":"default","base_unit_name":{"singular":null,"plural":null},"default_variation":null},"tiered_pricing_minimum_quantity":10,"tiered_pricing_roles_data":[],"tiered_pricing_percentage_rules":[],"tiered_pricing_maximum_quantity":null,"tiered_pricing_quantity_step":"10","_links":{"self":[{"href":"https:\/\/volovape.com\/lt\/wp-json\/wp\/v2\/product\/37429","targetHints":{"allow":["GET"]}}],"collection":[{"href":"https:\/\/volovape.com\/lt\/wp-json\/wp\/v2\/product"}],"about":[{"href":"https:\/\/volovape.com\/lt\/wp-json\/wp\/v2\/types\/product"}],"replies":[{"embeddable":true,"href":"https:\/\/volovape.com\/lt\/wp-json\/wp\/v2\/comments?post=37429"}],"wp:featuredmedia":[{"embeddable":true,"href":"https:\/\/volovape.com\/lt\/wp-json\/wp\/v2\/media\/37459"}],"wp:attachment":[{"href":"https:\/\/volovape.com\/lt\/wp-json\/wp\/v2\/media?parent=37429"}],"wp:term":[{"taxonomy":"product_brand","embeddable":true,"href":"https:\/\/volovape.com\/lt\/wp-json\/wp\/v2\/product_brand?post=37429"},{"taxonomy":"product_cat","embeddable":true,"href":"https:\/\/volovape.com\/lt\/wp-json\/wp\/v2\/product_cat?post=37429"},{"taxonomy":"product_tag","embeddable":true,"href":"https:\/\/volovape.com\/lt\/wp-json\/wp\/v2\/product_tag?post=37429"}],"curies":[{"name":"wp","href":"https:\/\/api.w.org\/{rel}","templated":true}]}}