{"id":359,"date":"2024-11-21T03:29:22","date_gmt":"2024-11-21T03:29:22","guid":{"rendered":"https:\/\/volovape.com\/?post_type=product&#038;p=359"},"modified":"2025-07-07T03:40:40","modified_gmt":"2025-07-07T03:40:40","slug":"elfu-dezute-skaitmenine-12000-pukeliu","status":"publish","type":"product","link":"https:\/\/volovape.com\/lt\/product\/elf-box-digital-12000-puffs\/","title":{"rendered":"\"ELF BOX Digital 12000 Puffs Disposable Vape\" - 0,8\u03a9 tinklelio rit\u0117, \u012fkraunama, ekranas"},"content":{"rendered":"<p><iframe title=\"VideoPress vaizdo \u012fra\u0161\u0173 grotuvas\" aria-label='VideoPress vaizdo \u012fra\u0161\u0173 grotuvas' width='500' height='281' src='https:\/\/videopress.com\/embed\/W9CpuhPq?hd=0&amp;cover=1' frameborder='0' allowfullscreen allow='clipboard-write'><\/iframe><script src='https:\/\/v0.wordpress.com\/js\/next\/videopress-iframe.js?m=1739540970'><\/script><\/p>\n<p><strong>ELF BOX Skaitmeninis 12000 Puffs vienkartinis Vape<\/strong> - Didel\u0117s talpos garinimas su skaitmeniniu ekranu ir tinklelio rit\u0117s tikslumu.<\/p>\n<p>Svetain\u0117 <strong>ELF BOX Skaitmeninis 12000<\/strong> vienkartin\u0117 vap\u0117 skirta ilgesniam naudojimui ir i\u0161 karto pateikia pagrindin\u0119 informacij\u0105 apie garinim\u0105. Jis suteikia iki <strong>12 000 \u012fpur\u0161kim\u0173<\/strong> su gausiu <strong>25 ml elektroninio skys\u010dio rezervuaras<\/strong> ir yra maitinamas i\u0161 <strong>500 mAh \u012fkraunama baterija<\/strong>. . <strong>0,8\u03a9 aki\u0173 rit\u0117<\/strong> u\u017etikrina skland\u0173, sodr\u0173 ir aromating\u0105 garavim\u0105. Pagrindin\u0117 funkcija yra <strong>integruotas skaitmeninis ekranas<\/strong>, kuriame rodoma informacija apie akumuliatoriaus veikimo trukm\u0119 ir naudojim\u0105. \u0160is prietaisas si\u016blo plat\u0173 pasirinkim\u0105 <strong>20 skoni\u0173<\/strong> ir nikotino stiprumo <strong>0%, 2%, 3% ir 5%<\/strong>. Jis suprojektuotas taip, kad b\u016bt\u0173 patogus ne\u0161iotis ir paruo\u0161tas naudoti i\u0161 karto po i\u0161pakavimo.<\/p>\n<h3><strong>ELF BOX Skaitmeninis 12000 Funkcijos:<\/strong><\/h3>\n<ul>\n<li>Pufai: Iki 12 000 puffs\u0173<\/li>\n<li>E-skys\u010dio talpa: 25 ml<\/li>\n<li>Baterija: 500 mAh (\u012fkraunama)<\/li>\n<li>\u012ekrovimas: C tipo<\/li>\n<li>Spiral\u0117: 0.8\u03a9 Mesh Coil<\/li>\n<li>Ekranas: Skaitmeninis ekranas<\/li>\n<li>Nikotino stiprumas: 0%, 2%, 3%, 5%<\/li>\n<li>Skoniai: 20 unikali\u0173 variant\u0173<\/li>\n<li>Vienkartinis \u012frenginys<\/li>\n<\/ul>\n<h4>DUK<\/h4>\n<h5>Kaip skaitmeninis ekranas pagerina garinimo patirt\u012f?<\/h5>\n<p>Integruotame skaitmeniniame ekrane naudotojams pateikiama operatyvi informacija apie akumuliatoriaus veikimo trukm\u0119 ir naudojim\u0105. \u0160i funkcija leid\u017eia geriau steb\u0117ti ir valdyti prietais\u0105, u\u017etikrinant informuotesn\u012f ir patogesn\u012f garinim\u0105.<\/p>\n<h5>Kokie pristatymo b\u016bdai naudojami?<\/h5>\n<p>Bendradarbiaujame su patikimais ve\u017e\u0117jais, tokiais kaip UPS, DHL, \"FedEx\" ir DPD, kad j\u016bs\u0173 u\u017esakymas b\u016bt\u0173 pristatytas greitai ir saugiai. Efektyviausias pristatymo b\u016bdas parenkamas atsi\u017evelgiant \u012f j\u016bs\u0173 buvimo viet\u0105, siekiant optimizuoti pristatymo greit\u012f ir patikimum\u0105.<\/p>\n<h5>Per kiek laiko bus pristatytas mano u\u017esakymas?<\/h5>\n<p>Pristatymas paprastai trunka 7-15 darbo dien\u0173. Ta\u010diau \u0161ven\u010di\u0173 dienomis ar esant nepalankioms oro s\u0105lygoms, d\u0117l kuri\u0173 gali \u0161iek tiek v\u0117luoti siuntos gabenimas, pra\u0161ome numatyti iki 20 darbo dien\u0173.<\/p>\n<h5>Ar susidursiu su kokiomis nors muitin\u0117s problemomis ar papildomais mokes\u010diais?<\/h5>\n<p>Atliekame visas muitin\u0117s proced\u016bras, tod\u0117l u\u017etikriname skland\u017ei\u0105 ir nevarginan\u010di\u0105 patirt\u012f. Jums nereik\u0117s mok\u0117ti joki\u0173 papildom\u0173 mokes\u010di\u0173 ar rinkliav\u0173. U\u017etikriname, kad 100% m\u016bs\u0173 produkt\u0173 muitin\u0117s proced\u016bros b\u016bt\u0173 s\u0117kmingai \u012fformintos.<\/p>\n<h5>Ar pirkimas i\u0161 j\u016bs\u0173 svetain\u0117s yra saugus ir patikimas?<\/h5>\n<p>Taip, si\u016blome saugias \"PayPal\" operacijas su pirk\u0117jo apsauga. Taip pat galite patikrinti m\u016bs\u0173 patikimum\u0105 patikrin\u0119 m\u016bs\u0173 klient\u0173 atsiliepimus <a href=\"https:\/\/www.trustpilot.com\/review\/volovape.com?utm_medium=trustbox&amp;utm_source=TrustBoxReviewCollector\">\"Trustpilot\"<\/a>, kur rasite patenkint\u0173 klient\u0173 atsiliepim\u0173.<\/p>","protected":false},"excerpt":{"rendered":"<p>M\u0117gaukit\u0117s informuotu garinimu su ELF BOX Skaitmeninis 12000 puf\u0173. Skaitmeninis ekranas, 0,8 \u03a9 tinklelis, 25 ml, \u012fkraunamas. Idealiai tinka asmeniniam malonumui arba didmeninei prekybai, si\u016blo ilgai i\u0161liekant\u012f skon\u012f ir \u012fvairias nikotino parinktis.<\/p>","protected":false},"featured_media":458,"comment_status":"open","ping_status":"closed","template":"","meta":[],"product_brand":[],"product_cat":[54,38,21,18,39,20,23,24,22,25,26,27,28,29,30,31,32,33,34,35,36,40],"product_tag":[],"class_list":{"0":"post-359","1":"product","2":"type-product","3":"status-publish","4":"has-post-thumbnail","6":"product_cat-elf-box","7":"product_cat-12000-puffs-disposable-vape","8":"product_cat-big-puffs-vapes","9":"product_cat-different-puffs-of-disposable-vapes","10":"product_cat-digital-box-vapes","11":"product_cat-disposable-vape-types","12":"product_cat-disposable-vapes-in-austria","13":"product_cat-disposable-vapes-in-belgium","14":"product_cat-disposable-vapes-in-europe","15":"product_cat-disposable-vapes-in-france","16":"product_cat-disposable-vapes-in-germany","17":"product_cat-disposable-vapes-in-hungary","18":"product_cat-disposable-vapes-in-ltaly","19":"product_cat-disposable-vapes-in-netherlands","20":"product_cat-disposable-vapes-in-norway","21":"product_cat-disposable-vapes-in-poland","22":"product_cat-disposable-vapes-in-portugal","23":"product_cat-disposable-vapes-in-spain","24":"product_cat-disposable-vapes-in-sweden","25":"product_cat-disposable-vapes-in-switzerland","26":"product_cat-rechargeable-vapes","27":"product_cat-smart-screen-vapes","29":"first","30":"instock","31":"shipping-taxable","32":"purchasable","33":"product-type-variable","34":"has-default-attributes"},"jetpack_sharing_enabled":true,"tiered_pricing_type":"fixed","tiered_pricing_fixed_rules":{"2000":5.589999999999999857891452847979962825775146484375},"tiered_pricing_product_settings":{"layout":"default","base_unit_name":{"singular":null,"plural":null},"default_variation":null},"tiered_pricing_minimum_quantity":1000,"tiered_pricing_roles_data":[],"tiered_pricing_percentage_rules":[],"tiered_pricing_maximum_quantity":null,"tiered_pricing_quantity_step":"10","_links":{"self":[{"href":"https:\/\/volovape.com\/lt\/wp-json\/wp\/v2\/product\/359","targetHints":{"allow":["GET"]}}],"collection":[{"href":"https:\/\/volovape.com\/lt\/wp-json\/wp\/v2\/product"}],"about":[{"href":"https:\/\/volovape.com\/lt\/wp-json\/wp\/v2\/types\/product"}],"replies":[{"embeddable":true,"href":"https:\/\/volovape.com\/lt\/wp-json\/wp\/v2\/comments?post=359"}],"wp:featuredmedia":[{"embeddable":true,"href":"https:\/\/volovape.com\/lt\/wp-json\/wp\/v2\/media\/458"}],"wp:attachment":[{"href":"https:\/\/volovape.com\/lt\/wp-json\/wp\/v2\/media?parent=359"}],"wp:term":[{"taxonomy":"product_brand","embeddable":true,"href":"https:\/\/volovape.com\/lt\/wp-json\/wp\/v2\/product_brand?post=359"},{"taxonomy":"product_cat","embeddable":true,"href":"https:\/\/volovape.com\/lt\/wp-json\/wp\/v2\/product_cat?post=359"},{"taxonomy":"product_tag","embeddable":true,"href":"https:\/\/volovape.com\/lt\/wp-json\/wp\/v2\/product_tag?post=359"}],"curies":[{"name":"wp","href":"https:\/\/api.w.org\/{rel}","templated":true}]}}