{"id":358,"date":"2024-11-21T03:29:21","date_gmt":"2024-11-21T03:29:21","guid":{"rendered":"https:\/\/volovape.com\/?post_type=product&#038;p=358"},"modified":"2025-07-06T04:24:36","modified_gmt":"2025-07-06T04:24:36","slug":"elfu-dezute-ls15000-15000-puku","status":"publish","type":"product","link":"https:\/\/volovape.com\/lt\/product\/elf-box-ls15000-15000-puffs\/","title":{"rendered":"\"ELF BOX LS15000 puffs\" 0,6\u03a9 tinklelio rit\u0117 - \u012fkraunama su C tipo \u012fkrovikliu (0-5% nikotino)"},"content":{"rendered":"<p><iframe title=\"VideoPress vaizdo \u012fra\u0161\u0173 grotuvas\" aria-label='VideoPress vaizdo \u012fra\u0161\u0173 grotuvas' width='500' height='667' src='https:\/\/videopress.com\/embed\/JmE4p5tH?hd=0&amp;cover=1' frameborder='0' allowfullscreen allow='clipboard-write'><\/iframe><script src='https:\/\/v0.wordpress.com\/js\/next\/videopress-iframe.js?m=1739540970'><\/script><\/p>\n<p>\"ELF BOX LS15000 Puffs\" vienkartinis vape - 0,6\u03a9 tinklelio rit\u0117, \u012fkraunama<br \/>\n<strong>ELF BOX LS15000 Puffs vienkartinis Vape<\/strong> - Didel\u0117s talpos garinimas su patobulinta 0,6 \u03a9 tinklelio spirale.<\/p>\n<p>Svetain\u0117 <strong>ELF BOX LS15000<\/strong> Vienkartinis vape u\u017etikrina i\u0161skirtin\u0119 garinimo patirt\u012f d\u0117l \u012fsp\u016bdingo <strong>15 000 i\u0161p\u016btim\u0173 talpa<\/strong> ir did\u017eiulis <strong>26 ml elektroninio skys\u010dio rezervuaras<\/strong>. Powered by a <strong>600 mAh \u012fkraunamas akumuliatorius<\/strong> ir su <strong>C tipo \u012fkrovimas<\/strong>, \u0161is prietaisas u\u017etikrina ilgalaik\u012f naudojim\u0105 ir patogum\u0105. . <strong>0,6\u03a9 aki\u0173 rit\u0117<\/strong> yra specialiai sukurta taip, kad b\u016bt\u0173 sodraus skonio ir gausiai garuot\u0173, tod\u0117l nuo pirmojo iki paskutinio d\u016bmo teikia pasitenkinim\u0105. Rinkit\u0117s i\u0161 <strong>0%, 2% arba 5% nikotino kiekis<\/strong> kad atitikt\u0173 j\u016bs\u0173 pageidavimus. Su <strong>12 skani\u0173 skonio variant\u0173<\/strong>, ELF BOX LS15000 puikiai tinka <strong>vienkartiniai vape didmenin\u0117 prekyba<\/strong>, <strong>masiniai u\u017esakymai<\/strong>, arba <strong>asmeniniam naudojimui<\/strong>, kuriame suderintas didelis na\u0161umas ir geriausias ne\u0161iojamumas.<\/p>\n<h3><strong>ELF BOX LS15000 Savyb\u0117s:<\/strong><\/h3>\n<ul>\n<li>Pufai: Iki 15 000 puffs\u0173<\/li>\n<li>E-skys\u010dio talpa: 26 ml<\/li>\n<li>Baterija: 600 mAh (\u012fkraunama)<\/li>\n<li>\u012ekrovimas: C tipo<\/li>\n<li>Rit\u0117: 0,6\u03a9 tinklelio rit\u0117<\/li>\n<li>Nikotino stiprumas: 0%, 2%, 5%<\/li>\n<li>Skoniai: 12 unikali\u0173 variant\u0173<\/li>\n<li>Matmenys: 91,5 x 56,5 x 28,5 mm<\/li>\n<li>Svoris: 91 g<\/li>\n<li>Vienkartinis \u012frenginys<\/li>\n<\/ul>\n<h4>DUK<\/h4>\n<h5>Kaip 0,6\u03a9 tinklelio rit\u0117 pagerina garinimo patirt\u012f?<\/h5>\n<p>0,6 \u03a9 tinklelio rit\u0117 sukurta taip, kad optimizuot\u0173 gar\u0173 gamyb\u0105 ir aromato perdavim\u0105. Ji u\u017etikrina didesn\u012f kaitinimo pavir\u0161iaus plot\u0105, tod\u0117l susidaro tankesni debesys ir sodresnis skonis, tod\u0117l kiekvienas d\u016bmelis suteikia nuolatin\u012f pasitenkinim\u0105 garinimu.<\/p>\n<h5>Kokie pristatymo b\u016bdai naudojami?<\/h5>\n<p>Bendradarbiaujame su patikimais ve\u017e\u0117jais, tokiais kaip UPS, DHL, \"FedEx\" ir DPD, kad j\u016bs\u0173 u\u017esakymas b\u016bt\u0173 pristatytas greitai ir saugiai. Efektyviausias pristatymo b\u016bdas parenkamas atsi\u017evelgiant \u012f j\u016bs\u0173 buvimo viet\u0105, siekiant optimizuoti pristatymo greit\u012f ir patikimum\u0105.<\/p>\n<h5>Per kiek laiko bus pristatytas mano u\u017esakymas?<\/h5>\n<p>Pristatymas paprastai trunka 7-15 darbo dien\u0173. Ta\u010diau \u0161ven\u010di\u0173 dienomis ar esant nepalankioms oro s\u0105lygoms, d\u0117l kuri\u0173 gali \u0161iek tiek v\u0117luoti siuntos gabenimas, pra\u0161ome numatyti iki 20 darbo dien\u0173.<\/p>\n<h5>Ar susidursiu su kokiomis nors muitin\u0117s problemomis ar papildomais mokes\u010diais?<\/h5>\n<p>Atliekame visas muitin\u0117s proced\u016bras, tod\u0117l u\u017etikriname skland\u017ei\u0105 ir nevarginan\u010di\u0105 patirt\u012f. Jums nereik\u0117s mok\u0117ti joki\u0173 papildom\u0173 mokes\u010di\u0173 ar rinkliav\u0173. U\u017etikriname, kad 100% m\u016bs\u0173 produkt\u0173 muitin\u0117s proced\u016bros b\u016bt\u0173 s\u0117kmingai \u012fformintos.<\/p>\n<h5>Ar pirkimas i\u0161 j\u016bs\u0173 svetain\u0117s yra saugus ir patikimas?<\/h5>\n<p>Taip, si\u016blome saugias \"PayPal\" operacijas su pirk\u0117jo apsauga. Taip pat galite patikrinti m\u016bs\u0173 patikimum\u0105 patikrin\u0119 m\u016bs\u0173 klient\u0173 atsiliepimus <a href=\"https:\/\/www.trustpilot.com\/review\/volovape.com?utm_medium=trustbox&amp;utm_source=TrustBoxReviewCollector\">\"TrustPilot\"<\/a>, kur rasite patenkint\u0173 klient\u0173 atsiliepim\u0173.<\/p>","protected":false},"excerpt":{"rendered":"<p>M\u0117gaukit\u0117s geresniais garais su ELF BOX LS15000 Puffs. 0,6\u03a9 tinklelis, 26 ml, \u012fkraunamas. Puikiai tinka asmeniniam naudojimui arba didmeninei prekybai, si\u016blo ilgai i\u0161liekant\u012f skon\u012f ir \u012fvairias nikotino parinktis.<\/p>","protected":false},"featured_media":445,"comment_status":"open","ping_status":"closed","template":"","meta":[],"product_brand":[],"product_cat":[54,41,21,18,20,23,24,22,25,26,27,28,29,30,31,32,33,34,35,36,47],"product_tag":[],"class_list":{"0":"post-358","1":"product","2":"type-product","3":"status-publish","4":"has-post-thumbnail","6":"product_cat-elf-box","7":"product_cat-15000-puffs-disposable-vape","8":"product_cat-big-puffs-vapes","9":"product_cat-different-puffs-of-disposable-vapes","10":"product_cat-disposable-vape-types","11":"product_cat-disposable-vapes-in-austria","12":"product_cat-disposable-vapes-in-belgium","13":"product_cat-disposable-vapes-in-europe","14":"product_cat-disposable-vapes-in-france","15":"product_cat-disposable-vapes-in-germany","16":"product_cat-disposable-vapes-in-hungary","17":"product_cat-disposable-vapes-in-ltaly","18":"product_cat-disposable-vapes-in-netherlands","19":"product_cat-disposable-vapes-in-norway","20":"product_cat-disposable-vapes-in-poland","21":"product_cat-disposable-vapes-in-portugal","22":"product_cat-disposable-vapes-in-spain","23":"product_cat-disposable-vapes-in-sweden","24":"product_cat-disposable-vapes-in-switzerland","25":"product_cat-rechargeable-vapes","26":"product_cat-shisha-hookah-vapes","28":"first","29":"instock","30":"shipping-taxable","31":"purchasable","32":"product-type-variable","33":"has-default-attributes"},"jetpack_sharing_enabled":true,"tiered_pricing_type":"fixed","tiered_pricing_fixed_rules":{"2000":5.38999999999999968025576890795491635799407958984375},"tiered_pricing_product_settings":{"layout":"default","base_unit_name":{"singular":null,"plural":null},"default_variation":null},"tiered_pricing_minimum_quantity":1000,"tiered_pricing_roles_data":[],"tiered_pricing_percentage_rules":[],"tiered_pricing_maximum_quantity":null,"tiered_pricing_quantity_step":"10","_links":{"self":[{"href":"https:\/\/volovape.com\/lt\/wp-json\/wp\/v2\/product\/358","targetHints":{"allow":["GET"]}}],"collection":[{"href":"https:\/\/volovape.com\/lt\/wp-json\/wp\/v2\/product"}],"about":[{"href":"https:\/\/volovape.com\/lt\/wp-json\/wp\/v2\/types\/product"}],"replies":[{"embeddable":true,"href":"https:\/\/volovape.com\/lt\/wp-json\/wp\/v2\/comments?post=358"}],"wp:featuredmedia":[{"embeddable":true,"href":"https:\/\/volovape.com\/lt\/wp-json\/wp\/v2\/media\/445"}],"wp:attachment":[{"href":"https:\/\/volovape.com\/lt\/wp-json\/wp\/v2\/media?parent=358"}],"wp:term":[{"taxonomy":"product_brand","embeddable":true,"href":"https:\/\/volovape.com\/lt\/wp-json\/wp\/v2\/product_brand?post=358"},{"taxonomy":"product_cat","embeddable":true,"href":"https:\/\/volovape.com\/lt\/wp-json\/wp\/v2\/product_cat?post=358"},{"taxonomy":"product_tag","embeddable":true,"href":"https:\/\/volovape.com\/lt\/wp-json\/wp\/v2\/product_tag?post=358"}],"curies":[{"name":"wp","href":"https:\/\/api.w.org\/{rel}","templated":true}]}}