{"id":357,"date":"2024-11-21T03:29:21","date_gmt":"2024-11-21T03:29:21","guid":{"rendered":"https:\/\/volovape.com\/?post_type=product&#038;p=357"},"modified":"2025-08-06T08:04:15","modified_gmt":"2025-08-06T08:04:15","slug":"mrvi-drakonas-13000-pukeliu","status":"publish","type":"product","link":"https:\/\/volovape.com\/lt\/product\/mrvi-dragon-13000-puffs\/","title":{"rendered":"MRVI Dragon 13000 puf\u0173 - vienkartinis Vape - dvigubas tinklelis, dvigubas re\u017eimas, \u012fkraunamas"},"content":{"rendered":"<p><strong>MRVI Dragon 13000 Puffs vienkartinis Vape<\/strong> - Pritaikomas dvigubo re\u017eimo garinimas su dvigubu tinklelio tikslumu.<\/p>\n<p>Svetain\u0117 <strong>MRVI Dragon 13000<\/strong> Vienkartinis garintuvas suteikia asmenin\u0119 garinimo patirt\u012f d\u0117l dvigubo re\u017eimo funkcijos ir dvigubos tinklin\u0117s rit\u0117s technologijos. M\u0117gaukit\u0117s iki <strong>13 000 \u012fkv\u0117pim\u0173<\/strong> su gausiu <strong>20 ml elektroninio skys\u010dio rezervuaras<\/strong> ir <strong>650 mAh \u012fkraunama baterija<\/strong>. . <strong>pa\u017eangios dvigubos tinklin\u0117s rit\u0117s<\/strong> u\u017etikrina nuolatin\u012f skland\u0173, sodr\u0173 ir aromating\u0105 garavim\u0105. Perjunkite <strong>\u012eprastas re\u017eimas<\/strong> nuosekliam i\u0161vedimui ir <strong>Impulsinis re\u017eimas<\/strong> intensyvesniam garinimui. Pasirinkite vien\u0105 i\u0161 \u0161i\u0173 variant\u0173 <strong>2% ir 5% nikotino stiprumas<\/strong> kad atitikt\u0173 j\u016bs\u0173 pageidavimus. Su <strong>10 skani\u0173 skonio variant\u0173<\/strong>MRVI Dragon 13000 puikiai tinka <strong>vienkartiniai vape didmenin\u0117 prekyba<\/strong>, <strong>masiniai u\u017esakymai<\/strong>, arba <strong>asmeniniam naudojimui<\/strong>.<\/p>\n<h3><strong>MRVI Dragon 13000 Funkcijos:<\/strong><\/h3>\n<ul>\n<li>Pufai: Iki 13 000 Puffs<\/li>\n<li>E-skys\u010dio talpa: 20 ml<\/li>\n<li>Baterija: 650 mAh (\u012fkraunama)<\/li>\n<li>\u012ekrovimas: C tipo<\/li>\n<li>rit\u0117: Dvigubos tinklin\u0117s rit\u0117s<\/li>\n<li>Re\u017eimai: \u012eprastas re\u017eimas, impulsinis re\u017eimas<\/li>\n<li>Nikotino stiprumas: 2%, 5%<\/li>\n<li>Skoniai: 10 unikali\u0173 variant\u0173<\/li>\n<li>Vienkartinis \u012frenginys<\/li>\n<\/ul>\n<h4>DUK<\/h4>\n<h5>Kaip du garinimo re\u017eimai pagerina naudotojo patirt\u012f?<\/h5>\n<p>Dviej\u0173 re\u017eim\u0173 funkcija leid\u017eia naudotojams pritaikyti garinimo patirt\u012f. \u012eprastas re\u017eimas u\u017etikrina pastov\u0173 i\u0161\u0117jim\u0105, kad garinimas b\u016bt\u0173 sklandus ir tolygus, o pulsinis re\u017eimas u\u017etikrina intensyvesn\u012f sm\u016bg\u012f tiems, kurie nori patirti stipresn\u012f poveik\u012f. \u0160is universalumas atitinka skirtingus garinimo pageidavimus.<\/p>\n<h5>Kokie pristatymo b\u016bdai naudojami?<\/h5>\n<p>Bendradarbiaujame su patikimais ve\u017e\u0117jais, tokiais kaip UPS, DHL, \"FedEx\" ir DPD, kad j\u016bs\u0173 u\u017esakymas b\u016bt\u0173 pristatytas greitai ir saugiai. Efektyviausias pristatymo b\u016bdas parenkamas atsi\u017evelgiant \u012f j\u016bs\u0173 buvimo viet\u0105, siekiant optimizuoti pristatymo greit\u012f ir patikimum\u0105.<\/p>\n<h5>Per kiek laiko bus pristatytas mano u\u017esakymas?<\/h5>\n<p>Pristatymas paprastai trunka 7-15 darbo dien\u0173. Ta\u010diau \u0161ven\u010di\u0173 dienomis ar esant nepalankioms oro s\u0105lygoms, d\u0117l kuri\u0173 gali \u0161iek tiek v\u0117luoti siuntos gabenimas, pra\u0161ome numatyti iki 20 darbo dien\u0173.<\/p>\n<h5>Ar susidursiu su kokiomis nors muitin\u0117s problemomis ar papildomais mokes\u010diais?<\/h5>\n<p>Atliekame visas muitin\u0117s proced\u016bras, tod\u0117l u\u017etikriname skland\u017ei\u0105 ir nevarginan\u010di\u0105 patirt\u012f. Jums nereik\u0117s mok\u0117ti joki\u0173 papildom\u0173 mokes\u010di\u0173 ar rinkliav\u0173. U\u017etikriname, kad 100% m\u016bs\u0173 produkt\u0173 muitin\u0117s proced\u016bros b\u016bt\u0173 s\u0117kmingai \u012fformintos.<\/p>\n<h5>Ar pirkimas i\u0161 j\u016bs\u0173 svetain\u0117s yra saugus ir patikimas?<\/h5>\n<p>Taip, si\u016blome saugias \"PayPal\" operacijas su pirk\u0117jo apsauga. Taip pat galite patikrinti m\u016bs\u0173 patikimum\u0105 patikrin\u0119 m\u016bs\u0173 klient\u0173 atsiliepimus <a href=\"https:\/\/www.trustpilot.com\/review\/volovape.com?utm_medium=trustbox&amp;utm_source=TrustBoxReviewCollector\">\"TrustPilot\"<\/a>, kur rasite patenkint\u0173 klient\u0173 atsiliepim\u0173.<\/p>","protected":false},"excerpt":{"rendered":"<p>Su MRVI \"Dragon 13000 Puffs\" i\u0161laisvinkite individualiai pritaikom\u0105 garinim\u0105. Dvigubas tinklelis, dvigubas re\u017eimas, 20 ml, \u012fkraunamas. Idealiai tinka asmeniniam ar didmeniniam naudojimui, si\u016blo puik\u0173 skon\u012f ir lankstum\u0105.<\/p>","protected":false},"featured_media":435,"comment_status":"open","ping_status":"closed","template":"","meta":[],"product_brand":[],"product_cat":[55,56,21,18,39,20,23,24,22,25,26,27,28,29,30,31,32,33,34,35,36,40],"product_tag":[],"class_list":{"0":"post-357","1":"product","2":"type-product","3":"status-publish","4":"has-post-thumbnail","6":"product_cat-mrvi","7":"product_cat-14000-puffs-disposable-vape","8":"product_cat-big-puffs-vapes","9":"product_cat-different-puffs-of-disposable-vapes","10":"product_cat-digital-box-vapes","11":"product_cat-disposable-vape-types","12":"product_cat-disposable-vapes-in-austria","13":"product_cat-disposable-vapes-in-belgium","14":"product_cat-disposable-vapes-in-europe","15":"product_cat-disposable-vapes-in-france","16":"product_cat-disposable-vapes-in-germany","17":"product_cat-disposable-vapes-in-hungary","18":"product_cat-disposable-vapes-in-ltaly","19":"product_cat-disposable-vapes-in-netherlands","20":"product_cat-disposable-vapes-in-norway","21":"product_cat-disposable-vapes-in-poland","22":"product_cat-disposable-vapes-in-portugal","23":"product_cat-disposable-vapes-in-spain","24":"product_cat-disposable-vapes-in-sweden","25":"product_cat-disposable-vapes-in-switzerland","26":"product_cat-rechargeable-vapes","27":"product_cat-smart-screen-vapes","29":"first","30":"instock","31":"shipping-taxable","32":"purchasable","33":"product-type-variable","34":"has-default-attributes"},"jetpack_sharing_enabled":true,"tiered_pricing_type":"fixed","tiered_pricing_fixed_rules":{"2000":5.9900000000000002131628207280300557613372802734375},"tiered_pricing_product_settings":{"layout":"default","base_unit_name":{"singular":null,"plural":null},"default_variation":null},"tiered_pricing_minimum_quantity":1000,"tiered_pricing_roles_data":[],"tiered_pricing_percentage_rules":[],"tiered_pricing_maximum_quantity":null,"tiered_pricing_quantity_step":"10","_links":{"self":[{"href":"https:\/\/volovape.com\/lt\/wp-json\/wp\/v2\/product\/357","targetHints":{"allow":["GET"]}}],"collection":[{"href":"https:\/\/volovape.com\/lt\/wp-json\/wp\/v2\/product"}],"about":[{"href":"https:\/\/volovape.com\/lt\/wp-json\/wp\/v2\/types\/product"}],"replies":[{"embeddable":true,"href":"https:\/\/volovape.com\/lt\/wp-json\/wp\/v2\/comments?post=357"}],"wp:featuredmedia":[{"embeddable":true,"href":"https:\/\/volovape.com\/lt\/wp-json\/wp\/v2\/media\/435"}],"wp:attachment":[{"href":"https:\/\/volovape.com\/lt\/wp-json\/wp\/v2\/media?parent=357"}],"wp:term":[{"taxonomy":"product_brand","embeddable":true,"href":"https:\/\/volovape.com\/lt\/wp-json\/wp\/v2\/product_brand?post=357"},{"taxonomy":"product_cat","embeddable":true,"href":"https:\/\/volovape.com\/lt\/wp-json\/wp\/v2\/product_cat?post=357"},{"taxonomy":"product_tag","embeddable":true,"href":"https:\/\/volovape.com\/lt\/wp-json\/wp\/v2\/product_tag?post=357"}],"curies":[{"name":"wp","href":"https:\/\/api.w.org\/{rel}","templated":true}]}}