{"id":35613,"date":"2025-08-16T11:41:34","date_gmt":"2025-08-16T11:41:34","guid":{"rendered":"https:\/\/volovape.com\/?post_type=product&#038;p=35613"},"modified":"2026-04-14T05:57:10","modified_gmt":"2026-04-14T05:57:10","slug":"bang-king-twins-50000","status":"publish","type":"product","link":"https:\/\/volovape.com\/lt\/product\/bang-king-twins-50000\/","title":{"rendered":"Bang King Twins 50000 Puffs | dvigubo skonio LED ekranas vienkartinis vape didmenin\u0117 prekyba"},"content":{"rendered":"<h2>Bang \"King Twins 50000 Puffs\" - ap\u017evalga ir funkcijos<\/h2>\n<p>Pasiruo\u0161kite nepakartojamai garinimo patir\u010diai su <strong>Bang Karali\u0161kieji dvyniai 50000 p\u016bkeli\u0173<\/strong> vienkartinis vape! \u0160is prietaisas, galintis pasi\u016blyti iki 50 000 \u012fp\u016btim\u0173 ir du skonius, yra geriausias i\u0161 abiej\u0173 pasauli\u0173. \u0160is prietaisas, pasi\u017eymintis eleganti\u0161ku dizainu, tinklin\u0117mis spiral\u0117mis ir \u012fkraunama C tipo baterija, yra geriausias pasirinkimas tiems, kurie trok\u0161ta intensyvaus skonio ir ilgalaikio pasitenkinimo. . <strong>Bang Karali\u0161kieji dvyniai<\/strong> 56 ml elektroninio skys\u010dio (28 ml + 28 ml) ir daugyb\u0117 nikotino variant\u0173, tinkan\u010di\u0173 visiems skoniams ir pageidavimams. \u012erengtas skaitmeninis LED ekranas, tod\u0117l lengva sekti savo vapavimo patirt\u012f ir ilgiau m\u0117gautis malonumu. Nesvarbu, ar esate intensyvus r\u016bkalius, ar platintojas, norintis tur\u0117ti auk\u0161\u010diausios kokyb\u0117s produkt\u0173 atsarg\u0173. <strong>Bang Karali\u0161kieji dvyniai<\/strong> jums pad\u0117s.<\/p>\n<h4>Specifikacijos<\/h4>\n<table>\n<tbody>\n<tr>\n<td><strong>Puff talpa:<\/strong><\/td>\n<td>Iki 50000 \u012fkv\u0117pim\u0173<\/td>\n<\/tr>\n<tr>\n<td><strong>E-skys\u010dio talpa:<\/strong><\/td>\n<td>56 ml (28 ml + 28 ml)<\/td>\n<\/tr>\n<tr>\n<td><strong>Baterija:<\/strong><\/td>\n<td>650 mAh, C tipo \u012fkraunama<\/td>\n<\/tr>\n<tr>\n<td><strong>Rit\u0117s tipas:<\/strong><\/td>\n<td>Tinklelio rit\u0117 1.0\u03a9<\/td>\n<\/tr>\n<tr>\n<td><strong>Nikotino parinktys:<\/strong><\/td>\n<td>2%, 3%, 5%<\/td>\n<\/tr>\n<tr>\n<td><strong>Ekranas:<\/strong><\/td>\n<td>LED skaitmeninis ekranas<\/td>\n<\/tr>\n<tr>\n<td><strong>Dizainas:<\/strong><\/td>\n<td>Stilingas, aptakus ir ergonomi\u0161kas<\/td>\n<\/tr>\n<\/tbody>\n<\/table>\n<h4>Galimi skoniai<\/h4>\n<ul>\n<li>Meil\u0117 66 ir citrin\u0173 pasiflora<\/li>\n<li>Persik\u0173 gvajavos bra\u0161ki\u0173 ir sakur\u0173 vynuogi\u0173<\/li>\n<li>Bra\u0161ki\u0173 bananai ir Heisenbergas<\/li>\n<li>\"Blue Razz Ice\" ir \"Blue Razz Cherry<\/li>\n<li>Bra\u0161ki\u0173 arb\u016bzai ir bra\u0161ki\u0173 ledai<\/li>\n<li>Arb\u016bz\u0173 ledas ir arb\u016bzas \"Hubba Bubba<\/li>\n<li>Dvigubas laimo ir ledo alavijas<\/li>\n<li>Mi\u0161inys uog\u0173 ir bra\u0161ki\u0173 kivi\u0173<\/li>\n<li>\"Super Cool Lychee &amp; Pink Man<\/li>\n<li>Sul\u010di\u0173 persik\u0173 ledai ir bra\u0161ki\u0173 mangai<\/li>\n<li>Cola Lemon &amp; Strawberry Skittles<\/li>\n<li>Persik\u0173 mango arb\u016bzas ir m\u0117lyna vy\u0161nia \"Blue Razz Cherry<\/li>\n<\/ul>\n<h4>Kod\u0117l verta rinktis Bang \"King Twins 50000 Puffs\"?<\/h4>\n<ul>\n<li><strong>Ilgalaikis veikimas:<\/strong> 50 000 \u012fp\u016btim\u0173 nepertraukiamo malonumo<\/li>\n<li><strong>Dvigubo skonio patirtis:<\/strong> M\u0117gaukit\u0117s dviem unikaliais skoniais su kiekvienu \u012fkv\u0117pimu<\/li>\n<li><strong>Patogus \u012fkraunamas \u012frenginys:<\/strong> C tipo \u012fkrovimas u\u017etikrina, kad visada b\u016btum\u0117te pasiruo\u0161\u0119 va\u017eiuoti<\/li>\n<li><strong>Auk\u0161\u010diausios kokyb\u0117s tinklin\u0117s rit\u0117s:<\/strong> Sklandesniems sm\u016bgiams ir geresniam skoniui<\/li>\n<li><strong>Platus nikotino pasirinkimas:<\/strong> Pasirinkite 2%, 3% arba 5% nikotino stiprum\u0105<\/li>\n<li><strong>LED skaitmeninis ekranas:<\/strong> Steb\u0117kite savo vape progres\u0105<\/li>\n<li><strong>Puikiai tinka platinti:<\/strong> Idealiai tinka didmeninei prekybai ir vape parduotuv\u0117ms<\/li>\n<\/ul>\n<p>Svetain\u0117 <strong>Bang Karali\u0161kieji dvyniai 50000 p\u016bkeli\u0173<\/strong> Vienkartiniai vape yra geriausias pasirinkimas vape parduotuv\u0117ms ir didmeniniams platintojams, norintiems pasi\u016blyti auk\u0161tos kokyb\u0117s ir ilgaam\u017e\u012f produkt\u0105. Dviej\u0173 skoni\u0173, \u012fkraunama baterija ir tinklin\u0117s rit\u0117s technologija - tai prietaisas, skirtas tiek intensyviems vapuotojams, tiek skonio m\u0117g\u0117jams. Apsir\u016bpinkite atsargomis dabar ir pasi\u016blykite savo klientams auk\u0161\u010diausios kokyb\u0117s garinimo patirt\u012f, kuri jiems patiks!<\/p>\n<p><img decoding=\"async\" class=\"alignnone wp-image-35622 size-full\" src=\"https:\/\/volovape.com\/wp-content\/uploads\/2025\/08\/Bang-King-Twins-50000-flavor-chart.avif\" alt=\"\" title=\"\"><\/p>\n<p><img data-recalc-dims=\"1\" loading=\"lazy\" decoding=\"async\" class=\"alignnone wp-image-35632 size-full\" src=\"https:\/\/i0.wp.com\/volovape.com\/wp-content\/uploads\/2025\/08\/imgi_2_Bang_King_Twins_50K_11.webp?resize=800%2C800&#038;ssl=1\" alt=\"\" width=\"800\" height=\"800\" title=\"\" srcset=\"https:\/\/i0.wp.com\/volovape.com\/wp-content\/uploads\/2025\/08\/imgi_2_Bang_King_Twins_50K_11.webp?w=800&amp;ssl=1 800w, https:\/\/i0.wp.com\/volovape.com\/wp-content\/uploads\/2025\/08\/imgi_2_Bang_King_Twins_50K_11.webp?resize=300%2C300&amp;ssl=1 300w, https:\/\/i0.wp.com\/volovape.com\/wp-content\/uploads\/2025\/08\/imgi_2_Bang_King_Twins_50K_11.webp?resize=150%2C150&amp;ssl=1 150w, https:\/\/i0.wp.com\/volovape.com\/wp-content\/uploads\/2025\/08\/imgi_2_Bang_King_Twins_50K_11.webp?resize=768%2C768&amp;ssl=1 768w, https:\/\/i0.wp.com\/volovape.com\/wp-content\/uploads\/2025\/08\/imgi_2_Bang_King_Twins_50K_11.webp?resize=12%2C12&amp;ssl=1 12w, https:\/\/i0.wp.com\/volovape.com\/wp-content\/uploads\/2025\/08\/imgi_2_Bang_King_Twins_50K_11.webp?resize=510%2C510&amp;ssl=1 510w, https:\/\/i0.wp.com\/volovape.com\/wp-content\/uploads\/2025\/08\/imgi_2_Bang_King_Twins_50K_11.webp?resize=100%2C100&amp;ssl=1 100w, https:\/\/i0.wp.com\/volovape.com\/wp-content\/uploads\/2025\/08\/imgi_2_Bang_King_Twins_50K_11.webp?resize=50%2C50&amp;ssl=1 50w\" sizes=\"auto, (max-width: 800px) 100vw, 800px\" \/><\/p>","protected":false},"excerpt":{"rendered":"<p>Atraskite Bang \"King Twins 50000 Puffs\" vienkartin\u012f garintuv\u0105 su dviem skoniais, tinklin\u0117mis rit\u0117mis, 56 ml e. skys\u010dio ir \u012fkraunama C tipo baterija. Puikiai tinka skonio entuziastams ir didmeniniams pirk\u0117jams!<\/p>","protected":false},"featured_media":35672,"comment_status":"open","ping_status":"closed","template":"","meta":[],"product_brand":[227],"product_cat":[61,230],"product_tag":[],"class_list":{"0":"post-35613","1":"product","2":"type-product","3":"status-publish","4":"has-post-thumbnail","6":"product_brand-bang","7":"product_cat-bang","8":"product_cat-new","10":"first","11":"instock","12":"shipping-taxable","13":"purchasable","14":"product-type-variable","15":"has-default-attributes"},"jetpack_sharing_enabled":true,"tiered_pricing_type":"fixed","tiered_pricing_fixed_rules":{"30":7.29999999999999982236431605997495353221893310546875,"50":6.0999999999999996447286321199499070644378662109375,"100":5.4000000000000003552713678800500929355621337890625,"200":4.9900000000000002131628207280300557613372802734375,"400":4.37999999999999989341858963598497211933135986328125},"tiered_pricing_product_settings":{"layout":"default","base_unit_name":{"singular":null,"plural":null},"default_variation":null},"tiered_pricing_minimum_quantity":10,"tiered_pricing_roles_data":[],"tiered_pricing_percentage_rules":[],"tiered_pricing_maximum_quantity":null,"tiered_pricing_quantity_step":"10","_links":{"self":[{"href":"https:\/\/volovape.com\/lt\/wp-json\/wp\/v2\/product\/35613","targetHints":{"allow":["GET"]}}],"collection":[{"href":"https:\/\/volovape.com\/lt\/wp-json\/wp\/v2\/product"}],"about":[{"href":"https:\/\/volovape.com\/lt\/wp-json\/wp\/v2\/types\/product"}],"replies":[{"embeddable":true,"href":"https:\/\/volovape.com\/lt\/wp-json\/wp\/v2\/comments?post=35613"}],"wp:featuredmedia":[{"embeddable":true,"href":"https:\/\/volovape.com\/lt\/wp-json\/wp\/v2\/media\/35672"}],"wp:attachment":[{"href":"https:\/\/volovape.com\/lt\/wp-json\/wp\/v2\/media?parent=35613"}],"wp:term":[{"taxonomy":"product_brand","embeddable":true,"href":"https:\/\/volovape.com\/lt\/wp-json\/wp\/v2\/product_brand?post=35613"},{"taxonomy":"product_cat","embeddable":true,"href":"https:\/\/volovape.com\/lt\/wp-json\/wp\/v2\/product_cat?post=35613"},{"taxonomy":"product_tag","embeddable":true,"href":"https:\/\/volovape.com\/lt\/wp-json\/wp\/v2\/product_tag?post=35613"}],"curies":[{"name":"wp","href":"https:\/\/api.w.org\/{rel}","templated":true}]}}