{"id":356,"date":"2024-11-21T03:29:21","date_gmt":"2024-11-21T03:29:21","guid":{"rendered":"https:\/\/volovape.com\/?post_type=product&#038;p=356"},"modified":"2025-10-30T05:03:18","modified_gmt":"2025-10-30T05:03:18","slug":"mrvi-15000-pukeliu","status":"publish","type":"product","link":"https:\/\/volovape.com\/lt\/product\/mrvi-15000-puffs\/","title":{"rendered":"MRVI 15000 Puffs vienkartinis Vape - dvigubas tinklelis, maitinimo ekranas, dir\u017eelis"},"content":{"rendered":"<p><strong>MRVI 15000 puffs\u0173 vienkartinis Vape<\/strong> - Didel\u0117s talpos garinimas su dvigubo tinklelio tikslumu ir galios ekranu.<\/p>\n<p>Svetain\u0117 <strong>MRVI 15000<\/strong> Vienkartinis vape u\u017etikrina i\u0161skirtin\u0119 garinimo patirt\u012f d\u0117l \u012fsp\u016bdingo <strong>15 000 i\u0161p\u016btim\u0173 talpa<\/strong> ir did\u017eiulis <strong>25 ml elektroninio skys\u010dio rezervuaras<\/strong>. Powered by a <strong>750 mAh \u012fkraunamas akumuliatorius<\/strong> ir su <strong>C tipo \u012fkrovimas<\/strong>, \u0161is prietaisas u\u017etikrina ilgalaik\u012f veikim\u0105. . <strong>Pa\u017eangi dvigubos tinklin\u0117s rit\u0117s technologija<\/strong> u\u017etikrina tolyg\u0173, sodr\u0173 ir aromating\u0105 garavim\u0105. Integruotas <strong>maitinimo ekranas<\/strong> realiuoju laiku stebi akumuliatoriaus veikimo trukm\u0119 ir elektroninio skys\u010dio kiek\u012f, taip padidindamas naudotojo patogum\u0105. A <strong>patogus dir\u017eelis<\/strong> kad b\u016bt\u0173 patogu perkelti. Pasirinkite <strong>2% ir 5% nikotino stiprumas<\/strong> kad atitikt\u0173 j\u016bs\u0173 pageidavimus. Su <strong>10 skani\u0173 skonio variant\u0173<\/strong>, MRVI 15000 puikiai tinka <strong>vienkartiniai vape didmenin\u0117 prekyba<\/strong>, <strong>masiniai u\u017esakymai<\/strong>, arba <strong>asmeniniam naudojimui<\/strong>.<\/p>\n<h3><strong>MRVI 15000 Funkcijos:<\/strong><\/h3>\n<ul>\n<li>Pufai: Iki 15 000 puffs\u0173<\/li>\n<li>E-skys\u010dio talpa: 25 ml<\/li>\n<li>Baterija: 750 mAh (\u012fkraunama)<\/li>\n<li>\u012ekrovimas: C tipo<\/li>\n<li>rit\u0117: Dvigubos tinklin\u0117s rit\u0117s<\/li>\n<li>Ekranas: Maitinimo ekranas (akumuliatoriaus ir elektroninio skys\u010dio lygiai)<\/li>\n<li>Dir\u017eas: .<\/li>\n<li>Nikotino stiprumas: 2%, 5%<\/li>\n<li>Skoniai: 10 unikali\u0173 variant\u0173<\/li>\n<li>Vienkartinis \u012frenginys<\/li>\n<\/ul>\n<h4>DUK<\/h4>\n<h5>Kaip dvigubos tinklin\u0117s rit\u0117s technologija pagerina skon\u012f ir gar\u0173 gamyb\u0105?<\/h5>\n<p>Dviej\u0173 tinkleli\u0173 spiral\u0117s konstrukcija padidina kaitinimo pavir\u0161iaus plot\u0105, tod\u0117l tolygiai paskirstoma \u0161iluma ir maksimaliai i\u0161garinamas elektroninis skystis. D\u0117l to skonis tampa sodresnis, intensyvesnis, gar\u0173 debesys tankesni, o garavimo poj\u016btis geresnis, palyginti su vienos rit\u0117s prietaisais.<\/p>\n<h5>Kokie pristatymo b\u016bdai naudojami?<\/h5>\n<p>Bendradarbiaujame su patikimais ve\u017e\u0117jais, tokiais kaip UPS, DHL, \"FedEx\" ir DPD, kad j\u016bs\u0173 u\u017esakymas b\u016bt\u0173 pristatytas greitai ir saugiai. Efektyviausias pristatymo b\u016bdas parenkamas atsi\u017evelgiant \u012f j\u016bs\u0173 buvimo viet\u0105, siekiant optimizuoti pristatymo greit\u012f ir patikimum\u0105.<\/p>\n<h5>Per kiek laiko bus pristatytas mano u\u017esakymas?<\/h5>\n<p>Pristatymas paprastai trunka 7-15 darbo dien\u0173. Ta\u010diau \u0161ven\u010di\u0173 dienomis ar esant nepalankioms oro s\u0105lygoms, d\u0117l kuri\u0173 gali \u0161iek tiek v\u0117luoti siuntos gabenimas, pra\u0161ome numatyti iki 20 darbo dien\u0173.<\/p>\n<h5>Ar susidursiu su kokiomis nors muitin\u0117s problemomis ar papildomais mokes\u010diais?<\/h5>\n<p>Atliekame visas muitin\u0117s proced\u016bras, tod\u0117l u\u017etikriname skland\u017ei\u0105 ir nevarginan\u010di\u0105 patirt\u012f. Jums nereik\u0117s mok\u0117ti joki\u0173 papildom\u0173 mokes\u010di\u0173 ar rinkliav\u0173. U\u017etikriname, kad 100% m\u016bs\u0173 produkt\u0173 muitin\u0117s proced\u016bros b\u016bt\u0173 s\u0117kmingai \u012fformintos.<\/p>\n<h5>Ar pirkimas i\u0161 j\u016bs\u0173 svetain\u0117s yra saugus ir patikimas?<\/h5>\n<p>Taip, si\u016blome saugias \"PayPal\" operacijas su pirk\u0117jo apsauga. Taip pat galite patikrinti m\u016bs\u0173 patikimum\u0105 patikrin\u0119 m\u016bs\u0173 klient\u0173 atsiliepimus <a href=\"https:\/\/www.trustpilot.com\/review\/volovape.com?utm_medium=trustbox&amp;utm_source=TrustBoxReviewCollector\">\"TrustPilot\"<\/a>, kur rasite patenkint\u0173 klient\u0173 atsiliepim\u0173.<\/p>","protected":false},"excerpt":{"rendered":"<p>M\u0117gaukit\u0117s ilgesniu, sodriu garinimu su MRVI 15000 d\u016bm\u0173. Dvigubas tinklelis, maitinimo ekranas, dir\u017eelis, 25 ml, 750 mAh \u012fkraunama baterija. Puikiai tinka asmeniniam ar didmeniniam naudojimui, su pridedamais patogumais.<\/p>","protected":false},"featured_media":425,"comment_status":"open","ping_status":"closed","template":"","meta":[],"product_brand":[],"product_cat":[55,41,21,43,18,39,20,23,24,22,25,26,27,28,29,30,31,32,33,34,35,36,40],"product_tag":[],"class_list":{"0":"post-356","1":"product","2":"type-product","3":"status-publish","4":"has-post-thumbnail","6":"product_cat-mrvi","7":"product_cat-15000-puffs-disposable-vape","8":"product_cat-big-puffs-vapes","9":"product_cat-crystal-vapes","10":"product_cat-different-puffs-of-disposable-vapes","11":"product_cat-digital-box-vapes","12":"product_cat-disposable-vape-types","13":"product_cat-disposable-vapes-in-austria","14":"product_cat-disposable-vapes-in-belgium","15":"product_cat-disposable-vapes-in-europe","16":"product_cat-disposable-vapes-in-france","17":"product_cat-disposable-vapes-in-germany","18":"product_cat-disposable-vapes-in-hungary","19":"product_cat-disposable-vapes-in-ltaly","20":"product_cat-disposable-vapes-in-netherlands","21":"product_cat-disposable-vapes-in-norway","22":"product_cat-disposable-vapes-in-poland","23":"product_cat-disposable-vapes-in-portugal","24":"product_cat-disposable-vapes-in-spain","25":"product_cat-disposable-vapes-in-sweden","26":"product_cat-disposable-vapes-in-switzerland","27":"product_cat-rechargeable-vapes","28":"product_cat-smart-screen-vapes","30":"first","31":"instock","32":"shipping-taxable","33":"purchasable","34":"product-type-variable","35":"has-default-attributes"},"jetpack_sharing_enabled":true,"tiered_pricing_type":"fixed","tiered_pricing_fixed_rules":{"100":5.9900000000000002131628207280300557613372802734375,"200":5.37000000000000010658141036401502788066864013671875,"400":5.05999999999999960920149533194489777088165283203125},"tiered_pricing_product_settings":{"layout":"default","base_unit_name":{"singular":null,"plural":null},"default_variation":null},"tiered_pricing_minimum_quantity":50,"tiered_pricing_roles_data":[],"tiered_pricing_percentage_rules":[],"tiered_pricing_maximum_quantity":null,"tiered_pricing_quantity_step":"10","_links":{"self":[{"href":"https:\/\/volovape.com\/lt\/wp-json\/wp\/v2\/product\/356","targetHints":{"allow":["GET"]}}],"collection":[{"href":"https:\/\/volovape.com\/lt\/wp-json\/wp\/v2\/product"}],"about":[{"href":"https:\/\/volovape.com\/lt\/wp-json\/wp\/v2\/types\/product"}],"replies":[{"embeddable":true,"href":"https:\/\/volovape.com\/lt\/wp-json\/wp\/v2\/comments?post=356"}],"wp:featuredmedia":[{"embeddable":true,"href":"https:\/\/volovape.com\/lt\/wp-json\/wp\/v2\/media\/425"}],"wp:attachment":[{"href":"https:\/\/volovape.com\/lt\/wp-json\/wp\/v2\/media?parent=356"}],"wp:term":[{"taxonomy":"product_brand","embeddable":true,"href":"https:\/\/volovape.com\/lt\/wp-json\/wp\/v2\/product_brand?post=356"},{"taxonomy":"product_cat","embeddable":true,"href":"https:\/\/volovape.com\/lt\/wp-json\/wp\/v2\/product_cat?post=356"},{"taxonomy":"product_tag","embeddable":true,"href":"https:\/\/volovape.com\/lt\/wp-json\/wp\/v2\/product_tag?post=356"}],"curies":[{"name":"wp","href":"https:\/\/api.w.org\/{rel}","templated":true}]}}