{"id":34627,"date":"2025-08-16T11:41:20","date_gmt":"2025-08-16T11:41:20","guid":{"rendered":"https:\/\/volovape.com\/?post_type=product&#038;p=34627"},"modified":"2026-05-06T12:42:57","modified_gmt":"2026-05-06T12:42:57","slug":"waspe-100000puffs-4-in-1","status":"publish","type":"product","link":"https:\/\/volovape.com\/lt\/product\/waspe-100000puffs-4-in-1\/","title":{"rendered":"WASPE 4-in-1 Flavor 100K Puffs | 100 000 puff vienkartini\u0173 vape su 4 skoniais ir didmenine prekyba"},"content":{"rendered":"<h3>Kod\u0117l verta rinktis WASPE 4in1 Flavor 100000 Puffs?<\/h3>\n<ul>\n<li>\ud83d\udd04 \"4-in-1\" skonio perjungimo sistema: M\u0117gaukit\u0117s keturiais skirtingais skoniais viename \u012frenginyje, nekeisdami kapsuli\u0173.<\/li>\n<li>\ud83d\udca8 100 000 puodeli\u0173 talpa: Sukurta ilgesniam naudojimui, u\u017etikrinant ilgalaik\u0119 garinimo patirt\u012f.<\/li>\n<li>\ud83d\udd0b \u012ekraunama 650 mAh baterija: Greitas ir efektyvus \u012fkrovimas su C tipo funkcija, u\u017etikrinan\u010dia patogum\u0105.<\/li>\n<li>\ud83d\udd25 Keturi\u0173 tinkleli\u0173 rit\u0117s: Kiekvien\u0105 kart\u0105 \u012fkv\u0117pus i\u0161gaunamas sklandus garas ir sodrus skonis.<\/li>\n<li>\ud83e\uddc3 56 ml elektroninio skys\u010dio talpa: Ilgiau garuokite su ma\u017eesniu kiekiu papildym\u0173.<\/li>\n<li>\ud83d\udce6 Puikiai tinka didmeninei prekybai: Kompakti\u0161kas ir patvarus, skirtas dideliems u\u017esakymams, su lanks\u010diomis skonio parinktimis.<\/li>\n<\/ul>\n<p>\u0160is aparatas puikiai tinka intensyviems vartotojams ir skonio m\u0117g\u0117jams, nes si\u016blo visk\u0105, ko reikia, viename eleganti\u0161kame \u012frenginyje. Idealiai tinka vape parduotuv\u0117ms, platintojams ir didmeniniams u\u017esakymams, nes WASPE 4in1 Flavor 100000 Puffs u\u017etikrina neprilygstam\u0105 \u012fvairov\u0119, patikimum\u0105 ir na\u0161um\u0105. U\u017esisakykite dideliais kiekiais ir m\u0117gaukit\u0117s nuolaidomis!<\/p>\n<h3>WASPE 4in1 Flavor 100000 Puffs | Ap\u017evalga ir savyb\u0117s<\/h3>\n<p>WASPE 4in1 Flavor 100000 Puffs sukurtas taip, kad suteikt\u0173 auk\u0161\u010diausi\u0105 garinimo patirt\u012f. \u0160is prietaisas su galimybe perjungti keturis i\u0161 anksto u\u017epildytus skonius, \u012fkraunama 650 mAh baterija ir dideliu 100 000 d\u016bm\u0173 kiekiu idealiai tinka tiems, kurie trok\u0161ta \u012fvairov\u0117s ir ilgalaikio veikimo. Nesvarbu, ar esate skonio entuziastas, ar m\u0117gstate r\u016bkyti, WASPE 4in1 Flavor yra puikus pasirinkimas tiems, kurie reikalauja kokyb\u0117s ir patogumo. Galima \u012fsigyti didmenini\u0173 didmenini\u0173 u\u017esakym\u0173 svetain\u0117je \"Gleevape\", patikimo Europos ma\u017eo nikotino kiekio vapinimo priemoni\u0173 tiek\u0117jo. \ud83d\udd25\ud83d\udca8<\/p>\n<h3>Specifikacijos:<\/h3>\n<table>\n<tbody>\n<tr>\n<th>Funkcija<\/th>\n<th>I\u0161sami informacija<\/th>\n<\/tr>\n<tr>\n<td>Puff talpa<\/td>\n<td>100 000 \u012fkv\u0117pim\u0173<\/td>\n<\/tr>\n<tr>\n<td>E-skys\u010dio talpa<\/td>\n<td>56 ml<\/td>\n<\/tr>\n<tr>\n<td>Akumuliatorius<\/td>\n<td>650 mAh \u012fkraunama, C tipo<\/td>\n<\/tr>\n<tr>\n<td>Rit\u0117s tipas<\/td>\n<td>1,0\u03a9 keturbriaunis tinklelis<\/td>\n<\/tr>\n<tr>\n<td>Nikotino parinktys<\/td>\n<td>0%, 2%, 5%<\/td>\n<\/tr>\n<tr>\n<td>\u012ekrovimo prievadas<\/td>\n<td>C tipo<\/td>\n<\/tr>\n<tr>\n<td>Produkto dydis<\/td>\n<td>47 \u00d7 47 \u00d7 118 mm<\/td>\n<\/tr>\n<tr>\n<td>Vieno \u012frenginio svoris<\/td>\n<td>142g<\/td>\n<\/tr>\n<\/tbody>\n<\/table>\n<h3>Aromatai sand\u0117lyje:<\/h3>\n<p>Arb\u016bz\u0173 ledai ir bra\u0161k\u0117s Kiviai ir aviet\u0117s Arb\u016bzai ir citrinos<\/p>\n<p>Bra\u0161ki\u0173 arb\u016bzas ir ponas M\u0117lynasis ir vynuogi\u0173 ledas ir vaivoryk\u0161tiniai saldainiai<\/p>\n<p>\"Red Bull Ice\" ledas ir banan\u0173 ledas ir ananas\u0173 kokos\u0173 ledas ir trigubas mang\u0173 ledas<\/p>\n<p>Bra\u0161ki\u0173 avie\u010di\u0173 vy\u0161ni\u0173 ir beproti\u0161k\u0173 vy\u0161ni\u0173 ledas ir m\u0117lynosios vy\u0161nios ledas ir kolos ledas<\/p>\n<p>Bra\u0161ki\u0173 banan\u0173 ir bra\u0161ki\u0173 \"Red Bull\" ir bra\u0161ki\u0173 mango ir ro\u017einis limonadas<\/p>\n<p>M\u0117lyni\u0173 ledas ir juodasis riteris ir bra\u0161ki\u0173 ledas ir bra\u0161ki\u0173 arb\u016bzas<\/p>\n<p>Cherry Cola Ice &amp; Strawberry Cherry Ice &amp; Strawberry Cola Ice &amp; Strawberry Watermelon Bubblegum<\/p>\n<p>\"Juicy Peach Ice\" ir \"Tropical Fruit\" ir \"Fruit Blast\" ir \"Peach Berry<\/p>\n<p>Vynuogi\u0173 ledai ir bra\u0161k\u0117s Kiviai ir bra\u0161k\u0117s Avie\u010di\u0173 vy\u0161nios ir juodasis riteris<\/p>\n<p>Mi\u0161rios uogos ir dvigubas obuolys Ledai ir m\u0117lyni\u0173 aviet\u0117s ir m\u0117lyni\u0173 medus<\/p>\n<p>Bra\u0161ki\u0173 \"Red Bull\" ir bra\u0161ki\u0173 arb\u016bzo \"Bubblegum\" ir \"Red Bull Ice\" ir vy\u0161ni\u0173 kolos \"Ice<\/p>\n<p>M\u0117lyni\u0173 avie\u010di\u0173 ir m\u0117lyni\u0173 limonadas, mi\u0161rios uogos ir vynuogi\u0173 medaus ledai<\/p>","protected":false},"excerpt":{"rendered":"<p>Atraskite WASPE 4in1 Flavor 100000 Puffs vienkartin\u012f vape. 4 perjungiami skoniai, did\u017eiul\u0117 100 000 \u012fpur\u0161kim\u0173 talpa, \u012fkraunamas, kad veikt\u0173 ilgai. Puikiai tinka didmeniniams didmeniniams pirkimams!<\/p>","protected":false},"featured_media":35714,"comment_status":"open","ping_status":"closed","template":"","meta":[],"product_brand":[245],"product_cat":[17,249,230],"product_tag":[],"class_list":{"0":"post-34627","1":"product","2":"type-product","3":"status-publish","4":"has-post-thumbnail","6":"product_brand-waspe","7":"product_cat-waspe","8":"product_cat-100k-puffs-disposable-vape","9":"product_cat-new","11":"first","12":"instock","13":"shipping-taxable","14":"purchasable","15":"product-type-variable","16":"has-default-attributes"},"jetpack_sharing_enabled":true,"tiered_pricing_type":"fixed","tiered_pricing_fixed_rules":{"30":9.6300000000000007815970093361102044582366943359375,"50":7.9000000000000003552713678800500929355621337890625,"100":7.6500000000000003552713678800500929355621337890625,"200":6.9900000000000002131628207280300557613372802734375,"400":6.54000000000000003552713678800500929355621337890625},"tiered_pricing_product_settings":{"layout":"default","base_unit_name":{"singular":null,"plural":null},"default_variation":null},"tiered_pricing_minimum_quantity":10,"tiered_pricing_roles_data":[],"tiered_pricing_percentage_rules":[],"tiered_pricing_maximum_quantity":null,"tiered_pricing_quantity_step":"10","_links":{"self":[{"href":"https:\/\/volovape.com\/lt\/wp-json\/wp\/v2\/product\/34627","targetHints":{"allow":["GET"]}}],"collection":[{"href":"https:\/\/volovape.com\/lt\/wp-json\/wp\/v2\/product"}],"about":[{"href":"https:\/\/volovape.com\/lt\/wp-json\/wp\/v2\/types\/product"}],"replies":[{"embeddable":true,"href":"https:\/\/volovape.com\/lt\/wp-json\/wp\/v2\/comments?post=34627"}],"wp:featuredmedia":[{"embeddable":true,"href":"https:\/\/volovape.com\/lt\/wp-json\/wp\/v2\/media\/35714"}],"wp:attachment":[{"href":"https:\/\/volovape.com\/lt\/wp-json\/wp\/v2\/media?parent=34627"}],"wp:term":[{"taxonomy":"product_brand","embeddable":true,"href":"https:\/\/volovape.com\/lt\/wp-json\/wp\/v2\/product_brand?post=34627"},{"taxonomy":"product_cat","embeddable":true,"href":"https:\/\/volovape.com\/lt\/wp-json\/wp\/v2\/product_cat?post=34627"},{"taxonomy":"product_tag","embeddable":true,"href":"https:\/\/volovape.com\/lt\/wp-json\/wp\/v2\/product_tag?post=34627"}],"curies":[{"name":"wp","href":"https:\/\/api.w.org\/{rel}","templated":true}]}}