{"id":33441,"date":"2025-07-04T02:30:50","date_gmt":"2025-07-04T02:30:50","guid":{"rendered":"https:\/\/volovape.com\/?post_type=product&#038;p=33441"},"modified":"2026-04-14T06:04:21","modified_gmt":"2026-04-14T06:04:21","slug":"bang-blaze-shisha-60k","status":"publish","type":"product","link":"https:\/\/volovape.com\/lt\/product\/bang-blaze-shisha-60k\/","title":{"rendered":"Bang Blaze Shisha 60K | 60000 puffs ilgai trunkantis vienkartinis vape urmu u\u017esakymas"},"content":{"rendered":"<h2>\ud83d\udd25 Patirkite \u0161i\u0161os garinim\u0105 kaip niekada anks\u010diau su Bang Blaze 60K Shisha! \ud83d\udd25<\/h2>\n<p>Pasiruo\u0161kite patobulinti savo vape \u017eaidim\u0105 su <strong>Bang Blaze 60K \u0161i\u0161os<\/strong> - galingas, \u0161i\u0161os \u012fkv\u0117ptas vienkartinis garintuvas, skirtas skonio m\u0117g\u0117jams ir rimtiems debes\u0173 med\u017eiotojams. Su ne\u012ftik\u0117tinai <strong>60 000 i\u0161p\u016btim\u0173 talpa<\/strong> ir didel\u0119 1000 mAh \u012fkraunam\u0105 baterij\u0105, \u0161is prietaisas u\u017etikrina nenutr\u016bkstam\u0105 pasitenkinim\u0105, nesvarbu, ar juo m\u0117gaujat\u0117s vieni, ar kaupiate atsargas savo vape parduotuvei. Kri\u0161tolo skaidrumo korpusas ir LED i\u0161manusis ekranas suteikia modernumo, o 0,6 \u03a9 tinklin\u0117 rit\u0117 u\u017etikrina nuolatinius skland\u017eius ir stiprius sm\u016bgius.<\/p>\n<h3>\ud83d\ude80 Kod\u0117l jums patiks Bang Blaze 60K Shisha<\/h3>\n<ul>\n<li>\ud83d\udca8 Did\u017eiulis 60 000 \u012fkv\u0117pim\u0173, kad gal\u0117tum\u0117te m\u0117gautis ilgesn\u012f laik\u0105<\/li>\n<li>\ud83c\udf53 Skanus \u0161vie\u017eias skonis patenkins kiekvien\u0105 skon\u012f<\/li>\n<li>\u26a1 Greitas C tipo \u012fkrovimas su 1000 mAh baterija<\/li>\n<li>\ud83d\udd0d LED i\u0161manusis ekranas akumuliatoriui ir el. skys\u010diui steb\u0117ti<\/li>\n<li>\ud83d\udc8e Eleganti\u0161kas, kri\u0161tolo skaidrumo korpusas, u\u017etikrinantis auk\u0161\u010diausios kokyb\u0117s i\u0161vaizd\u0105<\/li>\n<li>\ud83c\udf2c\ufe0f Sklandus DTL pie\u0161inys su pa\u017eangia tinklelio spirale<\/li>\n<li>\ud83d\udce6 Didmenin\u0117 pakuot\u0117, tinkama didmeniniam platinimui<\/li>\n<\/ul>\n<h3>Specifikacijos<\/h3>\n<table>\n<tbody>\n<tr>\n<td>Puff talpa<\/td>\n<td>Iki 60 000 i\u0161trauk\u0173<\/td>\n<\/tr>\n<tr>\n<td>E-skys\u010dio talpa<\/td>\n<td>40 ml<\/td>\n<\/tr>\n<tr>\n<td>Akumuliatorius<\/td>\n<td>1000 mAh, C tipo \u012fkraunama<\/td>\n<\/tr>\n<tr>\n<td>Rit\u0117s tipas<\/td>\n<td>0,6\u03a9 tinklelio rit\u0117<\/td>\n<\/tr>\n<tr>\n<td>Nikotino parinktys<\/td>\n<td>0%, 2%, 3%, 5%<\/td>\n<\/tr>\n<tr>\n<td>Ekranas<\/td>\n<td>LED i\u0161manusis ekranas<\/td>\n<\/tr>\n<tr>\n<td>Dizainas<\/td>\n<td>\"Crystal Clear Body<\/td>\n<\/tr>\n<tr>\n<td>Pakuot\u0117<\/td>\n<td>8 vnt.<\/td>\n<\/tr>\n<\/tbody>\n<\/table>\n<h3>Aromatai<\/h3>\n<ul>\n<li>Cool Mint<\/li>\n<li>Dvigubas obuolys<\/li>\n<li>Bra\u0161ki\u0173 kiviai<\/li>\n<li>Arb\u016bzas Bra\u0161ki\u0173 melionas<\/li>\n<li>Mi\u0161rios uogos<\/li>\n<li>Rudasis elis<\/li>\n<li>Vy\u0161ni\u0173 m\u0117tos<\/li>\n<li>Persik\u0173 Mango Arb\u016bzas<\/li>\n<li>M\u0117lynasis Razz<\/li>\n<li>Pasiflor\u0173 vaisiai<\/li>\n<\/ul>\n<p>Jei esate sunkus vaperis, skonio m\u0117g\u0117jas ar vape parduotuv\u0117s savininkas, ie\u0161kantis auk\u0161\u010diausio lygio, dideliais kiekiais naudojamo vienkartinio prietaiso, tai <strong>Bang Blaze 60K \u0161i\u0161os<\/strong> yra geriausias pasirinkimas. Patirkite kito lygio \u0161i\u0161os \u012fkv\u0117pt\u0105 garinim\u0105 - skland\u0173, galing\u0105 ir sukurt\u0105 taip, kad padaryt\u0173 \u012fsp\u016bd\u012f.<\/p>","protected":false},"excerpt":{"rendered":"<p>Su Bang Blaze 60k Shisha gal\u0117site m\u0117gautis iki 60 000 \u012fp\u016btim\u0173. Skland\u016bs sm\u016bgiai, sodrus skonis ir didmeninei prekybai pritaikytas dizainas - tai geriausias vienkartinis svaigal\u0173 aparatas.<\/p>","protected":false},"featured_media":33497,"comment_status":"open","ping_status":"closed","template":"","meta":[],"product_brand":[227],"product_cat":[61,230],"product_tag":[],"class_list":{"0":"post-33441","1":"product","2":"type-product","3":"status-publish","4":"has-post-thumbnail","6":"product_brand-bang","7":"product_cat-bang","8":"product_cat-new","10":"first","11":"instock","12":"shipping-taxable","13":"purchasable","14":"product-type-variable","15":"has-default-attributes"},"jetpack_sharing_enabled":true,"tiered_pricing_type":"fixed","tiered_pricing_fixed_rules":{"30":7.9000000000000003552713678800500929355621337890625,"50":7.160000000000000142108547152020037174224853515625,"100":6.54000000000000003552713678800500929355621337890625,"200":6.29999999999999982236431605997495353221893310546875,"400":5.79999999999999982236431605997495353221893310546875},"tiered_pricing_product_settings":{"layout":"default","base_unit_name":{"singular":null,"plural":null},"default_variation":null},"tiered_pricing_minimum_quantity":10,"tiered_pricing_roles_data":[],"tiered_pricing_percentage_rules":[],"tiered_pricing_maximum_quantity":null,"tiered_pricing_quantity_step":"10","_links":{"self":[{"href":"https:\/\/volovape.com\/lt\/wp-json\/wp\/v2\/product\/33441","targetHints":{"allow":["GET"]}}],"collection":[{"href":"https:\/\/volovape.com\/lt\/wp-json\/wp\/v2\/product"}],"about":[{"href":"https:\/\/volovape.com\/lt\/wp-json\/wp\/v2\/types\/product"}],"replies":[{"embeddable":true,"href":"https:\/\/volovape.com\/lt\/wp-json\/wp\/v2\/comments?post=33441"}],"wp:featuredmedia":[{"embeddable":true,"href":"https:\/\/volovape.com\/lt\/wp-json\/wp\/v2\/media\/33497"}],"wp:attachment":[{"href":"https:\/\/volovape.com\/lt\/wp-json\/wp\/v2\/media?parent=33441"}],"wp:term":[{"taxonomy":"product_brand","embeddable":true,"href":"https:\/\/volovape.com\/lt\/wp-json\/wp\/v2\/product_brand?post=33441"},{"taxonomy":"product_cat","embeddable":true,"href":"https:\/\/volovape.com\/lt\/wp-json\/wp\/v2\/product_cat?post=33441"},{"taxonomy":"product_tag","embeddable":true,"href":"https:\/\/volovape.com\/lt\/wp-json\/wp\/v2\/product_tag?post=33441"}],"curies":[{"name":"wp","href":"https:\/\/api.w.org\/{rel}","templated":true}]}}