{"id":31960,"date":"2025-07-02T03:29:00","date_gmt":"2025-07-02T03:29:00","guid":{"rendered":"https:\/\/volovape.com\/?post_type=product&#038;p=31960"},"modified":"2026-04-08T10:21:31","modified_gmt":"2026-04-08T10:21:31","slug":"bang-karalius-85k","status":"publish","type":"product","link":"https:\/\/volovape.com\/lt\/product\/bang-king-85k\/","title":{"rendered":"Bang King 85K 3-in-1 85000 Puffs | trigubo skonio ilgalaikis vienkartinis vape didmenin\u0117 prekyba"},"content":{"rendered":"<h2>Bang King 85K \"3-in-1\" | trij\u0173 skoni\u0173 vienkartinis vape<\/h2>\n<p><strong>\ud83d\udd25 trigubai daugiau skonio. 85 000 puodeli\u0173. Nulis kompromis\u0173.<\/strong><\/p>\n<p>Susipa\u017einkite su <strong>Bang Karalius 85K<\/strong>, j\u016bs\u0173 geriausias vienkartinis garintuvas \"viskas viename\", sukurtas rimtiems skonio ie\u0161kotojams ir m\u0117g\u0117jams. Su did\u017eiuliu <strong>85 000 puod\u0173 talpa<\/strong> ir ne\u012ftik\u0117tinai <strong>63 ml elektroninio skys\u010dio rezervuaras<\/strong>, kiekvien\u0105 kart\u0105 i\u0161trauk\u0119 gal\u0117site patirti nenutr\u016bkstam\u0105 pasitenkinim\u0105. D\u0117l trigubos tinklin\u0117s rit\u0117s ir reguliuojamos 3 skoni\u0173 sistemos galite keisti vaisi\u0173, sodos ir ledo skonius, kai tik norisi, nekeisdami prietais\u0173.<\/p>\n<ul>\n<li>\u26a1 85 000 \u012fkv\u0117pim\u0173, kad gal\u0117tum\u0117te naudoti itin ilgai<\/li>\n<li>\ud83c\udf08 3-in-1 reguliuojamas skonis suteikia visi\u0161k\u0105 lankstum\u0105<\/li>\n<li>\ud83d\udca7 63 ml elektroninio skys\u010dio talpa (21 ml \u00d7 3 kameros)<\/li>\n<li>\ud83d\udd0b \u012ekraunamas 600 mAh akumuliatorius su greitu C tipo \u012fkrovimu<\/li>\n<li>\ud83d\udcca LED ekranas, kad b\u016bt\u0173 lengva steb\u0117ti maitinim\u0105 ir sul\u010di\u0173 kiek\u012f<\/li>\n<li>\ud83d\udc4c Trij\u0173 aku\u010di\u0173 rit\u0117 - skland\u016bs, vientisi debesys<\/li>\n<li>\ud83d\udce6 Nefasuotos 10 dali\u0173 pakuot\u0117s, puikiai tinkan\u010dios perpardavin\u0117tojams<\/li>\n<\/ul>\n<p>Rinkit\u0117s i\u0161 <strong>16 burnoje tirpstan\u010di\u0173 trigubo skonio derini\u0173<\/strong> kurie patenkins kiekvien\u0105 nor\u0105 - nuo gaivaus arb\u016bzo iki sald\u017eios vanilin\u0117s kolos. Jei norite galingo veikimo, begalinio skonio pasirinkimo ir didel\u0117s vert\u0117s, \"Bang King 85K 3-in-1\" nenuvils. Pasipildykite atsargas \u0161iandien ir leiskite prad\u0117ti skoni\u0173 kait\u0105!<\/p>","protected":false},"excerpt":{"rendered":"<p>Pasiruo\u0161kite trigubai didesnei skonio galiai! Naujasis \"Bang King 85K\" u\u017etikrina 85 000 \u012fkv\u0117pim\u0173, 3 reguliuojamus skonius ir did\u017eiul\u0119 talp\u0105 viename dr\u0105siame, \u012fkraunamame vienkartiniame garintuve.<\/p>","protected":false},"featured_media":32289,"comment_status":"open","ping_status":"closed","template":"","meta":[],"product_brand":[227],"product_cat":[61,230],"product_tag":[],"class_list":{"0":"post-31960","1":"product","2":"type-product","3":"status-publish","4":"has-post-thumbnail","6":"product_brand-bang","7":"product_cat-bang","8":"product_cat-new","10":"first","11":"instock","12":"shipping-taxable","13":"purchasable","14":"product-type-variable","15":"has-default-attributes"},"jetpack_sharing_enabled":true,"tiered_pricing_type":"fixed","tiered_pricing_fixed_rules":[],"tiered_pricing_product_settings":{"layout":"default","base_unit_name":{"singular":null,"plural":null},"default_variation":null},"tiered_pricing_minimum_quantity":1000,"tiered_pricing_roles_data":[],"tiered_pricing_percentage_rules":[],"tiered_pricing_maximum_quantity":null,"tiered_pricing_quantity_step":"10","_links":{"self":[{"href":"https:\/\/volovape.com\/lt\/wp-json\/wp\/v2\/product\/31960","targetHints":{"allow":["GET"]}}],"collection":[{"href":"https:\/\/volovape.com\/lt\/wp-json\/wp\/v2\/product"}],"about":[{"href":"https:\/\/volovape.com\/lt\/wp-json\/wp\/v2\/types\/product"}],"replies":[{"embeddable":true,"href":"https:\/\/volovape.com\/lt\/wp-json\/wp\/v2\/comments?post=31960"}],"wp:featuredmedia":[{"embeddable":true,"href":"https:\/\/volovape.com\/lt\/wp-json\/wp\/v2\/media\/32289"}],"wp:attachment":[{"href":"https:\/\/volovape.com\/lt\/wp-json\/wp\/v2\/media?parent=31960"}],"wp:term":[{"taxonomy":"product_brand","embeddable":true,"href":"https:\/\/volovape.com\/lt\/wp-json\/wp\/v2\/product_brand?post=31960"},{"taxonomy":"product_cat","embeddable":true,"href":"https:\/\/volovape.com\/lt\/wp-json\/wp\/v2\/product_cat?post=31960"},{"taxonomy":"product_tag","embeddable":true,"href":"https:\/\/volovape.com\/lt\/wp-json\/wp\/v2\/product_tag?post=31960"}],"curies":[{"name":"wp","href":"https:\/\/api.w.org\/{rel}","templated":true}]}}