{"id":31959,"date":"2025-07-02T03:28:59","date_gmt":"2025-07-02T03:28:59","guid":{"rendered":"https:\/\/volovape.com\/?post_type=product&#038;p=31959"},"modified":"2025-08-30T09:26:48","modified_gmt":"2025-08-30T09:26:48","slug":"vozol-rave-40000-puffs","status":"publish","type":"product","link":"https:\/\/volovape.com\/lt\/product\/vozol-rave-40000-puffs\/","title":{"rendered":"Vozol Rave 40000 Puffs | dvigubo skonio dvigubo re\u017eimo vienkartin\u0117 vape didmenin\u0117 prekyba"},"content":{"rendered":"<p>\ud83d\udd25 <strong>Vozol \"Rave 40000\" vienkartinis Vape<\/strong> \ud83d\udd25 Patirkite geriausi\u0105 garinimo patirt\u012f su Vozol Rave 40000. M\u0117gaukit\u0117s stulbinan\u010diu <strong>40 000 \u012fkv\u0117pim\u0173<\/strong>, <strong>dvigubos skonio kameros<\/strong>, ir <strong>dviguba tinklin\u0117 rit\u0117<\/strong> technologija, u\u017etikrinanti intensyv\u0173 ir gryn\u0105 skon\u012f. Su <strong>C tipo greitasis \u012fkrovimas<\/strong> (80% per 20 min.) ir akinantis <strong>\u012f muzik\u0105 reaguojantys LED \u017eibintai<\/strong>, j\u016bs\u0173 garinimo patirtis k\u0105 tik patobulinta! Pritaikykite savo sm\u016bg\u012f su <strong>reguliuojamas oro srautas<\/strong> ir <strong>du galios re\u017eimai<\/strong>. Puikiai tinka didmeninei prekybai arba asmeniniam naudojimui. \ud83d\ude80<\/p>\n<h3>\ud83d\udccb Specifikacijos:<\/h3>\n<ul>\n<li><strong>Puff skai\u010dius:<\/strong> Iki 40 000 i\u0161trauk\u0173<\/li>\n<li><strong>rit\u0117:<\/strong> Dviguba tinklelio rit\u0117<\/li>\n<li><strong>\u012ekrovimas:<\/strong> C tipo greitasis \u012fkrovimas (80% per 20 minu\u010di\u0173)<\/li>\n<li><strong>Funkcijos:<\/strong> Dvigubos skonio kameros, su muzika reaguojan\u010dios LED lemput\u0117s, reguliuojamas oro srautas, du maitinimo re\u017eimai<\/li>\n<\/ul>\n<h3>\ud83c\udf53 Skoni\u0173 s\u0105ra\u0161as:<\/h3>\n<p>Atraskite 20 gard\u017ei\u0173 skoni\u0173 derini\u0173! (<em>Pastaba: \u010dia reik\u0117t\u0173 pateikti konkre\u010di\u0173 skoni\u0173 s\u0105ra\u0161\u0105, pvz., \"Strawberry Kiwi\", \"Blue Razz Lemonade\" ir kt.<\/em>) \ud83c\udf47\ud83c\udf4d\ud83e\udd6d<\/p>","protected":false},"excerpt":{"rendered":"<p>\u012e\u017eiebkite savo patirt\u012f su <strong>Vozol Rave 40000<\/strong> - tai kompakti\u0161kas galingas \u012frenginys, skirtas tiek rimtiems skonio ie\u0161kotojams, tiek didmenin\u0117s prekybos profesionalams.<\/p>","protected":false},"featured_media":32269,"comment_status":"open","ping_status":"closed","template":"","meta":[],"product_brand":[241],"product_cat":[230,228],"product_tag":[],"class_list":{"0":"post-31959","1":"product","2":"type-product","3":"status-publish","4":"has-post-thumbnail","6":"product_brand-vozol","7":"product_cat-new","8":"product_cat-vozol","10":"first","11":"instock","12":"shipping-taxable","13":"purchasable","14":"product-type-variable","15":"has-default-attributes"},"jetpack_sharing_enabled":true,"tiered_pricing_type":"fixed","tiered_pricing_fixed_rules":{"2000":7.0999999999999996447286321199499070644378662109375},"tiered_pricing_product_settings":{"layout":"default","base_unit_name":{"singular":null,"plural":null},"default_variation":null},"tiered_pricing_minimum_quantity":1000,"tiered_pricing_roles_data":[],"tiered_pricing_percentage_rules":[],"tiered_pricing_maximum_quantity":null,"tiered_pricing_quantity_step":"10","_links":{"self":[{"href":"https:\/\/volovape.com\/lt\/wp-json\/wp\/v2\/product\/31959","targetHints":{"allow":["GET"]}}],"collection":[{"href":"https:\/\/volovape.com\/lt\/wp-json\/wp\/v2\/product"}],"about":[{"href":"https:\/\/volovape.com\/lt\/wp-json\/wp\/v2\/types\/product"}],"replies":[{"embeddable":true,"href":"https:\/\/volovape.com\/lt\/wp-json\/wp\/v2\/comments?post=31959"}],"wp:featuredmedia":[{"embeddable":true,"href":"https:\/\/volovape.com\/lt\/wp-json\/wp\/v2\/media\/32269"}],"wp:attachment":[{"href":"https:\/\/volovape.com\/lt\/wp-json\/wp\/v2\/media?parent=31959"}],"wp:term":[{"taxonomy":"product_brand","embeddable":true,"href":"https:\/\/volovape.com\/lt\/wp-json\/wp\/v2\/product_brand?post=31959"},{"taxonomy":"product_cat","embeddable":true,"href":"https:\/\/volovape.com\/lt\/wp-json\/wp\/v2\/product_cat?post=31959"},{"taxonomy":"product_tag","embeddable":true,"href":"https:\/\/volovape.com\/lt\/wp-json\/wp\/v2\/product_tag?post=31959"}],"curies":[{"name":"wp","href":"https:\/\/api.w.org\/{rel}","templated":true}]}}