{"id":31958,"date":"2025-07-02T03:28:59","date_gmt":"2025-07-02T03:28:59","guid":{"rendered":"https:\/\/volovape.com\/?post_type=product&#038;p=31958"},"modified":"2025-11-19T01:47:08","modified_gmt":"2025-11-19T01:47:08","slug":"mrvi-dvyniai-32k","status":"publish","type":"product","link":"https:\/\/volovape.com\/lt\/product\/mrvi-twins-32k\/","title":{"rendered":"MRVI Twins 32K 2-in-1 32000 Puffs | dvigubo skonio vienkartiniai svaigalai Didmenin\u0117 prekyba"},"content":{"rendered":"<h2>MRVI Twins 32K | Dvigubo skonio 32000 puff vienkartini\u0173 svaigal\u0173<\/h2>\n<p><strong>Padvigubinkite skon\u012f. Dvigubai daugiau d\u017eiaugsmo.<\/strong><\/p>\n<p>Svetain\u0117 <strong>MRVI Dvyniai 32K<\/strong> sukurtas tikriems vapinimo entuziastams, kurie trok\u0161ta \u012fvairov\u0117s ir did\u017eiulio kiekio d\u016bm\u0173. Su protu nesuvokiamu <strong>32 000 \u012fpur\u0161kim\u0173<\/strong> ir dviem skonio kameromis, tod\u0117l bet kada galite keisti skon\u012f nekeisdami prietais\u0173. M\u0117gaukit\u0117s skland\u017eia ir sodria patirtimi d\u0117l dvigubos tinklelio rit\u0117s ir gausaus <strong>40 ml elektroninio skys\u010dio talpa<\/strong> kuris neleis jums sustoti i\u0161tisas savaites.<\/p>\n<ul>\n<li>\ud83d\udd39 Dviej\u0173 skoni\u0173 sistema - begal\u0117 skoni\u0173 derini\u0173<\/li>\n<li>\ud83d\udd39 Didel\u0117 32 000 puodeli\u0173 talpa sunkiems naudotojams<\/li>\n<li>\ud83d\udd39 Kri\u0161tolo skaidrumo korpusas su i\u0161maniuoju ekranu - stilingas prana\u0161umas<\/li>\n<li>\ud83d\udd39 C tipo greitasis \u012fkrovimas - lengvas ir patikimas maitinimas<\/li>\n<li>\ud83d\udd39 2% arba 5% nikotino variantai, atitinkantys j\u016bs\u0173 stili\u0173<\/li>\n<\/ul>\n<p>Nesvarbu, ar kaupiate atsargas savo sesijoms, ar pildote lentynas, MRVI Twins 32K u\u017etikrina neprilygstam\u0105 skon\u012f, na\u0161um\u0105 ir didmenin\u0119 vert\u0119 - visa tai vienoje eleganti\u0161koje, galingoje pakuot\u0117je.<\/p>\n<h3>Skonio deriniai<\/h3>\n<table border=\"1\" cellspacing=\"0\" cellpadding=\"6\">\n<thead>\n<tr>\n<th>A kamera<\/th>\n<th>B kamera<\/th>\n<\/tr>\n<\/thead>\n<tbody>\n<tr>\n<td>Banan\u0173 ledai<\/td>\n<td>Bra\u0161ki\u0173 kiviai<\/td>\n<\/tr>\n<tr>\n<td>Mango Slushie<\/td>\n<td>Apelsin\u0173 kremas<\/td>\n<\/tr>\n<tr>\n<td>Persik\u0173 ledas<\/td>\n<td>\"Red Bull<\/td>\n<\/tr>\n<tr>\n<td>M\u0117lyni\u0173 ledas<\/td>\n<td>Raudon\u0173j\u0173 obuoli\u0173 ledas<\/td>\n<\/tr>\n<tr>\n<td>\"Lush Ice<\/td>\n<td>Mi\u0161rios uogos<\/td>\n<\/tr>\n<tr>\n<td>Bra\u0161ki\u0173 ledai<\/td>\n<td>Vaivoryk\u0161t\u0117s la\u0161as<\/td>\n<\/tr>\n<tr>\n<td>Fizzy Cherry<\/td>\n<td>M\u0117lynasis \"Razz Ice<\/td>\n<\/tr>\n<tr>\n<td>Bra\u0161ki\u0173 arb\u016bzas<\/td>\n<td>Spanguoli\u0173 vynuog\u0117s<\/td>\n<\/tr>\n<tr>\n<td>Trigubas melionas<\/td>\n<td>Ice Pop<\/td>\n<\/tr>\n<tr>\n<td>Ananas\u0173 ledas<\/td>\n<td>Vynuogi\u0173 ledas<\/td>\n<\/tr>\n<\/tbody>\n<\/table>\n<p><strong>Ar esate pasireng\u0119 \u012fveikti skonio nuobodul\u012f? Susipa\u017einkite su \"MRVI Twins 32K\" - puikiu dviej\u0173 skoni\u0173 garintuvu, u\u017etikrinan\u010diu nenumaldom\u0105 pasitenkinim\u0105.<\/strong><\/p>\n<h3><img data-recalc-dims=\"1\" decoding=\"async\" style=\"color: #555555; font-size: 14.4px;\" src=\"https:\/\/i0.wp.com\/www.mrvivape-store.com\/wp-content\/uploads\/2025\/03\/%E6%B5%B7%E6%8A%A5_M-1-scaled.jpg?ssl=1\" alt=\"MRVI TWINS 32000 Puffs Dvigubas aliejaus lygio rodiklis ir dvigubas skonis - 10 vnt.\" title=\"\"><\/h3>","protected":false},"excerpt":{"rendered":"<p>\u012esigykite MRVI Twins 32000 vienkartin\u012f garintuv\u0105 su 32 000 \u012fpur\u0161kim\u0173, dviguba tinklelio spirale, dvigubu skoniu ir C tipo \u012fkrovimu - did\u017eiausi\u0105 didmenin\u0117s prekybos ir skonio m\u0117g\u0117j\u0173 favorit\u0105.<\/p>","protected":false},"featured_media":32255,"comment_status":"open","ping_status":"closed","template":"","meta":[],"product_brand":[240],"product_cat":[55,230],"product_tag":[],"class_list":{"0":"post-31958","1":"product","2":"type-product","3":"status-publish","4":"has-post-thumbnail","6":"product_brand-mrvi","7":"product_cat-mrvi","8":"product_cat-new","10":"first","11":"instock","12":"shipping-taxable","13":"purchasable","14":"product-type-variable","15":"has-default-attributes"},"jetpack_sharing_enabled":true,"tiered_pricing_type":"fixed","tiered_pricing_fixed_rules":{"100":6.230000000000000426325641456060111522674560546875,"200":5.86000000000000031974423109204508364200592041015625,"400":5.42999999999999971578290569595992565155029296875},"tiered_pricing_product_settings":{"layout":"default","base_unit_name":{"singular":null,"plural":null},"default_variation":null},"tiered_pricing_minimum_quantity":50,"tiered_pricing_roles_data":[],"tiered_pricing_percentage_rules":[],"tiered_pricing_maximum_quantity":null,"tiered_pricing_quantity_step":"10","_links":{"self":[{"href":"https:\/\/volovape.com\/lt\/wp-json\/wp\/v2\/product\/31958","targetHints":{"allow":["GET"]}}],"collection":[{"href":"https:\/\/volovape.com\/lt\/wp-json\/wp\/v2\/product"}],"about":[{"href":"https:\/\/volovape.com\/lt\/wp-json\/wp\/v2\/types\/product"}],"replies":[{"embeddable":true,"href":"https:\/\/volovape.com\/lt\/wp-json\/wp\/v2\/comments?post=31958"}],"wp:featuredmedia":[{"embeddable":true,"href":"https:\/\/volovape.com\/lt\/wp-json\/wp\/v2\/media\/32255"}],"wp:attachment":[{"href":"https:\/\/volovape.com\/lt\/wp-json\/wp\/v2\/media?parent=31958"}],"wp:term":[{"taxonomy":"product_brand","embeddable":true,"href":"https:\/\/volovape.com\/lt\/wp-json\/wp\/v2\/product_brand?post=31958"},{"taxonomy":"product_cat","embeddable":true,"href":"https:\/\/volovape.com\/lt\/wp-json\/wp\/v2\/product_cat?post=31958"},{"taxonomy":"product_tag","embeddable":true,"href":"https:\/\/volovape.com\/lt\/wp-json\/wp\/v2\/product_tag?post=31958"}],"curies":[{"name":"wp","href":"https:\/\/api.w.org\/{rel}","templated":true}]}}