{"id":31951,"date":"2025-07-02T03:28:57","date_gmt":"2025-07-02T03:28:57","guid":{"rendered":"https:\/\/volovape.com\/?post_type=product&#038;p=31951"},"modified":"2026-04-14T06:11:16","modified_gmt":"2026-04-14T06:11:16","slug":"bang-blaze-shisha-40000-puffs-40ml-0-6%cf%89-tinklelio-rite-4-nikotino-lygiai-biriu-vienkartiniu-vape","status":"publish","type":"product","link":"https:\/\/volovape.com\/lt\/product\/bang-blaze-shisha-40000-puffs-40ml-0-6%cf%89-mesh-coil-4-nicotine-levels-bulk-disposable-vape\/","title":{"rendered":"Bang Blaze Shisha 40000 Puffs | Shisha stiliaus didmenin\u0117 prekyba vienkartiniais vape"},"content":{"rendered":"<h2>Bang Blaze Shisha 40000 Puffs Vienkartiniai Vape | Didmenin\u0117 prekyba<\/h2>\n<p>Patirkite did\u017eiausi\u0105 garinimo patogum\u0105 su <strong>Bang Blaze Shisha 40000 p\u016bkeli\u0173<\/strong> vienkartinis vape! \ud83d\udd25 Sukurtas ilgalaikiam pasitenkinimui, \u0161is \u0161i\u0161os stiliaus garintuvas u\u017etikrina ne\u012ftik\u0117tin\u0105 40 000 \u012fp\u016btim\u0173 kiek\u012f, tod\u0117l puikiai tinka entuziastams ir pirk\u0117jams, perkantiems dideliais kiekiais. D\u0117l pa\u017eangios 0,6 \u03a9 tinklelio rit\u0117s m\u0117gaukit\u0117s nuolat skland\u017eiais, sodriais ir autenti\u0161kais skoniais. Pritaikykite savo patirt\u012f naudodami keturis nikotino lygius (0%, 2%, 3%, 5%) ir greitai \u012fkraukite per C tipo jungt\u012f naudodami galing\u0105 1000 mAh baterij\u0105. Idealiai tinka didmeninei prekybai, nes kiekviena 10 vnt. pakuot\u0117 si\u016blo neprilygstam\u0105 vert\u0119! \ud83d\udca8<\/p>\n<h2>Pagrindin\u0117s savyb\u0117s ir specifikacijos:<\/h2>\n<ul>\n<li>\u2705 <strong>Neprilygstamas puok\u0161\u010di\u0173 skai\u010dius:<\/strong> Iki 40 000 \u012fkv\u0117pim\u0173 i\u0161 vieno prietaiso, kad gal\u0117tum\u0117te m\u0117gautis ilgiau.<\/li>\n<li>\u2705 <strong>Did\u017eiul\u0117 elektroninio skys\u010dio talpa:<\/strong> I\u0161 anksto pripildyta 40 ml auk\u0161\u010diausios kokyb\u0117s elektroninio skys\u010dio, tod\u0117l reikia kuo ma\u017eiau papildym\u0173.<\/li>\n<li>\u2705 <strong>Optimizuotas skonis ir garai:<\/strong> Turi 0,6 \u03a9 tinklelio rit\u0119, u\u017etikrinan\u010di\u0105 nuolat skland\u017eius ir aromatingus d\u016b\u017eius.<\/li>\n<li>\u2705 <strong>Ilgalaikis ir \u012fkraunamas:<\/strong> \u012erengta 1000 mAh \u012fkraunama baterija ir greitas C tipo \u012fkrovimas.<\/li>\n<li>\u2705 <strong>Pritaikomas nikotinas:<\/strong> Galima \u012fsigyti 0%, 2%, 3% ir 5% nikotino stiprumo.<\/li>\n<li>\u2705 <strong>Didmenin\u0117 prekyba paruo\u0161ta:<\/strong> Galima \u012fsigyti patogias 10 pakuo\u010di\u0173 pakuotes, kad b\u016bt\u0173 galima pirkti dideliais kiekiais.<\/li>\n<\/ul>\n<h2>\ud83c\udf08 Nepakartojam\u0173 skoni\u0173 asortimentas:<\/h2>\n<p>Arb\u016bzas, arb\u016bzas su bra\u0161k\u0117mis, \"Pina Colada\", bra\u0161ki\u0173 ledai, \"Red Bull\", persik\u0173 ledai, m\u0117lyni\u0173 ledai, m\u0117lyni\u0173 aviet\u0117s, vy\u0161ni\u0173 \u017eied\u0173 vynuog\u0117s, dvigubi obuoliai, mi\u0161r\u016bs vaisiai, mang\u0173 persikai.<\/p>\n<p>Ar esate pasiruo\u0161\u0119 patobulinti savo garinimo kelion\u0119? . <strong>Bang Blaze Shisha 40K<\/strong> pasi\u017eymi neprilygstamu skoniu, galia ir na\u0161umu. Pasiimkite savo \u0161iandien ir pajuskite skirtum\u0105! \u2728<\/p>","protected":false},"excerpt":{"rendered":"<p>\ud83d\ude80 Susipa\u017einkite su <strong>Bang Blaze Shisha 40K,<\/strong>\u00a0j\u016bs\u0173 naujasis pasirinkimas, jei norite begalinio skonio ir nesustabdom\u0173 debes\u0173. 40 ml el. skys\u010dio, 1000 mAh baterija ir 12 nenugalim\u0173 skoni\u0173.<\/p>","protected":false},"featured_media":32173,"comment_status":"open","ping_status":"closed","template":"","meta":[],"product_brand":[227],"product_cat":[74,61,230],"product_tag":[],"class_list":{"0":"post-31951","1":"product","2":"type-product","3":"status-publish","4":"has-post-thumbnail","6":"product_brand-bang","7":"product_cat-40000-puffs-disposable-vape","8":"product_cat-bang","9":"product_cat-new","11":"first","12":"instock","13":"shipping-taxable","14":"purchasable","15":"product-type-variable","16":"has-default-attributes"},"jetpack_sharing_enabled":true,"tiered_pricing_type":"fixed","tiered_pricing_fixed_rules":{"30":6.480000000000000426325641456060111522674560546875,"50":6.1699999999999999289457264239899814128875732421875,"100":5.42999999999999971578290569595992565155029296875,"200":5.05999999999999960920149533194489777088165283203125,"400":4.5099999999999997868371792719699442386627197265625},"tiered_pricing_product_settings":{"layout":"default","base_unit_name":{"singular":null,"plural":null},"default_variation":null},"tiered_pricing_minimum_quantity":10,"tiered_pricing_roles_data":[],"tiered_pricing_percentage_rules":[],"tiered_pricing_maximum_quantity":null,"tiered_pricing_quantity_step":"10","_links":{"self":[{"href":"https:\/\/volovape.com\/lt\/wp-json\/wp\/v2\/product\/31951","targetHints":{"allow":["GET"]}}],"collection":[{"href":"https:\/\/volovape.com\/lt\/wp-json\/wp\/v2\/product"}],"about":[{"href":"https:\/\/volovape.com\/lt\/wp-json\/wp\/v2\/types\/product"}],"replies":[{"embeddable":true,"href":"https:\/\/volovape.com\/lt\/wp-json\/wp\/v2\/comments?post=31951"}],"wp:featuredmedia":[{"embeddable":true,"href":"https:\/\/volovape.com\/lt\/wp-json\/wp\/v2\/media\/32173"}],"wp:attachment":[{"href":"https:\/\/volovape.com\/lt\/wp-json\/wp\/v2\/media?parent=31951"}],"wp:term":[{"taxonomy":"product_brand","embeddable":true,"href":"https:\/\/volovape.com\/lt\/wp-json\/wp\/v2\/product_brand?post=31951"},{"taxonomy":"product_cat","embeddable":true,"href":"https:\/\/volovape.com\/lt\/wp-json\/wp\/v2\/product_cat?post=31951"},{"taxonomy":"product_tag","embeddable":true,"href":"https:\/\/volovape.com\/lt\/wp-json\/wp\/v2\/product_tag?post=31951"}],"curies":[{"name":"wp","href":"https:\/\/api.w.org\/{rel}","templated":true}]}}