{"id":31949,"date":"2025-07-02T03:28:56","date_gmt":"2025-07-02T03:28:56","guid":{"rendered":"https:\/\/volovape.com\/?post_type=product&#038;p=31949"},"modified":"2026-04-14T06:17:18","modified_gmt":"2026-04-14T06:17:18","slug":"vopk-trigubas-60-tukst-60000-pufu","status":"publish","type":"product","link":"https:\/\/volovape.com\/lt\/product\/vopk-triple-60k-60000-puffs\/","title":{"rendered":"Vopk Triple 60K | 3-in-1 trigubo skonio 60000 puff\u0173 biri\u0173 vienkartini\u0173 vape"},"content":{"rendered":"<p>\ud83d\udd25 <b>\"Vopk Triple 60000 Puffs\" vienkartinis Vape<\/b>: Patirkite did\u017eiausi\u0105 garinimo patogum\u0105 ir skon\u012f! \u0160is naujovi\u0161kas 3-in-1 vienkartinis garintuvas si\u016blo stulbinant\u012f 60 000 \u012fpur\u0161kim\u0173 kiek\u012f, 54 ml el. skys\u010dio ir trigubo tinklelio spirales nepakartojamai garinimo kelionei. B\u016bkite informuoti i\u0161maniuoju LED ekranu ir greitai \u012fkraukite energij\u0105 naudodami C tipo greit\u0105j\u012f \u012fkrovim\u0105. Pritaikykite savo sm\u016bg\u012f naudodami 2% arba 5% nikotino parinktis. Puikiai tinkantis bet kokiai progai, \"Vopk Triple 60K\" u\u017etikrina did\u017eiulius debesis, sodr\u0173 skon\u012f ir neprilygstam\u0105 veikim\u0105. \ud83d\ude80<\/p>\n<h3>\u2728 Pagrindin\u0117s savyb\u0117s:<\/h3>\n<ul>\n<li><b>Puff skai\u010dius:<\/b> Iki 60 000 i\u0161trauk\u0173<\/li>\n<li><b>E-skys\u010dio talpa:<\/b> 54 ml i\u0161 anksto pripildytas<\/li>\n<li><b>Rit\u0117s tipas:<\/b> Trigubos tinklelio rit\u0117s<\/li>\n<li><b>Baterija:<\/b> 650 mAh \u012fkraunamas<\/li>\n<li><b>\u012ekrovimas:<\/b> C tipo greitasis \u012fkrovimas<\/li>\n<li><b>Nikotino parinktys:<\/b> 2% (20mg) \/ 5% (50mg) Druskos nikotinas<\/li>\n<li><b>Ekranas:<\/b> I\u0161manusis LED ekranas (baterijos ir elektroninio skys\u010dio indikatoriai)<\/li>\n<li><b>Skonio sistema:<\/b> \"3-in-1\" skonio rotacija<\/li>\n<\/ul>\n<h3>\ud83c\udf53\ud83d\udca8 Skonio deriniai:<\/h3>\n<ul>\n<li>Arb\u016bz\u0173 ledai - trigubi melion\u0173 ledai - bra\u0161ki\u0173 ledai<\/li>\n<li>Bra\u0161ki\u0173 banan\u0173 - avie\u010di\u0173 arb\u016bz\u0173 - ananas\u0173 kokos\u0173<\/li>\n<li>Persik\u0173 uogos - Blue Razz Ice - Arb\u016bzas Persikas Mango<\/li>\n<li>R\u016bg\u0161tus mango ananasas - \"Red Bull\" bra\u0161k\u0117 - juod\u0173j\u0173 serbent\u0173 ledas<\/li>\n<li>Kiviai aistros vaisiai - bra\u0161ki\u0173 vy\u0161nios - Love 66<\/li>\n<li>Dvigubas obuoli\u0173 ledas - Atogr\u0105\u017e\u0173 vaisiai - Bra\u0161ki\u0173 arb\u016bzas Bubblegum<\/li>\n<li>Vynuogi\u0173 ledas - bra\u0161ki\u0173 kiviai - arb\u016bz\u0173 \"Red Bull<\/li>\n<li>Bra\u0161ki\u0173 arb\u016bzas - M\u0117lyni\u0173 avie\u010di\u0173 - Citrin\u0173 kalk\u0117s<\/li>\n<li>Bananiniai ananasai - \"Red Bull Ice\" - Bra\u0161ki\u0173 mangai<\/li>\n<li>guminukas - bra\u0161ki\u0173 vanilin\u0117 kola - m\u0117lyni\u0173 cukraus vata<\/li>\n<\/ul>","protected":false},"excerpt":{"rendered":"<p>\ud83d\udd25 <strong>Trys skoniai, begalinis pasitenkinimas.<\/strong> \"Vopk Triple 60K\" skirtas tiems, kurie trok\u0161ta nenutr\u016bkstamos \u012fvairov\u0117s ir didelio na\u0161umo.<\/p>","protected":false},"featured_media":32148,"comment_status":"open","ping_status":"closed","template":"","meta":[],"product_brand":[236],"product_cat":[39,231,21,43,20,230,65],"product_tag":[],"class_list":{"0":"post-31949","1":"product","2":"type-product","3":"status-publish","4":"has-post-thumbnail","6":"product_brand-vopk","7":"product_cat-digital-box-vapes","8":"product_cat-60000-puffs-disposable-vape","9":"product_cat-big-puffs-vapes","10":"product_cat-crystal-vapes","11":"product_cat-disposable-vape-types","12":"product_cat-new","13":"product_cat-vopk","15":"first","16":"instock","17":"featured","18":"shipping-taxable","19":"purchasable","20":"product-type-variable","21":"has-default-attributes"},"jetpack_sharing_enabled":true,"tiered_pricing_type":"fixed","tiered_pricing_fixed_rules":{"30":7.839999999999999857891452847979962825775146484375,"50":7.6500000000000003552713678800500929355621337890625,"100":6.910000000000000142108547152020037174224853515625,"200":6.54000000000000003552713678800500929355621337890625,"400":5.9900000000000002131628207280300557613372802734375},"tiered_pricing_product_settings":{"layout":"default","base_unit_name":{"singular":null,"plural":null},"default_variation":null},"tiered_pricing_minimum_quantity":10,"tiered_pricing_roles_data":[],"tiered_pricing_percentage_rules":[],"tiered_pricing_maximum_quantity":null,"tiered_pricing_quantity_step":"10","_links":{"self":[{"href":"https:\/\/volovape.com\/lt\/wp-json\/wp\/v2\/product\/31949","targetHints":{"allow":["GET"]}}],"collection":[{"href":"https:\/\/volovape.com\/lt\/wp-json\/wp\/v2\/product"}],"about":[{"href":"https:\/\/volovape.com\/lt\/wp-json\/wp\/v2\/types\/product"}],"replies":[{"embeddable":true,"href":"https:\/\/volovape.com\/lt\/wp-json\/wp\/v2\/comments?post=31949"}],"wp:featuredmedia":[{"embeddable":true,"href":"https:\/\/volovape.com\/lt\/wp-json\/wp\/v2\/media\/32148"}],"wp:attachment":[{"href":"https:\/\/volovape.com\/lt\/wp-json\/wp\/v2\/media?parent=31949"}],"wp:term":[{"taxonomy":"product_brand","embeddable":true,"href":"https:\/\/volovape.com\/lt\/wp-json\/wp\/v2\/product_brand?post=31949"},{"taxonomy":"product_cat","embeddable":true,"href":"https:\/\/volovape.com\/lt\/wp-json\/wp\/v2\/product_cat?post=31949"},{"taxonomy":"product_tag","embeddable":true,"href":"https:\/\/volovape.com\/lt\/wp-json\/wp\/v2\/product_tag?post=31949"}],"curies":[{"name":"wp","href":"https:\/\/api.w.org\/{rel}","templated":true}]}}