{"id":31948,"date":"2025-07-02T03:28:56","date_gmt":"2025-07-02T03:28:56","guid":{"rendered":"https:\/\/volovape.com\/?post_type=product&#038;p=31948"},"modified":"2025-07-28T04:26:25","modified_gmt":"2025-07-28T04:26:25","slug":"vapsolo-trigubas-30000-puffs","status":"publish","type":"product","link":"https:\/\/volovape.com\/lt\/product\/vapsolo-triple-30000-puffs\/","title":{"rendered":"Vapsolo Triple 30K Puffs | 3-in-1 skonio LCD masinis vienkartinis vape"},"content":{"rendered":"<h2>\ud83d\udd25 VapSolo Triple 30K: 3 skoniai, 30 000 \u012fpur\u0161kim\u0173 - neprilygstama garinimo laisv\u0117!<\/h2>\n<p>Atsisveikinkite su nuoboduliu ir pagal poreik\u012f keiskite skon\u012f, kad su kiekvienu u\u017egurk\u0161nojimu patirtum\u0117te nauj\u0173 \u012fsp\u016bd\u017ei\u0173. Puikiai tinka m\u0117gstantiems skon\u012f, intensyviai r\u016bkantiems ar vape parduotuvi\u0173 savininkams!<\/p>\n<p>Intuityviai valdoma <strong>i\u0161manusis LCD ekranas<\/strong>, kuriame i\u0161 pirmo \u017evilgsnio rodomas akumuliatoriaus veikimo laikas, d\u016bm\u0173 skai\u010dius ir pasirinktas skonis. Maitinamas tvirta <strong>650 mAh \u012fkraunama baterija<\/strong> su <strong>C tipo greitasis \u012fkrovimas<\/strong>, \"VapSolo Triple 30K\" u\u017etikrina nuosekl\u0173 ir sodr\u0173 garavim\u0105. Pa\u017eangus <strong>trigubo tinklelio rit\u0117s sistema<\/strong> u\u017etikrina maksimal\u0173 skonio intensyvum\u0105 ir \u0161velnius debes\u0117lius kiekvien\u0105 kart\u0105. \ud83c\udf2c\ufe0f<\/p>\n<h3>\ud83d\udccb Specifikacijos:<\/h3>\n<ul>\n<li><strong>Puff skai\u010dius:<\/strong> Iki 30 000 \u012fkv\u0117pim\u0173<\/li>\n<li><strong>E-skys\u010dio talpa:<\/strong> 45 ml (15 ml x 3 kameros)<\/li>\n<li><strong>Baterija:<\/strong> 650 mAh \u012fkraunamas<\/li>\n<li><strong>\u012ekrovimas:<\/strong> C tipo greitasis \u012fkrovimas<\/li>\n<li><strong>Rit\u0117s sistema:<\/strong> Trigubos tinklelio rit\u0117s<\/li>\n<li><strong>Ekranas:<\/strong> I\u0161manusis skyst\u0173j\u0173 kristal\u0173 ekranas (akumuliatorius, kvepal\u0173 skai\u010dius, skonis)<\/li>\n<li><strong>Dizainas:<\/strong> Lengvas ir patogus keliauti<\/li>\n<li><strong>Funkcijos:<\/strong> \"3-in-1\" skonio rotacija<\/li>\n<\/ul>\n<h3>\ud83c\udf53 Skoni\u0173 deriniai:<\/h3>\n<ul>\n<li>Arb\u016bz\u0173 ledas \/ Bra\u0161ki\u0173 kiviai \/ Citrin\u0173 m\u0117tos<\/li>\n<li>\"Blue Razz Ice\" \/ Mango persik\u0173 \/ vynuogi\u0173 ledas<\/li>\n<li>Cola Ice \/ Vy\u0161ni\u0173 granatai \/ R\u016bg\u0161tus obuolys<\/li>\n<li>Bra\u0161ki\u0173 banan\u0173 \/ avie\u010di\u0173 arb\u016bz\u0173 \/ ananas\u0173 kokos\u0173<\/li>\n<li>Atogr\u0105\u017e\u0173 pun\u0161as \/ bra\u0161ki\u0173 ledai \/ \u017ealiasis obuolys<\/li>\n<li>M\u0117lyni\u0173 m\u0117tos \/ Meil\u0117 66 \/ Dvigubas obuolys<\/li>\n<li>Kiviai aistra Vaisiai Gvajava \/ Bra\u0161k\u0117s Vy\u0161nia \/ Lush Ice<\/li>\n<li>Juod\u0173j\u0173 serbent\u0173 ledas \/ li\u010di\u0173 arb\u016bzas \/ mi\u0161r\u016bs vaisiai<\/li>\n<li>\"Red Bull\" \/ bra\u0161ki\u0173 vynuogi\u0173 \/ m\u0117lyni\u0173 avie\u010di\u0173<\/li>\n<li>Energinis g\u0117rimas \/ Persik\u0173 ledas \/ Cool Mint<\/li>\n<\/ul>","protected":false},"excerpt":{"rendered":"<p>Su \"VapSolo Triple 30K\" vienkartiniu garintuvu \"VapSolo Triple 30K\" i\u0161laisvinsite skonio sprogim\u0105! \ud83d\ude80 Patirkite ne\u012ftik\u0117tin\u0105 30 000 i\u0161traukim\u0173 trukm\u0119 ir revoliucin\u0119 3-in-1 skonio rotacij\u0105.<\/p>","protected":false},"featured_media":32127,"comment_status":"open","ping_status":"closed","template":"","meta":[],"product_brand":[235],"product_cat":[63,230,72],"product_tag":[],"class_list":{"0":"post-31948","1":"product","2":"type-product","3":"status-publish","4":"has-post-thumbnail","6":"product_brand-vapsolo","7":"product_cat-30000-puffs-disposable-vape","8":"product_cat-new","9":"product_cat-vapsolo","11":"first","12":"instock","13":"shipping-taxable","14":"purchasable","15":"product-type-variable","16":"has-default-attributes"},"jetpack_sharing_enabled":true,"tiered_pricing_type":"fixed","tiered_pricing_fixed_rules":{"2000":7.6500000000000003552713678800500929355621337890625},"tiered_pricing_product_settings":{"layout":"default","base_unit_name":{"singular":null,"plural":null},"default_variation":null},"tiered_pricing_minimum_quantity":1000,"tiered_pricing_roles_data":[],"tiered_pricing_percentage_rules":[],"tiered_pricing_maximum_quantity":null,"tiered_pricing_quantity_step":"10","_links":{"self":[{"href":"https:\/\/volovape.com\/lt\/wp-json\/wp\/v2\/product\/31948","targetHints":{"allow":["GET"]}}],"collection":[{"href":"https:\/\/volovape.com\/lt\/wp-json\/wp\/v2\/product"}],"about":[{"href":"https:\/\/volovape.com\/lt\/wp-json\/wp\/v2\/types\/product"}],"replies":[{"embeddable":true,"href":"https:\/\/volovape.com\/lt\/wp-json\/wp\/v2\/comments?post=31948"}],"wp:featuredmedia":[{"embeddable":true,"href":"https:\/\/volovape.com\/lt\/wp-json\/wp\/v2\/media\/32127"}],"wp:attachment":[{"href":"https:\/\/volovape.com\/lt\/wp-json\/wp\/v2\/media?parent=31948"}],"wp:term":[{"taxonomy":"product_brand","embeddable":true,"href":"https:\/\/volovape.com\/lt\/wp-json\/wp\/v2\/product_brand?post=31948"},{"taxonomy":"product_cat","embeddable":true,"href":"https:\/\/volovape.com\/lt\/wp-json\/wp\/v2\/product_cat?post=31948"},{"taxonomy":"product_tag","embeddable":true,"href":"https:\/\/volovape.com\/lt\/wp-json\/wp\/v2\/product_tag?post=31948"}],"curies":[{"name":"wp","href":"https:\/\/api.w.org\/{rel}","templated":true}]}}