{"id":31947,"date":"2025-07-02T03:28:56","date_gmt":"2025-07-02T03:28:56","guid":{"rendered":"https:\/\/volovape.com\/?post_type=product&#038;p=31947"},"modified":"2025-11-11T04:39:23","modified_gmt":"2025-11-11T04:39:23","slug":"vapme-digital-30000-puffs","status":"publish","type":"product","link":"https:\/\/volovape.com\/lt\/product\/vapme-digital-30000-puffs\/","title":{"rendered":"Vapme Digital 30000 Puffs | 12 skoni\u0173 tinklelio rit\u0117"},"content":{"rendered":"<h2>\u2728 Vapme Digital 30000: geriausias vienkartinis Vape! \ud83d\ude80<\/h2>\n<p>I\u0161bandykite garinim\u0105 kaip niekada anks\u010diau su <strong>\"Vapme Digital 30000<\/strong>. \u0160is prietaisas puikiai tinka intensyviems vaperiams ir pirk\u0117jams, nes u\u017etikrina neprilygstam\u0105 <strong>30 000 \u012fkv\u0117pim\u0173<\/strong> pastovaus ir stipraus skonio. Atsisveikinkite su nuolatiniu pildymu ir silpnais sm\u016bgiais d\u0117l did\u017eiul\u0117s <strong>20 ml elektroninio skys\u010dio talpa<\/strong> ir tvirtas <strong>850 mAh \u012fkraunama baterija<\/strong> su patogiu <strong>C tipo \u012fkrovimas<\/strong>. M\u0117gaukit\u0117s skland\u017eiu <strong>MTL (Mouth-to-Lung) debesys<\/strong> ir gaus\u016bs garai i\u0161 pa\u017eangi\u0173 <strong>0,6\u03a9 aki\u0173 rit\u0117<\/strong>. Ar esate pasiruo\u0161\u0119 padaryti \u012fsp\u016bd\u012f? Gaukite savo urmu \u0161iandien! \ud83d\udca8<\/p>\n<h3>\ud83d\udcca Pagrindin\u0117s specifikacijos:<\/h3>\n<ul>\n<li><strong>Puff skai\u010dius:<\/strong> Iki 30 000 \u012fkv\u0117pim\u0173 \ud83e\udd2f<\/li>\n<li><strong>E-skys\u010dio talpa:<\/strong> 20 ml i\u0161 anksto pripildytas<\/li>\n<li><strong>rit\u0117:<\/strong> 0,6\u03a9 pa\u017eangi tinklelio rit\u0117 gausiems garams<\/li>\n<li><strong>Baterija:<\/strong> 850 mAh \u012fkraunama (C tipo)<\/li>\n<li><strong>Nikotino kiekis:<\/strong> 0%, 12%, 13%, 15%<\/li>\n<li><strong>Garinimo stilius:<\/strong> MTL (i\u0161 burnos \u012f plau\u010dius)<\/li>\n<li><strong>Skonio parinktys:<\/strong> 12 ne\u012ftik\u0117tin\u0173 pasirinkim\u0173 \ud83c\udf53\ud83e\uded0\ud83e\udd6d<\/li>\n<\/ul>\n<h3>\ud83c\udf08 Pasinerkite \u012f 12 gard\u017ei\u0173 skoni\u0173:<\/h3>\n<p>Atraskite savo nauj\u0105 m\u0117gstamiausi\u0105 skon\u012f i\u0161 m\u016bs\u0173 plataus energing\u0173 skoni\u0173 pasirinkimo! Nuo sulting\u0173 <strong>M\u0117lyni\u0173 avie\u010di\u0173<\/strong> \u012f gaivinant\u012f <strong>Energetinis g\u0117rimas<\/strong> ir egzoti\u0161k\u0173 <strong>Kiviai Pasiflorai Gvajavos<\/strong>, kiekvienai nuotaikai puikiai tinka. Sukimasis tarp <em>12 maloni\u0173 skoni\u0173<\/em> dar niekada nebuvo taip paprasta! \ud83d\ude0b<\/p>\n<p>Pasirinkite \"Vapme Digital 30000\", kad pajustum\u0117te didel\u012f ir ilgalaik\u012f pasitenkinim\u0105, o j\u016bs\u0173 klientai sugr\u012f\u017et\u0173 dar kart\u0105!<\/p>","protected":false},"excerpt":{"rendered":"<p>\ud83d\ude80 <strong>Ar esate pasiruo\u0161\u0119 pagerinti savo patirt\u012f?<\/strong> Susipa\u017einkite su \"Vapme Digital 30000\" - didel\u0117s talpos vienkartiniu garintuvu, skirtu tiek rimtiems skonio ie\u0161kotojams, tiek nikotino m\u0117g\u0117jams.<\/p>","protected":false},"featured_media":32103,"comment_status":"open","ping_status":"closed","template":"","meta":[],"product_brand":[234],"product_cat":[63,230,49],"product_tag":[],"class_list":{"0":"post-31947","1":"product","2":"type-product","3":"status-publish","4":"has-post-thumbnail","6":"product_brand-vapme","7":"product_cat-30000-puffs-disposable-vape","8":"product_cat-new","9":"product_cat-vapme","11":"first","12":"instock","13":"shipping-taxable","14":"purchasable","15":"product-type-variable","16":"has-default-attributes"},"jetpack_sharing_enabled":true,"tiered_pricing_type":"fixed","tiered_pricing_fixed_rules":{"30":8.6300000000000007815970093361102044582366943359375,"50":7.6500000000000003552713678800500929355621337890625,"100":7.04000000000000003552713678800500929355621337890625,"200":6.6699999999999999289457264239899814128875732421875,"400":6.230000000000000426325641456060111522674560546875},"tiered_pricing_product_settings":{"layout":"default","base_unit_name":{"singular":null,"plural":null},"default_variation":null},"tiered_pricing_minimum_quantity":10,"tiered_pricing_roles_data":[],"tiered_pricing_percentage_rules":[],"tiered_pricing_maximum_quantity":null,"tiered_pricing_quantity_step":"10","_links":{"self":[{"href":"https:\/\/volovape.com\/lt\/wp-json\/wp\/v2\/product\/31947","targetHints":{"allow":["GET"]}}],"collection":[{"href":"https:\/\/volovape.com\/lt\/wp-json\/wp\/v2\/product"}],"about":[{"href":"https:\/\/volovape.com\/lt\/wp-json\/wp\/v2\/types\/product"}],"replies":[{"embeddable":true,"href":"https:\/\/volovape.com\/lt\/wp-json\/wp\/v2\/comments?post=31947"}],"wp:featuredmedia":[{"embeddable":true,"href":"https:\/\/volovape.com\/lt\/wp-json\/wp\/v2\/media\/32103"}],"wp:attachment":[{"href":"https:\/\/volovape.com\/lt\/wp-json\/wp\/v2\/media?parent=31947"}],"wp:term":[{"taxonomy":"product_brand","embeddable":true,"href":"https:\/\/volovape.com\/lt\/wp-json\/wp\/v2\/product_brand?post=31947"},{"taxonomy":"product_cat","embeddable":true,"href":"https:\/\/volovape.com\/lt\/wp-json\/wp\/v2\/product_cat?post=31947"},{"taxonomy":"product_tag","embeddable":true,"href":"https:\/\/volovape.com\/lt\/wp-json\/wp\/v2\/product_tag?post=31947"}],"curies":[{"name":"wp","href":"https:\/\/api.w.org\/{rel}","templated":true}]}}