{"id":31945,"date":"2025-07-02T03:28:55","date_gmt":"2025-07-02T03:28:55","guid":{"rendered":"https:\/\/volovape.com\/?post_type=product&#038;p=31945"},"modified":"2026-04-14T06:23:17","modified_gmt":"2026-04-14T06:23:17","slug":"okso-stebuklingas-veidrodis-50000-pukeliu","status":"publish","type":"product","link":"https:\/\/volovape.com\/lt\/product\/okso-magic-mirror-50000-puffs\/","title":{"rendered":"OKSO Magic Mirror 50000 puffs | RGB LED, dvigubas tinklelis, LED ekranas, vienkartinis vape"},"content":{"rendered":"<p>\ud83d\udd25 <strong>Patirkite naujai apibr\u0117\u017et\u0105 garinim\u0105 su OKSO Magic Mirror 50K!<\/strong> \ud83d\udd25 Tai ne tik dar vienas vienkartinis vape; tai i\u0161skirtinis k\u016brinys, skirtas did\u017eiausiam pasitenkinimui. Gaukite stulbinant\u012f <strong>50 000 \u012fkv\u0117pim\u0173<\/strong>, did\u017eiulis <strong>40 ml elektroninio skys\u010dio talpa<\/strong>, ir patogus <strong>\u012fkraunama C tipo baterija<\/strong>. Jo ak\u012f traukianti veidrodin\u0117 apdaila ir dinami\u0161kas <strong>RGB LED \u0161vyt\u0117jimas<\/strong> i\u0161siskirsite, o <strong>dvigubos tinklin\u0117s rit\u0117s<\/strong> kiekvien\u0105 kart\u0105 garantuoja intensyv\u0173 skon\u012f ir did\u017eiulius debesis. Puikiai tinka skonio entuziastams, debes\u0173 med\u017eiotojams ir ma\u017emenininkams, ie\u0161kantiems auk\u0161\u010diausios kokyb\u0117s vienkartini\u0173 garintuv\u0173.<\/p>\n<h3>\ud83d\udcca Specifikacijos:<\/h3>\n<ul>\n<li>\ud83d\udca8 <strong>Pufai:<\/strong> Iki 50 000<\/li>\n<li>\ud83d\udca7 <strong>E-skystis:<\/strong> 40 ml (i\u0161 anksto u\u017epildyta)<\/li>\n<li>\u2728 <strong>rit\u0117:<\/strong> Dvigubas tinklelis geresniam skoniui<\/li>\n<li>\ud83d\udd0b <strong>Baterija:<\/strong> 850 mAh \u012fkraunama (C tipo)<\/li>\n<li>\ud83e\uddea <strong>Stipriosios nikotino savyb\u0117s:<\/strong> 0%, 2%, 3%, 5% (galimos parinktys)<\/li>\n<li>\ud83d\udda5\ufe0f <strong>Ekranas:<\/strong> LED ekranas, rodantis d\u016bm\u0173 skai\u010di\u0173 ir baterijos veikimo laik\u0105<\/li>\n<li>\ud83d\udd12 <strong>Sauga:<\/strong> \u012emontuota vaik\u0173 u\u017erakto funkcija<\/li>\n<li>\ud83c\udf1f <strong>Dizainas:<\/strong> Veidrodin\u0117 apdaila su RGB LED efektais<\/li>\n<\/ul>\n<h3>\ud83c\udf6d Galimi skoniai:<\/h3>\n<ul>\n<li>Blue Razz Ice \ud83e\uded0\u2744\ufe0f<\/li>\n<li>\"Lush Ice\" \ud83c\udf49\u2744\ufe0f<\/li>\n<li>Bra\u0161ki\u0173 ledai \ud83c\udf53\u2744\ufe0f<\/li>\n<li>Vynuogi\u0173 ledai \ud83c\udf47\u2744\ufe0f<\/li>\n<li>LOVE 66 \u2764\ufe0f\u200d\ud83d\udd25<\/li>\n<li>Lady Killa \ud83d\udc51<\/li>\n<li>M\u0117t\u0173 ledai \ud83c\udf43\u2744\ufe0f<\/li>\n<li>Bra\u0161ki\u0173 arb\u016bzas \ud83c\udf53\ud83c\udf49<\/li>\n<li>Kiviai ir pasifloros \ud83e\udd5d\ud83e\udd6d<\/li>\n<li>Mi\u0161rios uogos \ud83c\udf53\ud83e\uded0\ud83c\udf47<\/li>\n<\/ul>","protected":false},"excerpt":{"rendered":"<p>\u2728 Pasiruo\u0161kite vapuoti stilingai su OKSO \"Magic Mirror 50K\": 50 000 \u012fpur\u0161kim\u0173, dvigubos tinklin\u0117s rit\u0117s, RGB LED ir 40 ml el. skys\u010dio - stilingas, galingas vienkartinis vapas dideliems pirk\u0117jams.<\/p>","protected":false},"featured_media":32025,"comment_status":"open","ping_status":"closed","template":"","meta":[],"product_brand":[233],"product_cat":[74,230,229],"product_tag":[],"class_list":{"0":"post-31945","1":"product","2":"type-product","3":"status-publish","4":"has-post-thumbnail","6":"product_brand-okso","7":"product_cat-40000-puffs-disposable-vape","8":"product_cat-new","9":"product_cat-okso","11":"first","12":"instock","13":"shipping-taxable","14":"purchasable","15":"product-type-variable","16":"has-default-attributes"},"jetpack_sharing_enabled":true,"tiered_pricing_type":"fixed","tiered_pricing_fixed_rules":{"30":8.7400000000000002131628207280300557613372802734375,"60":8.699999999999999289457264239899814128875732421875,"100":8.300000000000000710542735760100185871124267578125,"200":7.9000000000000003552713678800500929355621337890625},"tiered_pricing_product_settings":{"layout":"default","base_unit_name":{"singular":null,"plural":null},"default_variation":null},"tiered_pricing_minimum_quantity":10,"tiered_pricing_roles_data":[],"tiered_pricing_percentage_rules":[],"tiered_pricing_maximum_quantity":null,"tiered_pricing_quantity_step":"10","_links":{"self":[{"href":"https:\/\/volovape.com\/lt\/wp-json\/wp\/v2\/product\/31945","targetHints":{"allow":["GET"]}}],"collection":[{"href":"https:\/\/volovape.com\/lt\/wp-json\/wp\/v2\/product"}],"about":[{"href":"https:\/\/volovape.com\/lt\/wp-json\/wp\/v2\/types\/product"}],"replies":[{"embeddable":true,"href":"https:\/\/volovape.com\/lt\/wp-json\/wp\/v2\/comments?post=31945"}],"wp:featuredmedia":[{"embeddable":true,"href":"https:\/\/volovape.com\/lt\/wp-json\/wp\/v2\/media\/32025"}],"wp:attachment":[{"href":"https:\/\/volovape.com\/lt\/wp-json\/wp\/v2\/media?parent=31945"}],"wp:term":[{"taxonomy":"product_brand","embeddable":true,"href":"https:\/\/volovape.com\/lt\/wp-json\/wp\/v2\/product_brand?post=31945"},{"taxonomy":"product_cat","embeddable":true,"href":"https:\/\/volovape.com\/lt\/wp-json\/wp\/v2\/product_cat?post=31945"},{"taxonomy":"product_tag","embeddable":true,"href":"https:\/\/volovape.com\/lt\/wp-json\/wp\/v2\/product_tag?post=31945"}],"curies":[{"name":"wp","href":"https:\/\/api.w.org\/{rel}","templated":true}]}}