{"id":31943,"date":"2025-07-02T03:28:53","date_gmt":"2025-07-02T03:28:53","guid":{"rendered":"https:\/\/volovape.com\/?post_type=product&#038;p=31943"},"modified":"2026-04-14T06:26:05","modified_gmt":"2026-04-14T06:26:05","slug":"okso-sisos-kaljanas-mega-50000","status":"publish","type":"product","link":"https:\/\/volovape.com\/lt\/product\/okso-shisha-hookah-mega-50000\/","title":{"rendered":"OKSO Shisha Hookah Mega 50K | trigubas tinklelis, LED biri\u0173 vienkartini\u0173 vape"},"content":{"rendered":"<p>\ud83d\udca8 Pasim\u0117gaukite neprilygstama garinimo patirtimi su <strong>OKSO \u0160i\u0161os kaljanas \"Mega 50K<\/strong>! \u0160is prietaisas skirtas tiek skonio entuziastams, tiek debes\u0173 med\u017eiotojams, jis i\u0161 naujo apibr\u0117\u017eia vienkartin\u012f garinim\u0105. Pasiruo\u0161kite stulbinan\u010diam <strong>50 000 \u012fkv\u0117pim\u0173<\/strong>, patobulintas moderniausia <strong>triguba tinklelio rit\u0117<\/strong> kad skamb\u0117t\u0173 sodriau ir skland\u017eiau. \ud83d\ude80<\/p>\n<p>Kontroliuokite situacij\u0105 naudodami ry\u0161k\u0173 LED ekran\u0105, lengvai steb\u0117dami akumuliatoriaus ir elektroninio skys\u010dio lyg\u012f. Pritaikykite savo \u012fpur\u0161kim\u0105 reguliuojamu oro srautu, kad kiekvienas \u012fkv\u0117pimas b\u016bt\u0173 tobulas. Nesvarbu, ar m\u0117gstate nulin\u012f nikotino kiek\u012f, ar stipr\u0173 5% sm\u016bg\u012f \u012f gerkl\u0119, OKSO Mega 50K prisitaiko prie j\u016bs\u0173 pageidavim\u0173. Did\u017eiul\u0117 40 ml elektroninio skys\u010dio talpa ir \u012fkraunama 1100 mAh baterija u\u017etikrina ilgalaik\u012f intensyvum\u0105, tod\u0117l idealiai tinka nuolatiniam m\u0117gavimuisi arba kaip geriausiai parduodamas produktas j\u016bs\u0173 verslui. \u2728<\/p>\n<h3>\ud83c\udf1f Pagrindin\u0117s savyb\u0117s:<\/h3>\n<ul>\n<li><strong>50 000 pufik\u0173:<\/strong> Ilgesnis naudojimasis, ma\u017eiau pakeitim\u0173.<\/li>\n<li><strong>Triguba tinklelio rit\u0117:<\/strong> Puikus skonis ir gar\u0173 gamyba.<\/li>\n<li><strong>C tipo \u012fkraunamas:<\/strong> Patogus ir ekologi\u0161kas maitinimas.<\/li>\n<li><strong>LED ekranas:<\/strong> Steb\u0117kite akumuliatori\u0173 ir el. skyst\u012f i\u0161 pirmo \u017evilgsnio.<\/li>\n<li><strong>Reguliuojamas oro srautas:<\/strong> Pritaikykite tobul\u0105 pie\u0161in\u012f.<\/li>\n<\/ul>\n<h3>\ud83d\ude0b Skoni\u0173 s\u0105ra\u0161as:<\/h3>\n<ul>\n<li>\"Lush Ice<\/li>\n<li>Du obuoliai<\/li>\n<li>Bra\u0161ki\u0173 arb\u016bz\u0173 kramtomoji guma<\/li>\n<li>Persik\u0173 ledas<\/li>\n<li>M\u0117lyni\u0173 avie\u010di\u0173 vy\u0161ni\u0173<\/li>\n<li>Meil\u0117 66<\/li>\n<li>Mango ledas<\/li>\n<li>Bra\u0161ki\u0173 kiviai<\/li>\n<li>Lady Killa<\/li>\n<li>Vynuogi\u0173 ledas<\/li>\n<\/ul>\n<p>Pagerinkite savo garinimo kelion\u0119 su OKSO Shisha Hookah Mega 50K - tai geriausias pasirinkimas perkantiems dideliais kiekiais, skonio fanatikams ir intensyviems vartotojams! \ud83c\udf2c\ufe0f<\/p>","protected":false},"excerpt":{"rendered":"<p>OKSO \"Magic Mirror 50K\" u\u017etikrina iki 50 000 \u012fp\u016btim\u0173 su nuostabiu RGB ap\u0161vietimu, stilinga veidrodine apdaila, dvigubomis tinklin\u0117mis spiral\u0117mis ir 10 auk\u0161\u010diausios kokyb\u0117s skoni\u0173 - puikiai tinka skonio ir efektyvumo m\u0117g\u0117jams.<\/p>","protected":false},"featured_media":31968,"comment_status":"open","ping_status":"closed","template":"","meta":[],"product_brand":[233],"product_cat":[74,230,229],"product_tag":[],"class_list":{"0":"post-31943","1":"product","2":"type-product","3":"status-publish","4":"has-post-thumbnail","6":"product_brand-okso","7":"product_cat-40000-puffs-disposable-vape","8":"product_cat-new","9":"product_cat-okso","11":"first","12":"instock","13":"shipping-taxable","14":"purchasable","15":"product-type-variable","16":"has-default-attributes"},"jetpack_sharing_enabled":true,"tiered_pricing_type":"fixed","tiered_pricing_fixed_rules":{"30":9.5,"50":8.9000000000000003552713678800500929355621337890625,"100":7.9000000000000003552713678800500929355621337890625,"200":7.20000000000000017763568394002504646778106689453125},"tiered_pricing_product_settings":{"layout":"default","base_unit_name":{"singular":null,"plural":null},"default_variation":null},"tiered_pricing_minimum_quantity":10,"tiered_pricing_roles_data":[],"tiered_pricing_percentage_rules":[],"tiered_pricing_maximum_quantity":null,"tiered_pricing_quantity_step":"10","_links":{"self":[{"href":"https:\/\/volovape.com\/lt\/wp-json\/wp\/v2\/product\/31943","targetHints":{"allow":["GET"]}}],"collection":[{"href":"https:\/\/volovape.com\/lt\/wp-json\/wp\/v2\/product"}],"about":[{"href":"https:\/\/volovape.com\/lt\/wp-json\/wp\/v2\/types\/product"}],"replies":[{"embeddable":true,"href":"https:\/\/volovape.com\/lt\/wp-json\/wp\/v2\/comments?post=31943"}],"wp:featuredmedia":[{"embeddable":true,"href":"https:\/\/volovape.com\/lt\/wp-json\/wp\/v2\/media\/31968"}],"wp:attachment":[{"href":"https:\/\/volovape.com\/lt\/wp-json\/wp\/v2\/media?parent=31943"}],"wp:term":[{"taxonomy":"product_brand","embeddable":true,"href":"https:\/\/volovape.com\/lt\/wp-json\/wp\/v2\/product_brand?post=31943"},{"taxonomy":"product_cat","embeddable":true,"href":"https:\/\/volovape.com\/lt\/wp-json\/wp\/v2\/product_cat?post=31943"},{"taxonomy":"product_tag","embeddable":true,"href":"https:\/\/volovape.com\/lt\/wp-json\/wp\/v2\/product_tag?post=31943"}],"curies":[{"name":"wp","href":"https:\/\/api.w.org\/{rel}","templated":true}]}}