{"id":31007,"date":"2025-08-16T11:40:48","date_gmt":"2025-08-16T11:40:48","guid":{"rendered":"https:\/\/volovape.com\/?post_type=product&#038;p=31007"},"modified":"2026-03-16T08:50:07","modified_gmt":"2026-03-16T08:50:07","slug":"vozol-gear-shisha-25000","status":"publish","type":"product","link":"https:\/\/volovape.com\/lt\/product\/vozol-gear-shisha-25000\/","title":{"rendered":"Vozol Gear Shisha 25000 Puffs | Dviguba tinklelio rit\u0117, 24 ml el. skys\u010dio, i\u0161manusis lustas"},"content":{"rendered":"<p>Pasiruo\u0161kite i\u0161bandyti nauj\u0105 garinimo lyg\u012f su <strong>Vozol pavar\u0173 d\u0117\u017e\u0117 25000<\/strong> - pirmoji pasaulyje garso interaktyvi DTL i\u0161 anksto pripildyta vap\u0117. Sukurtas imituoti unikalius tradicin\u0117s \u0161i\u0161os burbuliuk\u0173 garsus, \u0161is prietaisas suteikia nauj\u0105 malonumo lyg\u012f j\u016bs\u0173 svaiginimosi seansams. Nesvarbu, ar esate skonio entuziastas, ar m\u0117gstate skland\u017eiai ir intensyviai traukti, \"Vozol Gear Shisha\" si\u016blo du re\u017eimus, kad gal\u0117tum\u0117te prisitaikyti prie savo poreiki\u0173. \ud83c\udf2c\ufe0f\ud83d\udca8<\/p>\n<h3>Specifikacijos:<\/h3>\n<table>\n<tbody>\n<tr>\n<td><strong>Puff talpa<\/strong><\/td>\n<td>25000 \u012fpur\u0161kim\u0173 (ekonominis re\u017eimas)<\/td>\n<\/tr>\n<tr>\n<td><strong>E-skys\u010dio talpa<\/strong><\/td>\n<td>24 ml<\/td>\n<\/tr>\n<tr>\n<td><strong>Akumuliatorius<\/strong><\/td>\n<td>1000 mAh, \u012fkraunama<\/td>\n<\/tr>\n<tr>\n<td><strong>Rit\u0117s tipas<\/strong><\/td>\n<td>Dviguba tinklelio rit\u0117<\/td>\n<\/tr>\n<tr>\n<td><strong>Re\u017eimai<\/strong><\/td>\n<td>\"Eco\" (25000 d\u016bm\u0173), \"Power\" (18000 d\u016bm\u0173)<\/td>\n<\/tr>\n<tr>\n<td><strong>Oro srautas<\/strong><\/td>\n<td>Reguliuojamas<\/td>\n<\/tr>\n<tr>\n<td><strong>Ekranas<\/strong><\/td>\n<td>2,1 colio spalvotas ekranas<\/td>\n<\/tr>\n<tr>\n<td><strong>Technologijos<\/strong><\/td>\n<td>S.i.L.C. i\u0161manusis lustas<\/td>\n<\/tr>\n<\/tbody>\n<\/table>\n<h3>Kod\u0117l verta rinktis Vozol pavar\u0173 d\u0117\u017e\u0119 Shisha 25000?<\/h3>\n<ul>\n<li><strong>Naujovi\u0161ki garso efektai:<\/strong> M\u0117gaukit\u0117s tikrovi\u0161kais \u0161i\u0161os burbuliuk\u0173 garsais, kurie sklinda su kiekvienu d\u016bmu, kad patirti dar daugiau \u012fsp\u016bd\u017ei\u0173.<\/li>\n<li><strong>Dvigubos tinklin\u0117s rit\u0117s:<\/strong> U\u017etikrinkite skland\u0173 ir intensyv\u0173 i\u0161traukim\u0105 naudodami dvigubo tinklelio technologij\u0105.<\/li>\n<li><strong>Du re\u017eimai:<\/strong> Perjunkite \"Eco\" re\u017eim\u0105, kad gal\u0117tum\u0117te ilgai m\u0117gautis garinimu, ir \"Power\" re\u017eim\u0105, kad garinimas b\u016bt\u0173 intensyvesnis.<\/li>\n<li><strong>Reguliuojamas oro srautas:<\/strong> Tobulinkite garinimo patirt\u012f naudodami pritaikomus oro srauto nustatymus.<\/li>\n<li><strong>I\u0161mani\u0173j\u0173 lust\u0173 technologija:<\/strong> Naudojamas S.i.L.C. lustas, u\u017etikrinantis didesn\u012f na\u0161um\u0105 ir saugum\u0105.<\/li>\n<li><strong>Ilgas baterijos veikimo laikas:<\/strong> \u012ekraunamas 1000 mAh akumuliatorius u\u017etikrina ilgesn\u012f naudojim\u0105 be da\u017eno \u012fkrovimo.<\/li>\n<li><strong>Didel\u0117 elektroninio skys\u010dio talpa:<\/strong> 24 ml talpykla u\u017etikrina pakankam\u0105 el. skys\u010dio kiek\u012f ilgesniems seansams ir suma\u017eina papildym\u0173 skai\u010di\u0173.<\/li>\n<\/ul>\n<p><strong>Vozol pavar\u0173 d\u0117\u017e\u0117 25000<\/strong> idealiai tinka intensyviems r\u016bkaliams, skonio m\u0117g\u0117jams ir vape parduotuv\u0117ms, norin\u010dioms savo klientams pasi\u016blyti naujovi\u0161k\u0105 patirt\u012f. \u012ekraunama baterija, reguliuojami re\u017eimai ir \u012fsp\u016bdinga e. skys\u010dio talpa - tai privaloma \u012franga didmeninio platinimo ir ma\u017emenin\u0117s prekybos \u012fmon\u0117ms. Atnaujinkite savo vape kolekcij\u0105 jau \u0161iandien su \"Vozol Gear Shisha\" - kur technologija susitinka su skoniu!<\/p>\n<p>&nbsp;<\/p>\n<p>&nbsp;<\/p>\n<p><img data-recalc-dims=\"1\" loading=\"lazy\" decoding=\"async\" class=\"alignnone wp-image-31425 size-full\" src=\"https:\/\/i0.wp.com\/volovape.com\/wp-content\/uploads\/2025\/06\/Berry-Ice-2.jpg?resize=1829%2C1920&#038;ssl=1\" alt=\"\" width=\"1829\" height=\"1920\" title=\"\" srcset=\"https:\/\/i0.wp.com\/volovape.com\/wp-content\/uploads\/2025\/06\/Berry-Ice-2.jpg?w=1829&amp;ssl=1 1829w, https:\/\/i0.wp.com\/volovape.com\/wp-content\/uploads\/2025\/06\/Berry-Ice-2.jpg?resize=286%2C300&amp;ssl=1 286w, https:\/\/i0.wp.com\/volovape.com\/wp-content\/uploads\/2025\/06\/Berry-Ice-2.jpg?resize=975%2C1024&amp;ssl=1 975w, https:\/\/i0.wp.com\/volovape.com\/wp-content\/uploads\/2025\/06\/Berry-Ice-2.jpg?resize=768%2C806&amp;ssl=1 768w, https:\/\/i0.wp.com\/volovape.com\/wp-content\/uploads\/2025\/06\/Berry-Ice-2.jpg?resize=1463%2C1536&amp;ssl=1 1463w, https:\/\/i0.wp.com\/volovape.com\/wp-content\/uploads\/2025\/06\/Berry-Ice-2.jpg?resize=11%2C12&amp;ssl=1 11w, https:\/\/i0.wp.com\/volovape.com\/wp-content\/uploads\/2025\/06\/Berry-Ice-2.jpg?resize=800%2C840&amp;ssl=1 800w\" sizes=\"auto, (max-width: 1000px) 100vw, 1000px\" \/><\/p>","protected":false},"excerpt":{"rendered":"<p>Atraskite Vozol \"Gear Shisha 25000\" - pa\u017eangiausi\u0105 daugkartinio naudojimo aparat\u0105 su dviem tinklin\u0117mis spiral\u0117mis, 25000 \u012fpur\u0161kim\u0173 ir 24 ml elektroninio skys\u010dio talpa.<\/p>","protected":false},"featured_media":31008,"comment_status":"open","ping_status":"closed","template":"","meta":[],"product_brand":[],"product_cat":[228],"product_tag":[],"class_list":{"0":"post-31007","1":"product","2":"type-product","3":"status-publish","4":"has-post-thumbnail","6":"product_cat-vozol","8":"first","9":"instock","10":"shipping-taxable","11":"purchasable","12":"product-type-variable","13":"has-default-attributes"},"jetpack_sharing_enabled":true,"tiered_pricing_type":"fixed","tiered_pricing_fixed_rules":{"2000":6.71999999999999975131004248396493494510650634765625},"tiered_pricing_product_settings":{"layout":"default","base_unit_name":{"singular":null,"plural":null},"default_variation":null},"tiered_pricing_minimum_quantity":1000,"tiered_pricing_roles_data":[],"tiered_pricing_percentage_rules":[],"tiered_pricing_maximum_quantity":null,"tiered_pricing_quantity_step":"10","_links":{"self":[{"href":"https:\/\/volovape.com\/lt\/wp-json\/wp\/v2\/product\/31007","targetHints":{"allow":["GET"]}}],"collection":[{"href":"https:\/\/volovape.com\/lt\/wp-json\/wp\/v2\/product"}],"about":[{"href":"https:\/\/volovape.com\/lt\/wp-json\/wp\/v2\/types\/product"}],"replies":[{"embeddable":true,"href":"https:\/\/volovape.com\/lt\/wp-json\/wp\/v2\/comments?post=31007"}],"wp:featuredmedia":[{"embeddable":true,"href":"https:\/\/volovape.com\/lt\/wp-json\/wp\/v2\/media\/31008"}],"wp:attachment":[{"href":"https:\/\/volovape.com\/lt\/wp-json\/wp\/v2\/media?parent=31007"}],"wp:term":[{"taxonomy":"product_brand","embeddable":true,"href":"https:\/\/volovape.com\/lt\/wp-json\/wp\/v2\/product_brand?post=31007"},{"taxonomy":"product_cat","embeddable":true,"href":"https:\/\/volovape.com\/lt\/wp-json\/wp\/v2\/product_cat?post=31007"},{"taxonomy":"product_tag","embeddable":true,"href":"https:\/\/volovape.com\/lt\/wp-json\/wp\/v2\/product_tag?post=31007"}],"curies":[{"name":"wp","href":"https:\/\/api.w.org\/{rel}","templated":true}]}}