{"id":30895,"date":"2025-08-16T11:40:18","date_gmt":"2025-08-16T11:40:18","guid":{"rendered":"https:\/\/volovape.com\/?post_type=product&#038;p=30895"},"modified":"2026-03-16T08:50:06","modified_gmt":"2026-03-16T08:50:06","slug":"kristolo-dvyniai-40k","status":"publish","type":"product","link":"https:\/\/volovape.com\/lt\/product\/uwin-crystal-twins-40k\/","title":{"rendered":"Uwin Crystal Twins 40K 40000 Puffs | dvigubo skonio vienkartinis vape whoelsale"},"content":{"rendered":"<h2><strong>Uwin Crystal Twins 40K - dvigubo skonio vienkartiniai vape \u012frenginiai \ud83c\udf1f<\/strong><\/h2>\n<p>Pristatome Uwin Crystal Twins 40K, kei\u010diant\u012f \u017eaidimo taisykles vienkartini\u0173 vape aparat\u0173 rinkoje! \u0160is prietaisas, suteikiantis iki 40 000 \u012fkv\u0117pim\u0173 gryno garinimo malonumo, pasi\u017eymi unikalia dvigubo skonio konstrukcija, tod\u0117l kiekviename \u012fkv\u0117pime galima m\u0117gautis \u012fdomiu skoni\u0173 deriniu. Nesvarbu, ar m\u0117gstate skon\u012f, ar intensyviai r\u016bkote, \u0161is aparatas suteikia skland\u0173, malon\u0173 potyr\u012f, ir visa tai - viename eleganti\u0161kame, kri\u0161tolo skaidrumo korpuse. Atsisveikinkite su pildymu ir m\u0117gaukit\u0117s patogumu kaip niekada anks\u010diau. \ud83d\udd25\ud83d\udca8<\/p>\n<h4><strong>Specifikacijos:<\/strong><\/h4>\n<table>\n<thead>\n<tr>\n<th><strong>Funkcija<\/strong><\/th>\n<th><strong>I\u0161sami informacija<\/strong><\/th>\n<\/tr>\n<\/thead>\n<tbody>\n<tr>\n<td><strong>Puff talpa<\/strong><\/td>\n<td>40 000 \u012fkv\u0117pim\u0173<\/td>\n<\/tr>\n<tr>\n<td><strong>E-skys\u010dio talpa<\/strong><\/td>\n<td>8 ml (kiekvienoje kameroje)<\/td>\n<\/tr>\n<tr>\n<td><strong>Akumuliatorius<\/strong><\/td>\n<td>850 mAh, C tipo<\/td>\n<\/tr>\n<tr>\n<td><strong>Rit\u0117s tipas<\/strong><\/td>\n<td>0,6\u03a9 aki\u0173 rit\u0117<\/td>\n<\/tr>\n<tr>\n<td><strong>Nikotino parinktys<\/strong><\/td>\n<td>0%, 2%, 3%, 5%<\/td>\n<\/tr>\n<tr>\n<td><strong>Ekranas<\/strong><\/td>\n<td>I\u0161manusis ekranas<\/td>\n<\/tr>\n<tr>\n<td><strong>Dizainas<\/strong><\/td>\n<td>Kri\u0161tolo skaidrumo korpusas<\/td>\n<\/tr>\n<\/tbody>\n<\/table>\n<h4><strong>Skonio deriniai:<\/strong><\/h4>\n<table>\n<thead>\n<tr>\n<th><strong>Skonis A<\/strong><\/th>\n<th><strong>Skonis B<\/strong><\/th>\n<\/tr>\n<\/thead>\n<tbody>\n<tr>\n<td>M\u0117lyn\u0117s ant ledo<\/td>\n<td>Vasaros persik\u0173 ledas<\/td>\n<\/tr>\n<tr>\n<td>Kiviai Pasifloros vaisiai Gvajavos<\/td>\n<td>M\u0117lyni\u0173 avie\u010di\u0173<\/td>\n<\/tr>\n<tr>\n<td>Bra\u0161ki\u0173 kiviai<\/td>\n<td>Vynuogi\u0173 ledas<\/td>\n<\/tr>\n<tr>\n<td>Kiviai Pasifloros vaisiai Gvajavos<\/td>\n<td>Du obuoliai<\/td>\n<\/tr>\n<tr>\n<td>Bra\u0161ki\u0173 arb\u016bzas<\/td>\n<td>Citrin\u0173 kalk\u0117s<\/td>\n<\/tr>\n<tr>\n<td>M\u0117lyni\u0173 avie\u010di\u0173<\/td>\n<td>Vy\u0161ni\u0173 ledas<\/td>\n<\/tr>\n<tr>\n<td>Bra\u0161ki\u0173 avie\u010di\u0173 vy\u0161ni\u0173<\/td>\n<td>Ponas M\u0117lynasis<\/td>\n<\/tr>\n<tr>\n<td>Persik\u0173 Mango Ananas\u0173<\/td>\n<td>\"Red Bull<\/td>\n<\/tr>\n<tr>\n<td>Arb\u016bz\u0173 ledas<\/td>\n<td>Mi\u0161rios uogos<\/td>\n<\/tr>\n<tr>\n<td>Bra\u0161ki\u0173 bananai<\/td>\n<td>Meil\u0117 66 (aistros vaisi\u0173 melion\u0173 ledai)<\/td>\n<\/tr>\n<tr>\n<td>Drakono vaisiai Bananai Vy\u0161nios<\/td>\n<td>Ro\u017einis limonadas<\/td>\n<\/tr>\n<tr>\n<td>Persik\u0173 mango<\/td>\n<td>Cherry Cola<\/td>\n<\/tr>\n<tr>\n<td>Bra\u0161ki\u0173 ledai<\/td>\n<td>Mango ant ledo<\/td>\n<\/tr>\n<tr>\n<td>M\u0117lynasis \"Razz Ice<\/td>\n<td>Drakono vaisi\u0173 ledai<\/td>\n<\/tr>\n<tr>\n<td>Bra\u0161ki\u0173 \"Red Bull<\/td>\n<td>Vy\u0161ni\u0173 ledas<\/td>\n<\/tr>\n<\/tbody>\n<\/table>\n<h4><strong>Kod\u0117l verta rinktis Uwin Crystal Twins 40K?<\/strong><\/h4>\n<ul>\n<li><strong>Dvigubo skonio dizainas:<\/strong> M\u0117gaukit\u0117s dviem skirtingais skoniais su kiekvienu u\u017etrauktuku ir m\u0117gaukit\u0117s dinami\u0161ka garinimo patirtimi.<\/li>\n<li><strong>Didelis puok\u0161\u010di\u0173 skai\u010dius:<\/strong> I\u0161girskite iki 40 000 \u012fkv\u0117pim\u0173, kurie trunka ilgiau nei dauguma vienkartini\u0173 garintuv\u0173.<\/li>\n<li><strong>Didelio nikotino kiekio nikotino parinktys:<\/strong> Galima \u012fsigyti 0%, 2%, 3% ir 5% nikotino r\u016b\u0161i\u0173, kad b\u016bt\u0173 u\u017etikrintas asmeninis pasitenkinimas.<\/li>\n<li><strong>\"Premium Mesh Coil\" rit\u0117:<\/strong> Patirkite skland\u0173 ir tolyg\u0173 gar\u0173 i\u0161siskyrim\u0105 su kiekvienu \u012fp\u016btimu.<\/li>\n<li><strong>Ne\u0161iojamas ir patogus:<\/strong> Kri\u0161tolo skaidrumo korpuso dizainas u\u017etikrina ir patvarum\u0105, ir eleganti\u0161k\u0105 i\u0161vaizd\u0105.<\/li>\n<li><strong>I\u0161manusis ekranas:<\/strong> Lengvai \u012fskaitomas i\u0161manusis ekranas stebi j\u016bs\u0173 vapavimo seansus.<\/li>\n<\/ul>\n<p>Uwin Crystal Twins 40K idealiai tinka tiek kasdieniams vartotojams, tiek pirk\u0117jams, perkantiems dideliais kiekiais, pavyzd\u017eiui, vape parduotuv\u0117ms ir platintojams. Ilgalaikis veikimas, unikalios dvigubo skonio galimyb\u0117s ir eleganti\u0161kas dizainas - puikus pasirinkimas norintiems pagerinti savo garinimo patirt\u012f. Nesvarbu, ar esate skonio m\u0117g\u0117jas, ar didmeninis platintojas, \u0161is prietaisas puikiai atitinka j\u016bs\u0173 poreikius.<\/p>\n<p><img data-recalc-dims=\"1\" loading=\"lazy\" decoding=\"async\" class=\"alignnone wp-image-31448 size-full\" src=\"https:\/\/i0.wp.com\/volovape.com\/wp-content\/uploads\/2025\/06\/%E8%81%94%E5%90%8D%E6%B5%B7%E6%8A%A5-2.jpg?resize=1480%2C1810&#038;ssl=1\" alt=\"\" width=\"1480\" height=\"1810\" title=\"\" srcset=\"https:\/\/i0.wp.com\/volovape.com\/wp-content\/uploads\/2025\/06\/%E8%81%94%E5%90%8D%E6%B5%B7%E6%8A%A5-2.jpg?w=1480&amp;ssl=1 1480w, https:\/\/i0.wp.com\/volovape.com\/wp-content\/uploads\/2025\/06\/%E8%81%94%E5%90%8D%E6%B5%B7%E6%8A%A5-2.jpg?resize=245%2C300&amp;ssl=1 245w, https:\/\/i0.wp.com\/volovape.com\/wp-content\/uploads\/2025\/06\/%E8%81%94%E5%90%8D%E6%B5%B7%E6%8A%A5-2.jpg?resize=837%2C1024&amp;ssl=1 837w, https:\/\/i0.wp.com\/volovape.com\/wp-content\/uploads\/2025\/06\/%E8%81%94%E5%90%8D%E6%B5%B7%E6%8A%A5-2.jpg?resize=768%2C939&amp;ssl=1 768w, https:\/\/i0.wp.com\/volovape.com\/wp-content\/uploads\/2025\/06\/%E8%81%94%E5%90%8D%E6%B5%B7%E6%8A%A5-2.jpg?resize=1256%2C1536&amp;ssl=1 1256w, https:\/\/i0.wp.com\/volovape.com\/wp-content\/uploads\/2025\/06\/%E8%81%94%E5%90%8D%E6%B5%B7%E6%8A%A5-2.jpg?resize=10%2C12&amp;ssl=1 10w, https:\/\/i0.wp.com\/volovape.com\/wp-content\/uploads\/2025\/06\/%E8%81%94%E5%90%8D%E6%B5%B7%E6%8A%A5-2.jpg?resize=800%2C978&amp;ssl=1 800w\" sizes=\"auto, (max-width: 1000px) 100vw, 1000px\" \/><\/p>\n<p><img data-recalc-dims=\"1\" loading=\"lazy\" decoding=\"async\" class=\"alignnone wp-image-31447 size-large\" src=\"https:\/\/i0.wp.com\/volovape.com\/wp-content\/uploads\/2025\/06\/40k%E5%8F%A3%E5%91%B3%E6%B5%B7%E6%8A%A5.jpg?resize=905%2C1024&#038;ssl=1\" alt=\"\" width=\"905\" height=\"1024\" title=\"\" srcset=\"https:\/\/i0.wp.com\/volovape.com\/wp-content\/uploads\/2025\/06\/40k%E5%8F%A3%E5%91%B3%E6%B5%B7%E6%8A%A5.jpg?resize=905%2C1024&amp;ssl=1 905w, https:\/\/i0.wp.com\/volovape.com\/wp-content\/uploads\/2025\/06\/40k%E5%8F%A3%E5%91%B3%E6%B5%B7%E6%8A%A5.jpg?resize=265%2C300&amp;ssl=1 265w, https:\/\/i0.wp.com\/volovape.com\/wp-content\/uploads\/2025\/06\/40k%E5%8F%A3%E5%91%B3%E6%B5%B7%E6%8A%A5.jpg?resize=768%2C869&amp;ssl=1 768w, https:\/\/i0.wp.com\/volovape.com\/wp-content\/uploads\/2025\/06\/40k%E5%8F%A3%E5%91%B3%E6%B5%B7%E6%8A%A5.jpg?resize=1358%2C1536&amp;ssl=1 1358w, https:\/\/i0.wp.com\/volovape.com\/wp-content\/uploads\/2025\/06\/40k%E5%8F%A3%E5%91%B3%E6%B5%B7%E6%8A%A5.jpg?resize=11%2C12&amp;ssl=1 11w, https:\/\/i0.wp.com\/volovape.com\/wp-content\/uploads\/2025\/06\/40k%E5%8F%A3%E5%91%B3%E6%B5%B7%E6%8A%A5.jpg?resize=800%2C905&amp;ssl=1 800w, https:\/\/i0.wp.com\/volovape.com\/wp-content\/uploads\/2025\/06\/40k%E5%8F%A3%E5%91%B3%E6%B5%B7%E6%8A%A5.jpg?w=1697&amp;ssl=1 1697w\" sizes=\"auto, (max-width: 905px) 100vw, 905px\" \/><\/p>\n<p><img data-recalc-dims=\"1\" loading=\"lazy\" decoding=\"async\" class=\"alignnone wp-image-31449 size-full\" src=\"https:\/\/i0.wp.com\/volovape.com\/wp-content\/uploads\/2025\/06\/%E7%BD%91%E7%AB%99-Banner-2.jpg?resize=1920%2C656&#038;ssl=1\" alt=\"\" width=\"1920\" height=\"656\" title=\"\" srcset=\"https:\/\/i0.wp.com\/volovape.com\/wp-content\/uploads\/2025\/06\/%E7%BD%91%E7%AB%99-Banner-2.jpg?w=1920&amp;ssl=1 1920w, https:\/\/i0.wp.com\/volovape.com\/wp-content\/uploads\/2025\/06\/%E7%BD%91%E7%AB%99-Banner-2.jpg?resize=300%2C103&amp;ssl=1 300w, https:\/\/i0.wp.com\/volovape.com\/wp-content\/uploads\/2025\/06\/%E7%BD%91%E7%AB%99-Banner-2.jpg?resize=1024%2C350&amp;ssl=1 1024w, https:\/\/i0.wp.com\/volovape.com\/wp-content\/uploads\/2025\/06\/%E7%BD%91%E7%AB%99-Banner-2.jpg?resize=768%2C262&amp;ssl=1 768w, https:\/\/i0.wp.com\/volovape.com\/wp-content\/uploads\/2025\/06\/%E7%BD%91%E7%AB%99-Banner-2.jpg?resize=1536%2C525&amp;ssl=1 1536w, https:\/\/i0.wp.com\/volovape.com\/wp-content\/uploads\/2025\/06\/%E7%BD%91%E7%AB%99-Banner-2.jpg?resize=18%2C6&amp;ssl=1 18w, https:\/\/i0.wp.com\/volovape.com\/wp-content\/uploads\/2025\/06\/%E7%BD%91%E7%AB%99-Banner-2.jpg?resize=800%2C273&amp;ssl=1 800w\" sizes=\"auto, (max-width: 1000px) 100vw, 1000px\" \/><\/p>","protected":false},"excerpt":{"rendered":"<p>Patirkite ilgalaik\u012f pasitenkinim\u0105 su Uwin Crystal Twins 40K vienkartiniu vape! 40 000 \u012fkv\u0117pim\u0173, dviej\u0173 skoni\u0173 galimyb\u0117s ir gaiv\u016bs aromatai.<\/p>","protected":false},"featured_media":30896,"comment_status":"open","ping_status":"closed","template":"","meta":[],"product_brand":[],"product_cat":[16,224],"product_tag":[],"class_list":{"0":"post-30895","1":"product","2":"type-product","3":"status-publish","4":"has-post-thumbnail","6":"product_cat-volo-vape","7":"product_cat-uwin","9":"first","10":"instock","11":"shipping-taxable","12":"purchasable","13":"product-type-variable","14":"has-default-attributes"},"jetpack_sharing_enabled":true,"tiered_pricing_type":"fixed","tiered_pricing_fixed_rules":{"30":7.589999999999999857891452847979962825775146484375,"50":6.20999999999999996447286321199499070644378662109375,"100":5.88999999999999968025576890795491635799407958984375,"200":5.4900000000000002131628207280300557613372802734375,"400":5.04000000000000003552713678800500929355621337890625},"tiered_pricing_product_settings":{"layout":"default","base_unit_name":{"singular":null,"plural":null},"default_variation":null},"tiered_pricing_minimum_quantity":10,"tiered_pricing_roles_data":[],"tiered_pricing_percentage_rules":[],"tiered_pricing_maximum_quantity":null,"tiered_pricing_quantity_step":"10","_links":{"self":[{"href":"https:\/\/volovape.com\/lt\/wp-json\/wp\/v2\/product\/30895","targetHints":{"allow":["GET"]}}],"collection":[{"href":"https:\/\/volovape.com\/lt\/wp-json\/wp\/v2\/product"}],"about":[{"href":"https:\/\/volovape.com\/lt\/wp-json\/wp\/v2\/types\/product"}],"replies":[{"embeddable":true,"href":"https:\/\/volovape.com\/lt\/wp-json\/wp\/v2\/comments?post=30895"}],"wp:featuredmedia":[{"embeddable":true,"href":"https:\/\/volovape.com\/lt\/wp-json\/wp\/v2\/media\/30896"}],"wp:attachment":[{"href":"https:\/\/volovape.com\/lt\/wp-json\/wp\/v2\/media?parent=30895"}],"wp:term":[{"taxonomy":"product_brand","embeddable":true,"href":"https:\/\/volovape.com\/lt\/wp-json\/wp\/v2\/product_brand?post=30895"},{"taxonomy":"product_cat","embeddable":true,"href":"https:\/\/volovape.com\/lt\/wp-json\/wp\/v2\/product_cat?post=30895"},{"taxonomy":"product_tag","embeddable":true,"href":"https:\/\/volovape.com\/lt\/wp-json\/wp\/v2\/product_tag?post=30895"}],"curies":[{"name":"wp","href":"https:\/\/api.w.org\/{rel}","templated":true}]}}