{"id":30869,"date":"2025-08-16T11:39:59","date_gmt":"2025-08-16T11:39:59","guid":{"rendered":"https:\/\/volovape.com\/?post_type=product&#038;p=30869"},"modified":"2025-10-28T04:51:04","modified_gmt":"2025-10-28T04:51:04","slug":"uwin-randm-tornado-beat-35k","status":"publish","type":"product","link":"https:\/\/volovape.com\/lt\/product\/uwin-randm-tornado-beat-35k\/","title":{"rendered":"Uwin RandM tornado beat 35K: ilgalaikis vienkartinis vape didmenin\u0117 prekyba"},"content":{"rendered":"<h2>Uwin RandM Tornado Beat 35K ap\u017evalga ir funkcijos<\/h2>\n<p>Uwin \"RandM Tornado Beat 35K\" yra auk\u0161\u010diausio lygio vienkartinis garintuvas, skirtas tiek skonio entuziastams, tiek intensyviems vartotojams. \u0160is aparatas pasi\u017eymi nepaprasta 35 000 d\u016b\u017ei\u0173 talpa, tod\u0117l kiekviena vapavimo sesija suteikia neprilygstam\u0105 patirt\u012f. \u0160is prietaisas suderina didelio na\u0161umo funkcijas su burnoje tirpstan\u010di\u0173 skoni\u0173 pasirinkimu, nesvarbu, ar m\u0117gstate vaisi\u0173 mi\u0161inius, ar gaivius ledinius mi\u0161inius. Puikiai tinka tiems, kurie trok\u0161ta ilgalaikio pasitenkinimo ir \u0161velni\u0173 sm\u016bgi\u0173.<\/p>\n<p>Specifikacijos:<\/p>\n<p>Puff talpa: 35 000 puanson\u0173<\/p>\n<p>E-skys\u010dio talpa: 12 ml<\/p>\n<p>Baterija: 800 mAh, C tipo<\/p>\n<p>Rit\u0117s tipas: 0,8\u03a9 Mesh Coil: rit\u0117 su tinkleliu<\/p>\n<p>Nikotino parinktys: 0%, 2%, 3%, 5%, 5%<\/p>\n<p>Ekranas: I\u0161manusis ekranas<\/p>\n<p>Dizainas: Kompakti\u0161kas ir ergonomi\u0161kas<\/p>\n<h2>Uwin RandM Tornado Beat 35K skoni\u0173 sand\u0117lyje:<\/h2>\n<p>M\u0117lyni\u0173 avie\u010di\u0173, bra\u0161ki\u0173 arb\u016bz\u0173, m\u0117lyni\u0173 ant ledo, arb\u016bz\u0173 ledo, vasaros persik\u0173 ledo, vy\u0161ni\u0173 ledo, bra\u0161ki\u0173 avie\u010di\u0173 vy\u0161ni\u0173 ledo, kivi\u0173 aistros vaisi\u0173 gvajavos, bra\u0161ki\u0173 ledo, vy\u0161ni\u0173 kolos, mi\u0161ri\u0173 uog\u0173, \"Mr Blue\".<\/p>\n<p>Kod\u0117l verta rinktis Uwin RandM Tornado Beat 35K?<\/p>\n<p>Neprilygstamas put\u0173 skai\u010dius: M\u0117gaukit\u0117s iki 35 000 \u012fp\u016btim\u0173, kurie trunka daug ilgiau nei standartiniai vienkartiniai.<\/p>\n<p>Dviej\u0173 skoni\u0173 parinktys: Du unikal\u016bs skoniai viename prietaise suteikia galimyb\u0119 i\u0161ties individualiai prisitaikyti.<\/p>\n<p>Didelio nikotino kiekio nikotino parinktys: Pasirinkite 0%, 2%, 3% ir 5% nikotino kiek\u012f, kad atitikt\u0173 j\u016bs\u0173 pageidavimus.<\/p>\n<p>Eleganti\u0161kas ir kompakti\u0161kas dizainas: Lengva ne\u0161iotis ir stilinga, kad b\u016bt\u0173 galima garinti keliaujant.<\/p>\n<p>I\u0161pl\u0117stin\u0117s funkcijos: I\u0161manusis ekranas ir C tipo \u012fkrovimas u\u017etikrina did\u017eiausi\u0105 patogum\u0105.<\/p>\n<p>Platus skoni\u0173 pasirinkimas: Galima rinktis i\u0161 daugiau nei 12 ry\u0161ki\u0173 ir skani\u0173 skoni\u0173.<\/p>\n<h2>Kod\u0117l Uwin RandM Tornado Beat 35K puikiai tinka jums:<\/h2>\n<p>Uwin RandM Tornado Beat 35K puikiai tinka tiek atsitiktiniams, tiek intensyviems vartotojams. Ilgai trunkantys d\u016b\u017eiai, \u012fvairus nikotino kiekis ir \u012fsp\u016bdingas skoni\u0173 asortimentas - idealus pasirinkimas vape parduotuv\u0117ms, platintojams ir didmenininkams. M\u0117gaukit\u0117s auk\u0161\u010diausio lygio veikimu ir sodriu skoniu kiekviename \u012fkv\u0117pime.<\/p>","protected":false},"excerpt":{"rendered":"<p>Uwin \"RandM Tornado Beat 35K\" vienkartinis garintuvas suteikia iki 35 000 \u012fkv\u0117pim\u0173 ne\u012ftik\u0117tino skonio ir pasi\u017eymi eleganti\u0161ku dizainu. M\u0117gaukit\u0117s auk\u0161\u010diausios kokyb\u0117s skoniais, tokiais kaip m\u0117lyni\u0173 avie\u010di\u0173, arb\u016bzo ledo ir kitais!<\/p>","protected":false},"featured_media":30870,"comment_status":"open","ping_status":"closed","template":"","meta":[],"product_brand":[],"product_cat":[16,224],"product_tag":[],"class_list":{"0":"post-30869","1":"product","2":"type-product","3":"status-publish","4":"has-post-thumbnail","6":"product_cat-volo-vape","7":"product_cat-uwin","9":"first","10":"instock","11":"shipping-taxable","12":"purchasable","13":"product-type-variable","14":"has-default-attributes"},"jetpack_sharing_enabled":true,"tiered_pricing_type":"fixed","tiered_pricing_fixed_rules":{"30":8.21000000000000085265128291212022304534912109375,"50":6.36000000000000031974423109204508364200592041015625,"100":5.7400000000000002131628207280300557613372802734375,"200":5.37000000000000010658141036401502788066864013671875,"400":4.94000000000000039079850466805510222911834716796875},"tiered_pricing_product_settings":{"layout":"default","base_unit_name":{"singular":null,"plural":null},"default_variation":null},"tiered_pricing_minimum_quantity":10,"tiered_pricing_roles_data":[],"tiered_pricing_percentage_rules":[],"tiered_pricing_maximum_quantity":null,"tiered_pricing_quantity_step":"10","_links":{"self":[{"href":"https:\/\/volovape.com\/lt\/wp-json\/wp\/v2\/product\/30869","targetHints":{"allow":["GET"]}}],"collection":[{"href":"https:\/\/volovape.com\/lt\/wp-json\/wp\/v2\/product"}],"about":[{"href":"https:\/\/volovape.com\/lt\/wp-json\/wp\/v2\/types\/product"}],"replies":[{"embeddable":true,"href":"https:\/\/volovape.com\/lt\/wp-json\/wp\/v2\/comments?post=30869"}],"wp:featuredmedia":[{"embeddable":true,"href":"https:\/\/volovape.com\/lt\/wp-json\/wp\/v2\/media\/30870"}],"wp:attachment":[{"href":"https:\/\/volovape.com\/lt\/wp-json\/wp\/v2\/media?parent=30869"}],"wp:term":[{"taxonomy":"product_brand","embeddable":true,"href":"https:\/\/volovape.com\/lt\/wp-json\/wp\/v2\/product_brand?post=30869"},{"taxonomy":"product_cat","embeddable":true,"href":"https:\/\/volovape.com\/lt\/wp-json\/wp\/v2\/product_cat?post=30869"},{"taxonomy":"product_tag","embeddable":true,"href":"https:\/\/volovape.com\/lt\/wp-json\/wp\/v2\/product_tag?post=30869"}],"curies":[{"name":"wp","href":"https:\/\/api.w.org\/{rel}","templated":true}]}}