{"id":29669,"date":"2025-04-24T06:39:08","date_gmt":"2025-04-24T06:39:08","guid":{"rendered":"https:\/\/volovape.com\/?post_type=product&#038;p=29669"},"modified":"2026-04-14T06:31:09","modified_gmt":"2026-04-14T06:31:09","slug":"mrvi-df-40000-puffs","status":"publish","type":"product","link":"https:\/\/volovape.com\/lt\/product\/mrvi-df-40000-puffs\/","title":{"rendered":"MRVI DF 40000 puff dvigubo skonio vienkartinis vape | 2-in-1 skonio sistema, 40 ml did\u017eiul\u0117 ejuice talpa"},"content":{"rendered":"<p><strong>MRVI DF 40000 Dvigubo skonio vienkartinis vape<\/strong> - Dvigubas tinklelis, dvigubas skonis, did\u017eiausias malonumas.<\/p>\n<p>Pristatome <strong>MRVI DF 40000<\/strong>, vienkartin\u0117 vap\u0117, kei\u010dianti \u017eaidimo taisykles, skirta tiems, kurie trok\u0161ta skonio ir ilgaam\u017ei\u0161kumo. \u0160is naujovi\u0161kas vape prietaisas suteikia iki <strong>40 000 \u012fkv\u0117pim\u0173<\/strong> ir sujungia <em>dvigubo skonio perjungimas<\/em> su <strong>dviguba tinklin\u0117 rit\u0117<\/strong> technologija, u\u017etikrinanti skland\u0173 u\u017etraukim\u0105 ir ry\u0161k\u0173 skon\u012f su kiekvienu u\u017etrauktuku. \u012erengtas <strong>\u012fkraunamas 850 mAh akumuliatorius<\/strong> ir \u012fsp\u016bdingas <strong>40 ml elektroninio skys\u010dio talpa<\/strong>, jis sukurtas nuva\u017eiuoti ilg\u0105 atstum\u0105.<\/p>\n<p>Su parinktimis <strong>5% arba 2% nikotino stiprumas<\/strong>, a <strong>C tipo \u012fkrovimo prievadas<\/strong>, ir <strong>10 turting\u0173 skoni\u0173 pasirinkim\u0173<\/strong>, MRVI DF 40000 puikiai tinka suaugusiems naudotojams ir didmenininkams, ie\u0161kantiems patikim\u0173, auk\u0161tos kokyb\u0117s gamini\u0173. Nesvarbu, ar garinate vienas, ar kaupiate atsargas perpardavimui, \u0161is prietaisas u\u017etikrina ir kokyb\u0119, ir kiek\u012f viename eleganti\u0161kame, kompakti\u0161kame korpuse.<\/p>\n<h3><strong>MRVI DF 40000 Funkcijos:<\/strong><\/h3>\n<ul>\n<li>Pufai: Iki 40 000<\/li>\n<li>E-skys\u010dio talpa: 40 ml<\/li>\n<li>Baterija: 850 mAh (\u012fkraunama)<\/li>\n<li>\u012ekrovimas: C tipo (visi\u0161kai \u012fkraunama per 2 valandas)<\/li>\n<li>rit\u0117: Dviguba tinklelio rit\u0117, u\u017etikrinanti skland\u0173 ir sodr\u0173 garavim\u0105<\/li>\n<li>Stiprus nikotinas: 5%, 2% (nikotinas be tabako)<\/li>\n<li>Skonio parinktys: 10 dinami\u0161k\u0173 dvigub\u0173 skoni\u0173 derini\u0173<\/li>\n<li>Naudojimas: \u012ekv\u0117pkite, kad suaktyvintum\u0117te (mygtuko nereikia)<\/li>\n<li>Pakuot\u0117: 10 vnt. viename ekrane<\/li>\n<li>Dydis: 92*41*19 mm - patogus ki\u0161en\u0117je ir ergonomi\u0161kas<\/li>\n<\/ul>","protected":false},"excerpt":{"rendered":"<p>Pagerinkite savo garinimo patirt\u012f su MRVI DF 40000! Dvigubo skonio galia, 40 000 \u012fp\u016btim\u0173 ir dvigubo tinklelio rit\u0117s technologija. Idealiai tinka asmeniniam naudojimui arba didmeniniams didmeniniams u\u017esakymams.<\/p>","protected":false},"featured_media":29675,"comment_status":"open","ping_status":"closed","template":"","meta":[],"product_brand":[],"product_cat":[55,74,64,44],"product_tag":[],"class_list":{"0":"post-29669","1":"product","2":"type-product","3":"status-publish","4":"has-post-thumbnail","6":"product_cat-mrvi","7":"product_cat-40000-puffs-disposable-vape","8":"product_cat-dual-flavor-vapes","9":"product_cat-dual-mesh-vapes","11":"first","12":"instock","13":"shipping-taxable","14":"purchasable","15":"product-type-variable","16":"has-default-attributes"},"jetpack_sharing_enabled":true,"tiered_pricing_type":"fixed","tiered_pricing_fixed_rules":{"100":6.730000000000000426325641456060111522674560546875,"200":6.11000000000000031974423109204508364200592041015625,"400":5.79999999999999982236431605997495353221893310546875},"tiered_pricing_product_settings":{"layout":"default","base_unit_name":{"singular":null,"plural":null},"default_variation":null},"tiered_pricing_minimum_quantity":50,"tiered_pricing_roles_data":[],"tiered_pricing_percentage_rules":[],"tiered_pricing_maximum_quantity":null,"tiered_pricing_quantity_step":"10","_links":{"self":[{"href":"https:\/\/volovape.com\/lt\/wp-json\/wp\/v2\/product\/29669","targetHints":{"allow":["GET"]}}],"collection":[{"href":"https:\/\/volovape.com\/lt\/wp-json\/wp\/v2\/product"}],"about":[{"href":"https:\/\/volovape.com\/lt\/wp-json\/wp\/v2\/types\/product"}],"replies":[{"embeddable":true,"href":"https:\/\/volovape.com\/lt\/wp-json\/wp\/v2\/comments?post=29669"}],"wp:featuredmedia":[{"embeddable":true,"href":"https:\/\/volovape.com\/lt\/wp-json\/wp\/v2\/media\/29675"}],"wp:attachment":[{"href":"https:\/\/volovape.com\/lt\/wp-json\/wp\/v2\/media?parent=29669"}],"wp:term":[{"taxonomy":"product_brand","embeddable":true,"href":"https:\/\/volovape.com\/lt\/wp-json\/wp\/v2\/product_brand?post=29669"},{"taxonomy":"product_cat","embeddable":true,"href":"https:\/\/volovape.com\/lt\/wp-json\/wp\/v2\/product_cat?post=29669"},{"taxonomy":"product_tag","embeddable":true,"href":"https:\/\/volovape.com\/lt\/wp-json\/wp\/v2\/product_tag?post=29669"}],"curies":[{"name":"wp","href":"https:\/\/api.w.org\/{rel}","templated":true}]}}