{"id":29610,"date":"2025-04-24T08:23:07","date_gmt":"2025-04-24T08:23:07","guid":{"rendered":"https:\/\/volovape.com\/?post_type=product&#038;p=29610"},"modified":"2026-04-22T01:04:26","modified_gmt":"2026-04-22T01:04:26","slug":"bang-karalius-50000-dvigubo-skonio-vienkartinis-vape","status":"publish","type":"product","link":"https:\/\/volovape.com\/lt\/product\/bang-king-50000-double-flavor-disposable-vape\/","title":{"rendered":"\"Bang King 50000 Puff\" dvigubo skonio vienkartinis vape | 50 ml talpos, \u0161velnaus skonio, kompakti\u0161kas ir ne\u0161iojamas"},"content":{"rendered":"<p><strong>Bang King 50000 Dvigubo skonio vienkartinis Vape<\/strong> - Did\u017eiausia talpa. Did\u017eiausias pasitenkinimas.<\/p>\n<p>Patirkite <strong>Bang Karalius 50000 pufik\u0173<\/strong>, didelio na\u0161umo vienkartinis garintuvas, sukurtas rimtiems naudotojams. Su did\u017eiuliu <strong>50 ml i\u0161 anksto pripildytas elektroninio skys\u010dio bakas<\/strong> ir <strong>ilgai veikiantis 850 mAh akumuliatorius<\/strong>, jis u\u017etikrina iki <strong>50 000 \u0161velni\u0173, aromating\u0173 pyragai\u010di\u0173<\/strong>. Su <em>dvigubo skonio technologija<\/em> kiekviename \u012frenginyje ir <strong>reguliuojamas nikotino stiprumas (0%, 2%, 3%, 5%)<\/strong>, ji atitinka visus garinimo pageidavimus. Joki\u0173 mygtuk\u0173, jokio vargo - tiesiog paimkite ir vapuokite.<\/p>\n<p>Nesvarbu, ar kaupiate atsargas sau, ar u\u017esisakote didmenin\u012f u\u017esakym\u0105, Bang King 50000 yra j\u016bs\u0173 pasirinkimas auk\u0161\u010diausios kokyb\u0117s, ilgesniam naudojimui skirtam garinimui.<\/p>\n<h3><strong>Bang King 50000 Vienkartiniai Vape bruo\u017eai:<\/strong><\/h3>\n<ul>\n<li>Pufai: Iki 50 000<\/li>\n<li>E-skys\u010dio talpa: 50 ml (i\u0161 anksto u\u017epildyta)<\/li>\n<li>Baterija: 850 mAh (integruota)<\/li>\n<li>\u012ekrovimas: Nereikia<\/li>\n<li>Nikotino stiprumas: 0%, 2%, 3%, 5%<\/li>\n<li>12 dvigubo skonio derini\u0173<\/li>\n<li>Ne\u0161iojamas, kompakti\u0161kas dizainas<\/li>\n<\/ul>","protected":false},"excerpt":{"rendered":"<p>Per\u017eenkite ribas su Bang King 50000 puf\u0173 vienkartiniu garintuvu! Dvigubo skonio, did\u017eiulis 50 ml e. skys\u010dio ir iki 50000 \u012fpur\u0161kim\u0173. Sukurtas tiek galingiems vartotojams, tiek didmeniniams pirk\u0117jams.<\/p>","protected":false},"featured_media":29611,"comment_status":"open","ping_status":"closed","template":"","meta":[],"product_brand":[],"product_cat":[16],"product_tag":[],"class_list":{"0":"post-29610","1":"product","2":"type-product","3":"status-publish","4":"has-post-thumbnail","6":"product_cat-volo-vape","8":"first","9":"instock","10":"shipping-taxable","11":"purchasable","12":"product-type-variable","13":"has-default-attributes"},"jetpack_sharing_enabled":true,"tiered_pricing_type":"fixed","tiered_pricing_fixed_rules":{"30":7.37999999999999989341858963598497211933135986328125,"50":6.910000000000000142108547152020037174224853515625,"100":6.1699999999999999289457264239899814128875732421875,"200":5.79999999999999982236431605997495353221893310546875,"400":5.25},"tiered_pricing_product_settings":{"layout":"default","base_unit_name":{"singular":null,"plural":null},"default_variation":null},"tiered_pricing_minimum_quantity":10,"tiered_pricing_roles_data":[],"tiered_pricing_percentage_rules":[],"tiered_pricing_maximum_quantity":null,"tiered_pricing_quantity_step":"10","_links":{"self":[{"href":"https:\/\/volovape.com\/lt\/wp-json\/wp\/v2\/product\/29610","targetHints":{"allow":["GET"]}}],"collection":[{"href":"https:\/\/volovape.com\/lt\/wp-json\/wp\/v2\/product"}],"about":[{"href":"https:\/\/volovape.com\/lt\/wp-json\/wp\/v2\/types\/product"}],"replies":[{"embeddable":true,"href":"https:\/\/volovape.com\/lt\/wp-json\/wp\/v2\/comments?post=29610"}],"wp:featuredmedia":[{"embeddable":true,"href":"https:\/\/volovape.com\/lt\/wp-json\/wp\/v2\/media\/29611"}],"wp:attachment":[{"href":"https:\/\/volovape.com\/lt\/wp-json\/wp\/v2\/media?parent=29610"}],"wp:term":[{"taxonomy":"product_brand","embeddable":true,"href":"https:\/\/volovape.com\/lt\/wp-json\/wp\/v2\/product_brand?post=29610"},{"taxonomy":"product_cat","embeddable":true,"href":"https:\/\/volovape.com\/lt\/wp-json\/wp\/v2\/product_cat?post=29610"},{"taxonomy":"product_tag","embeddable":true,"href":"https:\/\/volovape.com\/lt\/wp-json\/wp\/v2\/product_tag?post=29610"}],"curies":[{"name":"wp","href":"https:\/\/api.w.org\/{rel}","templated":true}]}}