{"id":28648,"date":"2025-03-21T06:47:18","date_gmt":"2025-03-21T06:47:18","guid":{"rendered":"https:\/\/volovape.com\/?post_type=product&#038;p=28648"},"modified":"2026-05-05T02:02:19","modified_gmt":"2026-05-05T02:02:19","slug":"waspe-60000-puffs-3-in-1-vienkartinis-vape","status":"publish","type":"product","link":"https:\/\/volovape.com\/lt\/product\/waspe-60000-puffs-3-in-1-disposable-vape\/","title":{"rendered":"WASPE 60K 3-in-1 vienkartin\u0117 vape | trigubi skoniai, 60 000 \u012fkv\u0117pim\u0173, didmenin\u0117 prekyba"},"content":{"rendered":"<p><strong>WASPE 60K \"3-in-1\" vienkartinis Vape<\/strong> - Trigubai daugiau skonio, trigubai daugiau d\u017eiaugsmo, su dar nereg\u0117tu 60 000 u\u017etep\u0117li\u0173 kiekiu. \u0160is revoliucinis vienkartinis garintuvas suteikia stulbinam\u0105 <strong>60 000 \u012fkv\u0117pim\u0173<\/strong>, derinant <strong>trys skirtingi skoniai<\/strong> viename eleganti\u0161kame \u012frenginyje. \u012ekv\u0117ptas populiariojo \"WASPE Crystal\", \u0161is aparatas si\u016blo <strong>12 unikali\u0173 skoni\u0173 trio<\/strong>, patenkinantis kiekvieno skonio poreikius. \u0160is prietaisas puikiai tinka didmeninei prekybai dideliais kiekiais, tod\u0117l j\u016bs\u0173 klientai gal\u0117s m\u0117gautis ilgesniu garinimo malonumu ir \u012fvairiais skoniais. D\u0117l savo ne\u0161iojamo dizaino ir didel\u0117s talpos jis yra i\u0161skirtinis pasirinkimas tiek asmeniniam naudojimui, tiek didmeninei prekybai.<\/p>\n<h3><strong>WASPE 60K 3-in-1 funkcijos:<\/strong><\/h3>\n<ul>\n<li>Puffs: 60 000 puffs\u0173 (54 ml el. skys\u010dio)<\/li>\n<li>Skoniai: 3-in-1 trigubo skonio dizainas<\/li>\n<li>Skonio parinktys: 12 unikali\u0173 skoni\u0173 trio<\/li>\n<li>Dizainas: Eleganti\u0161kas ir ne\u0161iojamas<\/li>\n<li>Idealiai tinka: Didmenin\u0117 prekyba<\/li>\n<\/ul>\n<h4>DUK<\/h4>\n<h5>Kaip veikia \"3-in-1\" skonio perjungimo mechanizmas?<\/h5>\n<p>\"WASPE 60K 3-in-1\" turi naujovi\u0161k\u0105 mechanizm\u0105, leid\u017eiant\u012f naudotojams skland\u017eiai perjungti tris \u012f komplekt\u0105 \u012ftrauktus skonius. Paprastu prietaiso reguliavimu aktyvuojamos skirtingos skonio kameros, tod\u0117l galima m\u0117gautis \u012fvairiapusiu ir maloniu garinimu nenaudojant keli\u0173 prietais\u0173.<\/p>\n<h5>Ar yra koki\u0173 nors privalum\u0173, jei WASPE 60K 3-in-1 b\u016bt\u0173 parduodamas urmu?<\/h5>\n<p>Didmenin\u0117 prekyba urmu u\u017etikrina pirmenyb\u0119 gauti \u0161\u012f itin paklaus\u0173 produkt\u0105, tod\u0117l esate vieni pirm\u0173j\u0173, galin\u010di\u0173 j\u012f pasi\u016blyti savo klientams. Taip pat galite pasinaudoti ekonomi\u0161kai efektyviomis didmenin\u0117mis kainomis ir padidinti savo pelningum\u0105. Taip u\u017etikrinama, kad gal\u0117site patenkinti pradin\u0119 didel\u0119 paklaus\u0105 ir i\u0161laikyti pastovias atsargas.<\/p>\n<h5>Kaip u\u017etikrinate tokio didel\u0117s talpos prietaiso kokyb\u0119 ir saugum\u0105?<\/h5>\n<p>Remdamiesi nusistov\u0117jusia \"WASPE Crystal\" reputacija, u\u017etikriname, kad \"WASPE 60K 3-in-1\" atitikt\u0173 grie\u017etus kokyb\u0117s ir saugos standartus. Kiekvienas prietaisas yra kruop\u0161\u010diai i\u0161bandomas, kad b\u016bt\u0173 u\u017etikrintas nuoseklus veikimas ir naudotojo saugumas. Taip pat palaikome \"PayPal\" mok\u0117jimo ir pirk\u0117j\u0173 apsaugos paslaug\u0105. Taip pat galite patikrinti m\u016bs\u0173 atsiliepimus <a href=\"https:\/\/www.trustpilot.com\/review\/volovape.com?utm_medium=trustbox&amp;utm_source=TrustBoxReviewCollector\">\"TrustPilot\"<\/a>.<\/p>","protected":false},"excerpt":{"rendered":"<p>I\u0161laisvinkite trigub\u0105 skonio palaim\u0105 su WASPE 60K \"3-in-1\" vienkartiniu garintuvu! M\u0117gaukit\u0117s 60 000 \u012fp\u016btim\u0173 ir 3 unikaliais skoniais viename eleganti\u0161kame \u012frenginyje.<\/p>\n<p><strong>Didmenin\u0117 prekyba<\/strong>\u00a0urmu dabar ir apsir\u016bpinkite \u0161iuo atnaujintu <a href=\"https:\/\/volovape.com\/lt\/product\/waspe-40k-dvigubo-skonio-dvyniai-40000-puffs\/\">WASPE 40k<\/a> \u012fkv\u0117p\u0117 vape su 12 skonio pasirinkti.<\/p>","protected":false},"featured_media":37388,"comment_status":"open","ping_status":"closed","template":"","meta":[],"product_brand":[],"product_cat":[17],"product_tag":[],"class_list":{"0":"post-28648","1":"product","2":"type-product","3":"status-publish","4":"has-post-thumbnail","6":"product_cat-waspe","8":"first","9":"instock","10":"shipping-taxable","11":"purchasable","12":"product-type-variable","13":"has-default-attributes"},"jetpack_sharing_enabled":true,"tiered_pricing_type":"fixed","tiered_pricing_fixed_rules":{"30":8.17999999999999971578290569595992565155029296875,"50":7.78000000000000024868995751603506505489349365234375,"100":7.28000000000000024868995751603506505489349365234375,"200":6.6699999999999999289457264239899814128875732421875,"400":6.36000000000000031974423109204508364200592041015625},"tiered_pricing_product_settings":{"layout":"default","base_unit_name":{"singular":null,"plural":null},"default_variation":null},"tiered_pricing_minimum_quantity":10,"tiered_pricing_roles_data":[],"tiered_pricing_percentage_rules":[],"tiered_pricing_maximum_quantity":null,"tiered_pricing_quantity_step":"10","_links":{"self":[{"href":"https:\/\/volovape.com\/lt\/wp-json\/wp\/v2\/product\/28648","targetHints":{"allow":["GET"]}}],"collection":[{"href":"https:\/\/volovape.com\/lt\/wp-json\/wp\/v2\/product"}],"about":[{"href":"https:\/\/volovape.com\/lt\/wp-json\/wp\/v2\/types\/product"}],"replies":[{"embeddable":true,"href":"https:\/\/volovape.com\/lt\/wp-json\/wp\/v2\/comments?post=28648"}],"wp:featuredmedia":[{"embeddable":true,"href":"https:\/\/volovape.com\/lt\/wp-json\/wp\/v2\/media\/37388"}],"wp:attachment":[{"href":"https:\/\/volovape.com\/lt\/wp-json\/wp\/v2\/media?parent=28648"}],"wp:term":[{"taxonomy":"product_brand","embeddable":true,"href":"https:\/\/volovape.com\/lt\/wp-json\/wp\/v2\/product_brand?post=28648"},{"taxonomy":"product_cat","embeddable":true,"href":"https:\/\/volovape.com\/lt\/wp-json\/wp\/v2\/product_cat?post=28648"},{"taxonomy":"product_tag","embeddable":true,"href":"https:\/\/volovape.com\/lt\/wp-json\/wp\/v2\/product_tag?post=28648"}],"curies":[{"name":"wp","href":"https:\/\/api.w.org\/{rel}","templated":true}]}}