{"id":28647,"date":"2025-03-21T06:47:18","date_gmt":"2025-03-21T06:47:18","guid":{"rendered":"https:\/\/volovape.com\/?post_type=product&#038;p=28647"},"modified":"2026-04-14T06:54:42","modified_gmt":"2026-04-14T06:54:42","slug":"gazzbar-rocket-20000-puffs-vienkartinis-vape","status":"publish","type":"product","link":"https:\/\/volovape.com\/lt\/product\/gazzbar-rocket-20000-puffs-disposable-vape\/","title":{"rendered":"Gazzbar Rocket 20000 Puffs vienkartinis vape | 14 skoni\u0173, 0-5% nikotino, didmenin\u0117 prekyba"},"content":{"rendered":"<p><strong>Gazzbar Rocket 20000 Puffs vienkartinis Vape<\/strong> - I\u0161veskite savo garinimo patirt\u012f \u012f orbit\u0105 su neprilygstama talpa. \u0160is didel\u0117s talpos vienkartinis garintuvas u\u017etikrina ne\u012ftik\u0117tin\u0105 <strong>20 000 \u012fkv\u0117pim\u0173<\/strong>, u\u017etikrinantis ilgalaik\u012f malonum\u0105. Su <strong>14 skirting\u0173 skoni\u0173<\/strong> ir nikotino parinktis nuo <strong>Nuo 0% iki 5%<\/strong>, \"Gazzbar Rocket\" atitinka \u012fvairius pageidavimus. Svetain\u0117 <strong>\u012fkraunamas USB dizainas<\/strong> suteikia papildomo patogumo, tod\u0117l puikiai tinka tiek asmeniniam naudojimui, tiek vienkartinei didmeninei prekybai. Kiekviena d\u016bdel\u0117 pasi\u017eymi pastoviu skoniu ir patikimu veikimu, tod\u0117l idealiai tinka u\u017esakyti dideliais kiekiais - 5 vienetai d\u0117\u017eut\u0117je ir 200 vienet\u0173 kartonin\u0117je d\u0117\u017eut\u0117je.<\/p>\n<h3><strong>\"Gazzbar Rocket 20000\" funkcijos:<\/strong><\/h3>\n<ul>\n<li>Puffs: 20 000 puffs\u0173<\/li>\n<li>Nikotinas: 0%\/2%\/3%\/5%<\/li>\n<li>\u012ekrovimas: \u012ekraunamas per USB<\/li>\n<li>Skoniai: 14 unikali\u0173 skoni\u0173<\/li>\n<li>Pakuot\u0117: 5 vnt.\/d\u0117\u017eut\u0119, 200 vnt.\/d\u0117\u017eut\u0119<\/li>\n<\/ul>\n<h4>DUK<\/h4>\n<h5>Kaip u\u017etikrinate, kad skonis i\u0161likt\u0173 pastovus per 20 000 \u012fkv\u0117pim\u0173?<\/h5>\n<p>Naudojame pa\u017eangias technologijas ir auk\u0161tos kokyb\u0117s med\u017eiagas, kad skonis i\u0161likt\u0173 pastovus nuo pirmo iki paskutinio d\u016bmo. Grie\u017eta kokyb\u0117s kontrol\u0117 u\u017etikrina, kad kiekviena \"Gazzbar Rocket\" suteikt\u0173 maloni\u0105 ir vienod\u0105 garinimo patirt\u012f, nepriklausomai nuo to, kiek kart\u0173 i\u0161trauk\u0117te.<\/p>\n<h5>Koks USB \u012fkraunam\u0173 vienkartini\u0173 garintuv\u0173, toki\u0173 kaip \"Gazzbar Rocket\", privalumas?<\/h5>\n<p>USB \u012fkraunami vienkartiniai garintuvai suteikia galimyb\u0119 ilgiau naudoti neaukojant galios. \u0160i funkcija leid\u017eia visi\u0161kai i\u0161naudoti 20 000 \u012fkv\u0117pim\u0173, tod\u0117l gal\u0117site m\u0117gautis kiekvienu elektroninio skys\u010dio la\u0161eliu. Be to, ji suma\u017eina atliek\u0173 kiek\u012f ir u\u017etikrina tvaresn\u012f garinim\u0105, palyginti su ne\u012fkraunamais vienkartiniais garintuvais.<\/p>\n<h5>Kaip galiu \u017einoti, kad mano didmeninis u\u017esakymas bus pristatytas be pa\u017eeidim\u0173?<\/h5>\n<p>Pirmenyb\u0119 teikiame saugiam j\u016bs\u0173 didelio kiekio u\u017esakymo pristatymui. Kiekviena d\u0117\u017eut\u0117 su 200 vienet\u0173 yra kruop\u0161\u010diai supakuota taip, kad b\u016bt\u0173 atspari transportavimui ir suma\u017eint\u0173 pa\u017eeidim\u0173 rizik\u0105. Bendradarbiaujame su patikimais siuntimo partneriais, tokiais kaip UPS, DHL, \"FedEx\" ir DPD, ir, atsi\u017evelgdami \u012f j\u016bs\u0173 buvimo viet\u0105, pasirenkame geriausi\u0105 variant\u0105, kad u\u017esakymas b\u016bt\u0173 pristatytas nepriekai\u0161tingos b\u016bkl\u0117s. Taip pat palaikome \"PayPal\" mok\u0117jimus ir pirk\u0117j\u0173 apsaugos paslaug\u0105. Taip pat galite patikrinti m\u016bs\u0173 atsiliepimus <a href=\"https:\/\/www.trustpilot.com\/review\/volovape.com?utm_medium=trustbox&amp;utm_source=TrustBoxReviewCollector\">\"TrustPilot\"<\/a>.<\/p>","protected":false},"excerpt":{"rendered":"<p>I\u0161bandykite \"Gazzbar Rocket 20000\" vienkartin\u012f garintuv\u0105 su 20 000 \u012fkv\u0117pim\u0173, 14 unikali\u0173 skoni\u0173 ir 0-5% nikotino parinktimis. \u012ekraunamas per USB jungt\u012f, \u0161is dideliam kiekiui skirtas vape si\u016blo neprilygstam\u0105 ilgaam\u017ei\u0161kum\u0105 ir \u012fvairov\u0119. U\u017esisakykite didmenin\u0119 prekyb\u0105 dabar, kad gautum\u0117te auk\u0161\u010diausios kokyb\u0117s pasitenkinim\u0105 garinimu!<\/p>","protected":false},"featured_media":28711,"comment_status":"open","ping_status":"closed","template":"","meta":[],"product_brand":[],"product_cat":[225],"product_tag":[],"class_list":{"0":"post-28647","1":"product","2":"type-product","3":"status-publish","4":"has-post-thumbnail","6":"product_cat-gazzbar","8":"first","9":"instock","10":"shipping-taxable","11":"purchasable","12":"product-type-variable","13":"has-default-attributes"},"jetpack_sharing_enabled":true,"tiered_pricing_type":"fixed","tiered_pricing_fixed_rules":{"30":7.269999999999999573674358543939888477325439453125,"60":6.9000000000000003552713678800500929355621337890625,"100":6.5,"200":5.9000000000000003552713678800500929355621337890625},"tiered_pricing_product_settings":{"layout":"default","base_unit_name":{"singular":null,"plural":null},"default_variation":null},"tiered_pricing_minimum_quantity":10,"tiered_pricing_roles_data":[],"tiered_pricing_percentage_rules":[],"tiered_pricing_maximum_quantity":null,"tiered_pricing_quantity_step":"10","_links":{"self":[{"href":"https:\/\/volovape.com\/lt\/wp-json\/wp\/v2\/product\/28647","targetHints":{"allow":["GET"]}}],"collection":[{"href":"https:\/\/volovape.com\/lt\/wp-json\/wp\/v2\/product"}],"about":[{"href":"https:\/\/volovape.com\/lt\/wp-json\/wp\/v2\/types\/product"}],"replies":[{"embeddable":true,"href":"https:\/\/volovape.com\/lt\/wp-json\/wp\/v2\/comments?post=28647"}],"wp:featuredmedia":[{"embeddable":true,"href":"https:\/\/volovape.com\/lt\/wp-json\/wp\/v2\/media\/28711"}],"wp:attachment":[{"href":"https:\/\/volovape.com\/lt\/wp-json\/wp\/v2\/media?parent=28647"}],"wp:term":[{"taxonomy":"product_brand","embeddable":true,"href":"https:\/\/volovape.com\/lt\/wp-json\/wp\/v2\/product_brand?post=28647"},{"taxonomy":"product_cat","embeddable":true,"href":"https:\/\/volovape.com\/lt\/wp-json\/wp\/v2\/product_cat?post=28647"},{"taxonomy":"product_tag","embeddable":true,"href":"https:\/\/volovape.com\/lt\/wp-json\/wp\/v2\/product_tag?post=28647"}],"curies":[{"name":"wp","href":"https:\/\/api.w.org\/{rel}","templated":true}]}}