{"id":28646,"date":"2025-03-21T06:47:18","date_gmt":"2025-03-21T06:47:18","guid":{"rendered":"https:\/\/volovape.com\/?post_type=product&#038;p=28646"},"modified":"2026-05-06T12:43:17","modified_gmt":"2026-05-06T12:43:17","slug":"uwin-crystal-10000-puffs-vienkartinis-vape","status":"publish","type":"product","link":"https:\/\/volovape.com\/lt\/product\/uwin-crystal-10000-puffs-disposable-vape\/","title":{"rendered":"Uwin Crystal 10000 Puffs \u012fkraunama vienkartin\u0117 vape | 15 skoni\u0173, 0-5% nikotino, didmenin\u0117 prekyba"},"content":{"rendered":"<p><iframe title=\"VideoPress vaizdo \u012fra\u0161\u0173 grotuvas\" aria-label='VideoPress vaizdo \u012fra\u0161\u0173 grotuvas' width='421' height='750' src='https:\/\/videopress.com\/embed\/TT81Wr9Y?hd=0&amp;cover=1' frameborder='0' allowfullscreen allow='clipboard-write'><\/iframe><script src='https:\/\/v0.wordpress.com\/js\/next\/videopress-iframe.js?m=1739540970'><\/script><\/p>\n<p><strong>Uwin Crystal 10000 Puffs \u012fkraunamas vienkartinis Vape<\/strong> - Patirkite neprilygstam\u0105 skon\u012f ir ilgaam\u017ei\u0161kum\u0105. Pasipildykite \u0161io didel\u0117s talpos vienkartinio vape aromato atsargas tiek asmeniniam naudojimui, tiek pelningoms vienkartinio vape aromato didmenin\u0117s prekybos galimyb\u0117ms. Su did\u017eiuliu <strong>10 000 puod\u0173 talpa<\/strong> ir <strong>18 ml auk\u0161\u010diausios kokyb\u0117s elektroninio skys\u010dio<\/strong>, Uwin Crystal suteikia ilgesn\u012f garinimo malonum\u0105. Galite rinktis i\u0161 <strong>30 \u012fvairi\u0173 skoni\u0173<\/strong> ir nikotino stiprumo <strong>0%, 2%, 3% arba 5%<\/strong> patenkinti visus pageidavimus. \u012erengtas <strong>650 mAh \u012fkraunama baterija<\/strong> ir <strong>C tipo \u012fkrovimas<\/strong>, \u0161is prietaisas u\u017etikrina ilgalaik\u012f veikim\u0105. . <strong>0,8\u03a9 aki\u0173 rit\u0117<\/strong> pagerina skon\u012f ir gar\u0173 gamyb\u0105, o ry\u0161kus <strong>RGB \u017eibintai<\/strong> prid\u0117kite stiling\u0105 akcent\u0105. Idealiai tinka dideliems u\u017esakymams, kiekvienoje d\u0117\u017eut\u0117je yra 10 vienet\u0173, o kiekvienoje d\u0117\u017eut\u0117je - 200 vienet\u0173.<\/p>\n<h3><strong>Uwin Crystal 10000 Puffs Savyb\u0117s:<\/strong><\/h3>\n<ul>\n<li>Puffs: 10 000 puffs\u0173<\/li>\n<li>E-skys\u010dio talpa: 18ml<\/li>\n<li>Nikotino stiprumas: 0%\/2%\/3%\/5%<\/li>\n<li>Baterija: 650 mAh \u012fkraunama<\/li>\n<li>\u012ekrovimas: C tipo greitasis \u012fkrovimas<\/li>\n<li>Spiral\u0117: 0.8\u03a9 Mesh Coil<\/li>\n<li>\u0160viesos: RGB \u017eibintai<\/li>\n<li>Skoniai: 30 unikali\u0173 skoni\u0173<\/li>\n<\/ul>\n<h4>DUK<\/h4>\n<h5>Kaip greitai galiu gauti savo didmenin\u012f u\u017esakym\u0105?<\/h5>\n<p>Pirmenyb\u0119 teikiame efektyviam siuntimui ir paprastai pristatome per 7-15 darbo dien\u0173. Ta\u010diau piko metu arba d\u0117l nenumatyt\u0173 aplinkybi\u0173, pavyzd\u017eiui, valstybini\u0173 \u0161ven\u010di\u0173 ar nepalanki\u0173 oro s\u0105lyg\u0173, pristatymas gali u\u017esit\u0119sti iki 20 darbo dien\u0173. Naudojam\u0117s patikimais ve\u017e\u0117jais, tokiais kaip UPS, DHL, FEDEX ir DPD, pasirinkdami geriausi\u0105 variant\u0105 pagal pristatymo viet\u0105, kad b\u016bt\u0173 u\u017etikrintas optimalus greitis ir patikimumas.<\/p>\n<h5>Ar mano u\u017esakymas susidurs su muitin\u0117s problemomis arba papildomais mokes\u010diais?<\/h5>\n<p>Mes atliekame visus muitin\u0117s formalumus, tod\u0117l jums bus u\u017etikrintas sklandus ir patogus gabenimas. Garantuojame, kad 100% m\u016bs\u0173 produktai bus s\u0117kmingai i\u0161muitinti, o j\u016bs nepatirsite joki\u0173 netik\u0117t\u0173 mokes\u010di\u0173 ar papildom\u0173 rinkliav\u0173. J\u016bs\u0173 u\u017esakymas bus skland\u017eiai pristatytas tiesiai \u012f nurodyt\u0105 paskirties viet\u0105.<\/p>\n<h5>Ar nurodyti skoniai ir p\u016bk\u0173 skai\u010dius yra tiksliai nurodyti?<\/h5>\n<p>Taip, garantuojame, kad visa informacija apie skonius ir p\u016bk\u0173 kiek\u012f yra tiksli. Kruop\u0161\u010diai atrenkame ir i\u0161bandome kiekvien\u0105 gamin\u012f, kad u\u017etikrintume, jog jis atitinka m\u016bs\u0173 grie\u017etus standartus ir u\u017etikrina b\u016btent tai, kas skelbiama. Tur\u0117dami 30 unikali\u0173 skoni\u0173 ir patvirtint\u0105 10 000 p\u016bkeli\u0173 kiek\u012f, kiekvien\u0105 kart\u0105 gausite auk\u0161tos kokyb\u0117s gamin\u012f. Mes taip pat garantuojame savo gamini\u0173 kokyb\u0119, leisdami jums saugiai pirkti mokant per \"Paypal\" ir pateikdami ap\u017evalgas <a href=\"https:\/\/www.trustpilot.com\/review\/volovape.com?utm_medium=trustbox&amp;utm_source=TrustBoxReviewCollector\">\"TrustPilot\"<\/a>.<\/p>","protected":false},"excerpt":{"rendered":"<p>Susipa\u017einkite su Uwin \"Crystal 10000 Puffs\" \u012fkraunamu vienkartiniu garintuvu - iki 10 000 \u012fkv\u0117pim\u0173, 15 ry\u0161ki\u0173 skoni\u0173 ir 0-5% nikotino parink\u010di\u0173. 650 mAh akumuliatorius, C tipo \u012fkrovimas ir RGB lemput\u0117s puikiai tinka masiniams u\u017esakymams \"VoloVape\". Pasipildykite atsargas dabar!<\/p>","protected":false},"featured_media":28694,"comment_status":"open","ping_status":"closed","template":"","meta":[],"product_brand":[],"product_cat":[57,224],"product_tag":[],"class_list":{"0":"post-28646","1":"product","2":"type-product","3":"status-publish","4":"has-post-thumbnail","6":"product_cat-10000-puffs-disposable-vape","7":"product_cat-uwin","9":"first","10":"instock","11":"shipping-taxable","12":"purchasable","13":"product-type-variable","14":"has-default-attributes"},"jetpack_sharing_enabled":true,"tiered_pricing_type":"fixed","tiered_pricing_fixed_rules":{"30":5.28000000000000024868995751603506505489349365234375,"50":4.75,"100":4.160000000000000142108547152020037174224853515625,"200":3.979999999999999982236431605997495353221893310546875,"400":3.5800000000000000710542735760100185871124267578125},"tiered_pricing_product_settings":{"layout":"default","base_unit_name":{"singular":null,"plural":null},"default_variation":null},"tiered_pricing_minimum_quantity":10,"tiered_pricing_roles_data":[],"tiered_pricing_percentage_rules":[],"tiered_pricing_maximum_quantity":null,"tiered_pricing_quantity_step":"10","_links":{"self":[{"href":"https:\/\/volovape.com\/lt\/wp-json\/wp\/v2\/product\/28646","targetHints":{"allow":["GET"]}}],"collection":[{"href":"https:\/\/volovape.com\/lt\/wp-json\/wp\/v2\/product"}],"about":[{"href":"https:\/\/volovape.com\/lt\/wp-json\/wp\/v2\/types\/product"}],"replies":[{"embeddable":true,"href":"https:\/\/volovape.com\/lt\/wp-json\/wp\/v2\/comments?post=28646"}],"wp:featuredmedia":[{"embeddable":true,"href":"https:\/\/volovape.com\/lt\/wp-json\/wp\/v2\/media\/28694"}],"wp:attachment":[{"href":"https:\/\/volovape.com\/lt\/wp-json\/wp\/v2\/media?parent=28646"}],"wp:term":[{"taxonomy":"product_brand","embeddable":true,"href":"https:\/\/volovape.com\/lt\/wp-json\/wp\/v2\/product_brand?post=28646"},{"taxonomy":"product_cat","embeddable":true,"href":"https:\/\/volovape.com\/lt\/wp-json\/wp\/v2\/product_cat?post=28646"},{"taxonomy":"product_tag","embeddable":true,"href":"https:\/\/volovape.com\/lt\/wp-json\/wp\/v2\/product_tag?post=28646"}],"curies":[{"name":"wp","href":"https:\/\/api.w.org\/{rel}","templated":true}]}}