{"id":27742,"date":"2025-01-21T03:31:17","date_gmt":"2025-01-21T03:31:17","guid":{"rendered":"https:\/\/volovape.com\/?post_type=product&#038;p=27742"},"modified":"2026-04-29T02:13:28","modified_gmt":"2026-04-29T02:13:28","slug":"waspe-crystal-40k-dvigubo-skonio-40000-pakeliu","status":"publish","type":"product","link":"https:\/\/volovape.com\/lt\/product\/waspe-crystal-40k-double-flavor-40000-puffs\/","title":{"rendered":"WASPE Crystal 40K: dvigubas skonis 40000 puff vienkartini\u0173 vape (dvigubas skonis) - didmenin\u0117 prekyba"},"content":{"rendered":"<p><iframe title=\"VideoPress vaizdo \u012fra\u0161\u0173 grotuvas\" aria-label='VideoPress vaizdo \u012fra\u0161\u0173 grotuvas' width='421' height='750' src='https:\/\/videopress.com\/embed\/xUagakYO?hd=0&amp;cover=1' frameborder='0' allowfullscreen allow='clipboard-write'><\/iframe><script src='https:\/\/v0.wordpress.com\/js\/next\/videopress-iframe.js?m=1739540970'><\/script><\/p>\n<p><strong>WASPE Crystal 40K vienkartinis Vape<\/strong> - Patirkite neprilygstam\u0105 ilgaam\u017ei\u0161kum\u0105 ir skon\u012f.<\/p>\n<p>Svetain\u0117 <strong>WASPE kristalas 40K<\/strong> sukurtas vaperiams, siekiantiems ilgesnio aromato ir skonio poj\u016b\u010dio. Pasi\u017eymi dideliu <strong>40 000 puff<\/strong> paj\u0117gumus ir didel\u0119 <strong>32 ml i\u0161 anksto u\u017epildyto elektroninio skys\u010dio<\/strong> talpykl\u0105, \u0161is prietaisas suma\u017eina poreik\u012f papildyti talpykl\u0105. Maitinamas tvirtu <strong>850 mAh \u012fkraunama baterija<\/strong> su <strong>C tipo greitasis \u012fkrovimas<\/strong>, jis u\u017etikrina ilgalaik\u012f veikim\u0105. Pa\u017eangus <strong>dvigubos tinklin\u0117s rit\u0117s technologija<\/strong> (0,9ohm + 0,9ohm) u\u017etikrina nuolatin\u012f skland\u0173 ir sodr\u0173 garavim\u0105. Galima \u012fsigyti <strong>0%, 2% ir 5% nikotino kiekis<\/strong> ir \u012fdomus <strong>dvigubi skonio deriniai<\/strong>, WASPE Crystal 40K atitinka \u012fvairius pageidavimus. Idealiai tinka ir asmeniniam malonumui, ir <strong>vienkartiniai vape didmenin\u0117 prekyba<\/strong>, i\u0161nagrin\u0117ti m\u016bs\u0173 galimybes <strong>masinis u\u017esakymas<\/strong> santaupos.<\/p>\n<h3><strong>WASPE Crystal 40K Funkcijos:<\/strong><\/h3>\n<ul>\n<li>Pufai: Iki 40 000<\/li>\n<li>E-skys\u010dio talpa: 32ml<\/li>\n<li>Baterija: 850 mAh (\u012fkraunama)<\/li>\n<li>Rit\u0117s tipas: Dvigubas tinklelis (0,9ohm + 0,9ohm)<\/li>\n<li>Nikotino stiprumas: 0%, 2%, 5%<\/li>\n<li>\u012ekrovimas: C tipo<\/li>\n<li>Dvigubi skonio deriniai<\/li>\n<\/ul>\n<h4>DUK<\/h4>\n<h5>Kaip dviguba tinklelio rit\u0117 pagerina skon\u012f ir gar\u0173 gamyb\u0105?<\/h5>\n<p>\"WASPE Crystal 40K\" dvigubo tinklelio rit\u0117s konstrukcija u\u017etikrina tolyg\u0173 kaitinim\u0105 ir maksimaliai padidina su elektroniniu skys\u010diu besilie\u010dian\u010dios rit\u0117s pavir\u0161iaus plot\u0105. D\u0117l to skonis tampa intensyvesnis, gaminami tankesni garai ir prietaisas nuolat skland\u017eiai traukiamas per vis\u0105 naudojimo laik\u0105.<\/p>\n<h5>Kokie yra galimi dvigubi skonio deriniai?<\/h5>\n<p>WASPE Crystal 40K si\u016blo daugyb\u0119 unikali\u0173 dvigub\u0173 skoni\u0173 derini\u0173, \u012fskaitant arb\u016bzo led\u0105 ir citrinos laim\u0105, \"Red Bull\" led\u0105 ir bra\u0161kin\u012f mang\u0105, m\u0117lyni\u0173 saldain\u012f ir bra\u0161kin\u012f arb\u016bz\u0105, persik\u0173 led\u0105 ir arb\u016bzo mang\u0105 bei vynuogi\u0173 led\u0105 ir juodojo drakono led\u0105. Kiekvienas derinys kruop\u0161\u010diai sukurtas taip, kad suteikt\u0173 jaudinan\u010di\u0105 ir d\u017eiuginan\u010di\u0105 garinimo patirt\u012f.<\/p>\n<h5>Kaip su\u017einoti, koks nikotino kiekis man tinka?<\/h5>\n<p>WASPE Crystal 40K yra 0%, 2% ir 5% nikotino stiprumo. 0% yra be nikotino, tinka tiems, kurie m\u0117gsta garinti be nikotino. 2% suteikia silpn\u0105 nikotino poveik\u012f, idealiai tinka r\u016bkantiems lengv\u0105 r\u016bkal\u0105 arba pereinantiems nuo didesnio stiprumo r\u016bkal\u0173. 5% suteikia stipresn\u012f nikotino poveik\u012f, tinka intensyviai r\u016bkantiems arba m\u0117gstantiems ry\u0161kesn\u012f nikotino poveik\u012f.<\/p>\n<h5>Kaip \u012fsigyti WASPE Crystal 40K urmu?<\/h5>\n<p>\"WASPE Crystal 40K\" galima \u012fsigyti didmenomis. Susisiekite su mumis, kad gautum\u0117te daugiau informacijos apie kainas ir didmeninio u\u017esakymo galimybes, taip u\u017etikrinant, kad gausite geriausi\u0105 j\u016bs\u0173 poreikius atitinkan\u010di\u0105 kain\u0105.<\/p>","protected":false},"excerpt":{"rendered":"<p>I\u0161bandykite neprilygstam\u0105 garinim\u0105 su WASPE Crystal 40K - revoliuciniu vienkartiniu garintuvu, si\u016blan\u010diu ne\u012ftik\u0117tin\u0105 40 000 \u012fp\u016btim\u0173 ir naujovi\u0161kus dvigubus skonio derinius. Idealiai tinka didmenin\u0117s prekybos ir didmeniniams pirk\u0117jams.<\/p>","protected":false},"featured_media":27772,"comment_status":"open","ping_status":"closed","template":"","meta":[],"product_brand":[],"product_cat":[17,74,21,43,18,39,20,23,24,22,25,26,27,28,29,30,31,32,33,34,35,64,36,40],"product_tag":[],"class_list":{"0":"post-27742","1":"product","2":"type-product","3":"status-publish","4":"has-post-thumbnail","6":"product_cat-waspe","7":"product_cat-40000-puffs-disposable-vape","8":"product_cat-big-puffs-vapes","9":"product_cat-crystal-vapes","10":"product_cat-different-puffs-of-disposable-vapes","11":"product_cat-digital-box-vapes","12":"product_cat-disposable-vape-types","13":"product_cat-disposable-vapes-in-austria","14":"product_cat-disposable-vapes-in-belgium","15":"product_cat-disposable-vapes-in-europe","16":"product_cat-disposable-vapes-in-france","17":"product_cat-disposable-vapes-in-germany","18":"product_cat-disposable-vapes-in-hungary","19":"product_cat-disposable-vapes-in-ltaly","20":"product_cat-disposable-vapes-in-netherlands","21":"product_cat-disposable-vapes-in-norway","22":"product_cat-disposable-vapes-in-poland","23":"product_cat-disposable-vapes-in-portugal","24":"product_cat-disposable-vapes-in-spain","25":"product_cat-disposable-vapes-in-sweden","26":"product_cat-disposable-vapes-in-switzerland","27":"product_cat-dual-flavor-vapes","28":"product_cat-rechargeable-vapes","29":"product_cat-smart-screen-vapes","31":"first","32":"instock","33":"shipping-taxable","34":"purchasable","35":"product-type-variable","36":"has-default-attributes"},"jetpack_sharing_enabled":true,"tiered_pricing_type":"fixed","tiered_pricing_fixed_rules":{"30":6.980000000000000426325641456060111522674560546875,"50":6.20999999999999996447286321199499070644378662109375,"100":5.95999999999999996447286321199499070644378662109375,"200":5.589999999999999857891452847979962825775146484375,"400":5.04000000000000003552713678800500929355621337890625},"tiered_pricing_product_settings":{"layout":"default","base_unit_name":{"singular":null,"plural":null},"default_variation":null},"tiered_pricing_minimum_quantity":10,"tiered_pricing_roles_data":[],"tiered_pricing_percentage_rules":[],"tiered_pricing_maximum_quantity":null,"tiered_pricing_quantity_step":"10","_links":{"self":[{"href":"https:\/\/volovape.com\/lt\/wp-json\/wp\/v2\/product\/27742","targetHints":{"allow":["GET"]}}],"collection":[{"href":"https:\/\/volovape.com\/lt\/wp-json\/wp\/v2\/product"}],"about":[{"href":"https:\/\/volovape.com\/lt\/wp-json\/wp\/v2\/types\/product"}],"replies":[{"embeddable":true,"href":"https:\/\/volovape.com\/lt\/wp-json\/wp\/v2\/comments?post=27742"}],"wp:featuredmedia":[{"embeddable":true,"href":"https:\/\/volovape.com\/lt\/wp-json\/wp\/v2\/media\/27772"}],"wp:attachment":[{"href":"https:\/\/volovape.com\/lt\/wp-json\/wp\/v2\/media?parent=27742"}],"wp:term":[{"taxonomy":"product_brand","embeddable":true,"href":"https:\/\/volovape.com\/lt\/wp-json\/wp\/v2\/product_brand?post=27742"},{"taxonomy":"product_cat","embeddable":true,"href":"https:\/\/volovape.com\/lt\/wp-json\/wp\/v2\/product_cat?post=27742"},{"taxonomy":"product_tag","embeddable":true,"href":"https:\/\/volovape.com\/lt\/wp-json\/wp\/v2\/product_tag?post=27742"}],"curies":[{"name":"wp","href":"https:\/\/api.w.org\/{rel}","templated":true}]}}