{"id":1269,"date":"2024-11-21T03:39:32","date_gmt":"2024-11-21T03:39:32","guid":{"rendered":"https:\/\/volovape.com\/?post_type=product&#038;p=1269"},"modified":"2025-09-08T03:35:43","modified_gmt":"2025-09-08T03:35:43","slug":"waspe-30000-puffs-vienkartiniai-vape-didmenine-prekyba","status":"publish","type":"product","link":"https:\/\/volovape.com\/lt\/product\/waspe-30000-puffs-disposable-vape-wholesale\/","title":{"rendered":"WASPE 30000 puffs dvigubo tinklelio vienkartinis vape su \u012fkraunama 850 mAh baterija"},"content":{"rendered":"<p>WASPE 30000 Puffs Dual Mesh vienkartinis Vape - 30 000 Puff Count, \u012fkraunamas<br \/>\n<strong>WASPE 30000 Puffs Dual Mesh vienkartinis Vape<\/strong> - Nepakartojamas ilgaam\u017ei\u0161kumas ir skonis.<\/p>\n<p>Pagerinkite savo garinimo patirt\u012f su <strong>WASPE 30000<\/strong>revoliucinis vienkartinis vape, sukurtas maksimaliam na\u0161umui u\u017etikrinti. \u0160is prietaisas si\u016blo stulbinam\u0105 30 000 \u012fpur\u0161kim\u0173, didel\u0119 28 ml e. skys\u010dio talp\u0105 ir 850 mAh \u012fkraunam\u0105 baterij\u0105 su C tipo \u012fkrovimo funkcija, tod\u0117l u\u017etikrina ilgas garinimo sesijas be joki\u0173 kompromis\u0173. Pa\u017eangi dvigubos tinklin\u0117s rit\u0117s technologija u\u017etikrina nuolatin\u012f sodr\u0173 ir aromating\u0105 garavim\u0105, tod\u0117l puikiai tinka tiek asmeniniam naudojimui, tiek didmeniniams vienkartini\u0173 garintuv\u0173 u\u017esakymams. I\u0161tirkite 16 unikali\u0173 skoni\u0173 variant\u0173, kuri\u0173 kiekvienas sukurtas iki tobulumo, ir m\u0117gaukit\u0117s patogiu naudoti paruo\u0161tu didel\u0117s talpos prietaisu.<\/p>\n<h3><strong>WASPE 30000 Savyb\u0117s\uff1a<\/strong><\/h3>\n<ul>\n<li>Pufai: Iki 30 000 \u012fpur\u0161kim\u0173<\/li>\n<li>E-skys\u010dio talpa: 28ml<\/li>\n<li>Baterija: 850 mAh (\u012fkraunama)<\/li>\n<li>\u012ekrovimas: C tipo<\/li>\n<li>rit\u0117: Dviguba tinklelio rit\u0117<\/li>\n<li>16 unikali\u0173 skoni\u0173<\/li>\n<li>Vienkartinis \u012frenginys<\/li>\n<\/ul>\n<h4>DUK<\/h4>\n<h5>Kokie pristatymo b\u016bdai naudojami?<\/h5>\n<p>Bendradarbiaujame su UPS\/DHL\/FEDEX\/DPD ir kt. Atsi\u017evelgdami \u012f pristatymo \u0161al\u012f, parinksime tinkam\u0105 pristatymo b\u016bd\u0105, kad gaminius gautum\u0117te kuo grei\u010diau.<\/p>\n<h5>Per kiek laiko jis bus pristatytas?<\/h5>\n<p>Paprastai tai trunka 7-15 darbo dien\u0173, o \u0161ven\u010di\u0173 dienomis arba esant blogoms oro s\u0105lygoms gali u\u017etrukti iki 20 darbo dien\u0173.<\/p>\n<h5>Ar jis gali b\u016bti \u012fve\u017etas per muitin\u0119 ir ar d\u0117l to kils koki\u0173 nors problem\u0173?<\/h5>\n<p>Garantuojame, kad netur\u0117site joki\u0173 r\u016bpes\u010di\u0173, nes mes pasir\u016bpinsime muitiniu \u012fforminimu ir nereik\u0117s mok\u0117ti joki\u0173 mokes\u010di\u0173 ar rinkliav\u0173. Garantuojame, kad 100% m\u016bs\u0173 gamini\u0173 bus i\u0161muitinti.<\/p>\n<h5>Kuo ypatinga dvigubos tinklin\u0117s rit\u0117s technologija?<\/h5>\n<p>WASPE 30000 esanti dviguba tinklelio rit\u0117 pagerina aromato perdavim\u0105 ir gar\u0173 gamyb\u0105, tod\u0117l su kiekvienu \u012fkv\u0117pimu u\u017etikrinamas nuolatinis sklandus ir malonus garinimas, maksimaliai i\u0161naudojant kiekvieno skonio potencial\u0105.<\/p>\n<h5>Ar galiu juo pasitik\u0117ti?<\/h5>\n<p>Mes palaikome \"PayPal\" mok\u0117jimo ir pirk\u0117jo apsaugos paslaug\u0105.<br \/>\nTaip pat galite patikrinti m\u016bs\u0173 atsiliepimus apie <a href=\"https:\/\/www.trustpilot.com\/review\/volovape.com?utm_medium=trustbox&amp;utm_source=TrustBoxReviewCollector\">\"TrustPilot\"<\/a><\/p>","protected":false},"excerpt":{"rendered":"<p>I\u0161laisvinkite garinimo i\u0161tverm\u0119 su WASPE 30000 puf\u0173 vienkartiniu garintuvu. 28 ml el. skys\u010dio, 850 mAh baterija, dvigubos tinklin\u0117s rit\u0117s ir 16 skoni\u0173. Galima didmenin\u0117 prekyba dideliais kiekiais, C tipo \u012fkrovimas.<\/p>","protected":false},"featured_media":1491,"comment_status":"open","ping_status":"closed","template":"","meta":[],"product_brand":[],"product_cat":[46,63,21,18,39,20,23,24,22,25,26,27,28,29,30,31,32,33,34,35,44,36,40,17],"product_tag":[],"class_list":{"0":"post-1269","1":"product","2":"type-product","3":"status-publish","4":"has-post-thumbnail","6":"product_cat-fihp","7":"product_cat-30000-puffs-disposable-vape","8":"product_cat-big-puffs-vapes","9":"product_cat-different-puffs-of-disposable-vapes","10":"product_cat-digital-box-vapes","11":"product_cat-disposable-vape-types","12":"product_cat-disposable-vapes-in-austria","13":"product_cat-disposable-vapes-in-belgium","14":"product_cat-disposable-vapes-in-europe","15":"product_cat-disposable-vapes-in-france","16":"product_cat-disposable-vapes-in-germany","17":"product_cat-disposable-vapes-in-hungary","18":"product_cat-disposable-vapes-in-ltaly","19":"product_cat-disposable-vapes-in-netherlands","20":"product_cat-disposable-vapes-in-norway","21":"product_cat-disposable-vapes-in-poland","22":"product_cat-disposable-vapes-in-portugal","23":"product_cat-disposable-vapes-in-spain","24":"product_cat-disposable-vapes-in-sweden","25":"product_cat-disposable-vapes-in-switzerland","26":"product_cat-dual-mesh-vapes","27":"product_cat-rechargeable-vapes","28":"product_cat-smart-screen-vapes","29":"product_cat-waspe","31":"first","32":"instock","33":"shipping-taxable","34":"purchasable","35":"product-type-variable","36":"has-default-attributes"},"jetpack_sharing_enabled":true,"tiered_pricing_type":"fixed","tiered_pricing_fixed_rules":{"2000":5.5},"tiered_pricing_product_settings":{"layout":"default","base_unit_name":{"singular":null,"plural":null},"default_variation":null},"tiered_pricing_minimum_quantity":1000,"tiered_pricing_roles_data":[],"tiered_pricing_percentage_rules":[],"tiered_pricing_maximum_quantity":null,"tiered_pricing_quantity_step":"10","_links":{"self":[{"href":"https:\/\/volovape.com\/lt\/wp-json\/wp\/v2\/product\/1269","targetHints":{"allow":["GET"]}}],"collection":[{"href":"https:\/\/volovape.com\/lt\/wp-json\/wp\/v2\/product"}],"about":[{"href":"https:\/\/volovape.com\/lt\/wp-json\/wp\/v2\/types\/product"}],"replies":[{"embeddable":true,"href":"https:\/\/volovape.com\/lt\/wp-json\/wp\/v2\/comments?post=1269"}],"wp:featuredmedia":[{"embeddable":true,"href":"https:\/\/volovape.com\/lt\/wp-json\/wp\/v2\/media\/1491"}],"wp:attachment":[{"href":"https:\/\/volovape.com\/lt\/wp-json\/wp\/v2\/media?parent=1269"}],"wp:term":[{"taxonomy":"product_brand","embeddable":true,"href":"https:\/\/volovape.com\/lt\/wp-json\/wp\/v2\/product_brand?post=1269"},{"taxonomy":"product_cat","embeddable":true,"href":"https:\/\/volovape.com\/lt\/wp-json\/wp\/v2\/product_cat?post=1269"},{"taxonomy":"product_tag","embeddable":true,"href":"https:\/\/volovape.com\/lt\/wp-json\/wp\/v2\/product_tag?post=1269"}],"curies":[{"name":"wp","href":"https:\/\/api.w.org\/{rel}","templated":true}]}}