{"id":1242,"date":"2024-11-21T03:39:04","date_gmt":"2024-11-21T03:39:04","guid":{"rendered":"https:\/\/volovape.com\/?post_type=product&#038;p=1242"},"modified":"2025-11-11T03:20:43","modified_gmt":"2025-11-11T03:20:43","slug":"vapme-shisha-pro-max-20000-pukeliu","status":"publish","type":"product","link":"https:\/\/volovape.com\/lt\/product\/vapme-shisha-pro-max-20000-puffs\/","title":{"rendered":"\"VAPME Shisha Pro Max\" 20000 \u012fkv\u0117pim\u0173 - 28ml \u0160i\u0161os \u012fkv\u0117ptas skonio stiprintuvas"},"content":{"rendered":"<p><strong>VAPME SHISHA PRO MAX 20000 Puffs vienkartinis Vape<\/strong> - Patirkite \u0161i\u0161os \u012fkv\u0117ptus aromatus, pasi\u017eymin\u010dius neprilygstamu ilgaam\u017ei\u0161kumu.<\/p>\n<p>Pasinerkite \u012f turting\u0105 ir \u012fvair\u0173 \u0161i\u0161os skoni\u0173 pasaul\u012f su <strong>VAPME SHISHA PRO MAX 20000<\/strong>. \u0160is didel\u0117s talpos vienkartinis garintuvas u\u017etikrina \u012fsp\u016bding\u0105 20 000 \u012fkv\u0117pim\u0173, kuriuos skatina did\u017eiulis 28 ml elektroninio skys\u010dio rezervuaras ir 650 mAh \u012fkraunama baterija su C tipo \u012fkrovimu. M\u0117gaukit\u0117s ilgai trunkan\u010diu, maloniu garinimu su 24 unikali\u0173 skoni\u0173 parinktimis, sukurtomis siekiant atkartoti autenti\u0161k\u0105 tradicin\u0117s \u0161i\u0161os skon\u012f. \u0160is prietaisas puikiai tinka asmeniniam naudojimui arba vienkartinei didmeninei prekybai, nes u\u017etikrina patogum\u0105 ir i\u0161skirtin\u012f veikim\u0105.<\/p>\n<h3><strong>VAPME SHISHA PRO MAX 20000 Savyb\u0117s\uff1a<\/strong><\/h3>\n<ul>\n<li>Pufai: Iki 20 000 \u012fpur\u0161kim\u0173<\/li>\n<li>E-skys\u010dio talpa: 28ml<\/li>\n<li>Baterija: 650 mAh (\u012fkraunama)<\/li>\n<li>\u012ekrovimas: C tipo<\/li>\n<li>24 unikal\u016bs \u0161i\u0161os \u012fkv\u0117pti skoniai<\/li>\n<li>Vienkartinis \u012frenginys<\/li>\n<\/ul>\n<h4>DUK<\/h4>\n<h5>Kokie pristatymo b\u016bdai naudojami?<\/h5>\n<p>Bendradarbiaujame su UPS\/DHL\/FEDEX\/DPD ir kt. Atsi\u017evelgdami \u012f pristatymo \u0161al\u012f, parinksime tinkam\u0105 pristatymo b\u016bd\u0105, kad gaminius gautum\u0117te kuo grei\u010diau.<\/p>\n<h5>Per kiek laiko jis bus pristatytas?<\/h5>\n<p>Paprastai tai trunka 7-15 darbo dien\u0173, o \u0161ven\u010di\u0173 dienomis arba esant blogoms oro s\u0105lygoms gali u\u017etrukti iki 20 darbo dien\u0173.<\/p>\n<h5>Ar jis gali b\u016bti \u012fve\u017etas per muitin\u0119 ir ar d\u0117l to kils koki\u0173 nors problem\u0173?<\/h5>\n<p>Garantuojame, kad netur\u0117site joki\u0173 r\u016bpes\u010di\u0173, nes mes pasir\u016bpinsime muitiniu \u012fforminimu ir nereik\u0117s mok\u0117ti joki\u0173 mokes\u010di\u0173 ar rinkliav\u0173. Garantuojame, kad 100% m\u016bs\u0173 gamini\u0173 bus i\u0161muitinti.<\/p>\n<h5>Kiek yra skirting\u0173 skoni\u0173?<\/h5>\n<p>\"VAPME SHISHA PRO MAX\" si\u016blo plat\u0173 24 unikali\u0173 skoni\u0173 pasirinkim\u0105, kuri\u0173 kiekvienas kruop\u0161\u010diai sukurtas taip, kad atkartoja turting\u0105 ir \u012fvair\u0173 tradicin\u0117s \u0161i\u0161os skon\u012f.<\/p>\n<h5>Ar galiu juo pasitik\u0117ti?<\/h5>\n<p>Mes palaikome \"PayPal\" mok\u0117jimo ir pirk\u0117jo apsaugos paslaug\u0105.<br \/>\nTaip pat galite patikrinti m\u016bs\u0173 atsiliepimus apie <a href=\"https:\/\/www.trustpilot.com\/review\/volovape.com?utm_medium=trustbox&amp;utm_source=TrustBoxReviewCollector\">\"TrustPilot\"<\/a>.<\/p>","protected":false},"excerpt":{"rendered":"<p>Parduotuv\u0117 VAPME SHISHA PRO MAX 20000 Puffs Vienkartiniai Vape urmu. M\u0117gaukit\u0117s sodriais \u0161i\u0161os \u012fkv\u0117ptais skoniais, 28 ml el. skys\u010dio, greitas \u012fkrovimas. Puikiai tinka didmeniniams vape tiek\u0117jams ir perpardav\u0117jams.<\/p>","protected":false},"featured_media":1483,"comment_status":"open","ping_status":"closed","template":"","meta":[],"product_brand":[],"product_cat":[49,42,21,18,20,23,24,22,25,26,27,28,29,30,31,32,33,34,35,36,47,40],"product_tag":[],"class_list":{"0":"post-1242","1":"product","2":"type-product","3":"status-publish","4":"has-post-thumbnail","6":"product_cat-vapme","7":"product_cat-20000-puffs-disposable-vape","8":"product_cat-big-puffs-vapes","9":"product_cat-different-puffs-of-disposable-vapes","10":"product_cat-disposable-vape-types","11":"product_cat-disposable-vapes-in-austria","12":"product_cat-disposable-vapes-in-belgium","13":"product_cat-disposable-vapes-in-europe","14":"product_cat-disposable-vapes-in-france","15":"product_cat-disposable-vapes-in-germany","16":"product_cat-disposable-vapes-in-hungary","17":"product_cat-disposable-vapes-in-ltaly","18":"product_cat-disposable-vapes-in-netherlands","19":"product_cat-disposable-vapes-in-norway","20":"product_cat-disposable-vapes-in-poland","21":"product_cat-disposable-vapes-in-portugal","22":"product_cat-disposable-vapes-in-spain","23":"product_cat-disposable-vapes-in-sweden","24":"product_cat-disposable-vapes-in-switzerland","25":"product_cat-rechargeable-vapes","26":"product_cat-shisha-hookah-vapes","27":"product_cat-smart-screen-vapes","29":"first","30":"instock","31":"shipping-taxable","32":"purchasable","33":"product-type-variable","34":"has-default-attributes"},"jetpack_sharing_enabled":true,"tiered_pricing_type":"fixed","tiered_pricing_fixed_rules":{"2000":5.5999999999999996447286321199499070644378662109375},"tiered_pricing_product_settings":{"layout":"default","base_unit_name":{"singular":null,"plural":null},"default_variation":null},"tiered_pricing_minimum_quantity":1000,"tiered_pricing_roles_data":[],"tiered_pricing_percentage_rules":[],"tiered_pricing_maximum_quantity":null,"tiered_pricing_quantity_step":"10","_links":{"self":[{"href":"https:\/\/volovape.com\/lt\/wp-json\/wp\/v2\/product\/1242","targetHints":{"allow":["GET"]}}],"collection":[{"href":"https:\/\/volovape.com\/lt\/wp-json\/wp\/v2\/product"}],"about":[{"href":"https:\/\/volovape.com\/lt\/wp-json\/wp\/v2\/types\/product"}],"replies":[{"embeddable":true,"href":"https:\/\/volovape.com\/lt\/wp-json\/wp\/v2\/comments?post=1242"}],"wp:featuredmedia":[{"embeddable":true,"href":"https:\/\/volovape.com\/lt\/wp-json\/wp\/v2\/media\/1483"}],"wp:attachment":[{"href":"https:\/\/volovape.com\/lt\/wp-json\/wp\/v2\/media?parent=1242"}],"wp:term":[{"taxonomy":"product_brand","embeddable":true,"href":"https:\/\/volovape.com\/lt\/wp-json\/wp\/v2\/product_brand?post=1242"},{"taxonomy":"product_cat","embeddable":true,"href":"https:\/\/volovape.com\/lt\/wp-json\/wp\/v2\/product_cat?post=1242"},{"taxonomy":"product_tag","embeddable":true,"href":"https:\/\/volovape.com\/lt\/wp-json\/wp\/v2\/product_tag?post=1242"}],"curies":[{"name":"wp","href":"https:\/\/api.w.org\/{rel}","templated":true}]}}