{"id":1240,"date":"2024-11-21T03:39:04","date_gmt":"2024-11-21T03:39:04","guid":{"rendered":"https:\/\/volovape.com\/?post_type=product&#038;p=1240"},"modified":"2025-08-07T08:19:48","modified_gmt":"2025-08-07T08:19:48","slug":"prarastas-mary-mo10000","status":"publish","type":"product","link":"https:\/\/volovape.com\/lt\/product\/lost-mary-mo10000\/","title":{"rendered":"\"Lost Mary MO10000\" vienkartinis vape - 10 000 d\u016b\u017ei\u0173, tinklin\u0117 rit\u0117, apsauga nuo sauso sm\u016bgio"},"content":{"rendered":"<p><strong>Lost Mary MO10000 Vienkartinis Vape<\/strong> - Patirkite 10 000 gryno skonio p\u016bkeli\u0173 su pa\u017eangia sauso sm\u016bgio prevencija.<\/p>\n<p>Pasinerkite \u012f ilgesn\u0119 garinimo kelion\u0119 su \"Lost Mary MO10000\", kuris leid\u017eia iki 10 000 \u012fpur\u0161kim\u0173 i\u0161 didel\u0117s 18 ml talpos e. skys\u010dio talpos. \u0160\u012f didel\u0117s talpos vienkartin\u012f garintuv\u0105 maitina 600 mAh \u012fkraunamas akumuliatorius, tod\u0117l vis\u0105 dien\u0105 i\u0161liksite energingi. M\u0117gaukit\u0117s sodriu, pastoviu skoniu d\u0117l i\u0161tobulintos tinklelio rit\u0117s technologijos ir niekada nesijaudinkite d\u0117l sudegusi\u0173 sm\u016bgi\u0173, naudodami naujovi\u0161k\u0105 sauso sm\u016bgio prevencijos funkcij\u0105. \u0160\u012f prietais\u0105 galima rinktis i\u0161 15 unikali\u0173 skoni\u0173 - nuo m\u0117lynojo drakono vaisi\u0173 persik\u0173 iki bra\u0161ki\u0173 greipfrut\u0173 - tod\u0117l jis patenkins kiekvieno skonio poreikius. Puikiai tinkantis asmeniniam naudojimui ar didmeniniams u\u017esakymams, \"Lost Mary MO10000\" suderina patogum\u0105 ir puik\u0173 veikim\u0105. Eleganti\u0161kas blizgantis banguojantis dizainas suteikia garinimo patir\u010diai elegancijos. Idealiai tinka tiems, kurie ie\u0161ko auk\u0161\u010diausios kokyb\u0117s vienkartini\u0173 garintuv\u0173, pasi\u017eymin\u010di\u0173 ilgaam\u017ei\u0161kumu.<\/p>\n<h3><strong>Lost Mary MO10000 Funkcijos:<\/strong><\/h3>\n<ul>\n<li>Pufai: Iki 10 000<\/li>\n<li>E-skys\u010dio talpa: 18ml<\/li>\n<li>Baterija: 600 mAh (\u012fkraunama)<\/li>\n<li>\u012ekrovimas: C tipo<\/li>\n<li>rit\u0117: Rafinuoto tinklelio rit\u0117<\/li>\n<li>Nikotino stiprumas: 5% (20mg\/ml)<\/li>\n<li>Dizainas: Mirguliuojantis ripple<\/li>\n<li>I\u0161manioji sauso sm\u016bgio prevencija<\/li>\n<\/ul>\n<h4>DUK<\/h4>\n<h5>Kaip veikia sauso sm\u016bgio prevencija?<\/h5>\n<p>\"Lost Mary MO10000\" sukurta naudojant i\u0161mani\u0105j\u0105 technologij\u0105, kuri stebi rit\u0117s ir elektroninio skys\u010dio lyg\u012f. \u0160i sistema automati\u0161kai reguliuoja tiekiam\u0105 gali\u0105, kad rit\u0117 neperkaist\u0173, u\u017etikrina pastov\u0173 skon\u012f ir apsaugo nuo deg\u0117si\u0173, kaskart u\u017etikrina skland\u0173 ir malon\u0173 garinim\u0105.<\/p>\n<h5>Kokie pristatymo b\u016bdai naudojami?<\/h5>\n<p>Bendradarbiaujame su UPS\/DHL\/FEDEX\/DPD ir kt. Atsi\u017evelgdami \u012f pristatymo \u0161al\u012f, parinksime tinkam\u0105 pristatymo b\u016bd\u0105, kad gaminius gautum\u0117te kuo grei\u010diau.<\/p>\n<h5>Per kiek laiko jis bus pristatytas?<\/h5>\n<p>Paprastai tai trunka 7-15 darbo dien\u0173, o \u0161ven\u010di\u0173 dienomis arba esant blogoms oro s\u0105lygoms gali u\u017etrukti iki 20 darbo dien\u0173.<\/p>\n<h5>Ar jis gali b\u016bti \u012fve\u017etas per muitin\u0119 ir ar d\u0117l to kils koki\u0173 nors problem\u0173?<\/h5>\n<p>Garantuojame, kad netur\u0117site joki\u0173 r\u016bpes\u010di\u0173, nes mes pasir\u016bpinsime muitiniu \u012fforminimu ir nereik\u0117s mok\u0117ti joki\u0173 mokes\u010di\u0173 ar rinkliav\u0173. Garantuojame, kad 100% m\u016bs\u0173 gamini\u0173 bus i\u0161muitinti.<\/p>\n<h5>Ar galiu juo pasitik\u0117ti?<\/h5>\n<p>Mes palaikome \"PayPal\" mok\u0117jimo ir pirk\u0117jo apsaugos paslaug\u0105. Taip pat galite patikrinti m\u016bs\u0173 atsiliepimus <a href=\"https:\/\/www.trustpilot.com\/review\/volovape.com?utm_medium=trustbox&amp;utm_source=TrustBoxReviewCollector\">\"TrustPilot\"<\/a>.<\/p>","protected":false},"excerpt":{"rendered":"<p>Pagerinkite garinim\u0105 su \"Lost Mary MO10000 Disposable Vape\". 18 ml el. skys\u010dio, 600 mAh baterija, tinklin\u0117 rit\u0117, apsauga nuo sauso sm\u016bgio, 5% nikotino. Didmenin\u0117 didmenin\u0117 prekyba, daugyb\u0117 skoni\u0173, C tipo \u012fkrovimas.<\/p>","protected":false},"featured_media":1437,"comment_status":"open","ping_status":"closed","template":"","meta":[],"product_brand":[],"product_cat":[73,57,21,18,20,23,24,22,25,26,27,28,29,30,31,32,33,34,35,36],"product_tag":[],"class_list":{"0":"post-1240","1":"product","2":"type-product","3":"status-publish","4":"has-post-thumbnail","6":"product_cat-lost-mary","7":"product_cat-10000-puffs-disposable-vape","8":"product_cat-big-puffs-vapes","9":"product_cat-different-puffs-of-disposable-vapes","10":"product_cat-disposable-vape-types","11":"product_cat-disposable-vapes-in-austria","12":"product_cat-disposable-vapes-in-belgium","13":"product_cat-disposable-vapes-in-europe","14":"product_cat-disposable-vapes-in-france","15":"product_cat-disposable-vapes-in-germany","16":"product_cat-disposable-vapes-in-hungary","17":"product_cat-disposable-vapes-in-ltaly","18":"product_cat-disposable-vapes-in-netherlands","19":"product_cat-disposable-vapes-in-norway","20":"product_cat-disposable-vapes-in-poland","21":"product_cat-disposable-vapes-in-portugal","22":"product_cat-disposable-vapes-in-spain","23":"product_cat-disposable-vapes-in-sweden","24":"product_cat-disposable-vapes-in-switzerland","25":"product_cat-rechargeable-vapes","27":"first","28":"instock","29":"shipping-taxable","30":"purchasable","31":"product-type-variable","32":"has-default-attributes"},"jetpack_sharing_enabled":true,"tiered_pricing_type":"fixed","tiered_pricing_fixed_rules":{"2000":6.5},"tiered_pricing_product_settings":{"layout":"default","base_unit_name":{"singular":null,"plural":null},"default_variation":null},"tiered_pricing_minimum_quantity":1000,"tiered_pricing_roles_data":[],"tiered_pricing_percentage_rules":[],"tiered_pricing_maximum_quantity":null,"tiered_pricing_quantity_step":"100","_links":{"self":[{"href":"https:\/\/volovape.com\/lt\/wp-json\/wp\/v2\/product\/1240","targetHints":{"allow":["GET"]}}],"collection":[{"href":"https:\/\/volovape.com\/lt\/wp-json\/wp\/v2\/product"}],"about":[{"href":"https:\/\/volovape.com\/lt\/wp-json\/wp\/v2\/types\/product"}],"replies":[{"embeddable":true,"href":"https:\/\/volovape.com\/lt\/wp-json\/wp\/v2\/comments?post=1240"}],"wp:featuredmedia":[{"embeddable":true,"href":"https:\/\/volovape.com\/lt\/wp-json\/wp\/v2\/media\/1437"}],"wp:attachment":[{"href":"https:\/\/volovape.com\/lt\/wp-json\/wp\/v2\/media?parent=1240"}],"wp:term":[{"taxonomy":"product_brand","embeddable":true,"href":"https:\/\/volovape.com\/lt\/wp-json\/wp\/v2\/product_brand?post=1240"},{"taxonomy":"product_cat","embeddable":true,"href":"https:\/\/volovape.com\/lt\/wp-json\/wp\/v2\/product_cat?post=1240"},{"taxonomy":"product_tag","embeddable":true,"href":"https:\/\/volovape.com\/lt\/wp-json\/wp\/v2\/product_tag?post=1240"}],"curies":[{"name":"wp","href":"https:\/\/api.w.org\/{rel}","templated":true}]}}