{"id":1190,"date":"2024-11-21T03:38:19","date_gmt":"2024-11-21T03:38:19","guid":{"rendered":"https:\/\/volovape.com\/?post_type=product&#038;p=1190"},"modified":"2025-07-17T04:34:15","modified_gmt":"2025-07-17T04:34:15","slug":"vapsolo-maitinimo-baras-sisos-15000-puffs","status":"publish","type":"product","link":"https:\/\/volovape.com\/lt\/product\/vapsolo-feed-bar-shisha-15000-puffs\/","title":{"rendered":"\"Vapsolo FEED BAR Shisha\" 15000 d\u016bm\u0173 - 0,6\u03a9 tinklelio rit\u0117, didelis oro srautas"},"content":{"rendered":"<p><iframe title=\"VideoPress vaizdo \u012fra\u0161\u0173 grotuvas\" aria-label='VideoPress vaizdo \u012fra\u0161\u0173 grotuvas' width='421' height='750' src='https:\/\/videopress.com\/embed\/JWLYAsYP?hd=0&amp;cover=1' frameborder='0' allowfullscreen allow='clipboard-write'><\/iframe><script src='https:\/\/v0.wordpress.com\/js\/next\/videopress-iframe.js?m=1739540970'><\/script><\/p>\n<h2>Vapsolo FEED BAR Shisha 15000 puff\u0173 vienkartinis garintuvas - patirkite \u0161i\u0161os \u012fkv\u0117pt\u0105 garinim\u0105 su dideliu oro srautu.<\/h2>\n<p>Svetain\u0117 <strong>Vapsolo FEED BAR \u0160i\u0161a 15000 p\u016bkeli\u0173<\/strong> Vienkartin\u0117 vape sistema suteikia turting\u0105 ir aromating\u0105 \u0161i\u0161os patirt\u012f patogiu ir ne\u0161iojamu formatu. \u012esp\u016bdingas <strong>15 000 puff<\/strong> talpa, did\u017eiulis <strong>25 ml elektroninio skys\u010dio rezervuaras<\/strong>ir patikimas <strong>650 mAh \u012fkraunama baterija<\/strong>, \u0161is prietaisas pasi\u017eymi ilgalaikiu naudojimu ir verte. . <strong>0,6\u03a9 aki\u0173 rit\u0117<\/strong> optimizuotas didesniam gar\u0173 susidarymui, o <strong>didelio oro srauto konstrukcija<\/strong> u\u017etikrina skland\u0173, or\u0173 traukim\u0105, primenant\u012f tradicin\u0119 \u0161i\u0161\u0105. Idealiai tinka asmeniniam malonumui ir <strong>vienkartiniai vape didmenin\u0117 prekyba<\/strong>, \u0161is prietaisas u\u017etikrina auk\u0161\u010diausios kokyb\u0117s garinimo patirt\u012f. <strong>Masinis u\u017esakymas<\/strong> ma\u017emenininkai gali rinktis.<\/p>\n<h3><strong>Vapsolo FEED BAR Shisha 15000 Puffs Savyb\u0117s:<\/strong><\/h3>\n<ul>\n<li>Pufai: Iki 15 000<\/li>\n<li>E-skys\u010dio talpa: 25ml<\/li>\n<li>Baterija: 650 mAh (\u012fkraunama)<\/li>\n<li>\u012ekrovimas: C tipo<\/li>\n<li>Rit\u0117: 0,6\u03a9 tinklelio rit\u0117<\/li>\n<li>Oro srautas: Didelio oro srauto dizainas<\/li>\n<li>Galimi skoniai: \"Two Apple\", \"Blue Razz Lemonade\", \"Peach Ice\", \"Mango Ice\", \"Lush Ice\", \"Lemon Mint\", \"Grape Mint\", \"Strawberry Punch\", \"Blueberry Gum\".<\/li>\n<\/ul>\n<h4>DUK<\/h4>\n<h5>Kaip 0,6 \u03a9 tinklelio rit\u0117 pagerina \u0161i\u0161os \u012fkv\u0117pt\u0105 patirt\u012f?<\/h5>\n<p>0,6 \u03a9 tinklelio spiral\u0117 specialiai sukurta taip, kad maksimaliai padidint\u0173 gar\u0173 gamyb\u0105 ir aromato intensyvum\u0105, tod\u0117l sukuriamas tankus, aromatingas debesis, kuris labai primena tradicin\u0117s \u0161i\u0161os patirt\u012f. \u0160i rit\u0117 u\u017etikrina tolyg\u0173 kaitinim\u0105 ir optimal\u0173 aromato perteikim\u0105.<\/p>\n<h5>Kokie yra didelio oro srauto konstrukcijos privalumai?<\/h5>\n<p>Auk\u0161to oro srauto konstrukcija leid\u017eia skland\u017eiai ir erdviai traukti, taip atkartojant atvir\u0105 ir atsipalaidavus\u012f \u012fkv\u0117pimo stili\u0173, susijus\u012f su \u0161i\u0161os r\u016bkymu. \u0160i savyb\u0117 pagerina bendr\u0105 garinimo patirt\u012f, tod\u0117l jis tampa patogesnis ir malonesnis tiems, kurie m\u0117gsta ma\u017eiau ribot\u0105 garinim\u0105.<\/p>\n<h5>Kiek laiko veikia akumuliatorius ir kaip greitai jis \u012fkraunamas?<\/h5>\n<p>650 mAh \u012fkraunamas akumuliatorius u\u017etikrina ilgalaik\u012f maitinim\u0105 iki 15 000 \u012fkv\u0117pim\u0173. Naudodami C tipo \u012fkrovimo funkcij\u0105 galite greitai ir efektyviai \u012fkrauti prietais\u0105, taip suma\u017eindami prastovas ir maksimaliai padidindami garinimo malonum\u0105.<\/p>\n<h5>Kokie pristatymo b\u016bdai naudojami?<\/h5>\n<p>Bendradarbiaujame su patikimais ve\u017e\u0117jais, tokiais kaip UPS, DHL, \"FedEx\" ir DPD, kad u\u017etikrintume patikim\u0105 ir veiksming\u0105 pristatym\u0105. Pagal j\u016bs\u0173 buvimo viet\u0105 parenkame geriausi\u0105 pristatymo variant\u0105, kad u\u017esakym\u0105 gautum\u0117te kuo grei\u010diau.<\/p>\n<h5>Ar galiu pasitik\u0117ti savo pirkiniu?<\/h5>\n<p>Pirmenyb\u0119 teikiame klient\u0173 pasitenkinimui ir si\u016blome saugias mok\u0117jimo galimybes, \u012fskaitant \"PayPal\" su pirk\u0117jo apsauga. Taip pat galite perskaityti m\u016bs\u0173 patenkint\u0173 klient\u0173 atsiliepimus \"TrustPilot\" svetain\u0117je: <a href=\"https:\/\/www.trustpilot.com\/review\/volovape.com?utm_medium=trustbox&amp;utm_source=TrustBoxReviewCollector\">\"TrustPilot\"<\/a>.<\/p>","protected":false},"excerpt":{"rendered":"<p>Pirkti Vapsolo FEED BAR Shisha 15000 Puffs Vienkartiniai Vape urmu. M\u0117gaukit\u0117s 25 ml el. skys\u010dio, tinklelio spirale, skland\u017eia oro srove ir sodriais debesimis. Idealiai tinka didmeniniams vape platintojams ir perpardavin\u0117tojams.<\/p>","protected":false},"featured_media":1426,"comment_status":"open","ping_status":"closed","template":"","meta":[],"product_brand":[],"product_cat":[72,41,21,18,20,23,24,22,25,26,27,28,29,30,31,32,33,34,35,36,47],"product_tag":[],"class_list":{"0":"post-1190","1":"product","2":"type-product","3":"status-publish","4":"has-post-thumbnail","6":"product_cat-vapsolo","7":"product_cat-15000-puffs-disposable-vape","8":"product_cat-big-puffs-vapes","9":"product_cat-different-puffs-of-disposable-vapes","10":"product_cat-disposable-vape-types","11":"product_cat-disposable-vapes-in-austria","12":"product_cat-disposable-vapes-in-belgium","13":"product_cat-disposable-vapes-in-europe","14":"product_cat-disposable-vapes-in-france","15":"product_cat-disposable-vapes-in-germany","16":"product_cat-disposable-vapes-in-hungary","17":"product_cat-disposable-vapes-in-ltaly","18":"product_cat-disposable-vapes-in-netherlands","19":"product_cat-disposable-vapes-in-norway","20":"product_cat-disposable-vapes-in-poland","21":"product_cat-disposable-vapes-in-portugal","22":"product_cat-disposable-vapes-in-spain","23":"product_cat-disposable-vapes-in-sweden","24":"product_cat-disposable-vapes-in-switzerland","25":"product_cat-rechargeable-vapes","26":"product_cat-shisha-hookah-vapes","28":"first","29":"instock","30":"shipping-taxable","31":"purchasable","32":"product-type-variable","33":"has-default-attributes"},"jetpack_sharing_enabled":true,"tiered_pricing_type":"fixed","tiered_pricing_fixed_rules":{"2000":6.5999999999999996447286321199499070644378662109375},"tiered_pricing_product_settings":{"layout":"default","base_unit_name":{"singular":null,"plural":null},"default_variation":null},"tiered_pricing_minimum_quantity":1000,"tiered_pricing_roles_data":[],"tiered_pricing_percentage_rules":[],"tiered_pricing_maximum_quantity":null,"tiered_pricing_quantity_step":"10","_links":{"self":[{"href":"https:\/\/volovape.com\/lt\/wp-json\/wp\/v2\/product\/1190","targetHints":{"allow":["GET"]}}],"collection":[{"href":"https:\/\/volovape.com\/lt\/wp-json\/wp\/v2\/product"}],"about":[{"href":"https:\/\/volovape.com\/lt\/wp-json\/wp\/v2\/types\/product"}],"replies":[{"embeddable":true,"href":"https:\/\/volovape.com\/lt\/wp-json\/wp\/v2\/comments?post=1190"}],"wp:featuredmedia":[{"embeddable":true,"href":"https:\/\/volovape.com\/lt\/wp-json\/wp\/v2\/media\/1426"}],"wp:attachment":[{"href":"https:\/\/volovape.com\/lt\/wp-json\/wp\/v2\/media?parent=1190"}],"wp:term":[{"taxonomy":"product_brand","embeddable":true,"href":"https:\/\/volovape.com\/lt\/wp-json\/wp\/v2\/product_brand?post=1190"},{"taxonomy":"product_cat","embeddable":true,"href":"https:\/\/volovape.com\/lt\/wp-json\/wp\/v2\/product_cat?post=1190"},{"taxonomy":"product_tag","embeddable":true,"href":"https:\/\/volovape.com\/lt\/wp-json\/wp\/v2\/product_tag?post=1190"}],"curies":[{"name":"wp","href":"https:\/\/api.w.org\/{rel}","templated":true}]}}