{"id":1167,"date":"2024-11-21T03:37:57","date_gmt":"2024-11-21T03:37:57","guid":{"rendered":"https:\/\/volovape.com\/?post_type=product&#038;p=1167"},"modified":"2025-07-13T13:48:06","modified_gmt":"2025-07-13T13:48:06","slug":"vapsolo-dg18000-puffs","status":"publish","type":"product","link":"https:\/\/volovape.com\/lt\/product\/vapsolo-dg18000-puffs\/","title":{"rendered":"\"Vapsolo DG18000 Puffs\" vienkartinis vape aparatas - 28 ml talpos, 0,9 \u03a9 var\u017ea"},"content":{"rendered":"<p><iframe title=\"VideoPress vaizdo \u012fra\u0161\u0173 grotuvas\" aria-label='VideoPress vaizdo \u012fra\u0161\u0173 grotuvas' width='500' height='281' src='https:\/\/videopress.com\/embed\/ss3cmXiS?hd=0&amp;cover=1' frameborder='0' allowfullscreen allow='clipboard-write'><\/iframe><script src='https:\/\/v0.wordpress.com\/js\/next\/videopress-iframe.js?m=1739540970'><\/script><\/p>\n<p><strong>Vapsolo DG18000 Puffs vienkartinis Vape<\/strong> - Neprilygstamas ilgaam\u017ei\u0161kumas ir skland\u016bs garai didel\u0117s talpos \u012frenginyje.<\/p>\n<p>Svetain\u0117 <strong>Vapsolo DG18000 Puffs<\/strong> vienkartin\u0117s vap\u0117s sukurtos tiems, kurie reikalauja ilgesnio naudojimo ir puiki\u0173 eksploatacini\u0173 savybi\u0173. \u012esp\u016bdingas <strong>18 000 puff<\/strong> talpa, did\u017eiulis <strong>28 ml elektroninio skys\u010dio rezervuaras<\/strong>ir <strong>650 mAh \u012fkraunama baterija<\/strong>, \u0161is prietaisas pasi\u017eymi neprilygstamu ilgaam\u017ei\u0161kumu ir patogumu. Optimizuotas <strong>0,9\u03a9 var\u017ea<\/strong> u\u017etikrina nuosekliai skland\u0173 ir aromating\u0105 gar\u0173 gamyb\u0105. Pasirinkite <strong>2% ir 5% nikotino stiprumas<\/strong>. Vapsolo DG18000 idealiai tinka ilgai trunkan\u010diam malonumui, nes puikiai tinka asmeniniam naudojimui ir <strong>vienkartiniai vape didmenin\u0117 prekyba<\/strong>. <strong>Masinis u\u017esakymas<\/strong> ma\u017emenininkai gali rinktis.<\/p>\n<h3><strong>Vapsolo DG18000 Puffs Funkcijos:<\/strong><\/h3>\n<ul>\n<li>Pufai: Iki 18 000<\/li>\n<li>E-skys\u010dio talpa: 28ml<\/li>\n<li>Baterija: 650 mAh (\u012fkraunama)<\/li>\n<li>\u012ekrovimas: C tipo<\/li>\n<li>Pasiprie\u0161inimas: 0.9\u03a9<\/li>\n<li>Nikotino stiprumas: 2%, 5%<\/li>\n<li>Galimi skoniai: Persik\u0173 mang\u0173 ananas\u0173, pasiflor\u0173 kivi\u0173 ledo, m\u0117lyni\u0173, vy\u0161ni\u0173 ir spanguoli\u0173, arb\u016bz\u0173 ledo, bra\u0161ki\u0173 kivi\u0173, citrin\u0173 ir laim\u0173, bra\u0161ki\u0173 ir banan\u0173, raudonojo buliaus, mi\u0161ri\u0173 uog\u0173, \"Prime Strawberry Watermelon\".<\/li>\n<\/ul>\n<h4>DUK<\/h4>\n<h5>Kaip 0,9\u03a9 var\u017ea pagerina garinimo patirt\u012f?<\/h5>\n<p>0,9 \u03a9 var\u017ea specialiai sukurta taip, kad u\u017etikrint\u0173 pusiausvyr\u0105 tarp skonio ir gar\u0173 gamybos. \u0160i var\u017ea u\u017etikrina nuosekl\u0173 ir skland\u0173 garavim\u0105, tod\u0117l su kiekvienu u\u017egurk\u0161nojimu pasiekiamas sodrus ir malonus skonis. Ji optimizuota patogiam ir maloniam garinimui.<\/p>\n<h5>Kokie yra 18 000 \u012fpur\u0161kim\u0173 talpos ir 28 ml elektroninio skys\u010dio rezervuaro privalumai?<\/h5>\n<p>18 000 \u012fpur\u0161kim\u0173 talpa ir 28 ml elektroninio skys\u010dio rezervuaras u\u017etikrina ilgesn\u012f naudojim\u0105, tod\u0117l nereikia da\u017enai keisti. Tod\u0117l Vapsolo DG18000 idealiai tinka naudotojams, norintiems ilgalaikio ir patogaus garinimo sprendimo, puikiai tinkan\u010dio kelion\u0117ms ar kasdieniam naudojimui.<\/p>\n<h5>Kaip greitai \u012fkraunamas 650 mAh akumuliatorius?<\/h5>\n<p>650 mAh baterija palaiko ilgus garinimo seansus ir greitai \u012fkraunama naudojant C tipo \u012fkrovim\u0105. Taip u\u017etikrinamas minimalus prastovos laikas, kad gal\u0117tum\u0117te m\u0117gautis prietaisu be ilgo laukimo.<\/p>\n<h5>Kokie pristatymo b\u016bdai naudojami?<\/h5>\n<p>Bendradarbiaujame su patikimais ve\u017e\u0117jais, tokiais kaip UPS, DHL, \"FedEx\" ir DPD, kad u\u017etikrintume veiksming\u0105 ir saug\u0173 pristatym\u0105. Pagal j\u016bs\u0173 buvimo viet\u0105 parenkame tinkamiausi\u0105 pristatymo b\u016bd\u0105, kad u\u017esakym\u0105 gautum\u0117te kuo grei\u010diau.<\/p>\n<h5>Ar galiu pasitik\u0117ti savo pirkiniu?<\/h5>\n<p>Pirmenyb\u0119 teikiame klient\u0173 pasitenkinimui ir si\u016blome saugias mok\u0117jimo galimybes, \u012fskaitant \"PayPal\" su pirk\u0117jo apsauga. Klient\u0173 atsiliepimus taip pat galite per\u017ei\u016br\u0117ti \"TrustPilot\" svetain\u0117je: <a href=\"https:\/\/www.trustpilot.com\/review\/volovape.com?utm_medium=trustbox&amp;utm_source=TrustBoxReviewCollector\">\"TrustPilot\"<\/a>.<\/p>","protected":false},"excerpt":{"rendered":"<p>Pasipildykite Vapsolo DG18000 Puffs vienkartini\u0173 Vape urmu. 28 ml e. skys\u010dio, 2% ir 5% nikotino parinktys ir skland\u016bs garai - idealiai tinka didmeniniams svaigal\u0173 tiek\u0117jams ir ma\u017emenininkams.<\/p>","protected":false},"featured_media":1388,"comment_status":"open","ping_status":"closed","template":"","meta":[],"product_brand":[],"product_cat":[72,50,21,18,39,20,23,24,22,25,26,27,28,29,30,31,32,33,34,35,36,40],"product_tag":[],"class_list":{"0":"post-1167","1":"product","2":"type-product","3":"status-publish","4":"has-post-thumbnail","6":"product_cat-vapsolo","7":"product_cat-18000-puffs-disposable-vape","8":"product_cat-big-puffs-vapes","9":"product_cat-different-puffs-of-disposable-vapes","10":"product_cat-digital-box-vapes","11":"product_cat-disposable-vape-types","12":"product_cat-disposable-vapes-in-austria","13":"product_cat-disposable-vapes-in-belgium","14":"product_cat-disposable-vapes-in-europe","15":"product_cat-disposable-vapes-in-france","16":"product_cat-disposable-vapes-in-germany","17":"product_cat-disposable-vapes-in-hungary","18":"product_cat-disposable-vapes-in-ltaly","19":"product_cat-disposable-vapes-in-netherlands","20":"product_cat-disposable-vapes-in-norway","21":"product_cat-disposable-vapes-in-poland","22":"product_cat-disposable-vapes-in-portugal","23":"product_cat-disposable-vapes-in-spain","24":"product_cat-disposable-vapes-in-sweden","25":"product_cat-disposable-vapes-in-switzerland","26":"product_cat-rechargeable-vapes","27":"product_cat-smart-screen-vapes","29":"first","30":"instock","31":"shipping-taxable","32":"purchasable","33":"product-type-variable","34":"has-default-attributes"},"jetpack_sharing_enabled":true,"tiered_pricing_type":"fixed","tiered_pricing_fixed_rules":{"2000":6.9900000000000002131628207280300557613372802734375},"tiered_pricing_product_settings":{"layout":"default","base_unit_name":{"singular":null,"plural":null},"default_variation":null},"tiered_pricing_minimum_quantity":1000,"tiered_pricing_roles_data":[],"tiered_pricing_percentage_rules":[],"tiered_pricing_maximum_quantity":null,"tiered_pricing_quantity_step":"10","_links":{"self":[{"href":"https:\/\/volovape.com\/lt\/wp-json\/wp\/v2\/product\/1167","targetHints":{"allow":["GET"]}}],"collection":[{"href":"https:\/\/volovape.com\/lt\/wp-json\/wp\/v2\/product"}],"about":[{"href":"https:\/\/volovape.com\/lt\/wp-json\/wp\/v2\/types\/product"}],"replies":[{"embeddable":true,"href":"https:\/\/volovape.com\/lt\/wp-json\/wp\/v2\/comments?post=1167"}],"wp:featuredmedia":[{"embeddable":true,"href":"https:\/\/volovape.com\/lt\/wp-json\/wp\/v2\/media\/1388"}],"wp:attachment":[{"href":"https:\/\/volovape.com\/lt\/wp-json\/wp\/v2\/media?parent=1167"}],"wp:term":[{"taxonomy":"product_brand","embeddable":true,"href":"https:\/\/volovape.com\/lt\/wp-json\/wp\/v2\/product_brand?post=1167"},{"taxonomy":"product_cat","embeddable":true,"href":"https:\/\/volovape.com\/lt\/wp-json\/wp\/v2\/product_cat?post=1167"},{"taxonomy":"product_tag","embeddable":true,"href":"https:\/\/volovape.com\/lt\/wp-json\/wp\/v2\/product_tag?post=1167"}],"curies":[{"name":"wp","href":"https:\/\/api.w.org\/{rel}","templated":true}]}}