{"id":1166,"date":"2024-11-21T03:37:57","date_gmt":"2024-11-21T03:37:57","guid":{"rendered":"https:\/\/volovape.com\/?post_type=product&#038;p=1166"},"modified":"2025-08-07T08:19:46","modified_gmt":"2025-08-07T08:19:46","slug":"vapsolo-viking-12000-puffs","status":"publish","type":"product","link":"https:\/\/volovape.com\/lt\/product\/vapsolo-viking-12000-puffs\/","title":{"rendered":"\"VapSolo Viking 12000 Puffs Disposable Vape\" - reguliuojamas oro srautas, tinklin\u0117 rit\u0117, LCD ekranas"},"content":{"rendered":"<p><iframe title=\"VideoPress vaizdo \u012fra\u0161\u0173 grotuvas\" aria-label='VideoPress vaizdo \u012fra\u0161\u0173 grotuvas' width='500' height='281' src='https:\/\/videopress.com\/embed\/ngfVq1VJ?hd=0&amp;cover=1' frameborder='0' allowfullscreen allow='clipboard-write'><\/iframe><script src='https:\/\/v0.wordpress.com\/js\/next\/videopress-iframe.js?m=1739540970'><\/script><\/p>\n<p><strong>\"VapSolo Viking 12000 Puffs\" vienkartin\u0117 vap\u0117<\/strong> - Individualus garinimas su reguliuojamu oro srautu ir LCD ekranu.<\/p>\n<p>Svetain\u0117 <strong>\"VapSolo Viking 12000 Puffs<\/strong> Vienkartinis vape u\u017etikrina pritaikom\u0105 garinimo patirt\u012f su savo <strong>4 lygi\u0173 reguliuojamas oro srautas<\/strong>, kad gal\u0117tum\u0117te perjungti MTL ir DTL stilius. Su iki <strong>12 000 \u012fpur\u0161kim\u0173<\/strong>, dosnus <strong>22 ml elektroninio skys\u010dio rezervuaras<\/strong>ir <strong>650 mAh \u012fkraunama baterija<\/strong>\u0161is prietaisas pasi\u017eymi i\u0161skirtine verte ir ilgaam\u017ei\u0161kumu. . <strong>1,0\u03a9 tinklelio rit\u0117<\/strong> u\u017etikrina nuolatin\u012f skland\u0173 ir aromating\u0105 garavim\u0105, o <strong>LCD ekranas<\/strong> realiuoju laiku stebi akumuliatoriaus veikimo trukm\u0119 ir vape b\u016bsen\u0105. \"VapSolo Viking\" puikiai tinka asmeniniam naudojimui ir asmeniniam valdymui. <strong>vienkartiniai vape didmenin\u0117 prekyba<\/strong>. <strong>Masinis u\u017esakymas<\/strong> ma\u017emenininkai gali rinktis.<\/p>\n<h3><strong>\"VapSolo Viking 12000 Puffs\" funkcijos:<\/strong><\/h3>\n<ul>\n<li>Pufai: Iki 12 000<\/li>\n<li>E-skys\u010dio talpa: 22ml<\/li>\n<li>Baterija: 650 mAh (\u012fkraunama)<\/li>\n<li>\u012ekrovimas: C tipo<\/li>\n<li>Rit\u0117: 1,0\u03a9 tinklelio rit\u0117<\/li>\n<li>Oro srautas: 4 lygi\u0173 reguliavimas<\/li>\n<li>Ekranas: LCD ekranas (akumuliatoriaus ir vape b\u016bsenos)<\/li>\n<li>Galimi skoniai: M\u0117lyni\u0173 avie\u010di\u0173, m\u0117lyni\u0173, vy\u0161ni\u0173, arb\u016bz\u0173 ledo, bra\u0161ki\u0173 kivi\u0173, bra\u0161ki\u0173 arb\u016bz\u0173, m\u0117lyni\u0173 vy\u0161ni\u0173 spanguoli\u0173, citrin\u0173 laimo, guminuk\u0173, bra\u0161ki\u0173 banan\u0173, \u0161vie\u017ei\u0173 m\u0117t\u0173, bra\u0161ki\u0173 avie\u010di\u0173 ledo, citrin\u0173 persik\u0173, raudon\u0173j\u0173 obuoli\u0173 ledo.<\/li>\n<\/ul>\n<h4>DUK<\/h4>\n<h5>Kaip 4 lygi\u0173 reguliuojama oro srov\u0117 pagerina garinimo patirt\u012f?<\/h5>\n<p>Keturi\u0173 lygi\u0173 reguliuojama oro srov\u0117 leid\u017eia naudotojams tiksliai sureguliuoti u\u017etraukim\u0105, pasirenkant grie\u017et\u0105 MTL (burna \u012f plau\u010dius) stili\u0173, kad skonis b\u016bt\u0173 labiau koncentruotas, ir laisvesn\u012f DTL (tiesiogiai \u012f plau\u010dius) stili\u0173, kad b\u016bt\u0173 didesni gar\u0173 debesys. \u0160is universalumas atitinka individualius pageidavimus ir suteikia asmenin\u0119 ir maloni\u0105 garinimo patirt\u012f.<\/p>\n<h5>Kokie yra LCD ekrano privalumai?<\/h5>\n<p>LCD ekrane realiuoju laiku pateikiama informacija apie akumuliatoriaus veikimo trukm\u0119 ir vape b\u016bsen\u0105, tod\u0117l naudotojai gali lengvai steb\u0117ti savo prietaiso b\u016bkl\u0119. \u0160i funkcija u\u017etikrina, kad visada b\u016bsite informuoti ir gal\u0117site atitinkamai planuoti garinimo seansus, taip padidindami patogum\u0105 ir u\u017ekirsdami keli\u0105 netik\u0117toms pertraukoms.<\/p>\n<h5>Kaip 1,0\u03a9 tinklelio rit\u0117 prisideda prie skonio ir gar\u0173 gamybos?<\/h5>\n<p>1,0\u03a9 tinklelio spiral\u0117 sukurta taip, kad u\u017etikrint\u0173 nuosekl\u0173 ir tolyg\u0173 kaitinim\u0105, tod\u0117l garai gaminami skland\u017eiai, sodriai ir aromatingai. \u0160i rit\u0117 u\u017etikrina, kad kiekvienas \u012fp\u016btimas b\u016bt\u0173 malonus, ir maksimaliai padidina elektroninio skys\u010dio skonio perdavim\u0105.<\/p>\n<h5>Kokie pristatymo b\u016bdai naudojami?<\/h5>\n<p>Bendradarbiaujame su patikimais ve\u017e\u0117jais, tokiais kaip UPS, DHL, \"FedEx\" ir DPD, kad u\u017etikrintume veiksming\u0105 ir saug\u0173 pristatym\u0105. Pagal j\u016bs\u0173 buvimo viet\u0105 parenkame tinkamiausi\u0105 pristatymo b\u016bd\u0105, kad u\u017esakym\u0105 gautum\u0117te kuo grei\u010diau.<\/p>\n<h5>Ar galiu pasitik\u0117ti savo pirkiniu?<\/h5>\n<p>Pirmenyb\u0119 teikiame klient\u0173 pasitenkinimui ir si\u016blome saugias mok\u0117jimo galimybes, \u012fskaitant \"PayPal\" su pirk\u0117jo apsauga. Klient\u0173 atsiliepimus taip pat galite per\u017ei\u016br\u0117ti \"TrustPilot\" svetain\u0117je: <a href=\"https:\/\/www.trustpilot.com\/review\/volovape.com?utm_medium=trustbox&amp;utm_source=TrustBoxReviewCollector\">\"TrustPilot\"<\/a>.<\/p>","protected":false},"excerpt":{"rendered":"<p>U\u017esisakykite \"VapSolo Viking 12000 Puffs Disposable Vape\" urmu. Reguliuojamas oro srautas, skyst\u0173j\u0173 kristal\u0173 ekranas ir \u0161velnus skonis puikiai tinka didmeniniams vape pirk\u0117jams ir perpardav\u0117jams, ie\u0161kantiems auk\u0161tos kokyb\u0117s produkt\u0173.<\/p>","protected":false},"featured_media":1373,"comment_status":"open","ping_status":"closed","template":"","meta":[],"product_brand":[],"product_cat":[72,38,21,18,39,20,23,24,22,25,26,27,28,29,30,31,32,33,34,35,36,40],"product_tag":[],"class_list":{"0":"post-1166","1":"product","2":"type-product","3":"status-publish","4":"has-post-thumbnail","6":"product_cat-vapsolo","7":"product_cat-12000-puffs-disposable-vape","8":"product_cat-big-puffs-vapes","9":"product_cat-different-puffs-of-disposable-vapes","10":"product_cat-digital-box-vapes","11":"product_cat-disposable-vape-types","12":"product_cat-disposable-vapes-in-austria","13":"product_cat-disposable-vapes-in-belgium","14":"product_cat-disposable-vapes-in-europe","15":"product_cat-disposable-vapes-in-france","16":"product_cat-disposable-vapes-in-germany","17":"product_cat-disposable-vapes-in-hungary","18":"product_cat-disposable-vapes-in-ltaly","19":"product_cat-disposable-vapes-in-netherlands","20":"product_cat-disposable-vapes-in-norway","21":"product_cat-disposable-vapes-in-poland","22":"product_cat-disposable-vapes-in-portugal","23":"product_cat-disposable-vapes-in-spain","24":"product_cat-disposable-vapes-in-sweden","25":"product_cat-disposable-vapes-in-switzerland","26":"product_cat-rechargeable-vapes","27":"product_cat-smart-screen-vapes","29":"first","30":"instock","31":"shipping-taxable","32":"purchasable","33":"product-type-variable","34":"has-default-attributes"},"jetpack_sharing_enabled":true,"tiered_pricing_type":"fixed","tiered_pricing_fixed_rules":{"2000":5.6500000000000003552713678800500929355621337890625},"tiered_pricing_product_settings":{"layout":"default","base_unit_name":{"singular":null,"plural":null},"default_variation":null},"tiered_pricing_minimum_quantity":1000,"tiered_pricing_roles_data":[],"tiered_pricing_percentage_rules":[],"tiered_pricing_maximum_quantity":null,"tiered_pricing_quantity_step":"10","_links":{"self":[{"href":"https:\/\/volovape.com\/lt\/wp-json\/wp\/v2\/product\/1166","targetHints":{"allow":["GET"]}}],"collection":[{"href":"https:\/\/volovape.com\/lt\/wp-json\/wp\/v2\/product"}],"about":[{"href":"https:\/\/volovape.com\/lt\/wp-json\/wp\/v2\/types\/product"}],"replies":[{"embeddable":true,"href":"https:\/\/volovape.com\/lt\/wp-json\/wp\/v2\/comments?post=1166"}],"wp:featuredmedia":[{"embeddable":true,"href":"https:\/\/volovape.com\/lt\/wp-json\/wp\/v2\/media\/1373"}],"wp:attachment":[{"href":"https:\/\/volovape.com\/lt\/wp-json\/wp\/v2\/media?parent=1166"}],"wp:term":[{"taxonomy":"product_brand","embeddable":true,"href":"https:\/\/volovape.com\/lt\/wp-json\/wp\/v2\/product_brand?post=1166"},{"taxonomy":"product_cat","embeddable":true,"href":"https:\/\/volovape.com\/lt\/wp-json\/wp\/v2\/product_cat?post=1166"},{"taxonomy":"product_tag","embeddable":true,"href":"https:\/\/volovape.com\/lt\/wp-json\/wp\/v2\/product_tag?post=1166"}],"curies":[{"name":"wp","href":"https:\/\/api.w.org\/{rel}","templated":true}]}}