{"id":1121,"date":"2024-11-21T03:37:34","date_gmt":"2024-11-21T03:37:34","guid":{"rendered":"https:\/\/volovape.com\/?post_type=product&#038;p=1121"},"modified":"2025-07-24T07:11:26","modified_gmt":"2025-07-24T07:11:26","slug":"vapsolo-super-15000-puffs","status":"publish","type":"product","link":"https:\/\/volovape.com\/lt\/product\/vapsolo-super-15000-puffs\/","title":{"rendered":"\"Vapsolo Super\" 15000 \u012fkv\u0117pim\u0173 4 lygi\u0173 reguliuojamas oro srautas - \u012fkraunamas su C tipo baterija (2%\/5% nikotinas)"},"content":{"rendered":"<p><iframe title=\"VideoPress vaizdo \u012fra\u0161\u0173 grotuvas\" aria-label='VideoPress vaizdo \u012fra\u0161\u0173 grotuvas' width='421' height='750' src='https:\/\/videopress.com\/embed\/pTqryXkY?hd=0&amp;cover=1' frameborder='0' allowfullscreen allow='clipboard-write'><\/iframe><script src='https:\/\/v0.wordpress.com\/js\/next\/videopress-iframe.js?m=1739540970'><\/script><\/p>\n<p><strong>Vapsolo Super 15000 vienkartini\u0173 pufik\u0173 Vape<\/strong> - Individualus garinimas su 4 lygi\u0173 reguliuojama oro srove.<\/p>\n<p>Svetain\u0117 <strong>Vapsolo Super 15000 pufik\u0173<\/strong> Vienkartinis vape si\u016blo pritaikom\u0105 garinimo patirt\u012f su savo <strong>4 lygi\u0173 reguliuojamas oro srautas<\/strong>, kad gal\u0117tum\u0117te perjungti MTL ir DTL stilius. Su iki <strong>15 000 \u012fkv\u0117pim\u0173<\/strong>, dosnus <strong>25 ml elektroninio skys\u010dio rezervuaras<\/strong>ir <strong>650 mAh \u012fkraunama baterija<\/strong>, \u0161is prietaisas u\u017etikrina i\u0161skirtin\u012f ilgaam\u017ei\u0161kum\u0105 ir patogum\u0105. . <strong>1,0\u03a9 tinklelio rit\u0117<\/strong> u\u017etikrina nuolatin\u012f skland\u0173 ir aromating\u0105 garavim\u0105. Pasirinkite <strong>2% ir 5% nikotino stiprumas<\/strong>. \"Vapsolo Super\" idealiai tinka asmenin\u012f garinim\u0105 m\u0117gstantiems vapinguotojams. <strong>vienkartiniai vape didmenin\u0117 prekyba<\/strong>. <strong>Masinis u\u017esakymas<\/strong> ma\u017emenininkai gali rinktis.<\/p>\n<h3><strong>Vapsolo \"Super 15000 Puffs\" funkcijos:<\/strong><\/h3>\n<ul>\n<li>Pufai: Iki 15 000<\/li>\n<li>E-skys\u010dio talpa: 25ml<\/li>\n<li>Baterija: 650 mAh (\u012fkraunama)<\/li>\n<li>\u012ekrovimas: C tipo<\/li>\n<li>Rit\u0117: 1,0\u03a9 tinklelio rit\u0117<\/li>\n<li>Oro srautas: 4 lygi\u0173 reguliavimas<\/li>\n<li>Nikotino stiprumas: 2%, 5%<\/li>\n<li>Galimi skoniai: M\u0117lynasis Razz, m\u0117lyni\u0173 ledas, dvigubas obuolys, arb\u016bzo ledas, bra\u0161ki\u0173 kivis, mi\u0161rios uogos, \"Red Bull\", m\u0117lyni\u0173 vy\u0161ni\u0173 spanguol\u0117s, citrin\u0173 laimas, \"Skittles\", bra\u0161ki\u0173 bananas, avie\u010di\u0173 arb\u016bzas, m\u0117lyni\u0173 vy\u0161ni\u0173 kola, juodasis ledas, drakono vaisiai, bra\u0161k\u0117s.<\/li>\n<\/ul>\n<h4>DUK<\/h4>\n<h5>Kaip 4 lygi\u0173 reguliuojama oro srov\u0117 pagerina garinimo patirt\u012f?<\/h5>\n<p>Keturi\u0173 lygi\u0173 reguliuojama oro srov\u0117 leid\u017eia naudotojams pritaikyti u\u017etraukimo b\u016bd\u0105, pasirenkant grie\u017et\u0105 MTL (burna \u012f plau\u010dius) stili\u0173, kad skonis b\u016bt\u0173 labiau koncentruotas, ir laisvesn\u012f DTL (tiesiogiai \u012f plau\u010dius) stili\u0173, kad b\u016bt\u0173 didesni gar\u0173 debesys. \u0160is universalumas atitinka individualius pageidavimus ir suteikia asmenin\u0119 ir maloni\u0105 garinimo patirt\u012f.<\/p>\n<h5>Kokie yra 1,0\u03a9 tinklelio rit\u0117s privalumai?<\/h5>\n<p>1,0\u03a9 tinklelio spiral\u0117 sukurta taip, kad u\u017etikrint\u0173 nuosekl\u0173 ir tolyg\u0173 kaitinim\u0105, tod\u0117l garai gaminami skland\u017eiai, sodriai ir aromatingai. \u0160i rit\u0117 u\u017etikrina, kad kiekvienas \u012fp\u016btimas b\u016bt\u0173 malonus, ir maksimaliai padidina elektroninio skys\u010dio skonio perdavim\u0105.<\/p>\n<h5>Kiek laiko veikia akumuliatorius ir kaip greitai jis \u012fkraunamas?<\/h5>\n<p>650 mAh \u012fkraunamas akumuliatorius skirtas ilgalaikiam veikimui, juo galima \u012fkrauti iki 15 000 \u012fp\u016btim\u0173. Naudojant C tipo \u012fkrovimo funkcij\u0105, prietaisas \u012fkraunamas greitai, tod\u0117l sutrump\u0117ja prastovos laikas ir galite m\u0117gautis garinimu ilgai nelaukdami.<\/p>\n<h5>Kokie pristatymo b\u016bdai naudojami?<\/h5>\n<p>Bendradarbiaujame su patikimais ve\u017e\u0117jais, tokiais kaip UPS, DHL, \"FedEx\" ir DPD, kad u\u017etikrintume veiksming\u0105 ir saug\u0173 pristatym\u0105. Pagal j\u016bs\u0173 buvimo viet\u0105 parenkame tinkamiausi\u0105 pristatymo b\u016bd\u0105, kad u\u017esakym\u0105 gautum\u0117te kuo grei\u010diau.<\/p>\n<h5>Ar galiu pasitik\u0117ti savo pirkiniu?<\/h5>\n<p>Pirmenyb\u0119 teikiame klient\u0173 pasitenkinimui ir si\u016blome saugias mok\u0117jimo galimybes, \u012fskaitant \"PayPal\" su pirk\u0117jo apsauga. Klient\u0173 atsiliepimus taip pat galite per\u017ei\u016br\u0117ti \"TrustPilot\" svetain\u0117je: <a href=\"https:\/\/www.trustpilot.com\/review\/volovape.com?utm_medium=trustbox&amp;utm_source=TrustBoxReviewCollector\">\"TrustPilot\"<\/a>.<\/p>","protected":false},"excerpt":{"rendered":"<p>M\u0117gaukit\u0117s asmeniniu garinimu su Vapsolo Super 15000 Puffs vienkartiniu garintuvu. 15 000 \u012fpur\u0161kim\u0173, 25 ml, reguliuojamas oro srautas, 1,0 \u03a9 tinklelio rit\u0117. 2% ir 5% nikotino. 15 skoni\u0173.<\/p>","protected":false},"featured_media":1364,"comment_status":"open","ping_status":"closed","template":"","meta":[],"product_brand":[],"product_cat":[72,41,21,18,20,23,24,22,25,26,27,28,29,30,31,32,33,34,35,36],"product_tag":[],"class_list":{"0":"post-1121","1":"product","2":"type-product","3":"status-publish","4":"has-post-thumbnail","6":"product_cat-vapsolo","7":"product_cat-15000-puffs-disposable-vape","8":"product_cat-big-puffs-vapes","9":"product_cat-different-puffs-of-disposable-vapes","10":"product_cat-disposable-vape-types","11":"product_cat-disposable-vapes-in-austria","12":"product_cat-disposable-vapes-in-belgium","13":"product_cat-disposable-vapes-in-europe","14":"product_cat-disposable-vapes-in-france","15":"product_cat-disposable-vapes-in-germany","16":"product_cat-disposable-vapes-in-hungary","17":"product_cat-disposable-vapes-in-ltaly","18":"product_cat-disposable-vapes-in-netherlands","19":"product_cat-disposable-vapes-in-norway","20":"product_cat-disposable-vapes-in-poland","21":"product_cat-disposable-vapes-in-portugal","22":"product_cat-disposable-vapes-in-spain","23":"product_cat-disposable-vapes-in-sweden","24":"product_cat-disposable-vapes-in-switzerland","25":"product_cat-rechargeable-vapes","27":"first","28":"instock","29":"shipping-taxable","30":"purchasable","31":"product-type-variable","32":"has-default-attributes"},"jetpack_sharing_enabled":true,"tiered_pricing_type":"fixed","tiered_pricing_fixed_rules":{"2000":5.9900000000000002131628207280300557613372802734375},"tiered_pricing_product_settings":{"layout":"default","base_unit_name":{"singular":null,"plural":null},"default_variation":null},"tiered_pricing_minimum_quantity":1000,"tiered_pricing_roles_data":[],"tiered_pricing_percentage_rules":[],"tiered_pricing_maximum_quantity":null,"tiered_pricing_quantity_step":"10","_links":{"self":[{"href":"https:\/\/volovape.com\/lt\/wp-json\/wp\/v2\/product\/1121","targetHints":{"allow":["GET"]}}],"collection":[{"href":"https:\/\/volovape.com\/lt\/wp-json\/wp\/v2\/product"}],"about":[{"href":"https:\/\/volovape.com\/lt\/wp-json\/wp\/v2\/types\/product"}],"replies":[{"embeddable":true,"href":"https:\/\/volovape.com\/lt\/wp-json\/wp\/v2\/comments?post=1121"}],"wp:featuredmedia":[{"embeddable":true,"href":"https:\/\/volovape.com\/lt\/wp-json\/wp\/v2\/media\/1364"}],"wp:attachment":[{"href":"https:\/\/volovape.com\/lt\/wp-json\/wp\/v2\/media?parent=1121"}],"wp:term":[{"taxonomy":"product_brand","embeddable":true,"href":"https:\/\/volovape.com\/lt\/wp-json\/wp\/v2\/product_brand?post=1121"},{"taxonomy":"product_cat","embeddable":true,"href":"https:\/\/volovape.com\/lt\/wp-json\/wp\/v2\/product_cat?post=1121"},{"taxonomy":"product_tag","embeddable":true,"href":"https:\/\/volovape.com\/lt\/wp-json\/wp\/v2\/product_tag?post=1121"}],"curies":[{"name":"wp","href":"https:\/\/api.w.org\/{rel}","templated":true}]}}