{"id":1120,"date":"2024-11-21T03:37:34","date_gmt":"2024-11-21T03:37:34","guid":{"rendered":"https:\/\/volovape.com\/?post_type=product&#038;p=1120"},"modified":"2025-09-08T03:35:10","modified_gmt":"2025-09-08T03:35:10","slug":"vapsolo-twins-20000-puffs-dvigubo-skonio-vienkartiniai-didmenine-prekyba","status":"publish","type":"product","link":"https:\/\/volovape.com\/lt\/product\/vapsolo-twins-20000-puffs-dual-flavor-disposable-wholesale\/","title":{"rendered":"\"VapSolo Twins\" 20000 \u012fkv\u0117pim\u0173 dvigubo skonio vienkartinis vape - dvigubo skonio \u012fkraunamas su ekranu"},"content":{"rendered":"<p><iframe title=\"VideoPress vaizdo \u012fra\u0161\u0173 grotuvas\" aria-label='VideoPress vaizdo \u012fra\u0161\u0173 grotuvas' width='421' height='750' src='https:\/\/videopress.com\/embed\/q9MmvkxP?hd=0&amp;cover=1' frameborder='0' allowfullscreen allow='clipboard-write'><\/iframe><script src='https:\/\/v0.wordpress.com\/js\/next\/videopress-iframe.js?m=1739540970'><\/script><\/p>\n<p><strong>\"VapSolo Twins\" 20000 puffs\u0173 dvigubo skonio vienkartini\u0173 vape<\/strong> - Patirkite dvigubai daugiau skonio ir dvigubai daugiau pasitenkinimo.<\/p>\n<p>Svetain\u0117 <strong>\"VapSolo Twins\" 20000 d\u016bm\u0173<\/strong> Vienkartiniai vape pristato revoliucin\u012f dviej\u0173 skoni\u0173 dizain\u0105, leid\u017eiant\u012f vienu patogiu, \u012fkraunamu prietaisu perjungti du skirtingus skonius. Su iki <strong>20 000 \u012fkv\u0117pim\u0173<\/strong>, dosnus <strong>25 ml e-skys\u010dio talpa<\/strong>ir <strong>650 mAh \u012fkraunama baterija<\/strong>, \u0161is prietaisas pasi\u017eymi i\u0161skirtiniu ilgaam\u017ei\u0161kumu ir \u012fvairove. Integruotame ekrane realiuoju laiku stebimas e. skys\u010dio ir akumuliatoriaus lygis, o <strong>1\u03a9 aki\u0173 rit\u0117<\/strong> u\u017etikrina skland\u0173, aromating\u0105 garavim\u0105. Pasirinkite <strong>2% ir 5% nikotino stiprumas<\/strong>. \"VapSolo Twins\" idealiai tinka asmeniniam naudojimui ir ilgalaikiam veikimui. <strong>vienkartiniai vape didmenin\u0117 prekyba<\/strong>. <strong>Masinis u\u017esakymas<\/strong> ma\u017emenininkai gali rinktis.<\/p>\n<h3><strong>\"VapSolo Twins 20000 Puffs\" funkcijos:<\/strong><\/h3>\n<ul>\n<li>Pufai: Iki 20 000<\/li>\n<li>E-skys\u010dio talpa: 25ml<\/li>\n<li>Baterija: 650 mAh (\u012fkraunama)<\/li>\n<li>\u012ekrovimas: C tipo<\/li>\n<li>rit\u0117: Tinklin\u0117 rit\u0117 (1\u03a9)<\/li>\n<li>Nikotino stiprumas: 2%, 5%<\/li>\n<li>Ekranas: E-skys\u010dio ir baterijos lygis<\/li>\n<li>Skonio tipas: Dvigubas skonis<\/li>\n<li>Galimi skoni\u0173 deriniai: M\u0117lyni\u0173 ledai ir arb\u016bzo ledai, vynuogi\u0173 ledai ir bra\u0161ki\u0173 kiviai, ananas\u0173 kokosai ir bra\u0161ki\u0173 bananai, apelsin\u0173 mango arb\u016bzai ir raudonasis bulius, m\u0117lyni\u0173 ledai ir gazuotos vy\u0161nios, arb\u016bz\u0173 ledai ir mi\u0161rios uogos, bra\u0161ki\u0173 bananai ir gazuotos vy\u0161nios, bra\u0161ki\u0173 avie\u010di\u0173 vy\u0161ni\u0173 ledai ir vynuogi\u0173 ledai, \"Blue Razz Lemonade\" ir citrin\u0173 ledai, arb\u016bz\u0173 ledai ir bra\u0161ki\u0173 mangai.<\/li>\n<\/ul>\n<h4>DUK<\/h4>\n<h5>Kaip dvigubo skonio dizainas pagerina garinimo patirt\u012f?<\/h5>\n<p>Dviej\u0173 skoni\u0173 \"VapSolo Twins\" dizainas leid\u017eia vartotojams perjungti du skirtingus skonius, nenaudojant keli\u0173 prietais\u0173. Tai u\u017etikrina \u012fvairov\u0119 ir apsaugo nuo skonio nuovargio, tod\u0117l puikiai tinka tiems, kurie m\u0117gsta tyrin\u0117ti skirtingus skonius.<\/p>\n<h5>Kokie integruoto ekrano privalumai?<\/h5>\n<p>Integruotame ekrane realiuoju laiku stebimas elektroninio skys\u010dio ir akumuliatoriaus lygis, tod\u0117l visada esate informuoti apie savo prietaiso b\u016bkl\u0119. \u0160i funkcija padidina patogum\u0105 ir apsaugo nuo netik\u0117t\u0173 pertr\u016bki\u0173, tod\u0117l garinimas vyksta skland\u017eiai.<\/p>\n<h5>Kaip 1\u03a9 tinklelio rit\u0117 prisideda prie skonio ir gar\u0173 gamybos?<\/h5>\n<p>1\u03a9 tinklelio rit\u0117 sukurta taip, kad garai b\u016bt\u0173 skland\u016bs, nuosekl\u016bs ir aromatingi. Ji optimizuoja \u0161ilumos paskirstym\u0105 ir elektroninio skys\u010dio garinim\u0105, u\u017etikrindama, kad kiekvienas \u012fkv\u0117pimas b\u016bt\u0173 sodrus ir malonus.<\/p>\n<h5>Kokie pristatymo b\u016bdai naudojami?<\/h5>\n<p>Bendradarbiaujame su patikimais ve\u017e\u0117jais, tokiais kaip UPS, DHL, \"FedEx\" ir DPD, kad u\u017etikrintume veiksming\u0105 ir saug\u0173 pristatym\u0105. Pagal j\u016bs\u0173 buvimo viet\u0105 parenkame tinkamiausi\u0105 pristatymo b\u016bd\u0105, kad u\u017esakym\u0105 gautum\u0117te kuo grei\u010diau.<\/p>\n<h5>Ar galiu pasitik\u0117ti savo pirkiniu?<\/h5>\n<p>Pirmenyb\u0119 teikiame klient\u0173 pasitenkinimui ir si\u016blome saugias mok\u0117jimo galimybes, \u012fskaitant \"PayPal\" su pirk\u0117jo apsauga. Klient\u0173 atsiliepimus taip pat galite per\u017ei\u016br\u0117ti \"TrustPilot\" svetain\u0117je: <a href=\"https:\/\/www.trustpilot.com\/review\/volovape.com?utm_medium=trustbox&amp;utm_source=TrustBoxReviewCollector\">\"TrustPilot\"<\/a>.<\/p>","protected":false},"excerpt":{"rendered":"<p>Padidinkite savo vape pardavimus su \"VapSolo Twins 20000 Puffs\" didmenine prekyba! Dviej\u0173 skoni\u0173, 25 ml, ekranas, 1\u03a9 tinklelio rit\u0117. Pasipildykite \u0161io unikalaus, \u012fkraunamo vienkartinio aparato atsargas jau \u0161iandien.<\/p>","protected":false},"featured_media":1330,"comment_status":"open","ping_status":"closed","template":"","meta":[],"product_brand":[],"product_cat":[72,42,21,18,39,20,23,24,22,25,26,27,28,29,30,31,32,33,34,35,64,36,40],"product_tag":[],"class_list":{"0":"post-1120","1":"product","2":"type-product","3":"status-publish","4":"has-post-thumbnail","6":"product_cat-vapsolo","7":"product_cat-20000-puffs-disposable-vape","8":"product_cat-big-puffs-vapes","9":"product_cat-different-puffs-of-disposable-vapes","10":"product_cat-digital-box-vapes","11":"product_cat-disposable-vape-types","12":"product_cat-disposable-vapes-in-austria","13":"product_cat-disposable-vapes-in-belgium","14":"product_cat-disposable-vapes-in-europe","15":"product_cat-disposable-vapes-in-france","16":"product_cat-disposable-vapes-in-germany","17":"product_cat-disposable-vapes-in-hungary","18":"product_cat-disposable-vapes-in-ltaly","19":"product_cat-disposable-vapes-in-netherlands","20":"product_cat-disposable-vapes-in-norway","21":"product_cat-disposable-vapes-in-poland","22":"product_cat-disposable-vapes-in-portugal","23":"product_cat-disposable-vapes-in-spain","24":"product_cat-disposable-vapes-in-sweden","25":"product_cat-disposable-vapes-in-switzerland","26":"product_cat-dual-flavor-vapes","27":"product_cat-rechargeable-vapes","28":"product_cat-smart-screen-vapes","30":"first","31":"instock","32":"shipping-taxable","33":"purchasable","34":"product-type-variable","35":"has-default-attributes"},"jetpack_sharing_enabled":true,"tiered_pricing_type":"fixed","tiered_pricing_fixed_rules":{"2000":7.20000000000000017763568394002504646778106689453125},"tiered_pricing_product_settings":{"layout":"default","base_unit_name":{"singular":null,"plural":null},"default_variation":null},"tiered_pricing_minimum_quantity":1000,"tiered_pricing_roles_data":[],"tiered_pricing_percentage_rules":[],"tiered_pricing_maximum_quantity":null,"tiered_pricing_quantity_step":"10","_links":{"self":[{"href":"https:\/\/volovape.com\/lt\/wp-json\/wp\/v2\/product\/1120","targetHints":{"allow":["GET"]}}],"collection":[{"href":"https:\/\/volovape.com\/lt\/wp-json\/wp\/v2\/product"}],"about":[{"href":"https:\/\/volovape.com\/lt\/wp-json\/wp\/v2\/types\/product"}],"replies":[{"embeddable":true,"href":"https:\/\/volovape.com\/lt\/wp-json\/wp\/v2\/comments?post=1120"}],"wp:featuredmedia":[{"embeddable":true,"href":"https:\/\/volovape.com\/lt\/wp-json\/wp\/v2\/media\/1330"}],"wp:attachment":[{"href":"https:\/\/volovape.com\/lt\/wp-json\/wp\/v2\/media?parent=1120"}],"wp:term":[{"taxonomy":"product_brand","embeddable":true,"href":"https:\/\/volovape.com\/lt\/wp-json\/wp\/v2\/product_brand?post=1120"},{"taxonomy":"product_cat","embeddable":true,"href":"https:\/\/volovape.com\/lt\/wp-json\/wp\/v2\/product_cat?post=1120"},{"taxonomy":"product_tag","embeddable":true,"href":"https:\/\/volovape.com\/lt\/wp-json\/wp\/v2\/product_tag?post=1120"}],"curies":[{"name":"wp","href":"https:\/\/api.w.org\/{rel}","templated":true}]}}