{"id":5962,"date":"2024-11-28T05:15:59","date_gmt":"2024-11-28T05:15:59","guid":{"rendered":"https:\/\/volovape.com\/?page_id=5962"},"modified":"2025-08-10T19:24:03","modified_gmt":"2025-08-10T19:24:03","slug":"ka-sako-musu-klientai","status":"publish","type":"page","link":"https:\/\/volovape.com\/lt\/what-our-customers-say\/","title":{"rendered":"K\u0105 sako m\u016bs\u0173 klientai?"},"content":{"rendered":"<h3>Kod\u0117l \u017emon\u0117s m\u0117gsta VOLO Vape: \u0160tai kokia yra informacija apie VOLO VOLO: kuo juos domina VOLO VOLO<\/h3>\n<p>Gerai, tod\u0117l a\u0161 gird\u0117jau daug triuk\u0161mo apie <strong>VOLO Vape<\/strong> pastaruoju metu, ir patikrin\u0119s kai kuri\u0173 klient\u0173 atsiliepimus, turiu pasakyti, kad \u017emon\u0117s apie juos tikrai raving. Rimtai, sunku ignoruoti j\u0173 meil\u0119. Taigi, jei m\u0117gstate garinti (arba net jei jums tiesiog smalsu), \u0161tai kod\u0117l <strong>VOLO Vape<\/strong> sulaukia tiek d\u0117mesio.<\/p>\n<p><strong>1. Kokyb\u0117, kuri nesibaigia<\/strong><br \/>\nPirma, \u017emon\u0117s negali nustoti kalb\u0117ti apie tai, kaip kietas <strong>VOLO Vape<\/strong> prietaisai yra \u0161ie. Mes kalbame apie patvarius, auk\u0161tos kokyb\u0117s \u012frenginius. Ap\u017evalgininkai nuolat kartoja, kad j\u0173 garintuvai veikia ilgiau ir geriau nei daugelis kit\u0173 rinkoje esan\u010di\u0173 prietais\u0173. \u017dinau, kaip gali b\u016bti apmaudu, kai i\u0161leid\u017eiate \u0161iek tiek pinig\u0173 u\u017e vapes, o po poros m\u0117nesi\u0173 jos mir\u0161ta, bet su <a href=\"https:\/\/volovape.com\/lt\/\"><strong>VOLO Vape<\/strong><\/a>neatrodo, kad tai b\u016bt\u0173 problema. Klientai yra su\u017eav\u0117ti tuo, kokie patikimi yra j\u0173 prietaisai, o tai yra labai svarbu, jei ie\u0161kote ka\u017eko, kas tarnaus ilgai.<\/p>\n<p><strong>2. Kiekvien\u0105 kart\u0105 skland\u016bs hitai<\/strong><br \/>\nKitas svarbus dalykas, kur\u012f \u017emon\u0117s m\u0117gsta? Tai, kaip skland\u017eiai vyksta garinimas. \u017dinote, kad kai kurie garintuvai smogia \u012f gerkl\u0119? <strong>VOLO Vape<\/strong> atrodo, kad \u0161i pusiausvyra yra pasiekta. Ap\u017evalgininkai teigia, kad garai yra labai \u0161veln\u016bs, o skonis - puikus. Nesvarbu, ar esate naujokas, ar patyr\u0119s profesionalas. <strong>VOLO Vape<\/strong> kiekvien\u0105 kart\u0105 u\u017etikrinsite tobul\u0105 ir malon\u0173 sm\u016bg\u012f.<\/p>\n<p><strong>3. Galimyb\u0117s kiekvieno tipo vartotojams<\/strong><br \/>\n\u0160tai ka\u017ekas, kas i\u0161siskyr\u0117: <strong>VOLO Vape<\/strong> yra daugyb\u0117 \u012fvairi\u0173 produkt\u0173. Nesvarbu, ar norite tik kompakti\u0161ko, lengvai ne\u0161iojamo aparato, ar ie\u0161kote sunkaus ir ilgaam\u017eio prietaiso, <strong>VOLO Vape<\/strong> turi k\u0105 nors jums pasi\u016blyti. \u017dmon\u0117ms patinka lankstumas - galimyb\u0117 pasirinkti savo stili\u0173 ir poreikius atitinkant\u012f prietais\u0105 yra did\u017eiulis privalumas.<\/p>\n<p><strong>4. Klient\u0173 aptarnavimas, kuriam i\u0161 tikr\u0173j\u0173 r\u016bpi<\/strong><br \/>\nMa\u010diau daug atsiliepim\u0173, kuriuose \u017emon\u0117s \u0161aukia apie klient\u0173 aptarnavim\u0105. Ir, ties\u0105 sakant, tai yra ka\u017ekas, apie k\u0105 ne visada i\u0161girsti. Daugelis \u012fmoni\u0173 gali b\u016bti labai geros arba blogos, kai kalbama apie palaikym\u0105, bet <strong>VOLO Vape<\/strong> gauna rekvizitus u\u017e tai, kad labai greitai reaguoja. Jei kada nors kyla problem\u0173 d\u0117l u\u017esakymo ar produkto, jie greitai jas i\u0161sprend\u017eia. Atrodo, kad jie i\u0161 tikr\u0173j\u0173 siekia u\u017etikrinti, kad jumis b\u016bt\u0173 pasir\u016bpinta, o tai labai svarbu.<\/p>\n<p><strong>5. Nebrangus, bet vis dar auk\u0161\u010diausio lygio<\/strong><br \/>\n\u017dinote, kaip b\u016bna - kartais norite geriausios prek\u0117s, bet pinigin\u0117 ne visada sutinka. Na, o \u0161tai kas \u012fdomiausia: \u017emon\u0117s sako, kad <strong>VOLO Vape<\/strong> si\u016blo puikius produktus be beproti\u0161kai didel\u0117s kainos. Tai vienas i\u0161 t\u0173 preki\u0173 \u017eenkl\u0173, kurie suteikia vert\u0119 u\u017e j\u016bs\u0173 pinigus, tod\u0117l tiek daug klient\u0173 sugr\u012f\u017eta ir ie\u0161ko kit\u0173. Gausite auk\u0161\u010diausios kokyb\u0117s prekes, ta\u010diau nesijausite, kad i\u0161krap\u0161tote vis\u0105 bank\u0105.<\/p>\n<p><strong>6. Greitas pristatymas, d\u0117l kurio nereikia laukti<\/strong><br \/>\nJei esate toks pat kaip a\u0161, nem\u0117gstate laukti, kol atvyks siuntiniai. Tai beveik kaip \u017eaidimas \"ar \u0161iandien jis ateis?\" Bet su <strong>VOLO Vape<\/strong>, \u017emon\u0117s sako, kad jie greitai pristato prekes, o kartais net gauna u\u017esakymus anks\u010diau nei tik\u0117tasi. Taigi, jei esate nusiteik\u0119 i\u0161bandyti ka\u017ek\u0105 naujo, atrodo, kad <strong>VOLO Vape<\/strong> nepaliks j\u016bs\u0173 ilgai kaboti.<\/p>\n<p><strong>7. \u017dmon\u0117s gr\u012f\u017eta dar kart\u0105<\/strong><br \/>\nVienas i\u0161 svarbiausi\u0173 \u0161i\u0173 ap\u017evalg\u0173 rezultat\u0173? \u017dmon\u0117s yra lojal\u016bs. Kart\u0105 i\u0161band\u0119 <strong>VOLO Vape<\/strong>, jie jo laikosi. Daugelis naudotoj\u0173 sak\u0117, kad per\u0117jo i\u0161 kit\u0173 preki\u0173 \u017eenkl\u0173 ir nebesigr\u0119\u017eiojo atgal. Ka\u017ekas j\u0173 produktuose - galb\u016bt tai kokyb\u0117, o gal pastovumas - yra tai, d\u0117l ko \u017emon\u0117s vis gr\u012f\u017eta. Ir, ties\u0105 sakant, kai prek\u0117s \u017eenklas u\u017esitarnauja tok\u012f lojalum\u0105, tai daug k\u0105 pasako.<\/p>\n<hr \/>\n<p><strong>Apatin\u0117 linija:<\/strong><br \/>\nTaigi, taip, atrodo, kad <strong>VOLO Vape<\/strong> tikrai ka\u017ek\u0105 daro teisingai. J\u0173 produktai, klient\u0173 aptarnavimas, kainodara ir pristatymas sulaukia didelio vartotoj\u0173 susidom\u0117jimo. Jei ie\u0161kojote patikimo vape aparato, galb\u016bt verta juos patikrinti. Atsiliepimai kalba patys u\u017e save, ir manau, kad suprasite, kod\u0117l tiek daug \u017emoni\u0173 yra gerb\u0117jai.<\/p>","protected":false},"excerpt":{"rendered":"<p>Why People Are Loving VOLO Vape: Here&#8217;s the Scoop Okay, so I\u2019ve been hearing a lot of buzz about VOLO Vape lately, and after checking out some customer reviews, I gotta say, people are really raving about them. Seriously, it\u2019s hard to ignore the love they\u2019re getting. So, if you\u2019re into vaping (or even if [&hellip;]<\/p>\n","protected":false},"author":1,"featured_media":0,"parent":0,"menu_order":0,"comment_status":"closed","ping_status":"closed","template":"","meta":{"footnotes":""},"class_list":["post-5962","page","type-page","status-publish","hentry"],"jetpack_sharing_enabled":true,"_links":{"self":[{"href":"https:\/\/volovape.com\/lt\/wp-json\/wp\/v2\/pages\/5962","targetHints":{"allow":["GET"]}}],"collection":[{"href":"https:\/\/volovape.com\/lt\/wp-json\/wp\/v2\/pages"}],"about":[{"href":"https:\/\/volovape.com\/lt\/wp-json\/wp\/v2\/types\/page"}],"author":[{"embeddable":true,"href":"https:\/\/volovape.com\/lt\/wp-json\/wp\/v2\/users\/1"}],"replies":[{"embeddable":true,"href":"https:\/\/volovape.com\/lt\/wp-json\/wp\/v2\/comments?post=5962"}],"version-history":[{"count":3,"href":"https:\/\/volovape.com\/lt\/wp-json\/wp\/v2\/pages\/5962\/revisions"}],"predecessor-version":[{"id":35706,"href":"https:\/\/volovape.com\/lt\/wp-json\/wp\/v2\/pages\/5962\/revisions\/35706"}],"wp:attachment":[{"href":"https:\/\/volovape.com\/lt\/wp-json\/wp\/v2\/media?parent=5962"}],"curies":[{"name":"wp","href":"https:\/\/api.w.org\/{rel}","templated":true}]}}