{"id":88,"date":"2024-11-21T03:26:51","date_gmt":"2024-11-21T03:26:51","guid":{"rendered":"https:\/\/volovape.com\/?post_type=product&#038;p=88"},"modified":"2025-07-04T02:52:02","modified_gmt":"2025-07-04T02:52:02","slug":"vapme-fire-9000-tiri","status":"publish","type":"product","link":"https:\/\/volovape.com\/it\/product\/vapme-fire-9000-puffs\/","title":{"rendered":"VAPME FIRE 9000 Puffs Vape usa e getta - Ricaricabile, bobina a rete da 0,8\u03a9"},"content":{"rendered":"<p><strong>VAPME FIRE 9000 Puffs Vape monouso<\/strong> - Provate l'esperienza di un vaping prolungato e saporito con un vantaggio ricaricabile.<\/p>\n<p>IL <strong>VAPME FIRE 9000<\/strong> offre un'impressionante <strong>Oltre 9000 soffi<\/strong> con una sostanziale <strong>Capacit\u00e0 di 15 ml di e-liquido<\/strong>, assicurando un divertimento prolungato. Il suo <strong>Batteria ricaricabile da 850 mAh<\/strong> E <strong>Ricarica di tipo-C<\/strong> offrono la comodit\u00e0 di un uso continuo senza frequenti sostituzioni. Il <strong>Bobina con maglia da 0,8\u03a9<\/strong> \u00e8 stato progettato per garantire un aroma e una produzione di vapore ottimali, offrendo un'esperienza di svapo sempre fluida. Con una vasta gamma di <strong>16 gusti unici<\/strong>Dalle miscele fruttate alle sensazioni ghiacciate, questo dispositivo soddisfa ogni palato. Ideale per <strong>vape monouso all'ingrosso<\/strong>, <strong>ordine all'ingrosso<\/strong>, o <strong>uso personale<\/strong>Il VAPME FIRE 9000 combina prestazioni elevate con la massima portabilit\u00e0.<\/p>\n<p><iframe title=\"Lettore video VideoPress\" aria-label='Lettore video VideoPress' width='421' height='750' src='https:\/\/videopress.com\/embed\/Cl4SK2ke?hd=0&amp;cover=1' frameborder='0' allowfullscreen allow='clipboard-write'><\/iframe><script src='https:\/\/v0.wordpress.com\/js\/next\/videopress-iframe.js?m=1739540970'><\/script><\/p>\n<h3><strong>VAPME FIRE 9000 Caratteristiche<\/strong><\/h3>\n<ul>\n<li>Bign\u00e8: Oltre 9000 bign\u00e8<\/li>\n<li>Capacit\u00e0 del liquido elettronico: 15 ml<\/li>\n<li>Batteria: 850mAh (ricaricabile)<\/li>\n<li>Ricarica: Tipo-C<\/li>\n<li>Bobina: bobina a maglia da 0,8\u03a9<\/li>\n<li>Gusti: 16 opzioni uniche<\/li>\n<li>Dispositivo monouso<\/li>\n<\/ul>\n<h4>Domande frequenti<\/h4>\n<h5>In che modo la bobina a maglia da 0,8\u03a9 migliora l'esperienza di vaping?<\/h5>\n<p>La bobina a maglie da 0,8\u03a9 \u00e8 progettata per fornire un riscaldamento uniforme e una maggiore superficie, con una conseguente produzione di vapore pi\u00f9 fluida e un'erogazione di aromi pi\u00f9 intensa. Questo garantisce una svapata sempre soddisfacente ad ogni boccata, massimizzando il piacere di ogni aroma.<\/p>\n<h5>Quali sono i metodi di spedizione utilizzati?<\/h5>\n<p>Collaboriamo con vettori leader come UPS, DHL, FedEx e DPD per garantire che il vostro ordine arrivi in modo rapido e sicuro. Selezioniamo il metodo di spedizione migliore in base alla vostra posizione per ottenere tempi di consegna ottimali.<\/p>\n<h5>Quanto tempo ci vuole per arrivare?<\/h5>\n<p>In genere, la consegna avviene in 7-15 giorni lavorativi. Tuttavia, si consiglia di prevedere fino a 20 giorni lavorativi durante le festivit\u00e0 o in caso di condizioni meteorologiche avverse, poich\u00e9 queste possono influire sui tempi di consegna.<\/p>\n<h5>Incontrer\u00f2 problemi doganali o tasse aggiuntive?<\/h5>\n<p>No, garantiamo un processo di sdoganamento senza problemi. Gestiamo tutte le procedure doganali e non dovrete sostenere alcuna tassa o tariffa aggiuntiva. Siate certi che 100% dei nostri prodotti sono stati sdoganati con successo.<\/p>\n<h5>Posso fidarmi di questo prodotto e del vostro servizio?<\/h5>\n<p>Assolutamente s\u00ec. Supportiamo pagamenti sicuri tramite PayPal con protezione dell'acquirente. Potete anche verificare la nostra credibilit\u00e0 controllando le recensioni dei nostri clienti su <a href=\"https:\/\/www.trustpilot.com\/review\/volovape.com?utm_medium=trustbox&amp;utm_source=TrustBoxReviewCollector\">TrustPilot<\/a>, dove troverete le testimonianze dei clienti soddisfatti.<\/p>","protected":false},"excerpt":{"rendered":"<p>Accendi un sapore duraturo con la VAPME FIRE 9000 Puffs. Maglia da 0,8\u03a9, 15ml, 850mAh ricaricabile. Ideale per uso personale o all'ingrosso, offre un vapore morbido e ricco.<\/p>","protected":false},"featured_media":333,"comment_status":"open","ping_status":"closed","template":"","meta":[],"product_brand":[],"product_cat":[49,48,21,18,20,23,24,22,25,26,27,28,29,30,31,32,33,34,35,36],"product_tag":[],"class_list":{"0":"post-88","1":"product","2":"type-product","3":"status-publish","4":"has-post-thumbnail","6":"product_cat-vapme","7":"product_cat-9000-puffs-disposable-vape","8":"product_cat-big-puffs-vapes","9":"product_cat-different-puffs-of-disposable-vapes","10":"product_cat-disposable-vape-types","11":"product_cat-disposable-vapes-in-austria","12":"product_cat-disposable-vapes-in-belgium","13":"product_cat-disposable-vapes-in-europe","14":"product_cat-disposable-vapes-in-france","15":"product_cat-disposable-vapes-in-germany","16":"product_cat-disposable-vapes-in-hungary","17":"product_cat-disposable-vapes-in-ltaly","18":"product_cat-disposable-vapes-in-netherlands","19":"product_cat-disposable-vapes-in-norway","20":"product_cat-disposable-vapes-in-poland","21":"product_cat-disposable-vapes-in-portugal","22":"product_cat-disposable-vapes-in-spain","23":"product_cat-disposable-vapes-in-sweden","24":"product_cat-disposable-vapes-in-switzerland","25":"product_cat-rechargeable-vapes","27":"first","28":"instock","29":"shipping-taxable","30":"purchasable","31":"product-type-variable","32":"has-default-attributes"},"jetpack_sharing_enabled":true,"tiered_pricing_type":"fixed","tiered_pricing_fixed_rules":{"2000":5.20000000000000017763568394002504646778106689453125},"tiered_pricing_product_settings":{"layout":"default","base_unit_name":{"singular":null,"plural":null},"default_variation":null},"tiered_pricing_minimum_quantity":1000,"tiered_pricing_roles_data":[],"tiered_pricing_percentage_rules":[],"tiered_pricing_maximum_quantity":null,"tiered_pricing_quantity_step":"10","_links":{"self":[{"href":"https:\/\/volovape.com\/it\/wp-json\/wp\/v2\/product\/88","targetHints":{"allow":["GET"]}}],"collection":[{"href":"https:\/\/volovape.com\/it\/wp-json\/wp\/v2\/product"}],"about":[{"href":"https:\/\/volovape.com\/it\/wp-json\/wp\/v2\/types\/product"}],"replies":[{"embeddable":true,"href":"https:\/\/volovape.com\/it\/wp-json\/wp\/v2\/comments?post=88"}],"wp:featuredmedia":[{"embeddable":true,"href":"https:\/\/volovape.com\/it\/wp-json\/wp\/v2\/media\/333"}],"wp:attachment":[{"href":"https:\/\/volovape.com\/it\/wp-json\/wp\/v2\/media?parent=88"}],"wp:term":[{"taxonomy":"product_brand","embeddable":true,"href":"https:\/\/volovape.com\/it\/wp-json\/wp\/v2\/product_brand?post=88"},{"taxonomy":"product_cat","embeddable":true,"href":"https:\/\/volovape.com\/it\/wp-json\/wp\/v2\/product_cat?post=88"},{"taxonomy":"product_tag","embeddable":true,"href":"https:\/\/volovape.com\/it\/wp-json\/wp\/v2\/product_tag?post=88"}],"curies":[{"name":"scrivere","href":"https:\/\/api.w.org\/{rel}","templated":true}]}}