{"id":77,"date":"2024-11-21T03:26:51","date_gmt":"2024-11-21T03:26:51","guid":{"rendered":"https:\/\/volovape.com\/?post_type=product&#038;p=77"},"modified":"2025-06-19T03:44:32","modified_gmt":"2025-06-19T03:44:32","slug":"fihp-shisha-narghile-12000-boccate","status":"publish","type":"product","link":"https:\/\/volovape.com\/it\/product\/fihp-shisha-hookah-12000-puffs\/","title":{"rendered":"FIHP Shisha Narghil\u00e8 12000 boccate monouso - Bobina a rete da 0,6\u03a9, display a LED"},"content":{"rendered":"<p><iframe title=\"Lettore video VideoPress\" aria-label='Lettore video VideoPress' width='421' height='750' src='https:\/\/videopress.com\/embed\/mhBUnzpJ?hd=0&amp;cover=1' frameborder='0' allowfullscreen allow='clipboard-write'><\/iframe><script src='https:\/\/v0.wordpress.com\/js\/next\/videopress-iframe.js?m=1739540970'><\/script><\/p>\n<p><strong>FIHP Shisha Narghil\u00e8 12000 soffi Vape ricaricabile usa e getta con display a LED<\/strong> - Esperienza di vaping ispirata alla shisha.<\/p>\n<p>IL <strong>FIHP Shisha Narghil\u00e8 12000 soffi<\/strong> Il vape monouso offre un'esperienza di vaping unica, con un massimo di <strong>12.000 soffi<\/strong>, a <strong>Capacit\u00e0 e-liquid da 22 ml<\/strong>, e un <strong>Batteria ricaricabile da 650 mAh<\/strong> con <strong>Ricarica di tipo-C<\/strong>. Il <strong>Bobina con maglia da 0,6\u03a9<\/strong> offre nuvole dense e sapori ricchi, che ricordano la shisha tradizionale. Un <strong>Display a LED<\/strong> fornisce lo stato del dispositivo in tempo reale. Con un <strong>0,6% (6mg) di nicotina<\/strong>offre un'esperienza fluida e soddisfacente. Scegliere tra <strong>10 gusti ispirati alla shisha<\/strong>tra cui Watermelon Bubblegum e Kiwi Passion Fruit Guava. Ideale per il piacere personale o <strong>vape monouso all'ingrosso<\/strong>Questo dispositivo combina prestazioni e convenienza. Per <strong>ordine all'ingrosso<\/strong> prezzi, contattateci.<\/p>\n<p><iframe title=\"Lettore video VideoPress\" aria-label='Lettore video VideoPress' width='421' height='750' src='https:\/\/videopress.com\/embed\/BahiQflA?hd=0&amp;cover=1' frameborder='0' allowfullscreen allow='clipboard-write'><\/iframe><script src='https:\/\/v0.wordpress.com\/js\/next\/videopress-iframe.js?m=1739540970'><\/script><\/p>\n<h3><strong>FIHP Shisha Hookah 12000 Caratteristiche:<\/strong><\/h3>\n<ul>\n<li>Bign\u00e8: Fino a 12.000<\/li>\n<li>Capacit\u00e0 e-liquid: 22ml<\/li>\n<li>Batteria: 650mAh (ricaricabile)<\/li>\n<li>Ricarica: Tipo-C<\/li>\n<li>Bobina: bobina a maglia da 0,6\u03a9<\/li>\n<li>Display: Display a LED<\/li>\n<li>Dosaggio della nicotina: 0,6% (6mg)<\/li>\n<li>10 opzioni di gusto<\/li>\n<\/ul>\n<h4>Domande frequenti<\/h4>\n<h5>In che modo la bobina a rete da 0,6\u03a9 migliora l'esperienza della shisha?<\/h5>\n<p>La bobina da 0,6\u03a9 \u00e8 progettata specificamente per produrre nuvole pi\u00f9 grandi e dense e sapori pi\u00f9 ricchi, imitando i tiri morbidi e saporiti della shisha tradizionale. Questo garantisce un'esperienza di svapo pi\u00f9 coinvolgente e soddisfacente.<\/p>\n<h5>Quali sono i metodi di spedizione utilizzati?<\/h5>\n<p>Collaboriamo con vettori affidabili come UPS, DHL, FedEx e DPD per garantire una consegna efficiente dei vostri ordini. Il metodo di spedizione viene selezionato in base alla vostra posizione per garantire una velocit\u00e0 di consegna e un'affidabilit\u00e0 ottimali.<\/p>\n<h5>Quanto tempo ci vuole in genere per la spedizione?<\/h5>\n<p>La spedizione richiede solitamente dai 7 ai 15 giorni lavorativi. Nei periodi di alta stagione o di condizioni meteorologiche avverse, possono essere necessari fino a 20 giorni lavorativi.<\/p>\n<h5>Avr\u00f2 problemi con la dogana o tasse aggiuntive?<\/h5>\n<p>Gestiamo tutte le procedure di sdoganamento, assicurando che la vostra spedizione passi senza problemi. Non dovrete sostenere alcuna tassa o tariffa aggiuntiva. Garantiamo lo sdoganamento di 100%.<\/p>\n<h5>Come posso essere certo della qualit\u00e0 e dell'affidabilit\u00e0 del prodotto?<\/h5>\n<p>Accettiamo pagamenti sicuri con PayPal con protezione dell'acquirente. Potete anche leggere le recensioni dei clienti su <a href=\"https:\/\/www.trustpilot.com\/review\/volovape.com?utm_medium=trustbox&amp;utm_source=TrustBoxReviewCollector\">TrustPilot<\/a>, dove molti clienti hanno condiviso esperienze positive con i nostri prodotti e servizi.<\/p>","protected":false},"excerpt":{"rendered":"<p>Concedetevi un ricco aroma di shisha con il FIHP Hookah 12000 Puffs. Display a LED, bobina da 0,6\u03a9, 22 ml, ricaricabile. Perfetto per il divertimento personale o per la vendita all'ingrosso, offre nuvole impressionanti.<\/p>","protected":false},"featured_media":201,"comment_status":"open","ping_status":"closed","template":"","meta":[],"product_brand":[],"product_cat":[46,38,21,18,20,23,24,22,25,26,27,28,29,30,31,32,33,34,35,36,47,40],"product_tag":[],"class_list":{"0":"post-77","1":"product","2":"type-product","3":"status-publish","4":"has-post-thumbnail","6":"product_cat-fihp","7":"product_cat-12000-puffs-disposable-vape","8":"product_cat-big-puffs-vapes","9":"product_cat-different-puffs-of-disposable-vapes","10":"product_cat-disposable-vape-types","11":"product_cat-disposable-vapes-in-austria","12":"product_cat-disposable-vapes-in-belgium","13":"product_cat-disposable-vapes-in-europe","14":"product_cat-disposable-vapes-in-france","15":"product_cat-disposable-vapes-in-germany","16":"product_cat-disposable-vapes-in-hungary","17":"product_cat-disposable-vapes-in-ltaly","18":"product_cat-disposable-vapes-in-netherlands","19":"product_cat-disposable-vapes-in-norway","20":"product_cat-disposable-vapes-in-poland","21":"product_cat-disposable-vapes-in-portugal","22":"product_cat-disposable-vapes-in-spain","23":"product_cat-disposable-vapes-in-sweden","24":"product_cat-disposable-vapes-in-switzerland","25":"product_cat-rechargeable-vapes","26":"product_cat-shisha-hookah-vapes","27":"product_cat-smart-screen-vapes","29":"first","30":"instock","31":"shipping-taxable","32":"purchasable","33":"product-type-variable","34":"has-default-attributes"},"jetpack_sharing_enabled":true,"tiered_pricing_type":"fixed","tiered_pricing_fixed_rules":{"2000":5.089999999999999857891452847979962825775146484375},"tiered_pricing_product_settings":{"layout":"default","base_unit_name":{"singular":null,"plural":null},"default_variation":null},"tiered_pricing_minimum_quantity":1000,"tiered_pricing_roles_data":[],"tiered_pricing_percentage_rules":[],"tiered_pricing_maximum_quantity":null,"tiered_pricing_quantity_step":"10","_links":{"self":[{"href":"https:\/\/volovape.com\/it\/wp-json\/wp\/v2\/product\/77","targetHints":{"allow":["GET"]}}],"collection":[{"href":"https:\/\/volovape.com\/it\/wp-json\/wp\/v2\/product"}],"about":[{"href":"https:\/\/volovape.com\/it\/wp-json\/wp\/v2\/types\/product"}],"replies":[{"embeddable":true,"href":"https:\/\/volovape.com\/it\/wp-json\/wp\/v2\/comments?post=77"}],"wp:featuredmedia":[{"embeddable":true,"href":"https:\/\/volovape.com\/it\/wp-json\/wp\/v2\/media\/201"}],"wp:attachment":[{"href":"https:\/\/volovape.com\/it\/wp-json\/wp\/v2\/media?parent=77"}],"wp:term":[{"taxonomy":"product_brand","embeddable":true,"href":"https:\/\/volovape.com\/it\/wp-json\/wp\/v2\/product_brand?post=77"},{"taxonomy":"product_cat","embeddable":true,"href":"https:\/\/volovape.com\/it\/wp-json\/wp\/v2\/product_cat?post=77"},{"taxonomy":"product_tag","embeddable":true,"href":"https:\/\/volovape.com\/it\/wp-json\/wp\/v2\/product_tag?post=77"}],"curies":[{"name":"scrivere","href":"https:\/\/api.w.org\/{rel}","templated":true}]}}