{"id":6250,"date":"2024-11-29T04:36:13","date_gmt":"2024-11-29T04:36:13","guid":{"rendered":"https:\/\/volovape.com\/?post_type=product&#038;p=6250"},"modified":"2025-08-07T08:19:53","modified_gmt":"2025-08-07T08:19:53","slug":"jnr-shisha-max-22000-22k-boccate","status":"publish","type":"product","link":"https:\/\/volovape.com\/it\/product\/jnr-shisha-max-22000-22k-puffs\/","title":{"rendered":"JNR Shisha Max 22000 boccate Edizione Narghil\u00e8 Vape usa e getta - Tripla maglia, flusso d'aria regolabile"},"content":{"rendered":"<p><iframe title=\"Lettore video VideoPress\" aria-label='Lettore video VideoPress' width='421' height='750' src='https:\/\/videopress.com\/embed\/WoXrFsri?hd=0&amp;cover=1' frameborder='0' allowfullscreen allow='clipboard-write'><\/iframe><script src='https:\/\/v0.wordpress.com\/js\/next\/videopress-iframe.js?m=1739540970'><\/script><\/p>\n<p><strong>JNR Shisha Max 22000 boccate Vape usa e getta<\/strong> - Provate il vaping ispirato al narghil\u00e8 con la tecnologia della bobina a tripla maglia.<\/p>\n<p>IL <strong>JNR Shisha Max 22000 boccate<\/strong> porta l'esperienza ricca e saporita del narghil\u00e8 tradizionale in una moderna e comoda svapata usa e getta. Offre un'impressionante <strong>22.000 soffi<\/strong> e un generoso <strong>Capacit\u00e0 29 ml di e-liquid<\/strong>Questo dispositivo garantisce un'esperienza duratura e soddisfacente. Alimentato da un robusto <strong>Batteria ricaricabile da 1100 mAh<\/strong> con <strong>Ricarica di tipo-C<\/strong>, garantisce un uso prolungato e ricariche rapide. L'innovativo <strong>bobina a tripla maglia<\/strong> Il sistema offre un sapore intenso e un vapore denso, replicando la profonda soddisfazione di una sessione di narghil\u00e8. Con <strong>flusso d&#039;aria regolabile<\/strong> e un chiaro <strong>batteria e display a liquido<\/strong>\u00c8 possibile personalizzare e monitorare la propria esperienza di vaping. Disponibile in <strong>15 gusti unici<\/strong>, IL <strong>JNR Shisha Max 22000 boccate<\/strong> \u00e8 perfetto per chi cerca un vaping di qualit\u00e0 superiore, ispirato al narghil\u00e8, ideale sia per il piacere personale che per la <strong>vape monouso all'ingrosso<\/strong>.<\/p>\n<h3><strong>JNR Shisha Max 22000 Puff Caratteristiche:<\/strong><\/h3>\n<ul>\n<li>Bign\u00e8: Fino a 22.000<\/li>\n<li>Capacit\u00e0 e-liquid: 29ml<\/li>\n<li>Batteria: 1100mAh (ricaricabile)<\/li>\n<li>Ricarica: Tipo-C<\/li>\n<li>Bobina: Bobina a tripla maglia<\/li>\n<li>Flusso d'aria: Regolabile<\/li>\n<li>Display: Batteria e display liquido<\/li>\n<li>Dosaggio della nicotina: 2%<\/li>\n<\/ul>\n<h4>Domande frequenti<\/h4>\n<h5>In che modo la bobina a tripla maglia migliora l'esperienza del vaping?<\/h5>\n<p>Il sistema di bobine a tripla maglia di JNR Shisha Max 22000 Puffs \u00e8 progettato per massimizzare il sapore e la produzione di vapore. Assicura un riscaldamento uniforme e una superficie pi\u00f9 ampia per la vaporizzazione dell'e-liquid, offrendo un sapore ricco e intenso e un vapore denso e omogeneo, che ricorda una tradizionale sessione di narghil\u00e8.<\/p>\n<h5>\u00c8 davvero possibile ottenere 22.000 boccate da un unico dispositivo?<\/h5>\n<p>S\u00ec! La JNR Shisha Max 22000 Puffs \u00e8 progettata per un uso prolungato, offrendo fino a 22.000 puff. Questa elevata capacit\u00e0, unita a un serbatoio di e-liquid da 29 ml e a una potente batteria ricaricabile da 1100 mAh, ne fa una scelta duratura e affidabile, perfetta per <strong>ordine all'ingrosso<\/strong> necessit\u00e0.<\/p>\n<h5>Cosa rende cos\u00ec utile la batteria e il display a liquido?<\/h5>\n<p>Il display integrato della batteria e del liquido fornisce informazioni in tempo reale sul livello della batteria e sul consumo di e-liquid. Questa funzione consente di monitorare il dispositivo e di non essere mai colti alla sprovvista, migliorando la comodit\u00e0 e l'esperienza d'uso complessiva.<\/p>\n<h5>Come posso essere certo della qualit\u00e0 del prodotto e dell'assistenza clienti?<\/h5>\n<p>Supportiamo il pagamento con PayPal e il servizio di protezione degli acquirenti. Potete anche controllare le nostre recensioni su <a href=\"https:\/\/www.trustpilot.com\/review\/volovape.com?utm_medium=trustbox&amp;utm_source=TrustBoxReviewCollector\">TrustPilot<\/a>.<\/p>","protected":false},"excerpt":{"rendered":"<p>Assaporate la JNR Shisha Max 22000 Puffs Disposable Vape, un dispositivo ispirato al narghil\u00e8 con 29ml di e-liquid, batteria da 1100mAh, bobine a tripla maglia, nicotina 2%. Vendita all'ingrosso, 15 gusti, ricarica Type-C.<\/p>","protected":false},"featured_media":6342,"comment_status":"open","ping_status":"closed","template":"","meta":[],"product_brand":[],"product_cat":[79,63,21,18,20,23,24,22,25,26,27,28,29,30,31,32,33,34,35,36,47,40],"product_tag":[],"class_list":{"0":"post-6250","1":"product","2":"type-product","3":"status-publish","4":"has-post-thumbnail","6":"product_cat-jnr","7":"product_cat-30000-puffs-disposable-vape","8":"product_cat-big-puffs-vapes","9":"product_cat-different-puffs-of-disposable-vapes","10":"product_cat-disposable-vape-types","11":"product_cat-disposable-vapes-in-austria","12":"product_cat-disposable-vapes-in-belgium","13":"product_cat-disposable-vapes-in-europe","14":"product_cat-disposable-vapes-in-france","15":"product_cat-disposable-vapes-in-germany","16":"product_cat-disposable-vapes-in-hungary","17":"product_cat-disposable-vapes-in-ltaly","18":"product_cat-disposable-vapes-in-netherlands","19":"product_cat-disposable-vapes-in-norway","20":"product_cat-disposable-vapes-in-poland","21":"product_cat-disposable-vapes-in-portugal","22":"product_cat-disposable-vapes-in-spain","23":"product_cat-disposable-vapes-in-sweden","24":"product_cat-disposable-vapes-in-switzerland","25":"product_cat-rechargeable-vapes","26":"product_cat-shisha-hookah-vapes","27":"product_cat-smart-screen-vapes","29":"first","30":"instock","31":"shipping-taxable","32":"purchasable","33":"product-type-variable","34":"has-default-attributes"},"jetpack_sharing_enabled":true,"tiered_pricing_type":"fixed","tiered_pricing_fixed_rules":{"2000":6.8499999999999996447286321199499070644378662109375},"tiered_pricing_product_settings":{"layout":"default","base_unit_name":{"singular":null,"plural":null},"default_variation":null},"tiered_pricing_minimum_quantity":1000,"tiered_pricing_roles_data":[],"tiered_pricing_percentage_rules":[],"tiered_pricing_maximum_quantity":null,"tiered_pricing_quantity_step":"10","_links":{"self":[{"href":"https:\/\/volovape.com\/it\/wp-json\/wp\/v2\/product\/6250","targetHints":{"allow":["GET"]}}],"collection":[{"href":"https:\/\/volovape.com\/it\/wp-json\/wp\/v2\/product"}],"about":[{"href":"https:\/\/volovape.com\/it\/wp-json\/wp\/v2\/types\/product"}],"replies":[{"embeddable":true,"href":"https:\/\/volovape.com\/it\/wp-json\/wp\/v2\/comments?post=6250"}],"wp:featuredmedia":[{"embeddable":true,"href":"https:\/\/volovape.com\/it\/wp-json\/wp\/v2\/media\/6342"}],"wp:attachment":[{"href":"https:\/\/volovape.com\/it\/wp-json\/wp\/v2\/media?parent=6250"}],"wp:term":[{"taxonomy":"product_brand","embeddable":true,"href":"https:\/\/volovape.com\/it\/wp-json\/wp\/v2\/product_brand?post=6250"},{"taxonomy":"product_cat","embeddable":true,"href":"https:\/\/volovape.com\/it\/wp-json\/wp\/v2\/product_cat?post=6250"},{"taxonomy":"product_tag","embeddable":true,"href":"https:\/\/volovape.com\/it\/wp-json\/wp\/v2\/product_tag?post=6250"}],"curies":[{"name":"scrivere","href":"https:\/\/api.w.org\/{rel}","templated":true}]}}