{"id":6248,"date":"2024-11-29T04:36:13","date_gmt":"2024-11-29T04:36:13","guid":{"rendered":"https:\/\/volovape.com\/?post_type=product&#038;p=6248"},"modified":"2025-08-07T08:19:51","modified_gmt":"2025-08-07T08:19:51","slug":"jnr-telefono-vape-30000-30k-tiri","status":"publish","type":"product","link":"https:\/\/volovape.com\/it\/product\/jnr-phone-vape-30000-30k-puffs\/","title":{"rendered":"JNR Phone Vape 30000 soffi - Vape intelligente usa e getta con touchscreen (chiamate, messaggi, fotocamera)"},"content":{"rendered":"<p><iframe title=\"Lettore video VideoPress\" aria-label='Lettore video VideoPress' width='500' height='281' src='https:\/\/videopress.com\/embed\/tgY6TILp?hd=0&amp;cover=1' frameborder='0' allowfullscreen allow='clipboard-write'><\/iframe><script src='https:\/\/v0.wordpress.com\/js\/next\/videopress-iframe.js?m=1739540970'><\/script><\/p>\n<p><strong>JNR Phone Vape 30000 tiri<\/strong> - Il primo Vape monouso intelligente al mondo con schermo tattile.<\/p>\n<p>Provate il futuro del vaping con il <strong>JNR Phone Vape 30000 tiri<\/strong>un dispositivo rivoluzionario che fonde perfettamente la tecnologia di vaping all'avanguardia con la comodit\u00e0 di uno smartphone. Non si tratta di una semplice svapata usa e getta, ma di un compagno intelligente che offre un vaping e una connettivit\u00e0 eccezionali. Scegliete tra la modalit\u00e0 Regular (fino a 30.000 boccate) e la modalit\u00e0 Pulse (fino a 18.000 boccate) per un'esperienza personalizzata. Dotato di un touchscreen di facile utilizzo, di funzionalit\u00e0 di chiamata e di testo, di controllo remoto della fotocamera e di una funzione di ricerca del telefono, questo dispositivo vi tiene in contatto offrendovi prestazioni superiori. Con una capacit\u00e0 di 19 ml di e-liquid, una batteria ricaricabile da 850 mAh e un flusso d'aria regolabile, il JNR Phone Vape \u00e8 stato progettato per garantire comodit\u00e0 e soddisfazione. Disponibile in 10 deliziosi gusti, questo dispositivo \u00e8 perfetto per il piacere personale e per la soddisfazione dei consumatori. <strong>vape monouso all'ingrosso<\/strong>.<\/p>\n<h3><strong>JNR Phone Vape 30000 Puff Caratteristiche:<\/strong><\/h3>\n<ul>\n<li>Doppia modalit\u00e0 di vaporizzazione: Modalit\u00e0 regolare (fino a 30.000 soffi) \/ Modalit\u00e0 a impulsi (fino a 18.000 soffi)<\/li>\n<li>Capacit\u00e0 e-liquid: 19ml<\/li>\n<li>Batteria: 850mAh (ricaricabile)<\/li>\n<li>Ricarica: Tipo-C<\/li>\n<li>Forza della nicotina: 2% (20mg)<\/li>\n<li>Funzionamento: attivato tramite estrazione<\/li>\n<li>Display: Touchscreen<\/li>\n<li>Flusso d'aria: Regolabile<\/li>\n<li>Funzioni intelligenti: Chiamate, messaggi, telecamera remota, ricerca del telefono, blocco privato, app fluida<\/li>\n<\/ul>\n<h4>Domande frequenti<\/h4>\n<h5>In che modo il touchscreen migliora l'esperienza del vaping?<\/h5>\n<p>Il JNR Phone Vape 30000 Puffs \u00e8 dotato di un touchscreen di facile utilizzo, che offre un controllo intuitivo sulle funzioni intelligenti del dispositivo e sulle impostazioni di vaping. In questo modo la navigazione tra le funzioni di chiamata, testo, fotocamera remota e altre funzioni \u00e8 semplice e diretta, distinguendosi da altri vapers usa e getta.<\/p>\n<h5>Quali sono i vantaggi della doppia modalit\u00e0 di vaping?<\/h5>\n<p>JNR Phone Vape 30000 Puffs offre una doppia modalit\u00e0 di svapo: Modalit\u00e0 Regular (fino a 30.000 boccate) e Modalit\u00e0 Pulse (fino a 18.000 boccate). Ci\u00f2 consente di personalizzare l'esperienza di svapo in base alle proprie preferenze, sia che si dia la priorit\u00e0 alla longevit\u00e0 o a una maggiore produzione di aroma e vapore. Questa versatilit\u00e0 lo rende ideale per <strong>ordine all'ingrosso<\/strong> necessit\u00e0.<\/p>\n<h5>Posso davvero fare telefonate e inviare messaggi con questo svapo?<\/h5>\n<p>S\u00ec! Il JNR Phone Vape 30000 Puffs integra le funzionalit\u00e0 dello smartphone, consentendo di effettuare e ricevere chiamate, inviare e ricevere messaggi di testo, controllare la fotocamera del telefono da remoto e persino localizzare lo smartphone smarrito. Queste caratteristiche, unite a un'interfaccia app fluida, lo rendono un dispositivo davvero innovativo.<\/p>\n<h5>Come posso essere certo della qualit\u00e0 del prodotto e dell'assistenza clienti?<\/h5>\n<p>Supportiamo il pagamento con PayPal e il servizio di protezione degli acquirenti. Potete anche controllare le nostre recensioni su <a href=\"https:\/\/www.trustpilot.com\/review\/volovape.com?utm_medium=trustbox&amp;utm_source=TrustBoxReviewCollector\">TrustPilot<\/a>.<\/p>","protected":false},"excerpt":{"rendered":"<p>Scoprite il JNR Phone Vape 30000 Puffs, la prima combinazione smartphone-svapo. Dispone di 19 ml di e-liquid, batteria da 850 mAh, touchscreen, funzioni intelligenti, nicotina 2%. Acquista all'ingrosso, 10 gusti, ricarica Type-C.<\/p>","protected":false},"featured_media":6318,"comment_status":"open","ping_status":"closed","template":"","meta":[],"product_brand":[],"product_cat":[79,63,21,18,39,20,23,24,22,25,26,27,28,29,30,31,32,33,34,35,36,40],"product_tag":[],"class_list":{"0":"post-6248","1":"product","2":"type-product","3":"status-publish","4":"has-post-thumbnail","6":"product_cat-jnr","7":"product_cat-30000-puffs-disposable-vape","8":"product_cat-big-puffs-vapes","9":"product_cat-different-puffs-of-disposable-vapes","10":"product_cat-digital-box-vapes","11":"product_cat-disposable-vape-types","12":"product_cat-disposable-vapes-in-austria","13":"product_cat-disposable-vapes-in-belgium","14":"product_cat-disposable-vapes-in-europe","15":"product_cat-disposable-vapes-in-france","16":"product_cat-disposable-vapes-in-germany","17":"product_cat-disposable-vapes-in-hungary","18":"product_cat-disposable-vapes-in-ltaly","19":"product_cat-disposable-vapes-in-netherlands","20":"product_cat-disposable-vapes-in-norway","21":"product_cat-disposable-vapes-in-poland","22":"product_cat-disposable-vapes-in-portugal","23":"product_cat-disposable-vapes-in-spain","24":"product_cat-disposable-vapes-in-sweden","25":"product_cat-disposable-vapes-in-switzerland","26":"product_cat-rechargeable-vapes","27":"product_cat-smart-screen-vapes","29":"first","30":"instock","31":"shipping-taxable","32":"purchasable","33":"product-type-variable","34":"has-default-attributes"},"jetpack_sharing_enabled":true,"tiered_pricing_type":"fixed","tiered_pricing_fixed_rules":{"2000":12.589999999999999857891452847979962825775146484375},"tiered_pricing_product_settings":{"layout":"default","base_unit_name":{"singular":null,"plural":null},"default_variation":null},"tiered_pricing_minimum_quantity":1000,"tiered_pricing_roles_data":[],"tiered_pricing_percentage_rules":[],"tiered_pricing_maximum_quantity":null,"tiered_pricing_quantity_step":"10","_links":{"self":[{"href":"https:\/\/volovape.com\/it\/wp-json\/wp\/v2\/product\/6248","targetHints":{"allow":["GET"]}}],"collection":[{"href":"https:\/\/volovape.com\/it\/wp-json\/wp\/v2\/product"}],"about":[{"href":"https:\/\/volovape.com\/it\/wp-json\/wp\/v2\/types\/product"}],"replies":[{"embeddable":true,"href":"https:\/\/volovape.com\/it\/wp-json\/wp\/v2\/comments?post=6248"}],"wp:featuredmedia":[{"embeddable":true,"href":"https:\/\/volovape.com\/it\/wp-json\/wp\/v2\/media\/6318"}],"wp:attachment":[{"href":"https:\/\/volovape.com\/it\/wp-json\/wp\/v2\/media?parent=6248"}],"wp:term":[{"taxonomy":"product_brand","embeddable":true,"href":"https:\/\/volovape.com\/it\/wp-json\/wp\/v2\/product_brand?post=6248"},{"taxonomy":"product_cat","embeddable":true,"href":"https:\/\/volovape.com\/it\/wp-json\/wp\/v2\/product_cat?post=6248"},{"taxonomy":"product_tag","embeddable":true,"href":"https:\/\/volovape.com\/it\/wp-json\/wp\/v2\/product_tag?post=6248"}],"curies":[{"name":"scrivere","href":"https:\/\/api.w.org\/{rel}","templated":true}]}}