{"id":6247,"date":"2024-11-29T04:36:13","date_gmt":"2024-11-29T04:36:13","guid":{"rendered":"https:\/\/volovape.com\/?post_type=product&#038;p=6247"},"modified":"2025-08-07T08:19:50","modified_gmt":"2025-08-07T08:19:50","slug":"jnr-media-max-40000-40k-sbuffi","status":"publish","type":"product","link":"https:\/\/volovape.com\/it\/product\/jnr-media-max-40000-40k-puffs\/","title":{"rendered":"JNR Media Max 40000 boccate Vape intelligente usa e getta - Chiamate, messaggi, controllo della fotocamera"},"content":{"rendered":"<p><strong>JNR Media Max 40000 boccate<\/strong> - Il Vape monouso intelligente con caratteristiche ineguagliabili.<\/p>\n<p>IL <strong>JNR Media Max 40000 boccate<\/strong> ridefinisce il vaping usa e getta integrando funzionalit\u00e0 simili a quelle degli smartphone in un dispositivo ad alta capacit\u00e0. Offre una sorprendente <strong>40.000 boccate<\/strong> e una sostanziale <strong>Capacit\u00e0 di 21 ml di e-liquid<\/strong>Questa svapata \u00e8 costruita per essere goduta a lungo. Alimentato da un robusto <strong>Batteria ricaricabile da 1000 mAh<\/strong> con <strong>Ricarica di tipo-C<\/strong>garantisce prestazioni affidabili. Il sistema avanzato <strong>Tecnologia della bobina a doppia maglia<\/strong> offre un sapore e una produzione di vapore eccezionali. Funzionalit\u00e0 intelligenti esclusive, come la possibilit\u00e0 di chiamare e inviare messaggi, il controllo remoto della fotocamera e la funzione di ricerca del telefono\/vapore, tutte accessibili attraverso un'interfaccia sovradimensionata. <strong>Schermo HD da 2,4&quot;<\/strong>Questo dispositivo si distingue per le sue caratteristiche. Disponibile in <strong>10 deliziosi sapori<\/strong>, IL <strong>JNR Media Max 40000 boccate<\/strong> \u00e8 perfetto per gli utenti alla ricerca di un'esperienza di vaping multifunzionale e ad alte prestazioni, ideale sia per l'uso personale che per l'utilizzo di un'apparecchiatura di vaping. <strong>vape monouso all'ingrosso<\/strong>.<\/p>\n<h3><strong>JNR Media Max 40000 Puffs Caratteristiche:<\/strong><\/h3>\n<ul>\n<li>Funzioni intelligenti: Chiamata, testo, fotocamera remota, ricerca del telefono\/vapore<\/li>\n<li>Soffi: Fino a 40.000 soffi<\/li>\n<li>Capacit\u00e0 del liquido elettronico: 21 ml<\/li>\n<li>Batteria: 1000mAh (ricaricabile)<\/li>\n<li>Ricarica: Tipo-C<\/li>\n<li>Bobina: Bobina a doppia maglia<\/li>\n<li>Flusso d'aria: Regolabile<\/li>\n<li>Display: display HD da 2,4\u2033<\/li>\n<li>Dosaggio della nicotina: 5%<\/li>\n<\/ul>\n<h4>Domande frequenti<\/h4>\n<h5>In che modo le funzioni intelligenti migliorano la mia esperienza di vaping?<\/h5>\n<p>JNR Media Max 40000 Puffs va oltre il tipico vaping, offrendo funzioni intelligenti integrate come l'effettuazione di chiamate, l'invio di messaggi e il controllo a distanza della fotocamera del telefono. In questo modo lo svapo si trasforma in un gadget multifunzionale, aggiungendo comodit\u00e0 alla vita quotidiana. La funzione \"trova telefono\/vape\" \u00e8 particolarmente utile per evitare di smarrirlo.<\/p>\n<h5>Posso davvero ottenere 40.000 boccate da un dispositivo?<\/h5>\n<p>S\u00ec! JNR Media Max 40000 Puffs \u00e8 progettato per durare a lungo, fornendo fino a 40.000 puff. Questa elevata capacit\u00e0, combinata con un serbatoio di e-liquid da 21 ml e una potente batteria ricaricabile da 1000 mAh, garantisce un uso prolungato, rendendola una scelta eccellente per <strong>ordine all'ingrosso<\/strong> necessit\u00e0.<\/p>\n<h5>Cosa rende il display HD da 2,4\" cos\u00ec unico?<\/h5>\n<p>Il grande display HD da 2,4\" consente una facile navigazione tra le funzioni intelligenti e fornisce informazioni chiare sulle impostazioni di svapo, sul conteggio dei puff e sulla durata della batteria. Questa interfaccia di facile utilizzo rende JNR Media Max 40000 Puffs un prodotto di spicco nel mercato del vaping usa e getta.<\/p>\n<h5>Come posso essere certo della qualit\u00e0 del prodotto e dell'assistenza clienti?<\/h5>\n<p>Supportiamo il pagamento con PayPal e il servizio di protezione degli acquirenti. Potete anche controllare le nostre recensioni su <a href=\"https:\/\/www.trustpilot.com\/review\/volovape.com?utm_medium=trustbox&amp;utm_source=TrustBoxReviewCollector\">TrustPilot<\/a>.<\/p>","protected":false},"excerpt":{"rendered":"<p>Trasformate il vaping con JNR Media Max 40000 Puffs Smart Vape. Godetevi 21 ml di e-liquido, batteria da 1000 mAh, display HD da 2,4\u2033, funzioni intelligenti, nicotina 5% e 10 aromi. Ricarica di tipo C.<\/p>","protected":false},"featured_media":6306,"comment_status":"open","ping_status":"closed","template":"","meta":[],"product_brand":[],"product_cat":[79,74,21,18,39,20,23,24,22,25,26,27,28,29,30,31,32,33,34,35,36,40],"product_tag":[],"class_list":{"0":"post-6247","1":"product","2":"type-product","3":"status-publish","4":"has-post-thumbnail","6":"product_cat-jnr","7":"product_cat-40000-puffs-disposable-vape","8":"product_cat-big-puffs-vapes","9":"product_cat-different-puffs-of-disposable-vapes","10":"product_cat-digital-box-vapes","11":"product_cat-disposable-vape-types","12":"product_cat-disposable-vapes-in-austria","13":"product_cat-disposable-vapes-in-belgium","14":"product_cat-disposable-vapes-in-europe","15":"product_cat-disposable-vapes-in-france","16":"product_cat-disposable-vapes-in-germany","17":"product_cat-disposable-vapes-in-hungary","18":"product_cat-disposable-vapes-in-ltaly","19":"product_cat-disposable-vapes-in-netherlands","20":"product_cat-disposable-vapes-in-norway","21":"product_cat-disposable-vapes-in-poland","22":"product_cat-disposable-vapes-in-portugal","23":"product_cat-disposable-vapes-in-spain","24":"product_cat-disposable-vapes-in-sweden","25":"product_cat-disposable-vapes-in-switzerland","26":"product_cat-rechargeable-vapes","27":"product_cat-smart-screen-vapes","29":"first","30":"instock","31":"shipping-taxable","32":"purchasable","33":"product-type-variable","34":"has-default-attributes"},"jetpack_sharing_enabled":true,"tiered_pricing_type":"fixed","tiered_pricing_fixed_rules":{"2000":10.25},"tiered_pricing_product_settings":{"layout":"default","base_unit_name":{"singular":null,"plural":null},"default_variation":null},"tiered_pricing_minimum_quantity":1000,"tiered_pricing_roles_data":[],"tiered_pricing_percentage_rules":[],"tiered_pricing_maximum_quantity":null,"tiered_pricing_quantity_step":"10","_links":{"self":[{"href":"https:\/\/volovape.com\/it\/wp-json\/wp\/v2\/product\/6247","targetHints":{"allow":["GET"]}}],"collection":[{"href":"https:\/\/volovape.com\/it\/wp-json\/wp\/v2\/product"}],"about":[{"href":"https:\/\/volovape.com\/it\/wp-json\/wp\/v2\/types\/product"}],"replies":[{"embeddable":true,"href":"https:\/\/volovape.com\/it\/wp-json\/wp\/v2\/comments?post=6247"}],"wp:featuredmedia":[{"embeddable":true,"href":"https:\/\/volovape.com\/it\/wp-json\/wp\/v2\/media\/6306"}],"wp:attachment":[{"href":"https:\/\/volovape.com\/it\/wp-json\/wp\/v2\/media?parent=6247"}],"wp:term":[{"taxonomy":"product_brand","embeddable":true,"href":"https:\/\/volovape.com\/it\/wp-json\/wp\/v2\/product_brand?post=6247"},{"taxonomy":"product_cat","embeddable":true,"href":"https:\/\/volovape.com\/it\/wp-json\/wp\/v2\/product_cat?post=6247"},{"taxonomy":"product_tag","embeddable":true,"href":"https:\/\/volovape.com\/it\/wp-json\/wp\/v2\/product_tag?post=6247"}],"curies":[{"name":"scrivere","href":"https:\/\/api.w.org\/{rel}","templated":true}]}}