{"id":600,"date":"2024-11-21T03:31:02","date_gmt":"2024-11-21T03:31:02","guid":{"rendered":"https:\/\/volovape.com\/?post_type=product&#038;p=600"},"modified":"2025-08-20T02:44:43","modified_gmt":"2025-08-20T02:44:43","slug":"aivono-boom-patriot-edition-25000-tiri","status":"publish","type":"product","link":"https:\/\/volovape.com\/it\/product\/aivono-boom-patriot-edition-25000-puffs\/","title":{"rendered":"AIVONO Boom Patriot Edition 25000 puff monouso - dual mesh con display LCD"},"content":{"rendered":"<p><strong>AIVONO BOOM PATRIOT EDITION 25000 boccate Vape usa e getta a doppia maglia LCD<\/strong> - Mostrate il vostro spirito patriottico con AIVONO BOOM PATRIOT EDITION, che offre un'eccezionale capacit\u00e0 di 25.000 puff. Questa svapata monouso ad alta capacit\u00e0 \u00e8 dotata di un serbatoio di e-liquid da 28 ml, di una batteria ricaricabile da 650 mAh e di una tecnologia avanzata a doppia bobina per un vapore sempre ricco e saporito. Il display LCD integrato fornisce informazioni in tempo reale sulla batteria e sul conteggio dei puff. Ideale per l'uso personale e per gli ordini all'ingrosso di vape monouso, questo dispositivo offre le gradazioni di nicotina 0%, 2%, 3% o 5% e una selezione di 8 deliziosi sapori.<\/p>\n<h3><strong>AIVONO BOOM PATRIOT EDITION 25000 Puffs Caratteristiche:<\/strong><\/h3>\n<ul>\n<li>Soffi: 25000 soffi<\/li>\n<li>Capacit\u00e0 del liquido elettronico: 28 ml<\/li>\n<li>Batteria: 650mAh (ricaricabile)<\/li>\n<li>Ricarica: Tipo-C<\/li>\n<li>Bobina: Bobine a doppia maglia<\/li>\n<li>Display: Display LCD (batteria e conteggio dei soffi)<\/li>\n<li>Potenzialit\u00e0 della nicotina: 0%, 2%, 3%, 5%<\/li>\n<li>Opzioni di gusto: Ciliegia anguria ghiacciata, lampone pesca lime, anguria ghiacciata, limone melone, blu razz ghiacciato, ananas mango acido, uva mela verde, menta di Miami.<\/li>\n<\/ul>\n<h4>Domande frequenti<\/h4>\n<h5>In che modo la tecnologia dual mesh coil migliora l'esperienza di vaping?<\/h5>\n<p>Il design della bobina a doppia maglia offre una superficie di riscaldamento pi\u00f9 ampia, con un conseguente riscaldamento pi\u00f9 uniforme e una produzione di aroma e vapore notevolmente migliorata. Questa tecnologia garantisce un'esperienza di svapo sempre fluida e soddisfacente.<\/p>\n<h5>Quali sono i metodi di spedizione disponibili?<\/h5>\n<p>Collaboriamo con vettori affidabili, tra cui UPS, DHL, FedEx e DPD, per offrire una spedizione efficiente e affidabile. Il metodo di spedizione pi\u00f9 adatto viene selezionato in base alla localit\u00e0 di consegna.<\/p>\n<h5>Quanto tempo ci vuole in genere per la spedizione?<\/h5>\n<p>La spedizione avviene solitamente in 7-15 giorni lavorativi, anche se i tempi di consegna possono estendersi fino a 20 giorni lavorativi in caso di festivit\u00e0 o condizioni meteorologiche avverse.<\/p>\n<h5>Dovr\u00f2 sostenere spese doganali o tasse?<\/h5>\n<p>Ci occupiamo di tutte le operazioni di sdoganamento, garantendovi di non incorrere in tasse o tariffe aggiuntive. 100% dei nostri prodotti vengono sdoganati senza problemi.<\/p>\n<h5>Il mio acquisto \u00e8 sicuro e affidabile?<\/h5>\n<p>Offriamo transazioni sicure grazie alla protezione acquirenti di PayPal. Potete anche verificare la nostra affidabilit\u00e0 controllando le recensioni dei clienti su <a href=\"https:\/\/www.trustpilot.com\/review\/volovape.com?utm_medium=trustbox&amp;utm_source=TrustBoxReviewCollector\">TrustPilot<\/a>.<\/p>","protected":false},"excerpt":{"rendered":"<p>Cattura gli appassionati di vape con AIVONO BOOM PATRIOT EDITION 25000 Puffs all'ingrosso! Doppie bobine, display LCD, 28 ml, ricaricabile. Stock di vapes patriottici, ad alto contenuto di puff con funzioni avanzate.<\/p>","protected":false},"featured_media":969,"comment_status":"open","ping_status":"closed","template":"","meta":[],"product_brand":[],"product_cat":[67,45,63,21,18,39,20,23,24,22,25,26,27,28,29,30,31,32,33,34,35,44,36,40],"product_tag":[],"class_list":{"0":"post-600","1":"product","2":"type-product","3":"status-publish","4":"has-post-thumbnail","6":"product_cat-aivono","7":"product_cat-25000-puffs-disposable-vape","8":"product_cat-30000-puffs-disposable-vape","9":"product_cat-big-puffs-vapes","10":"product_cat-different-puffs-of-disposable-vapes","11":"product_cat-digital-box-vapes","12":"product_cat-disposable-vape-types","13":"product_cat-disposable-vapes-in-austria","14":"product_cat-disposable-vapes-in-belgium","15":"product_cat-disposable-vapes-in-europe","16":"product_cat-disposable-vapes-in-france","17":"product_cat-disposable-vapes-in-germany","18":"product_cat-disposable-vapes-in-hungary","19":"product_cat-disposable-vapes-in-ltaly","20":"product_cat-disposable-vapes-in-netherlands","21":"product_cat-disposable-vapes-in-norway","22":"product_cat-disposable-vapes-in-poland","23":"product_cat-disposable-vapes-in-portugal","24":"product_cat-disposable-vapes-in-spain","25":"product_cat-disposable-vapes-in-sweden","26":"product_cat-disposable-vapes-in-switzerland","27":"product_cat-dual-mesh-vapes","28":"product_cat-rechargeable-vapes","29":"product_cat-smart-screen-vapes","31":"first","32":"instock","33":"shipping-taxable","34":"purchasable","35":"product-type-variable","36":"has-default-attributes"},"jetpack_sharing_enabled":true,"tiered_pricing_type":"fixed","tiered_pricing_fixed_rules":{"30":9.1899999999999995026200849679298698902130126953125,"50":9.0099999999999997868371792719699442386627197265625,"100":8.3800000000000007815970093361102044582366943359375,"200":7.69000000000000039079850466805510222911834716796875,"400":7.480000000000000426325641456060111522674560546875},"tiered_pricing_product_settings":{"layout":"default","base_unit_name":{"singular":null,"plural":null},"default_variation":null},"tiered_pricing_minimum_quantity":10,"tiered_pricing_roles_data":[],"tiered_pricing_percentage_rules":[],"tiered_pricing_maximum_quantity":null,"tiered_pricing_quantity_step":"10","_links":{"self":[{"href":"https:\/\/volovape.com\/it\/wp-json\/wp\/v2\/product\/600","targetHints":{"allow":["GET"]}}],"collection":[{"href":"https:\/\/volovape.com\/it\/wp-json\/wp\/v2\/product"}],"about":[{"href":"https:\/\/volovape.com\/it\/wp-json\/wp\/v2\/types\/product"}],"replies":[{"embeddable":true,"href":"https:\/\/volovape.com\/it\/wp-json\/wp\/v2\/comments?post=600"}],"wp:featuredmedia":[{"embeddable":true,"href":"https:\/\/volovape.com\/it\/wp-json\/wp\/v2\/media\/969"}],"wp:attachment":[{"href":"https:\/\/volovape.com\/it\/wp-json\/wp\/v2\/media?parent=600"}],"wp:term":[{"taxonomy":"product_brand","embeddable":true,"href":"https:\/\/volovape.com\/it\/wp-json\/wp\/v2\/product_brand?post=600"},{"taxonomy":"product_cat","embeddable":true,"href":"https:\/\/volovape.com\/it\/wp-json\/wp\/v2\/product_cat?post=600"},{"taxonomy":"product_tag","embeddable":true,"href":"https:\/\/volovape.com\/it\/wp-json\/wp\/v2\/product_tag?post=600"}],"curies":[{"name":"scrivere","href":"https:\/\/api.w.org\/{rel}","templated":true}]}}