{"id":598,"date":"2024-11-21T03:31:02","date_gmt":"2024-11-21T03:31:02","guid":{"rendered":"https:\/\/volovape.com\/?post_type=product&#038;p=598"},"modified":"2026-03-16T08:57:33","modified_gmt":"2026-03-16T08:57:33","slug":"bang-box-20000-tiri","status":"publish","type":"product","link":"https:\/\/volovape.com\/it\/product\/bang-box-20000-puffs\/","title":{"rendered":"Bang Box 20000 boccate di vape monouso a lunga durata - opzioni all'ingrosso con grande sconto"},"content":{"rendered":"<p><strong>Bang Box 20000 boccate di vapore ricaricabile usa e getta definitivo<\/strong> - Provate una longevit\u00e0 e un sapore senza pari con Bang Box 20000. Questa svapata monouso ad alta capacit\u00e0 offre ben 20.000 boccate, con un serbatoio di e-liquid da 35 ml e una batteria ricaricabile da 850 mAh. L'avanzata tecnologia della bobina a rete garantisce un vapore sempre omogeneo e saporito, perfetto sia per l'uso personale che per gli ordini all'ingrosso di vape usa e getta. Scegliete tra le gradazioni di nicotina 0%, 2%, 3% o 5% e un'ampia selezione di 12 sapori vivaci.<\/p>\n<h3><strong>Bang Box 20000 Puffs Caratteristiche:<\/strong><\/h3>\n<ul>\n<li>Bign\u00e8: 20000 bign\u00e8<\/li>\n<li>Capacit\u00e0 del liquido elettronico: 35 ml<\/li>\n<li>Batteria: 850mAh (ricaricabile)<\/li>\n<li>Ricarica: Tipo-C<\/li>\n<li>Bobina: Bobina a rete<\/li>\n<li>Potenzialit\u00e0 della nicotina: 0%, 2%, 3%, 5%<\/li>\n<li>Opzioni di gusto: Fragola Kiwi, Kiwi Passion Fruit Guava, Fragola Anguria, Lampone Anguria, Mirtillo Lampone Ghiaccio, Anguria Ghiaccio, Banana Ghiaccio, Mango Pesca, Blue Razz Ghiaccio, Mr. Blue, Uva Ghiaccio, Mango Ghiaccio.<\/li>\n<\/ul>\n<h4>Domande frequenti<\/h4>\n<h5>In che modo la batteria da 850 mAh migliora l'esperienza del vaping?<\/h5>\n<p>La batteria da 850 mAh fornisce un'alimentazione prolungata, garantendo la possibilit\u00e0 di godersi tutti i 20.000 puff senza ricaricare frequentemente. La maggiore capacit\u00e0 della batteria consente sessioni di svapo pi\u00f9 lunghe e prestazioni costanti.<\/p>\n<h5>Quali sono i metodi di spedizione disponibili?<\/h5>\n<p>Collaboriamo con vettori affidabili, tra cui UPS, DHL, FedEx e DPD, per offrire una spedizione affidabile ed efficiente. Il metodo di spedizione pi\u00f9 adatto viene selezionato in base alla localit\u00e0 di consegna.<\/p>\n<h5>Quanto tempo ci vuole in genere per la spedizione?<\/h5>\n<p>La spedizione avviene solitamente in 7-15 giorni lavorativi, anche se i tempi di consegna possono estendersi fino a 20 giorni lavorativi in caso di festivit\u00e0 o condizioni meteorologiche avverse.<\/p>\n<h5>Ci sono tasse o oneri doganali?<\/h5>\n<p>Ci occupiamo di tutte le operazioni di sdoganamento, garantendovi di non incorrere in tasse o tariffe aggiuntive. 100% dei nostri prodotti vengono sdoganati senza problemi.<\/p>\n<h5>Il mio acquisto \u00e8 sicuro e affidabile?<\/h5>\n<p>Offriamo transazioni sicure grazie alla protezione acquirenti di PayPal. Potete anche verificare la nostra affidabilit\u00e0 controllando le recensioni dei clienti su <a href=\"https:\/\/www.trustpilot.com\/review\/volovape.com?utm_medium=trustbox&amp;utm_source=TrustBoxReviewCollector\">TrustPilot<\/a>.<\/p>","protected":false},"excerpt":{"rendered":"<p>Dominate il vostro mercato con Bang Box 20000 Puffs all'ingrosso! Capacit\u00e0 di 35ml, batteria da 850mAh, coil a rete avanzata. Stock di ultima generazione, ricaricabili usa e getta.<\/p>","protected":false},"featured_media":941,"comment_status":"open","ping_status":"closed","template":"","meta":[],"product_brand":[],"product_cat":[61,42,21,18,20,23,24,22,25,26,27,28,29,30,31,32,33,34,35,36,40],"product_tag":[],"class_list":{"0":"post-598","1":"product","2":"type-product","3":"status-publish","4":"has-post-thumbnail","6":"product_cat-bang","7":"product_cat-20000-puffs-disposable-vape","8":"product_cat-big-puffs-vapes","9":"product_cat-different-puffs-of-disposable-vapes","10":"product_cat-disposable-vape-types","11":"product_cat-disposable-vapes-in-austria","12":"product_cat-disposable-vapes-in-belgium","13":"product_cat-disposable-vapes-in-europe","14":"product_cat-disposable-vapes-in-france","15":"product_cat-disposable-vapes-in-germany","16":"product_cat-disposable-vapes-in-hungary","17":"product_cat-disposable-vapes-in-ltaly","18":"product_cat-disposable-vapes-in-netherlands","19":"product_cat-disposable-vapes-in-norway","20":"product_cat-disposable-vapes-in-poland","21":"product_cat-disposable-vapes-in-portugal","22":"product_cat-disposable-vapes-in-spain","23":"product_cat-disposable-vapes-in-sweden","24":"product_cat-disposable-vapes-in-switzerland","25":"product_cat-rechargeable-vapes","26":"product_cat-smart-screen-vapes","28":"first","29":"instock","30":"shipping-taxable","31":"purchasable","32":"product-type-variable","33":"has-default-attributes"},"jetpack_sharing_enabled":true,"tiered_pricing_type":"fixed","tiered_pricing_fixed_rules":{"30":6.480000000000000426325641456060111522674560546875,"50":6.04999999999999982236431605997495353221893310546875,"100":5.30999999999999960920149533194489777088165283203125,"200":4.94000000000000039079850466805510222911834716796875,"400":4.37999999999999989341858963598497211933135986328125},"tiered_pricing_product_settings":{"layout":"default","base_unit_name":{"singular":null,"plural":null},"default_variation":null},"tiered_pricing_minimum_quantity":10,"tiered_pricing_roles_data":[],"tiered_pricing_percentage_rules":[],"tiered_pricing_maximum_quantity":null,"tiered_pricing_quantity_step":"10","_links":{"self":[{"href":"https:\/\/volovape.com\/it\/wp-json\/wp\/v2\/product\/598","targetHints":{"allow":["GET"]}}],"collection":[{"href":"https:\/\/volovape.com\/it\/wp-json\/wp\/v2\/product"}],"about":[{"href":"https:\/\/volovape.com\/it\/wp-json\/wp\/v2\/types\/product"}],"replies":[{"embeddable":true,"href":"https:\/\/volovape.com\/it\/wp-json\/wp\/v2\/comments?post=598"}],"wp:featuredmedia":[{"embeddable":true,"href":"https:\/\/volovape.com\/it\/wp-json\/wp\/v2\/media\/941"}],"wp:attachment":[{"href":"https:\/\/volovape.com\/it\/wp-json\/wp\/v2\/media?parent=598"}],"wp:term":[{"taxonomy":"product_brand","embeddable":true,"href":"https:\/\/volovape.com\/it\/wp-json\/wp\/v2\/product_brand?post=598"},{"taxonomy":"product_cat","embeddable":true,"href":"https:\/\/volovape.com\/it\/wp-json\/wp\/v2\/product_cat?post=598"},{"taxonomy":"product_tag","embeddable":true,"href":"https:\/\/volovape.com\/it\/wp-json\/wp\/v2\/product_tag?post=598"}],"curies":[{"name":"scrivere","href":"https:\/\/api.w.org\/{rel}","templated":true}]}}