{"id":597,"date":"2024-11-21T03:31:02","date_gmt":"2024-11-21T03:31:02","guid":{"rendered":"https:\/\/volovape.com\/?post_type=product&#038;p=597"},"modified":"2025-07-09T09:46:45","modified_gmt":"2025-07-09T09:46:45","slug":"bang-box-15000-tiri","status":"publish","type":"product","link":"https:\/\/volovape.com\/it\/product\/bang-box-15000-puffs\/","title":{"rendered":"Bang Box 15000 boccate di vapore monouso - ricaricabile, bobina a rete"},"content":{"rendered":"<p><strong>Bang Box 15000 boccate di vapore monouso ad alta capacit\u00e0<\/strong> - Godetevi un'esperienza di svapo prolungata e soddisfacente con la Bang Box 15000. Questa svapata monouso offre fino a 15.000 boccate, un serbatoio di e-liquid da 25 ml e una batteria ricaricabile da 650 mAh. La bobina a rete avanzata garantisce un vapore uniforme e saporito, ideale sia per l'uso personale che per gli ordini all'ingrosso di vape usa e getta. Scegliete tra le gradazioni di nicotina 0%, 2%, 3% o 5% e una variet\u00e0 di 10 deliziosi sapori.<\/p>\n<h3><strong>Bang Box 15000 Puffs Caratteristiche:<\/strong><\/h3>\n<ul>\n<li>Soffi: 15000 soffi<\/li>\n<li>Capacit\u00e0 del liquido elettronico: 25 ml<\/li>\n<li>Batteria: 650mAh (ricaricabile)<\/li>\n<li>Ricarica: Tipo-C<\/li>\n<li>Bobina: Bobina a rete<\/li>\n<li>Potenzialit\u00e0 della nicotina: 0%, 2%, 3%, 5%<\/li>\n<li>Opzioni di gusto: Kiwi alla fragola, Anguria al lampone, Anguria al mango e alla pesca, Uva alla fragola, Mango alla fragola, Anguria alla fragola, Ghiaccio alla pesca, Ghiaccio ai frutti di bosco, Ghiaccio all'anguria, Ghiaccio al blu.<\/li>\n<\/ul>\n<h4>Domande frequenti<\/h4>\n<h5>In che modo la bobina a rete migliora l'esperienza del vaping?<\/h5>\n<p>Il design della bobina a rete offre una superficie di riscaldamento pi\u00f9 ampia, con un conseguente riscaldamento pi\u00f9 uniforme e una maggiore produzione di aroma e vapore. Questo garantisce un'esperienza di svapo pi\u00f9 fluida e piacevole.<\/p>\n<h5>Quali sono i metodi di spedizione disponibili?<\/h5>\n<p>Collaboriamo con vettori di fiducia, tra cui UPS, DHL, FedEx e DPD, per garantire una spedizione affidabile ed efficiente. Il metodo di spedizione ottimale viene selezionato in base alla vostra posizione.<\/p>\n<h5>Qual \u00e8 il tempo di spedizione tipico?<\/h5>\n<p>La spedizione richiede in genere 7-15 giorni lavorativi, ma i tempi di consegna possono estendersi a 20 giorni lavorativi durante le festivit\u00e0 o in caso di condizioni meteorologiche avverse.<\/p>\n<h5>Ci sono tasse o oneri doganali?<\/h5>\n<p>Ci occupiamo di tutte le operazioni di sdoganamento, garantendovi di non incorrere in tasse o tariffe aggiuntive. 100% dei nostri prodotti vengono sdoganati senza problemi.<\/p>\n<h5>Quanto \u00e8 sicuro il mio acquisto?<\/h5>\n<p>Offriamo transazioni sicure grazie alla protezione acquirenti di PayPal. Potete anche verificare la nostra affidabilit\u00e0 controllando le recensioni dei clienti su <a href=\"https:\/\/www.trustpilot.com\/review\/volovape.com?utm_medium=trustbox&amp;utm_source=TrustBoxReviewCollector\">TrustPilot<\/a>.<\/p>","protected":false},"excerpt":{"rendered":"<p>Capitalizzate il mercato dello svapo con Bang Box 15000 Puffs all'ingrosso! Bobina a rete, 25ml, ricaricabile. Stoccaggio di vapes affidabili e ad alto contenuto di puff con diverse opzioni di nicotina.<\/p>","protected":false},"featured_media":925,"comment_status":"open","ping_status":"closed","template":"","meta":[],"product_brand":[],"product_cat":[61,41,21,18,20,23,24,22,25,26,27,28,29,30,31,32,33,34,35,36],"product_tag":[],"class_list":{"0":"post-597","1":"product","2":"type-product","3":"status-publish","4":"has-post-thumbnail","6":"product_cat-bang","7":"product_cat-15000-puffs-disposable-vape","8":"product_cat-big-puffs-vapes","9":"product_cat-different-puffs-of-disposable-vapes","10":"product_cat-disposable-vape-types","11":"product_cat-disposable-vapes-in-austria","12":"product_cat-disposable-vapes-in-belgium","13":"product_cat-disposable-vapes-in-europe","14":"product_cat-disposable-vapes-in-france","15":"product_cat-disposable-vapes-in-germany","16":"product_cat-disposable-vapes-in-hungary","17":"product_cat-disposable-vapes-in-ltaly","18":"product_cat-disposable-vapes-in-netherlands","19":"product_cat-disposable-vapes-in-norway","20":"product_cat-disposable-vapes-in-poland","21":"product_cat-disposable-vapes-in-portugal","22":"product_cat-disposable-vapes-in-spain","23":"product_cat-disposable-vapes-in-sweden","24":"product_cat-disposable-vapes-in-switzerland","25":"product_cat-rechargeable-vapes","27":"first","28":"instock","29":"shipping-taxable","30":"purchasable","31":"product-type-variable","32":"has-default-attributes"},"jetpack_sharing_enabled":true,"tiered_pricing_type":"fixed","tiered_pricing_fixed_rules":{"2000":5.7599999999999997868371792719699442386627197265625},"tiered_pricing_product_settings":{"layout":"default","base_unit_name":{"singular":null,"plural":null},"default_variation":null},"tiered_pricing_minimum_quantity":1000,"tiered_pricing_roles_data":[],"tiered_pricing_percentage_rules":[],"tiered_pricing_maximum_quantity":null,"tiered_pricing_quantity_step":"10","_links":{"self":[{"href":"https:\/\/volovape.com\/it\/wp-json\/wp\/v2\/product\/597","targetHints":{"allow":["GET"]}}],"collection":[{"href":"https:\/\/volovape.com\/it\/wp-json\/wp\/v2\/product"}],"about":[{"href":"https:\/\/volovape.com\/it\/wp-json\/wp\/v2\/types\/product"}],"replies":[{"embeddable":true,"href":"https:\/\/volovape.com\/it\/wp-json\/wp\/v2\/comments?post=597"}],"wp:featuredmedia":[{"embeddable":true,"href":"https:\/\/volovape.com\/it\/wp-json\/wp\/v2\/media\/925"}],"wp:attachment":[{"href":"https:\/\/volovape.com\/it\/wp-json\/wp\/v2\/media?parent=597"}],"wp:term":[{"taxonomy":"product_brand","embeddable":true,"href":"https:\/\/volovape.com\/it\/wp-json\/wp\/v2\/product_brand?post=597"},{"taxonomy":"product_cat","embeddable":true,"href":"https:\/\/volovape.com\/it\/wp-json\/wp\/v2\/product_cat?post=597"},{"taxonomy":"product_tag","embeddable":true,"href":"https:\/\/volovape.com\/it\/wp-json\/wp\/v2\/product_tag?post=597"}],"curies":[{"name":"scrivere","href":"https:\/\/api.w.org\/{rel}","templated":true}]}}