{"id":535,"date":"2024-11-21T03:30:33","date_gmt":"2024-11-21T03:30:33","guid":{"rendered":"https:\/\/volovape.com\/?post_type=product&#038;p=535"},"modified":"2025-08-06T07:58:39","modified_gmt":"2025-08-06T07:58:39","slug":"bang-smart-screen-crown-bar-18000-boccate","status":"publish","type":"product","link":"https:\/\/volovape.com\/it\/product\/bang-smart-screen-crown-bar-18000-puffs\/","title":{"rendered":"Bang Crown Bar 18000 soffi Smart Screen Vape usa e getta - Bobina a rete da 0,6\u03a9, ricaricabile"},"content":{"rendered":"<p><strong>Bang Crown Bar 18000 boccate Schermo intelligente Vape monouso<\/strong> - Provate un'esperienza di vaping superiore con Bang Crown Bar 18000. Questa svapata monouso ad alta capacit\u00e0 eroga fino a 18.000 boccate, con un serbatoio di e-liquid da 24 ml e una batteria ricaricabile da 650 mAh. Lo schermo intelligente consente di monitorare facilmente i livelli della batteria e dell'e-liquid, mentre la bobina a maglia da 0,6\u03a9 assicura nuvole dense e un sapore ricco. Ideale per l'uso personale e per gli ordini all'ingrosso di vape monouso, questo dispositivo offre le gradazioni di nicotina 0%, 2%, 3% o 5% e un'ampia gamma di 11 deliziosi sapori.<\/p>\n<h3><strong>Bang Crown Bar 18000 Puffs Caratteristiche:<\/strong><\/h3>\n<ul>\n<li>Soffi: 18000 soffi<\/li>\n<li>Capacit\u00e0 del liquido elettronico: 24 ml<\/li>\n<li>Batteria: 650mAh (ricaricabile)<\/li>\n<li>Ricarica: Tipo-C<\/li>\n<li>Bobina: bobina a maglia da 0,6\u03a9<\/li>\n<li>Display: Schermo intelligente (batteria e livelli di e-liquid)<\/li>\n<li>Potenzialit\u00e0 della nicotina: 0%, 2%, 3%, 5%<\/li>\n<li>Opzioni di gusto: Ghiaccio all'anguria, Anguria alla fragola, Lampone al mirtillo, Ghiaccio al mirtillo, Kiwi alla fragola, Ghiaccio alla pesca, Frutti misti, Ciliegia Cola, Doppia mela, Limone al mirtillo, Ghiaccio all'uva.<\/li>\n<\/ul>\n<h4>Domande frequenti<\/h4>\n<h5>In che modo la bobina da 0,6\u03a9 migliora la produzione di vapore?<\/h5>\n<p>La bobina da 0,6\u03a9 \u00e8 progettata per riscaldare l'e-liquid in modo pi\u00f9 efficiente, producendo nuvole pi\u00f9 dense e profili aromatici pi\u00f9 ricchi. Questo garantisce un'esperienza di svapo pi\u00f9 intensa e soddisfacente.<\/p>\n<h5>Quali sono i metodi di spedizione disponibili?<\/h5>\n<p>Collaboriamo con vettori affidabili come UPS, DHL, FedEx e DPD per garantire una spedizione efficiente e affidabile. Il metodo di spedizione pi\u00f9 adatto viene selezionato in base alla localit\u00e0 di consegna.<\/p>\n<h5>Quanto tempo ci vuole in genere per la spedizione?<\/h5>\n<p>La spedizione avviene solitamente in 7-15 giorni lavorativi, anche se i tempi di consegna possono estendersi fino a 20 giorni lavorativi in caso di festivit\u00e0 o condizioni meteorologiche avverse.<\/p>\n<h5>Dovr\u00f2 pagare tasse e oneri doganali?<\/h5>\n<p>Ci occupiamo di tutte le operazioni di sdoganamento, garantendovi di non incorrere in tasse o tariffe aggiuntive. 100% dei nostri prodotti vengono sdoganati senza problemi.<\/p>\n<h5>Quanto \u00e8 sicuro il mio acquisto?<\/h5>\n<p>Offriamo transazioni sicure grazie alla protezione acquirenti di PayPal. Potete anche verificare la nostra credibilit\u00e0 controllando le recensioni dei clienti su <a href=\"https:\/\/www.trustpilot.com\/review\/volovape.com?utm_medium=trustbox&amp;utm_source=TrustBoxReviewCollector\">TrustPilot<\/a>.<\/p>","protected":false},"excerpt":{"rendered":"<p>Rivoluziona le tue offerte di svapo con Bang Crown Bar 18000 Puffs all'ingrosso! Tecnologia a schermo intelligente, maglia da 0,6\u03a9, 24ml, ricaricabile. Stoccaggio di prodotti monouso di nuova generazione per i clienti pi\u00f9 esigenti.<\/p>","protected":false},"featured_media":905,"comment_status":"open","ping_status":"closed","template":"","meta":[],"product_brand":[],"product_cat":[61,50,21,18,20,23,24,22,25,26,27,28,29,30,31,32,33,34,35,36,47,40],"product_tag":[],"class_list":{"0":"post-535","1":"product","2":"type-product","3":"status-publish","4":"has-post-thumbnail","6":"product_cat-bang","7":"product_cat-18000-puffs-disposable-vape","8":"product_cat-big-puffs-vapes","9":"product_cat-different-puffs-of-disposable-vapes","10":"product_cat-disposable-vape-types","11":"product_cat-disposable-vapes-in-austria","12":"product_cat-disposable-vapes-in-belgium","13":"product_cat-disposable-vapes-in-europe","14":"product_cat-disposable-vapes-in-france","15":"product_cat-disposable-vapes-in-germany","16":"product_cat-disposable-vapes-in-hungary","17":"product_cat-disposable-vapes-in-ltaly","18":"product_cat-disposable-vapes-in-netherlands","19":"product_cat-disposable-vapes-in-norway","20":"product_cat-disposable-vapes-in-poland","21":"product_cat-disposable-vapes-in-portugal","22":"product_cat-disposable-vapes-in-spain","23":"product_cat-disposable-vapes-in-sweden","24":"product_cat-disposable-vapes-in-switzerland","25":"product_cat-rechargeable-vapes","26":"product_cat-shisha-hookah-vapes","27":"product_cat-smart-screen-vapes","29":"first","30":"instock","31":"shipping-taxable","32":"purchasable","33":"product-type-variable","34":"has-default-attributes"},"jetpack_sharing_enabled":true,"tiered_pricing_type":"fixed","tiered_pricing_fixed_rules":{"2000":3.890000000000000124344978758017532527446746826171875},"tiered_pricing_product_settings":{"layout":"default","base_unit_name":{"singular":null,"plural":null},"default_variation":null},"tiered_pricing_minimum_quantity":1000,"tiered_pricing_roles_data":[],"tiered_pricing_percentage_rules":[],"tiered_pricing_maximum_quantity":null,"tiered_pricing_quantity_step":"10","_links":{"self":[{"href":"https:\/\/volovape.com\/it\/wp-json\/wp\/v2\/product\/535","targetHints":{"allow":["GET"]}}],"collection":[{"href":"https:\/\/volovape.com\/it\/wp-json\/wp\/v2\/product"}],"about":[{"href":"https:\/\/volovape.com\/it\/wp-json\/wp\/v2\/types\/product"}],"replies":[{"embeddable":true,"href":"https:\/\/volovape.com\/it\/wp-json\/wp\/v2\/comments?post=535"}],"wp:featuredmedia":[{"embeddable":true,"href":"https:\/\/volovape.com\/it\/wp-json\/wp\/v2\/media\/905"}],"wp:attachment":[{"href":"https:\/\/volovape.com\/it\/wp-json\/wp\/v2\/media?parent=535"}],"wp:term":[{"taxonomy":"product_brand","embeddable":true,"href":"https:\/\/volovape.com\/it\/wp-json\/wp\/v2\/product_brand?post=535"},{"taxonomy":"product_cat","embeddable":true,"href":"https:\/\/volovape.com\/it\/wp-json\/wp\/v2\/product_cat?post=535"},{"taxonomy":"product_tag","embeddable":true,"href":"https:\/\/volovape.com\/it\/wp-json\/wp\/v2\/product_tag?post=535"}],"curies":[{"name":"scrivere","href":"https:\/\/api.w.org\/{rel}","templated":true}]}}