{"id":499,"date":"2024-11-21T03:30:08","date_gmt":"2024-11-21T03:30:08","guid":{"rendered":"https:\/\/volovape.com\/?post_type=product&#038;p=499"},"modified":"2025-08-06T08:09:50","modified_gmt":"2025-08-06T08:09:50","slug":"bang-box-18000-tiri","status":"publish","type":"product","link":"https:\/\/volovape.com\/it\/product\/bang-box-18000-puffs\/","title":{"rendered":"BANG BOX 18000 boccate di vapore monouso - Bobina a doppia maglia, display a LED, ricaricabile"},"content":{"rendered":"<p><strong>BANG BOX 18000 boccate di vapore monouso<\/strong> - Bobine a doppia maglia per un sapore e una durata superiori.<\/p>\n<p>IL <strong>BANG BOX 18000 Sbuffi<\/strong> offre un'esperienza di svapo senza precedenti grazie al suo design ad alta capacit\u00e0 e all'avanzata tecnologia dual mesh coil. Godetevi fino a <strong>18.000 soffi<\/strong>, una massiccia <strong>Serbatoio per e-liquid da 26 ml<\/strong>e un <strong>Batteria ricaricabile da 850 mAh<\/strong> con ricarica di tipo C. Il <strong>Bobine a doppia maglia da 0,8\u03a9<\/strong> assicurano un sapore ricco e costante, mentre il display digitale a LED fornisce aggiornamenti in tempo reale sui livelli della batteria e dell'e-liquid. Scegliete tra <strong>Potenze di nicotina 0%, 2%, 3% o 5%<\/strong> e 12 deliziosi sapori. Ideale per uso personale o <strong>vape monouso all'ingrosso<\/strong>, IL <strong>SCATOLA BANG 18000<\/strong> stabilisce un nuovo standard per i vapers usa e getta. Considerate un <strong>ordine all'ingrosso<\/strong> per ottenere prezzi competitivi.<\/p>\n<h3><strong>BANG BOX 18000 Puffs Caratteristiche:<\/strong><\/h3>\n<ul>\n<li>Bign\u00e8: Fino a 18.000<\/li>\n<li>Capacit\u00e0 e-liquid: 26ml<\/li>\n<li>Batteria: 850mAh (ricaricabile)<\/li>\n<li>Ricarica: Tipo-C<\/li>\n<li>Bobina: 0,8\u03a9 a doppia maglia<\/li>\n<li>Display: Display digitale a LED<\/li>\n<li>Potenzialit\u00e0 della nicotina: 0%, 2%, 3%, 5%<\/li>\n<li>12 gusti disponibili<\/li>\n<\/ul>\n<h4>Domande frequenti<\/h4>\n<h5>Cosa rende le bobine a doppia maglia superiori?<\/h5>\n<p>Il design della bobina a doppia maglia offre una superficie di riscaldamento pi\u00f9 ampia, con un conseguente riscaldamento pi\u00f9 rapido e uniforme. Questo migliora la produzione di aromi, la densit\u00e0 del vapore e la consistenza complessiva, offrendo un'esperienza di svapo pi\u00f9 soddisfacente.<\/p>\n<h5>Quali sono i metodi di spedizione utilizzati per gli ordini all'ingrosso?<\/h5>\n<p>Utilizziamo vettori di fiducia come UPS, DHL, FedEx e DPD per garantire una consegna sicura ed efficiente per gli ordini all'ingrosso. Il metodo di spedizione pi\u00f9 adatto viene selezionato in base alla vostra posizione e alle dimensioni dell'ordine.<\/p>\n<h5>Quanto tempo impiega la spedizione per gli ordini all'ingrosso?<\/h5>\n<p>La spedizione richiede in genere 7-15 giorni lavorativi. In caso di alta stagione o di condizioni meteorologiche avverse, sono necessari fino a 20 giorni lavorativi.<\/p>\n<h5>Ci sono problemi doganali o tasse aggiuntive di cui devo essere a conoscenza quando ordino in grandi quantit\u00e0?<\/h5>\n<p>Gestiamo tutti i processi di sdoganamento per garantire una consegna senza problemi. Non incorrerete in tasse o imposte impreviste e garantiamo lo sdoganamento di 100% per tutte le spedizioni.<\/p>\n<h5>Come posso verificare l'affidabilit\u00e0 del mio acquisto di prodotti sfusi?<\/h5>\n<p>Offriamo opzioni di pagamento sicure e ci impegniamo a fornire prodotti e servizi di alta qualit\u00e0. Potete anche controllare le recensioni dei nostri clienti su piattaforme affidabili per confermare la nostra affidabilit\u00e0.<\/p>","protected":false},"excerpt":{"rendered":"<p>Massimizza le vendite con BANG BOX 18000 Puffs all'ingrosso! Bobine a doppia maglia, display a LED, 26 ml, ricaricabile. Stock di vapes ad alta capacit\u00e0 con sapore ricco e nicotina varia.<\/p>","protected":false},"featured_media":840,"comment_status":"open","ping_status":"closed","template":"","meta":[],"product_brand":[],"product_cat":[61,50,21,18,39,20,23,24,22,25,26,27,28,29,30,31,32,33,34,35,36,40],"product_tag":[],"class_list":{"0":"post-499","1":"product","2":"type-product","3":"status-publish","4":"has-post-thumbnail","6":"product_cat-bang","7":"product_cat-18000-puffs-disposable-vape","8":"product_cat-big-puffs-vapes","9":"product_cat-different-puffs-of-disposable-vapes","10":"product_cat-digital-box-vapes","11":"product_cat-disposable-vape-types","12":"product_cat-disposable-vapes-in-austria","13":"product_cat-disposable-vapes-in-belgium","14":"product_cat-disposable-vapes-in-europe","15":"product_cat-disposable-vapes-in-france","16":"product_cat-disposable-vapes-in-germany","17":"product_cat-disposable-vapes-in-hungary","18":"product_cat-disposable-vapes-in-ltaly","19":"product_cat-disposable-vapes-in-netherlands","20":"product_cat-disposable-vapes-in-norway","21":"product_cat-disposable-vapes-in-poland","22":"product_cat-disposable-vapes-in-portugal","23":"product_cat-disposable-vapes-in-spain","24":"product_cat-disposable-vapes-in-sweden","25":"product_cat-disposable-vapes-in-switzerland","26":"product_cat-rechargeable-vapes","27":"product_cat-smart-screen-vapes","29":"first","30":"instock","31":"shipping-taxable","32":"purchasable","33":"product-type-variable","34":"has-default-attributes"},"jetpack_sharing_enabled":true,"tiered_pricing_type":"fixed","tiered_pricing_fixed_rules":{"2000":4.62999999999999989341858963598497211933135986328125},"tiered_pricing_product_settings":{"layout":"default","base_unit_name":{"singular":null,"plural":null},"default_variation":null},"tiered_pricing_minimum_quantity":1000,"tiered_pricing_roles_data":[],"tiered_pricing_percentage_rules":[],"tiered_pricing_maximum_quantity":null,"tiered_pricing_quantity_step":"10","_links":{"self":[{"href":"https:\/\/volovape.com\/it\/wp-json\/wp\/v2\/product\/499","targetHints":{"allow":["GET"]}}],"collection":[{"href":"https:\/\/volovape.com\/it\/wp-json\/wp\/v2\/product"}],"about":[{"href":"https:\/\/volovape.com\/it\/wp-json\/wp\/v2\/types\/product"}],"replies":[{"embeddable":true,"href":"https:\/\/volovape.com\/it\/wp-json\/wp\/v2\/comments?post=499"}],"wp:featuredmedia":[{"embeddable":true,"href":"https:\/\/volovape.com\/it\/wp-json\/wp\/v2\/media\/840"}],"wp:attachment":[{"href":"https:\/\/volovape.com\/it\/wp-json\/wp\/v2\/media?parent=499"}],"wp:term":[{"taxonomy":"product_brand","embeddable":true,"href":"https:\/\/volovape.com\/it\/wp-json\/wp\/v2\/product_brand?post=499"},{"taxonomy":"product_cat","embeddable":true,"href":"https:\/\/volovape.com\/it\/wp-json\/wp\/v2\/product_cat?post=499"},{"taxonomy":"product_tag","embeddable":true,"href":"https:\/\/volovape.com\/it\/wp-json\/wp\/v2\/product_tag?post=499"}],"curies":[{"name":"scrivere","href":"https:\/\/api.w.org\/{rel}","templated":true}]}}