{"id":494,"date":"2024-11-21T03:30:07","date_gmt":"2024-11-21T03:30:07","guid":{"rendered":"https:\/\/volovape.com\/?post_type=product&#038;p=494"},"modified":"2025-11-19T07:50:31","modified_gmt":"2025-11-19T07:50:31","slug":"narghile-shisha-vopk-15000-boccate","status":"publish","type":"product","link":"https:\/\/volovape.com\/it\/product\/vopk-shisha-hookah-15000-puffs\/","title":{"rendered":"VOPK Shisha Hookah 15000 soffi usa e getta - Bobina a rete da 0,6\u03a9, ricaricabile"},"content":{"rendered":"<p><strong>VOPK Shisha Narghil\u00e8 15000 soffi Vape usa e getta<\/strong> - Autentica esperienza di shisha con una potente bobina a rete.<\/p>\n<p>Sperimentate i sapori ricchi e morbidi della shisha tradizionale in un comodo formato monouso con il <strong>Narghil\u00e8 VOPK Shisha 15000 boccate<\/strong>. Questo dispositivo offre un'impressionante capacit\u00e0 di 15.000 puff, un serbatoio per e-liquid da 20 ml e una batteria ricaricabile da 650 mAh. La bobina a rete da 0,6\u03a9 \u00e8 ottimizzata per ottenere nuvole grandi e saporite, replicando l'autentica esperienza del narghil\u00e8. Scegliete tra le gradazioni di nicotina 0%, 2%, 3% o 5% e godetevi 10 sapori ispirati alla shisha. Ideale per uso personale e <strong>vape monouso all'ingrosso<\/strong> O <strong>ordini all'ingrosso<\/strong>.<\/p>\n<h3><strong>VOPK Shisha Hookah 15000 Puffs Caratteristiche:<\/strong><\/h3>\n<ul>\n<li>Bign\u00e8: Fino a 15.000<\/li>\n<li>Capacit\u00e0 del liquido elettronico: 20 ml<\/li>\n<li>Batteria: 650mAh (ricaricabile)<\/li>\n<li>Ricarica: Tipo-C<\/li>\n<li>Bobina: bobina a maglia da 0,6\u03a9<\/li>\n<li>Potenzialit\u00e0 della nicotina: 0%, 2%, 3%, 5%<\/li>\n<li>10 sapori ispirati alla shisha<\/li>\n<\/ul>\n<h4>Domande frequenti<\/h4>\n<h5>Quali sono le opzioni di spedizione disponibili?<\/h5>\n<p>Collaboriamo con una serie di vettori per fornire opzioni di spedizione affidabili. Il metodo pi\u00f9 adatto viene scelto in base alla vostra posizione per garantire una consegna puntuale dei vostri prodotti. <strong>vape monouso<\/strong> prodotti. Si tenga presente che, a causa delle normative, la spedizione di prodotti per il vaping \u00e8 diventata pi\u00f9 limitata e che i servizi di corrieri come UPS, DHL e FedEx non sono pi\u00f9 disponibili.<\/p>\n<h5>Quanto tempo impiega la consegna standard?<\/h5>\n<p>La consegna standard richiede generalmente 7-15 giorni lavorativi. Si prega di tenere conto di eventuali ritardi durante le festivit\u00e0 o a causa di condizioni meteorologiche avverse, che possono prolungare i tempi di consegna fino a 20 giorni lavorativi.<\/p>\n<h5>Vengono gestite le procedure doganali?<\/h5>\n<p>Ci occupiamo delle procedure doganali necessarie per garantire un processo di consegna senza intoppi. Il nostro obiettivo \u00e8 quello di ridurre al minimo ogni potenziale problema; tuttavia, vi preghiamo di essere consapevoli che, a causa delle situazioni legali che circondano i prodotti del vaping, in qualsiasi momento le agenzie doganali possono fermare o bloccare un pacco, e che questa situazione \u00e8 fuori dal nostro controllo.<\/p>\n<h5>In che modo la bobina a maglia da 0,6\u03a9 migliora l'esperienza di svapo simile a quella dello shisha?<\/h5>\n<p>La bobina da 0,6\u03a9 \u00e8 stata progettata specificamente per produrre nuvole pi\u00f9 grandi e dense e per offrire sapori ricchi e intensi, replicando l'estrazione liscia e soddisfacente di un narghil\u00e8 tradizionale. Questa bobina ottimizza la produzione di vapore e l'erogazione di aromi, offrendo un'autentica esperienza di shisha a ogni boccata.<\/p>\n<h5>Il mio acquisto \u00e8 sicuro?<\/h5>\n<p>Offriamo opzioni di pagamento sicure, soprattutto attraverso piattaforme come Paypal, che garantiscono la protezione dell'acquirente. Anche se le recensioni possono aiutare nelle decisioni di acquisto, non ci colleghiamo direttamente ad esse.<\/p>","protected":false},"excerpt":{"rendered":"<p>Assaporate la shisha in movimento con il VOPK Shisha Hookah 15000 Puffs. Bobina da 0,6\u03a9, 20ml, ricaricabile. Ideale per il piacere personale o per la vendita all'ingrosso, offre sapori autentici di shisha.<\/p>","protected":false},"featured_media":772,"comment_status":"open","ping_status":"closed","template":"","meta":[],"product_brand":[],"product_cat":[65,41,21,18,20,23,24,22,25,26,27,28,29,30,31,32,33,34,35,36,47,40],"product_tag":[],"class_list":{"0":"post-494","1":"product","2":"type-product","3":"status-publish","4":"has-post-thumbnail","6":"product_cat-vopk","7":"product_cat-15000-puffs-disposable-vape","8":"product_cat-big-puffs-vapes","9":"product_cat-different-puffs-of-disposable-vapes","10":"product_cat-disposable-vape-types","11":"product_cat-disposable-vapes-in-austria","12":"product_cat-disposable-vapes-in-belgium","13":"product_cat-disposable-vapes-in-europe","14":"product_cat-disposable-vapes-in-france","15":"product_cat-disposable-vapes-in-germany","16":"product_cat-disposable-vapes-in-hungary","17":"product_cat-disposable-vapes-in-ltaly","18":"product_cat-disposable-vapes-in-netherlands","19":"product_cat-disposable-vapes-in-norway","20":"product_cat-disposable-vapes-in-poland","21":"product_cat-disposable-vapes-in-portugal","22":"product_cat-disposable-vapes-in-spain","23":"product_cat-disposable-vapes-in-sweden","24":"product_cat-disposable-vapes-in-switzerland","25":"product_cat-rechargeable-vapes","26":"product_cat-shisha-hookah-vapes","27":"product_cat-smart-screen-vapes","29":"first","30":"instock","31":"shipping-taxable","32":"purchasable","33":"product-type-variable","34":"has-default-attributes"},"jetpack_sharing_enabled":true,"tiered_pricing_type":"fixed","tiered_pricing_fixed_rules":{"2000":4.2599999999999997868371792719699442386627197265625},"tiered_pricing_product_settings":{"layout":"default","base_unit_name":{"singular":null,"plural":null},"default_variation":null},"tiered_pricing_minimum_quantity":10,"tiered_pricing_roles_data":[],"tiered_pricing_percentage_rules":[],"tiered_pricing_maximum_quantity":null,"tiered_pricing_quantity_step":"1000","_links":{"self":[{"href":"https:\/\/volovape.com\/it\/wp-json\/wp\/v2\/product\/494","targetHints":{"allow":["GET"]}}],"collection":[{"href":"https:\/\/volovape.com\/it\/wp-json\/wp\/v2\/product"}],"about":[{"href":"https:\/\/volovape.com\/it\/wp-json\/wp\/v2\/types\/product"}],"replies":[{"embeddable":true,"href":"https:\/\/volovape.com\/it\/wp-json\/wp\/v2\/comments?post=494"}],"wp:featuredmedia":[{"embeddable":true,"href":"https:\/\/volovape.com\/it\/wp-json\/wp\/v2\/media\/772"}],"wp:attachment":[{"href":"https:\/\/volovape.com\/it\/wp-json\/wp\/v2\/media?parent=494"}],"wp:term":[{"taxonomy":"product_brand","embeddable":true,"href":"https:\/\/volovape.com\/it\/wp-json\/wp\/v2\/product_brand?post=494"},{"taxonomy":"product_cat","embeddable":true,"href":"https:\/\/volovape.com\/it\/wp-json\/wp\/v2\/product_cat?post=494"},{"taxonomy":"product_tag","embeddable":true,"href":"https:\/\/volovape.com\/it\/wp-json\/wp\/v2\/product_tag?post=494"}],"curies":[{"name":"scrivere","href":"https:\/\/api.w.org\/{rel}","templated":true}]}}