{"id":491,"date":"2024-11-21T03:30:07","date_gmt":"2024-11-21T03:30:07","guid":{"rendered":"https:\/\/volovape.com\/?post_type=product&#038;p=491"},"modified":"2025-07-08T04:50:17","modified_gmt":"2025-07-08T04:50:17","slug":"bang-shisha-15000-boccate","status":"publish","type":"product","link":"https:\/\/volovape.com\/it\/product\/bang-shisha-15000-puffs\/","title":{"rendered":"Bang SHISHA 15000 boccate XXL Vape usa e getta - Bobina a rete da 0,6\u03a9, ricaricabile"},"content":{"rendered":"<p><strong>Bang SHISHA 15000 boccate XXL Vape usa e getta<\/strong> - Aromi ispirati al narghil\u00e8 con potente bobina a rete.<\/p>\n<p>Sperimentate i sapori ricchi e morbidi della shisha tradizionale in un comodo formato monouso con il <strong>Bang SHISHA 15000 boccate XXL<\/strong>. Questo dispositivo vanta un'impressionante capacit\u00e0 di 15.000 puff, un serbatoio di e-liquid da 25 ml e una batteria ricaricabile da 650 mAh. La bobina a rete da 0,6\u03a9 \u00e8 ottimizzata per ottenere nuvole dense e sapori ricchi, replicando l'autentica esperienza del narghil\u00e8. Scegliete tra le gradazioni di nicotina 0%, 2% o 5% e godetevi 12 sapori ispirati alla shisha. Ideale per uso personale e <strong>vape monouso all'ingrosso<\/strong> O <strong>ordini all'ingrosso<\/strong>.<\/p>\n<h3><strong>Bang SHISHA 15000 Puffs XXL Caratteristiche:<\/strong><\/h3>\n<ul>\n<li>Bign\u00e8: Fino a 15.000<\/li>\n<li>Capacit\u00e0 del liquido elettronico: 25 ml<\/li>\n<li>Batteria: 650mAh (ricaricabile)<\/li>\n<li>Ricarica: Tipo-C<\/li>\n<li>Bobina: bobina a maglia da 0,6\u03a9<\/li>\n<li>Punti di forza della nicotina: 0%, 2%, 5%<\/li>\n<li>12 gusti ispirati alla shisha<\/li>\n<\/ul>\n<h4>Domande frequenti<\/h4>\n<h5>Quali sono le opzioni di spedizione disponibili?<\/h5>\n<p>Collaboriamo con una serie di vettori per fornire opzioni di spedizione affidabili. Il metodo pi\u00f9 adatto viene scelto in base alla vostra posizione per garantire una consegna puntuale dei vostri prodotti. <strong>vape monouso<\/strong> prodotti. Si tenga presente che, a causa delle normative, la spedizione di prodotti per il vaping \u00e8 diventata pi\u00f9 limitata e che i servizi di corrieri come UPS, DHL e FedEx non sono pi\u00f9 disponibili.<\/p>\n<h5>Quanto tempo impiega la consegna standard?<\/h5>\n<p>La consegna standard richiede generalmente 7-15 giorni lavorativi. Si prega di tenere conto di eventuali ritardi durante le festivit\u00e0 o a causa di condizioni meteorologiche avverse, che possono prolungare i tempi di consegna fino a 20 giorni lavorativi.<\/p>\n<h5>Vengono gestite le procedure doganali?<\/h5>\n<p>Ci occupiamo delle procedure doganali necessarie per garantire un processo di consegna senza intoppi. Il nostro obiettivo \u00e8 quello di ridurre al minimo ogni potenziale problema; tuttavia, vi preghiamo di essere consapevoli che, a causa delle situazioni legali che circondano i prodotti del vaping, in qualsiasi momento le agenzie doganali possono fermare o bloccare un pacco, e che questa situazione \u00e8 fuori dal nostro controllo.<\/p>\n<h5>In che modo la bobina a maglia da 0,6\u03a9 migliora l'esperienza di svapo simile a quella dello shisha?<\/h5>\n<p>La bobina da 0,6\u03a9 \u00e8 progettata specificamente per produrre nuvole pi\u00f9 grandi e dense e per offrire sapori ricchi e intensi, replicando l'estrazione liscia e soddisfacente di un narghil\u00e8 tradizionale. Questa bobina ottimizza la produzione di vapore e l'erogazione di aromi, offrendo un'autentica esperienza di shisha.<\/p>\n<h5>Il mio acquisto \u00e8 sicuro?<\/h5>\n<p>Offriamo opzioni di pagamento sicure, soprattutto attraverso piattaforme come Paypal, che garantiscono la protezione dell'acquirente. Anche se le recensioni possono aiutare nelle decisioni di acquisto, non ci colleghiamo direttamente ad esse.<\/p>","protected":false},"excerpt":{"rendered":"<p>Assaporate i sapori della shisha in movimento con Bang SHISHA 15000 Puffs XXL. Maglia da 0,6\u03a9, 25ml, ricaricabile. Perfetta per uso personale o all'ingrosso, offre un autentico piacere della shisha.<\/p>","protected":false},"featured_media":734,"comment_status":"open","ping_status":"closed","template":"","meta":[],"product_brand":[],"product_cat":[41,61,21,18,20,23,24,22,25,26,27,28,29,30,31,32,33,34,35,36,47],"product_tag":[],"class_list":{"0":"post-491","1":"product","2":"type-product","3":"status-publish","4":"has-post-thumbnail","6":"product_cat-15000-puffs-disposable-vape","7":"product_cat-bang","8":"product_cat-big-puffs-vapes","9":"product_cat-different-puffs-of-disposable-vapes","10":"product_cat-disposable-vape-types","11":"product_cat-disposable-vapes-in-austria","12":"product_cat-disposable-vapes-in-belgium","13":"product_cat-disposable-vapes-in-europe","14":"product_cat-disposable-vapes-in-france","15":"product_cat-disposable-vapes-in-germany","16":"product_cat-disposable-vapes-in-hungary","17":"product_cat-disposable-vapes-in-ltaly","18":"product_cat-disposable-vapes-in-netherlands","19":"product_cat-disposable-vapes-in-norway","20":"product_cat-disposable-vapes-in-poland","21":"product_cat-disposable-vapes-in-portugal","22":"product_cat-disposable-vapes-in-spain","23":"product_cat-disposable-vapes-in-sweden","24":"product_cat-disposable-vapes-in-switzerland","25":"product_cat-rechargeable-vapes","26":"product_cat-shisha-hookah-vapes","28":"first","29":"instock","30":"shipping-taxable","31":"purchasable","32":"product-type-variable","33":"has-default-attributes"},"jetpack_sharing_enabled":true,"tiered_pricing_type":"fixed","tiered_pricing_fixed_rules":{"2000":4.9900000000000002131628207280300557613372802734375},"tiered_pricing_product_settings":{"layout":"default","base_unit_name":{"singular":null,"plural":null},"default_variation":null},"tiered_pricing_minimum_quantity":1000,"tiered_pricing_roles_data":[],"tiered_pricing_percentage_rules":[],"tiered_pricing_maximum_quantity":null,"tiered_pricing_quantity_step":"10","_links":{"self":[{"href":"https:\/\/volovape.com\/it\/wp-json\/wp\/v2\/product\/491","targetHints":{"allow":["GET"]}}],"collection":[{"href":"https:\/\/volovape.com\/it\/wp-json\/wp\/v2\/product"}],"about":[{"href":"https:\/\/volovape.com\/it\/wp-json\/wp\/v2\/types\/product"}],"replies":[{"embeddable":true,"href":"https:\/\/volovape.com\/it\/wp-json\/wp\/v2\/comments?post=491"}],"wp:featuredmedia":[{"embeddable":true,"href":"https:\/\/volovape.com\/it\/wp-json\/wp\/v2\/media\/734"}],"wp:attachment":[{"href":"https:\/\/volovape.com\/it\/wp-json\/wp\/v2\/media?parent=491"}],"wp:term":[{"taxonomy":"product_brand","embeddable":true,"href":"https:\/\/volovape.com\/it\/wp-json\/wp\/v2\/product_brand?post=491"},{"taxonomy":"product_cat","embeddable":true,"href":"https:\/\/volovape.com\/it\/wp-json\/wp\/v2\/product_cat?post=491"},{"taxonomy":"product_tag","embeddable":true,"href":"https:\/\/volovape.com\/it\/wp-json\/wp\/v2\/product_tag?post=491"}],"curies":[{"name":"scrivere","href":"https:\/\/api.w.org\/{rel}","templated":true}]}}