{"id":489,"date":"2024-11-21T03:30:07","date_gmt":"2024-11-21T03:30:07","guid":{"rendered":"https:\/\/volovape.com\/?post_type=product&#038;p=489"},"modified":"2025-06-20T03:18:00","modified_gmt":"2025-06-20T03:18:00","slug":"bang-9000-tiri","status":"publish","type":"product","link":"https:\/\/volovape.com\/it\/product\/bang-9000-puffs\/","title":{"rendered":"Bang 9000 Puffs Vape usa e getta - Ricaricabile, bobina a rete da 1.1\u03a9"},"content":{"rendered":"<p><strong>Bang 9000 boccate di vapore monouso<\/strong> - Prestazioni affidabili con la tecnologia Smooth Mesh Coil.<\/p>\n<p>IL <strong>Bang 9000 boccate<\/strong> offre un'esperienza di svapo comoda e prolungata, con un massimo di 9.000 boccate e un serbatoio di e-liquid da 16 ml. Dotato di una batteria ricaricabile da 550 mAh e di una bobina a rete da 1,1\u03a9, questo dispositivo garantisce un vapore sempre omogeneo e saporito. \u00c8 possibile scegliere tra le gradazioni di nicotina 0%, 2%, 3% o 5% e godere di 12 sapori diversi. Il suo design portatile e privo di manutenzione lo rende perfetto per l'uso personale e per il consumo di liquidi. <strong>vape monouso all'ingrosso<\/strong> O <strong>ordini all'ingrosso<\/strong>.<\/p>\n<h3><strong>Bang 9000 Puffs Caratteristiche:<\/strong><\/h3>\n<ul>\n<li>Bign\u00e8: Fino a 9.000<\/li>\n<li>Capacit\u00e0 del liquido elettronico: 16 ml<\/li>\n<li>Batteria: 550 mAh (ricaricabile)<\/li>\n<li>Ricarica: Tipo-C<\/li>\n<li>Bobina: bobina a maglia da 1,1\u03a9<\/li>\n<li>Potenzialit\u00e0 della nicotina: 0%, 2%, 3%, 5%<\/li>\n<li>12 gusti unici<\/li>\n<\/ul>\n<h4>Domande frequenti<\/h4>\n<h5>Quali sono le opzioni di spedizione disponibili?<\/h5>\n<p>Collaboriamo con una serie di vettori per fornire opzioni di spedizione affidabili. Il metodo pi\u00f9 adatto viene scelto in base alla vostra posizione per garantire una consegna puntuale dei vostri prodotti. <strong>vape monouso<\/strong> prodotti. Si tenga presente che, a causa delle normative, la spedizione di prodotti per il vaping \u00e8 diventata pi\u00f9 limitata e che i servizi di corrieri come UPS, DHL e FedEx non sono pi\u00f9 disponibili.<\/p>\n<h5>Quanto tempo impiega la spedizione standard?<\/h5>\n<p>La consegna standard richiede generalmente 7-15 giorni lavorativi. Si prega di tenere conto di eventuali ritardi durante le festivit\u00e0 o a causa di condizioni meteorologiche avverse, che possono prolungare i tempi di consegna fino a 20 giorni lavorativi.<\/p>\n<h5>Vengono gestite le procedure doganali?<\/h5>\n<p>Ci occupiamo delle procedure doganali necessarie per garantire un processo di consegna senza intoppi. Il nostro obiettivo \u00e8 quello di ridurre al minimo ogni potenziale problema; tuttavia, vi preghiamo di essere consapevoli che, a causa delle situazioni legali che circondano i prodotti del vaping, in qualsiasi momento le agenzie doganali possono fermare o bloccare un pacco, e che questa situazione \u00e8 fuori dal nostro controllo.<\/p>\n<h5>In che modo la bobina a maglia da 1,1\u03a9 migliora l'esperienza di vaping?<\/h5>\n<p>La bobina a maglia da 1,1\u03a9 offre una superficie di riscaldamento bilanciata, garantendo un riscaldamento uniforme e costante dell'e-liquid. Questo design migliora l'erogazione del sapore e produce un vapore morbido e soddisfacente, offrendo un'esperienza di svapo affidabile e piacevole.<\/p>\n<h5>Il mio acquisto \u00e8 sicuro?<\/h5>\n<p>Offriamo opzioni di pagamento sicure, soprattutto attraverso piattaforme come Paypal, che garantiscono la protezione dell'acquirente. Anche se le recensioni possono aiutare nelle decisioni di acquisto, non ci colleghiamo direttamente ad esse.<\/p>","protected":false},"excerpt":{"rendered":"<p>Ottenete un sapore costante con i Puff Bang 9000. 1.1\u03a9 mesh, 16ml, ricaricabile. Perfetta per uso personale o all'ingrosso, offre un vaping affidabile e varie intensit\u00e0 di nicotina.<\/p>","protected":false},"featured_media":720,"comment_status":"open","ping_status":"closed","template":"","meta":[],"product_brand":[],"product_cat":[61,48,21,18,20,23,24,22,25,26,27,28,29,30,31,32,33,34,35,36],"product_tag":[],"class_list":{"0":"post-489","1":"product","2":"type-product","3":"status-publish","4":"has-post-thumbnail","6":"product_cat-bang","7":"product_cat-9000-puffs-disposable-vape","8":"product_cat-big-puffs-vapes","9":"product_cat-different-puffs-of-disposable-vapes","10":"product_cat-disposable-vape-types","11":"product_cat-disposable-vapes-in-austria","12":"product_cat-disposable-vapes-in-belgium","13":"product_cat-disposable-vapes-in-europe","14":"product_cat-disposable-vapes-in-france","15":"product_cat-disposable-vapes-in-germany","16":"product_cat-disposable-vapes-in-hungary","17":"product_cat-disposable-vapes-in-ltaly","18":"product_cat-disposable-vapes-in-netherlands","19":"product_cat-disposable-vapes-in-norway","20":"product_cat-disposable-vapes-in-poland","21":"product_cat-disposable-vapes-in-portugal","22":"product_cat-disposable-vapes-in-spain","23":"product_cat-disposable-vapes-in-sweden","24":"product_cat-disposable-vapes-in-switzerland","25":"product_cat-rechargeable-vapes","27":"first","28":"instock","29":"shipping-taxable","30":"purchasable","31":"product-type-variable","32":"has-default-attributes"},"jetpack_sharing_enabled":true,"tiered_pricing_type":"fixed","tiered_pricing_fixed_rules":{"2000":9.0999999999999996447286321199499070644378662109375},"tiered_pricing_product_settings":{"layout":"default","base_unit_name":{"singular":null,"plural":null},"default_variation":null},"tiered_pricing_minimum_quantity":1000,"tiered_pricing_roles_data":[],"tiered_pricing_percentage_rules":[],"tiered_pricing_maximum_quantity":null,"tiered_pricing_quantity_step":"100","_links":{"self":[{"href":"https:\/\/volovape.com\/it\/wp-json\/wp\/v2\/product\/489","targetHints":{"allow":["GET"]}}],"collection":[{"href":"https:\/\/volovape.com\/it\/wp-json\/wp\/v2\/product"}],"about":[{"href":"https:\/\/volovape.com\/it\/wp-json\/wp\/v2\/types\/product"}],"replies":[{"embeddable":true,"href":"https:\/\/volovape.com\/it\/wp-json\/wp\/v2\/comments?post=489"}],"wp:featuredmedia":[{"embeddable":true,"href":"https:\/\/volovape.com\/it\/wp-json\/wp\/v2\/media\/720"}],"wp:attachment":[{"href":"https:\/\/volovape.com\/it\/wp-json\/wp\/v2\/media?parent=489"}],"wp:term":[{"taxonomy":"product_brand","embeddable":true,"href":"https:\/\/volovape.com\/it\/wp-json\/wp\/v2\/product_brand?post=489"},{"taxonomy":"product_cat","embeddable":true,"href":"https:\/\/volovape.com\/it\/wp-json\/wp\/v2\/product_cat?post=489"},{"taxonomy":"product_tag","embeddable":true,"href":"https:\/\/volovape.com\/it\/wp-json\/wp\/v2\/product_tag?post=489"}],"curies":[{"name":"scrivere","href":"https:\/\/api.w.org\/{rel}","templated":true}]}}