{"id":488,"date":"2024-11-21T03:30:07","date_gmt":"2024-11-21T03:30:07","guid":{"rendered":"https:\/\/volovape.com\/?post_type=product&#038;p=488"},"modified":"2025-07-06T04:06:38","modified_gmt":"2025-07-06T04:06:38","slug":"bang-crown-bar-18000-tiri","status":"publish","type":"product","link":"https:\/\/volovape.com\/it\/product\/bang-crown-bar-18000-puffs\/","title":{"rendered":"Bang Crown Bar 18000 boccate di vape monouso all'ingrosso - ricaricabile, bobina a rete"},"content":{"rendered":"<p><strong>Bang Crown Bar 18000 boccate di vapore monouso<\/strong> - Vaping prolungato con la tecnologia avanzata della bobina a rete.<\/p>\n<p>IL <strong>Bang Crown Bar 18000 boccate<\/strong> offre un'esperienza di svapo duratura e soddisfacente, con un massimo di 18.000 soffi e un serbatoio di e-liquid da 24 ml. Dotato di una batteria ricaricabile da 650 mAh e di un'avanzata tecnologia di coil a rete, questo dispositivo assicura un vapore sempre omogeneo e saporito. \u00c8 possibile scegliere tra le gradazioni di nicotina 0%, 2%, 3% o 5% e assaporare 15 gusti diversi. Il suo design portatile e privo di manutenzione lo rende perfetto per l'uso personale e per l'utilizzo di un dispositivo di ricarica. <strong>vape monouso all'ingrosso<\/strong> O <strong>ordini all'ingrosso<\/strong>.<\/p>\n<h3><strong>Bang Crown Bar 18000 Puffs Caratteristiche:<\/strong><\/h3>\n<ul>\n<li>Bign\u00e8: Fino a 18.000<\/li>\n<li>Capacit\u00e0 del liquido elettronico: 24 ml<\/li>\n<li>Batteria: 650mAh (ricaricabile)<\/li>\n<li>Ricarica: Tipo-C<\/li>\n<li>Bobina: Bobina a rete<\/li>\n<li>Potenzialit\u00e0 della nicotina: 0%, 2%, 3%, 5%<\/li>\n<li>15 gusti unici<\/li>\n<\/ul>\n<h4>Domande frequenti<\/h4>\n<h5>Quali sono le opzioni di spedizione tipiche?<\/h5>\n<p>Collaboriamo con una rete di vettori affidabili per garantire una consegna efficiente del vostro ordine. I metodi di spedizione sono scelti per adattarsi al meglio alla vostra posizione e garantire un arrivo tempestivo del vostro ordine. <strong>vape monouso<\/strong> ordini. Si tenga presente che, a causa delle normative, la spedizione di prodotti per il vaping \u00e8 diventata pi\u00f9 limitata e che i servizi di corrieri come UPS, DHL e FedEx non sono pi\u00f9 disponibili.<\/p>\n<h5>Quanto tempo impiega di solito la consegna standard?<\/h5>\n<p>La consegna standard richiede generalmente 7-15 giorni lavorativi. Si prega di tenere conto di eventuali ritardi durante le festivit\u00e0 o a causa di condizioni meteorologiche impreviste, che possono prolungare i tempi di consegna fino a 20 giorni lavorativi.<\/p>\n<h5>Vengono gestite le procedure doganali?<\/h5>\n<p>Ci occupiamo delle procedure doganali necessarie per garantire un processo di consegna senza intoppi. Il nostro obiettivo \u00e8 quello di ridurre al minimo ogni potenziale problema; tuttavia, vi preghiamo di essere consapevoli che, a causa delle situazioni legali che circondano i prodotti del vaping, in qualsiasi momento le agenzie doganali possono fermare o bloccare un pacco, e che questa situazione \u00e8 fuori dal nostro controllo.<\/p>\n<h5>In che modo la tecnologia avanzata della bobina a rete migliora l'esperienza di vaping?<\/h5>\n<p>La tecnologia avanzata della bobina a rete \u00e8 progettata per ottimizzare la produzione di aroma e vapore. Questa configurazione della bobina assicura un'esperienza di svapo pi\u00f9 consistente e soddisfacente, fornendo un riscaldamento efficiente e una distribuzione uniforme dell'e-liquid, con il risultato di sapori pi\u00f9 ricchi e vapore pi\u00f9 fluido.<\/p>\n<h5>Il mio acquisto \u00e8 sicuro?<\/h5>\n<p>Diamo priorit\u00e0 alle transazioni sicure, soprattutto attraverso piattaforme di pagamento come Paypal, che garantiscono la protezione dell'acquirente. Anche se le recensioni possono aiutare nelle decisioni di acquisto, non ci colleghiamo direttamente ad esse.<\/p>","protected":false},"excerpt":{"rendered":"<p>Regna sovrano con la Bang Crown Bar 18000 puff. Bobina a rete, 24 ml, ricaricabile. Ideale per uso personale o all'ingrosso, offre un vaping prolungato e un'ampia gamma di intensit\u00e0 di nicotina.<\/p>","protected":false},"featured_media":703,"comment_status":"open","ping_status":"closed","template":"","meta":[],"product_brand":[],"product_cat":[61,50,21,18,20,23,24,22,25,26,27,28,29,30,31,32,33,34,35,47],"product_tag":[],"class_list":{"0":"post-488","1":"product","2":"type-product","3":"status-publish","4":"has-post-thumbnail","6":"product_cat-bang","7":"product_cat-18000-puffs-disposable-vape","8":"product_cat-big-puffs-vapes","9":"product_cat-different-puffs-of-disposable-vapes","10":"product_cat-disposable-vape-types","11":"product_cat-disposable-vapes-in-austria","12":"product_cat-disposable-vapes-in-belgium","13":"product_cat-disposable-vapes-in-europe","14":"product_cat-disposable-vapes-in-france","15":"product_cat-disposable-vapes-in-germany","16":"product_cat-disposable-vapes-in-hungary","17":"product_cat-disposable-vapes-in-ltaly","18":"product_cat-disposable-vapes-in-netherlands","19":"product_cat-disposable-vapes-in-norway","20":"product_cat-disposable-vapes-in-poland","21":"product_cat-disposable-vapes-in-portugal","22":"product_cat-disposable-vapes-in-spain","23":"product_cat-disposable-vapes-in-sweden","24":"product_cat-disposable-vapes-in-switzerland","25":"product_cat-shisha-hookah-vapes","27":"first","28":"instock","29":"shipping-taxable","30":"purchasable","31":"product-type-variable","32":"has-default-attributes"},"jetpack_sharing_enabled":true,"tiered_pricing_type":"fixed","tiered_pricing_fixed_rules":{"2000":4.88999999999999968025576890795491635799407958984375},"tiered_pricing_product_settings":{"layout":"default","base_unit_name":{"singular":null,"plural":null},"default_variation":null},"tiered_pricing_minimum_quantity":1000,"tiered_pricing_roles_data":[],"tiered_pricing_percentage_rules":[],"tiered_pricing_maximum_quantity":null,"tiered_pricing_quantity_step":"10","_links":{"self":[{"href":"https:\/\/volovape.com\/it\/wp-json\/wp\/v2\/product\/488","targetHints":{"allow":["GET"]}}],"collection":[{"href":"https:\/\/volovape.com\/it\/wp-json\/wp\/v2\/product"}],"about":[{"href":"https:\/\/volovape.com\/it\/wp-json\/wp\/v2\/types\/product"}],"replies":[{"embeddable":true,"href":"https:\/\/volovape.com\/it\/wp-json\/wp\/v2\/comments?post=488"}],"wp:featuredmedia":[{"embeddable":true,"href":"https:\/\/volovape.com\/it\/wp-json\/wp\/v2\/media\/703"}],"wp:attachment":[{"href":"https:\/\/volovape.com\/it\/wp-json\/wp\/v2\/media?parent=488"}],"wp:term":[{"taxonomy":"product_brand","embeddable":true,"href":"https:\/\/volovape.com\/it\/wp-json\/wp\/v2\/product_brand?post=488"},{"taxonomy":"product_cat","embeddable":true,"href":"https:\/\/volovape.com\/it\/wp-json\/wp\/v2\/product_cat?post=488"},{"taxonomy":"product_tag","embeddable":true,"href":"https:\/\/volovape.com\/it\/wp-json\/wp\/v2\/product_tag?post=488"}],"curies":[{"name":"scrivere","href":"https:\/\/api.w.org\/{rel}","templated":true}]}}